{"id":85,"date":"2013-07-08T09:53:42","date_gmt":"2013-07-08T07:53:42","guid":{"rendered":"http:\/\/ssp.amu.edu.pl\/?page_id=85"},"modified":"2013-07-08T09:55:17","modified_gmt":"2013-07-08T07:55:17","slug":"nr-22011","status":"publish","type":"page","link":"http:\/\/ssp.amu.edu.pl\/uk\/archive\/nr-22011\/","title":{"rendered":"(Polski) Nr 2\/2011"},"content":{"rendered":"<p class=\"qtranxs-available-languages-message qtranxs-available-languages-message-uk\">Przyk\u0142ad: Przepraszamy, ten wpis dost\u0119pny jest wy\u0142\u0105cznie w j\u0119zykach: <a href=\"http:\/\/ssp.amu.edu.pl\/pl\/wp-json\/wp\/v2\/pages\/85\" class=\"qtranxs-available-language-link qtranxs-available-language-link-pl\" title=\"Polski\">Polski<\/a> and <a href=\"http:\/\/ssp.amu.edu.pl\/en\/wp-json\/wp\/v2\/pages\/85\" class=\"qtranxs-available-language-link qtranxs-available-language-link-en\" title=\"English\">English<\/a>.<\/p>","protected":false},"excerpt":{"rendered":"<p>Przyk\u0142ad: Przepraszamy, ten wpis dost\u0119pny jest wy\u0142\u0105cznie w j\u0119zykach: Polski and English.<\/p>\n","protected":false},"author":1,"featured_media":0,"parent":32,"menu_order":0,"comment_status":"closed","ping_status":"open","template":"","meta":{"footnotes":""},"class_list":["post-85","page","type-page","status-publish","hentry"],"_links":{"self":[{"href":"http:\/\/ssp.amu.edu.pl\/uk\/wp-json\/wp\/v2\/pages\/85","targetHints":{"allow":["GET"]}}],"collection":[{"href":"http:\/\/ssp.amu.edu.pl\/uk\/wp-json\/wp\/v2\/pages"}],"about":[{"href":"http:\/\/ssp.amu.edu.pl\/uk\/wp-json\/wp\/v2\/types\/page"}],"author":[{"embeddable":true,"href":"http:\/\/ssp.amu.edu.pl\/uk\/wp-json\/wp\/v2\/users\/1"}],"replies":[{"embeddable":true,"href":"http:\/\/ssp.amu.edu.pl\/uk\/wp-json\/wp\/v2\/comments?post=85"}],"version-history":[{"count":3,"href":"http:\/\/ssp.amu.edu.pl\/uk\/wp-json\/wp\/v2\/pages\/85\/revisions"}],"predecessor-version":[{"id":92,"href":"http:\/\/ssp.amu.edu.pl\/uk\/wp-json\/wp\/v2\/pages\/85\/revisions\/92"}],"up":[{"embeddable":true,"href":"http:\/\/ssp.amu.edu.pl\/uk\/wp-json\/wp\/v2\/pages\/32"}],"wp:attachment":[{"href":"http:\/\/ssp.amu.edu.pl\/uk\/wp-json\/wp\/v2\/media?parent=85"}],"curies":[{"name":"wp","href":"https:\/\/api.w.org\/{rel}","templated":true}]}}