{"id":7,"date":"2013-06-11T09:19:01","date_gmt":"2013-06-11T07:19:01","guid":{"rendered":"http:\/\/wnpid.amu.edu.pl\/~ssp\/?page_id=7"},"modified":"2022-09-25T20:51:12","modified_gmt":"2022-09-25T18:51:12","slug":"contact","status":"publish","type":"page","link":"http:\/\/ssp.amu.edu.pl\/uk\/contact\/","title":{"rendered":"\u041a\u043e\u043d\u0442\u0430\u043a\u0442\u0438"},"content":{"rendered":"<p><strong>\u041a\u043e\u043d\u0442\u0430\u043a\u0442 <\/strong><\/p>\n<p>\u0420\u0435\u0434\u0430\u043a\u0446\u0438\u044f \u0436\u0443\u0440\u043d\u0430\u043b\u0430 \u00ab\u0426\u0435\u043d\u0442\u0440\u0430\u043b\u044c\u043d\u043e-\u0415\u0432\u0440\u043e\u043f\u0435\u0439\u0441\u043a\u0438\u0435 \u041f\u043e\u043b\u0438\u0442\u0438\u0447\u0435\u0441\u043a\u0438\u0435 \u0418\u0441\u0441\u043b\u0435\u0434\u043e\u0432\u0430\u043d\u0438\u044f\u00bb, (\u015arodkowoeuropejskie Studia Polityczne),<br \/>\nUniwersytetu Pozna\u0144skiego 5<br \/>\n61-614 Pozna\u0144<\/p>\n<p><strong>\u041f\u043e\u0434\u043f\u0438\u0441\u043a\u0430 <\/strong><\/p>\n<p>\u041f\u043e \u0432\u043e\u043f\u0440\u043e\u0441\u0430\u043c \u043f\u043e\u0434\u043f\u0438\u0441\u043a\u0438 \u043d\u0430 \u0436\u0443\u0440\u043d\u0430\u043b \u043e\u0431\u0440\u0430\u0449\u0430\u0439\u0442\u0435\u0441\u044c: E-mail: <a href=\"mailto:krystyna.tyczewska@amu.edu.pl\">krystyna.tyczewska@amu.edu.pl<\/a><br \/>\n\u0442\u0435\u043b\u0435\u0444\u043e\u043d +48 61 829 6517<br \/>\n\u041d\u0430\u0443\u0447\u043d\u043e\u0435 \u0438\u0437\u0434\u0430\u0442\u0435\u043b\u044c\u0441\u0442\u0432\u043e &#8220;Wydawnictwo Naukowe Wydzia\u0142u Nauk Politycznych i Dziennikarstwa UAM&#8221;<\/p>","protected":false},"excerpt":{"rendered":"<p>\u041a\u043e\u043d\u0442\u0430\u043a\u0442 \u0420\u0435\u0434\u0430\u043a\u0446\u0438\u044f \u0436\u0443\u0440\u043d\u0430\u043b\u0430 \u00ab\u0426\u0435\u043d\u0442\u0440\u0430\u043b\u044c\u043d\u043e-\u0415\u0432\u0440\u043e\u043f\u0435\u0439\u0441\u043a\u0438\u0435 \u041f\u043e\u043b\u0438\u0442\u0438\u0447\u0435\u0441\u043a\u0438\u0435 \u0418\u0441\u0441\u043b\u0435\u0434\u043e\u0432\u0430\u043d\u0438\u044f\u00bb, (\u015arodkowoeuropejskie Studia Polityczne), Uniwersytetu Pozna\u0144skiego 5 61-614 Pozna\u0144 \u041f\u043e\u0434\u043f\u0438\u0441\u043a\u0430 \u041f\u043e \u0432\u043e\u043f\u0440\u043e\u0441\u0430\u043c \u043f\u043e\u0434\u043f\u0438\u0441\u043a\u0438 \u043d\u0430 \u0436\u0443\u0440\u043d\u0430\u043b \u043e\u0431\u0440\u0430\u0449\u0430\u0439\u0442\u0435\u0441\u044c: E-mail: krystyna.tyczewska@amu.edu.pl \u0442\u0435\u043b\u0435\u0444\u043e\u043d +48 61 829 6517 \u041d\u0430\u0443\u0447\u043d\u043e\u0435 \u0438\u0437\u0434\u0430\u0442\u0435\u043b\u044c\u0441\u0442\u0432\u043e &#8220;Wydawnictwo Naukowe Wydzia\u0142u Nauk Politycznych i Dziennikarstwa UAM&#8221;<\/p>\n","protected":false},"author":1,"featured_media":0,"parent":0,"menu_order":0,"comment_status":"closed","ping_status":"open","template":"","meta":{"footnotes":""},"class_list":["post-7","page","type-page","status-publish","hentry"],"_links":{"self":[{"href":"http:\/\/ssp.amu.edu.pl\/uk\/wp-json\/wp\/v2\/pages\/7","targetHints":{"allow":["GET"]}}],"collection":[{"href":"http:\/\/ssp.amu.edu.pl\/uk\/wp-json\/wp\/v2\/pages"}],"about":[{"href":"http:\/\/ssp.amu.edu.pl\/uk\/wp-json\/wp\/v2\/types\/page"}],"author":[{"embeddable":true,"href":"http:\/\/ssp.amu.edu.pl\/uk\/wp-json\/wp\/v2\/users\/1"}],"replies":[{"embeddable":true,"href":"http:\/\/ssp.amu.edu.pl\/uk\/wp-json\/wp\/v2\/comments?post=7"}],"version-history":[{"count":12,"href":"http:\/\/ssp.amu.edu.pl\/uk\/wp-json\/wp\/v2\/pages\/7\/revisions"}],"predecessor-version":[{"id":1304,"href":"http:\/\/ssp.amu.edu.pl\/uk\/wp-json\/wp\/v2\/pages\/7\/revisions\/1304"}],"wp:attachment":[{"href":"http:\/\/ssp.amu.edu.pl\/uk\/wp-json\/wp\/v2\/media?parent=7"}],"curies":[{"name":"wp","href":"https:\/\/api.w.org\/{rel}","templated":true}]}}