{"id":651,"date":"2017-05-24T08:42:23","date_gmt":"2017-05-24T06:42:23","guid":{"rendered":"http:\/\/ssp.amu.edu.pl\/?page_id=651"},"modified":"2017-05-24T08:42:23","modified_gmt":"2017-05-24T06:42:23","slug":"nr-32016","status":"publish","type":"page","link":"http:\/\/ssp.amu.edu.pl\/uk\/archive\/nr-32016\/","title":{"rendered":"(Polski) Nr 3\/2016"},"content":{"rendered":"<p class=\"qtranxs-available-languages-message qtranxs-available-languages-message-uk\">Przyk\u0142ad: Przepraszamy, ten wpis dost\u0119pny jest wy\u0142\u0105cznie w j\u0119zykach: <a href=\"http:\/\/ssp.amu.edu.pl\/pl\/wp-json\/wp\/v2\/pages\/651\" class=\"qtranxs-available-language-link qtranxs-available-language-link-pl\" title=\"Polski\">Polski<\/a> and <a href=\"http:\/\/ssp.amu.edu.pl\/en\/wp-json\/wp\/v2\/pages\/651\" class=\"qtranxs-available-language-link qtranxs-available-language-link-en\" title=\"English\">English<\/a>.<\/p>","protected":false},"excerpt":{"rendered":"<p>Przyk\u0142ad: Przepraszamy, ten wpis dost\u0119pny jest wy\u0142\u0105cznie w j\u0119zykach: Polski and English.<\/p>\n","protected":false},"author":2,"featured_media":0,"parent":32,"menu_order":0,"comment_status":"closed","ping_status":"open","template":"","meta":{"footnotes":""},"class_list":["post-651","page","type-page","status-publish","hentry"],"_links":{"self":[{"href":"http:\/\/ssp.amu.edu.pl\/uk\/wp-json\/wp\/v2\/pages\/651","targetHints":{"allow":["GET"]}}],"collection":[{"href":"http:\/\/ssp.amu.edu.pl\/uk\/wp-json\/wp\/v2\/pages"}],"about":[{"href":"http:\/\/ssp.amu.edu.pl\/uk\/wp-json\/wp\/v2\/types\/page"}],"author":[{"embeddable":true,"href":"http:\/\/ssp.amu.edu.pl\/uk\/wp-json\/wp\/v2\/users\/2"}],"replies":[{"embeddable":true,"href":"http:\/\/ssp.amu.edu.pl\/uk\/wp-json\/wp\/v2\/comments?post=651"}],"version-history":[{"count":1,"href":"http:\/\/ssp.amu.edu.pl\/uk\/wp-json\/wp\/v2\/pages\/651\/revisions"}],"predecessor-version":[{"id":652,"href":"http:\/\/ssp.amu.edu.pl\/uk\/wp-json\/wp\/v2\/pages\/651\/revisions\/652"}],"up":[{"embeddable":true,"href":"http:\/\/ssp.amu.edu.pl\/uk\/wp-json\/wp\/v2\/pages\/32"}],"wp:attachment":[{"href":"http:\/\/ssp.amu.edu.pl\/uk\/wp-json\/wp\/v2\/media?parent=651"}],"curies":[{"name":"wp","href":"https:\/\/api.w.org\/{rel}","templated":true}]}}