{"id":15,"date":"2013-06-11T10:50:43","date_gmt":"2013-06-11T08:50:43","guid":{"rendered":"http:\/\/wnpid.amu.edu.pl\/~ssp\/?page_id=15"},"modified":"2022-10-18T22:54:47","modified_gmt":"2022-10-18T20:54:47","slug":"editorial-board","status":"publish","type":"page","link":"http:\/\/ssp.amu.edu.pl\/uk\/editorial-board\/","title":{"rendered":"\u0420\u0435\u0434\u0430\u043a\u0446\u0456\u044f"},"content":{"rendered":"<p><strong>\u0413\u043e\u043b\u043e\u0432\u043d\u0438\u0439 \u0440\u0435\u0434\u0430\u043a\u0442\u043e\u0440<\/strong><br \/>\nAndrzej Stelmach, \u0423\u043d\u0438\u0432\u0435\u0440\u0441\u0438\u0442\u0435\u0442 \u0438\u043c\u0435\u043d\u0438 \u0410\u0434\u0430\u043c\u0430 \u041c\u0438\u0446\u043a\u0435\u0432\u0438\u0447\u0430 \u0432 \u041f\u043e\u0437\u043d\u0430\u043d\u0438<\/p>\n<p><strong>\u041f\u043e\u043c\u043e\u0449\u043d\u0438\u043a \u0440\u0435\u0434\u0430\u043a\u0442\u043e\u0440\u0430 \u0413\u043b\u0430\u0432\u043d\u044b\u0439<br \/>\n<\/strong>Szymon Ossowski, \u0423\u043d\u0438\u0432\u0435\u0440\u0441\u0438\u0442\u0435\u0442 \u0438\u043c\u0435\u043d\u0438 \u0410\u0434\u0430\u043c\u0430 \u041c\u0438\u0446\u043a\u0435\u0432\u0438\u0447\u0430 \u0432 \u041f\u043e\u0437\u043d\u0430\u043d\u0438<\/p>\n<p><strong>\u041e\u0442\u0432\u0435\u0442\u0441\u0442\u0432\u0435\u043d\u043d\u044b\u0439 \u0441\u0435\u043a\u0440\u0435\u0442\u0430\u0440\u044c<br \/>\n<\/strong>Marcin \u0141ukaszewski, \u0423\u043d\u0438\u0432\u0435\u0440\u0441\u0438\u0442\u0435\u0442 \u0438\u043c\u0435\u043d\u0438 \u0410\u0434\u0430\u043c\u0430 \u041c\u0438\u0446\u043a\u0435\u0432\u0438\u0447\u0430 \u0432 \u041f\u043e\u0437\u043d\u0430\u043d\u0438<\/p>\n<p><strong>\u0417\u0430\u043c\u0435\u0441\u0442\u0438\u0442\u0435\u043b\u044c \u043e\u0442\u0432\u0435\u0442\u0441\u0442\u0432\u0435\u043d\u043d\u043e\u0433\u043e \u0441\u0435\u043a\u0440\u0435\u0442\u0430\u0440\u044f <\/strong><br \/>\nMaria W\u0105sicka, \u0423\u043d\u0438\u0432\u0435\u0440\u0441\u0438\u0442\u0435\u0442 \u0438\u043c\u0435\u043d\u0438 \u0410\u0434\u0430\u043c\u0430 \u041c\u0438\u0446\u043a\u0435\u0432\u0438\u0447\u0430 \u0432 \u041f\u043e\u0437\u043d\u0430\u043d\u0438<\/p>\n<p><strong>\u0421\u043e\u0441\u0442\u0430\u0432 \u0440\u0435\u0434\u0430\u043a\u0446\u0438\u0438<\/strong><br \/>\nEdward Jeli\u0144ski, \u0423\u043d\u0438\u0432\u0435\u0440\u0441\u0438\u0442\u0435\u0442 \u0438\u043c\u0435\u043d\u0438 \u0410\u0434\u0430\u043c\u0430 \u041c\u0438\u0446\u043a\u0435\u0432\u0438\u0447\u0430 \u0432 \u041f\u043e\u0437\u043d\u0430\u043d\u0438<br \/>\nAgnieszka St\u0119pi\u0144ska, \u0423\u043d\u0438\u0432\u0435\u0440\u0441\u0438\u0442\u0435\u0442 \u0438\u043c\u0435\u043d\u0438 \u0410\u0434\u0430\u043c\u0430 \u041c\u0438\u0446\u043a\u0435\u0432\u0438\u0447\u0430 \u0432 \u041f\u043e\u0437\u043d\u0430\u043d\u0438<br \/>\nMarek \u017byromski, \u0423\u043d\u0438\u0432\u0435\u0440\u0441\u0438\u0442\u0435\u0442 \u0438\u043c\u0435\u043d\u0438 \u0410\u0434\u0430\u043c\u0430 \u041c\u0438\u0446\u043a\u0435\u0432\u0438\u0447\u0430 \u0432 \u041f\u043e\u0437\u043d\u0430\u043d\u0438<\/p>\n<p><strong>\u0420\u0435\u0446\u0435\u043d\u0437\u0435\u043d\u0442\u0438<br \/>\n<\/strong>Agnieszka Mielczarek, Oleg Mikhailew, Malcolm Czopinski, Thomas Mehlhausenm<\/p>\n<p><strong>\u0420\u0435\u0434\u0430\u043a\u0446\u0456\u0439\u043d\u0430 \u0440\u0430\u0434\u0430 \u043f\u043e \u043d\u0430\u043f\u0440\u044f\u043c\u043a\u0430\u0445<br \/>\n<\/strong><br \/>\nJanusz Adamowski (\u043c\u0435\u0434\u0438\u0430\u0441\u0438\u0441\u0442\u0435\u043c\u044b), \u0412\u0430\u0440\u0448\u0430\u0432\u0441\u043a\u0438\u0439 \u0443\u043d\u0438\u0432\u0435\u0440\u0441\u0438\u0442\u0435\u0442<br \/>\nRoman B\u00e4cker (\u044f\u0437\u044b\u043a \u043f\u043e\u043b\u0438\u0442\u0438\u043a\u0438), \u0423\u043d\u0438\u0432\u0435\u0440\u0441\u0438\u0442\u0435\u0442 \u041d\u0438\u043a\u043e\u043b\u0430\u044f \u041a\u043e\u043f\u0435\u0440\u043d\u0438\u043a\u0430<br \/>\nMaria Marczewska-Rytko (\u043c\u0435\u0441\u0442\u043d\u043e\u0435 \u043f\u0440\u0430\u0432\u0438\u0442\u0435\u043b\u044c\u0441\u0442\u0432\u043e), \u0423\u043d\u0438\u0432\u0435\u0440\u0441\u0438\u0442\u0435\u0442 \u041c\u0430\u0440\u0438\u0438 \u0421\u043a\u043b\u043e\u0434\u043e\u0432\u0441\u043a\u043e\u0439-\u041a\u044e\u0440\u0438<br \/>\nGrzegorz Piwnicki (\u041d\u0430\u0446\u0438\u043e\u043d\u0430\u043b\u044c\u043d\u0430\u044f \u0431\u0435\u0437\u043e\u043f\u0430\u0441\u043d\u043e\u0441\u0442\u044c), \u0413\u0434\u0430\u043d\u044c\u0441\u043a\u0438\u0439 \u0443\u043d\u0438\u0432\u0435\u0440\u0441\u0438\u0442\u0435\u0442<br \/>\nRyszard Paradowski (\u0444\u0438\u043b\u043e\u0441\u043e\u0444\u0438\u044f \u043f\u043e\u043b\u0438\u0442\u0438\u043a\u0438), \u0423\u043d\u0438\u0432\u0435\u0440\u0441\u0438\u0442\u0435\u0442 \u0438\u043c\u0435\u043d\u0438 \u0410\u0434\u0430\u043c\u0430 \u041c\u0438\u0446\u043a\u0435\u0432\u0438\u0447\u0430 \u0432 \u041f\u043e\u0437\u043d\u0430\u043d\u0438<br \/>\nJ\u0119drzej Skrzypczak (\u0416\u0443\u0440\u043d\u0430\u043b\u0438\u0441\u0442\u0438\u043a\u0430 \u0438 \u0441\u043e\u0446\u0438\u0430\u043b\u044c\u043d\u044b\u0435 \u043a\u043e\u043c\u043c\u0443\u043d\u0438\u043a\u0430\u0446\u0438\u0438), \u0423\u043d\u0438\u0432\u0435\u0440\u0441\u0438\u0442\u0435\u0442 \u0438\u043c\u0435\u043d\u0438 \u0410\u0434\u0430\u043c\u0430 \u041c\u0438\u0446\u043a\u0435\u0432\u0438\u0447\u0430 \u0432 \u041f\u043e\u0437\u043d\u0430\u043d\u0438<br \/>\nJacek Sobczak (\u043f\u043e\u043b\u0438\u0442\u0438\u0447\u0435\u0441\u043a\u0430\u044f \u043c\u044b\u0441\u043b\u044c, \u0444\u0438\u043b\u043e\u0441\u043e\u0444\u0438\u044f \u043f\u0440\u0430\u0432\u0430), \u042d\u043a\u043e\u043d\u043e\u043c\u0438\u043a\u043e-\u0413\u0443\u043c\u0430\u043d\u0438\u0442\u0430\u0440\u043d\u044b\u0439 \u0423\u043d\u0438\u0432\u0435\u0440\u0441\u0438\u0442\u0435\u0442<br \/>\nAlicja St\u0119pie\u0144-Kuczy\u0144ska (\u043c\u0435\u0436\u0434\u0443\u043d\u0430\u0440\u043e\u0434\u043d\u044b\u0435 \u0441\u0432\u044f\u0437\u0438), \u041b\u043e\u0434\u0437\u0438\u043d\u0441\u043a\u0438\u0439 \u0443\u043d\u0438\u0432\u0435\u0440\u0441\u0438\u0442\u0435\u0442<br \/>\nArkadiusz \u017bukowski (\u043f\u043e\u043b\u0438\u0442\u0438\u0447\u0435\u0441\u043a\u0430\u044f \u043a\u0443\u043b\u044c\u0442\u0443\u0440\u0430), \u0412\u0430\u0440\u043c\u0438\u043d\u044c\u0441\u043a\u043e-\u041c\u0430\u0437\u0443\u0440\u0441\u043a\u0438\u0439 \u0443\u043d\u0438\u0432\u0435\u0440\u0441\u0438\u0442\u0435\u0442<\/p>","protected":false},"excerpt":{"rendered":"<p>\u0413\u043e\u043b\u043e\u0432\u043d\u0438\u0439 \u0440\u0435\u0434\u0430\u043a\u0442\u043e\u0440 Andrzej Stelmach, \u0423\u043d\u0438\u0432\u0435\u0440\u0441\u0438\u0442\u0435\u0442 \u0438\u043c\u0435\u043d\u0438 \u0410\u0434\u0430\u043c\u0430 \u041c\u0438\u0446\u043a\u0435\u0432\u0438\u0447\u0430 \u0432 \u041f\u043e\u0437\u043d\u0430\u043d\u0438 \u041f\u043e\u043c\u043e\u0449\u043d\u0438\u043a \u0440\u0435\u0434\u0430\u043a\u0442\u043e\u0440\u0430 \u0413\u043b\u0430\u0432\u043d\u044b\u0439 Szymon Ossowski, \u0423\u043d\u0438\u0432\u0435\u0440\u0441\u0438\u0442\u0435\u0442 \u0438\u043c\u0435\u043d\u0438 \u0410\u0434\u0430\u043c\u0430 \u041c\u0438\u0446\u043a\u0435\u0432\u0438\u0447\u0430 \u0432 \u041f\u043e\u0437\u043d\u0430\u043d\u0438 \u041e\u0442\u0432\u0435\u0442\u0441\u0442\u0432\u0435\u043d\u043d\u044b\u0439 \u0441\u0435\u043a\u0440\u0435\u0442\u0430\u0440\u044c Marcin \u0141ukaszewski, \u0423\u043d\u0438\u0432\u0435\u0440\u0441\u0438\u0442\u0435\u0442 \u0438\u043c\u0435\u043d\u0438 \u0410\u0434\u0430\u043c\u0430 \u041c\u0438\u0446\u043a\u0435\u0432\u0438\u0447\u0430 \u0432 \u041f\u043e\u0437\u043d\u0430\u043d\u0438 \u0417\u0430\u043c\u0435\u0441\u0442\u0438\u0442\u0435\u043b\u044c \u043e\u0442\u0432\u0435\u0442\u0441\u0442\u0432\u0435\u043d\u043d\u043e\u0433\u043e \u0441\u0435\u043a\u0440\u0435\u0442\u0430\u0440\u044f Maria W\u0105sicka, \u0423\u043d\u0438\u0432\u0435\u0440\u0441\u0438\u0442\u0435\u0442 \u0438\u043c\u0435\u043d\u0438 \u0410\u0434\u0430\u043c\u0430 \u041c\u0438\u0446\u043a\u0435\u0432\u0438\u0447\u0430 \u0432 \u041f\u043e\u0437\u043d\u0430\u043d\u0438 \u0421\u043e\u0441\u0442\u0430\u0432 \u0440\u0435\u0434\u0430\u043a\u0446\u0438\u0438 Edward Jeli\u0144ski, \u0423\u043d\u0438\u0432\u0435\u0440\u0441\u0438\u0442\u0435\u0442 \u0438\u043c\u0435\u043d\u0438 \u0410\u0434\u0430\u043c\u0430 \u041c\u0438\u0446\u043a\u0435\u0432\u0438\u0447\u0430 \u0432 \u041f\u043e\u0437\u043d\u0430\u043d\u0438 Agnieszka St\u0119pi\u0144ska, \u0423\u043d\u0438\u0432\u0435\u0440\u0441\u0438\u0442\u0435\u0442 [&hellip;]<\/p>\n","protected":false},"author":1,"featured_media":0,"parent":0,"menu_order":0,"comment_status":"closed","ping_status":"open","template":"","meta":{"footnotes":""},"class_list":["post-15","page","type-page","status-publish","hentry"],"_links":{"self":[{"href":"http:\/\/ssp.amu.edu.pl\/uk\/wp-json\/wp\/v2\/pages\/15","targetHints":{"allow":["GET"]}}],"collection":[{"href":"http:\/\/ssp.amu.edu.pl\/uk\/wp-json\/wp\/v2\/pages"}],"about":[{"href":"http:\/\/ssp.amu.edu.pl\/uk\/wp-json\/wp\/v2\/types\/page"}],"author":[{"embeddable":true,"href":"http:\/\/ssp.amu.edu.pl\/uk\/wp-json\/wp\/v2\/users\/1"}],"replies":[{"embeddable":true,"href":"http:\/\/ssp.amu.edu.pl\/uk\/wp-json\/wp\/v2\/comments?post=15"}],"version-history":[{"count":24,"href":"http:\/\/ssp.amu.edu.pl\/uk\/wp-json\/wp\/v2\/pages\/15\/revisions"}],"predecessor-version":[{"id":1319,"href":"http:\/\/ssp.amu.edu.pl\/uk\/wp-json\/wp\/v2\/pages\/15\/revisions\/1319"}],"wp:attachment":[{"href":"http:\/\/ssp.amu.edu.pl\/uk\/wp-json\/wp\/v2\/media?parent=15"}],"curies":[{"name":"wp","href":"https:\/\/api.w.org\/{rel}","templated":true}]}}