{"id":80,"date":"2013-07-08T09:44:00","date_gmt":"2013-07-08T07:44:00","guid":{"rendered":"http:\/\/ssp.amu.edu.pl\/?page_id=80"},"modified":"2013-07-15T14:18:35","modified_gmt":"2013-07-15T12:18:35","slug":"nr-42012","status":"publish","type":"page","link":"http:\/\/ssp.amu.edu.pl\/ru\/archive\/nr-42012\/","title":{"rendered":"(Polski) Nr 4\/2012"},"content":{"rendered":"<p class=\"qtranxs-available-languages-message qtranxs-available-languages-message-ru\">Przyk\u0142ad: Przepraszamy, ten wpis dost\u0119pny jest wy\u0142\u0105cznie w j\u0119zykach: <a href=\"http:\/\/ssp.amu.edu.pl\/pl\/wp-json\/wp\/v2\/pages\/80\" class=\"qtranxs-available-language-link qtranxs-available-language-link-pl\" title=\"Polski\">Polski<\/a> and <a href=\"http:\/\/ssp.amu.edu.pl\/en\/wp-json\/wp\/v2\/pages\/80\" class=\"qtranxs-available-language-link qtranxs-available-language-link-en\" title=\"English\">English<\/a>.<\/p>","protected":false},"excerpt":{"rendered":"<p>Przyk\u0142ad: Przepraszamy, ten wpis dost\u0119pny jest wy\u0142\u0105cznie w j\u0119zykach: Polski and English.<\/p>\n","protected":false},"author":1,"featured_media":0,"parent":32,"menu_order":0,"comment_status":"closed","ping_status":"open","template":"","meta":{"footnotes":""},"class_list":["post-80","page","type-page","status-publish","hentry"],"_links":{"self":[{"href":"http:\/\/ssp.amu.edu.pl\/ru\/wp-json\/wp\/v2\/pages\/80","targetHints":{"allow":["GET"]}}],"collection":[{"href":"http:\/\/ssp.amu.edu.pl\/ru\/wp-json\/wp\/v2\/pages"}],"about":[{"href":"http:\/\/ssp.amu.edu.pl\/ru\/wp-json\/wp\/v2\/types\/page"}],"author":[{"embeddable":true,"href":"http:\/\/ssp.amu.edu.pl\/ru\/wp-json\/wp\/v2\/users\/1"}],"replies":[{"embeddable":true,"href":"http:\/\/ssp.amu.edu.pl\/ru\/wp-json\/wp\/v2\/comments?post=80"}],"version-history":[{"count":4,"href":"http:\/\/ssp.amu.edu.pl\/ru\/wp-json\/wp\/v2\/pages\/80\/revisions"}],"predecessor-version":[{"id":117,"href":"http:\/\/ssp.amu.edu.pl\/ru\/wp-json\/wp\/v2\/pages\/80\/revisions\/117"}],"up":[{"embeddable":true,"href":"http:\/\/ssp.amu.edu.pl\/ru\/wp-json\/wp\/v2\/pages\/32"}],"wp:attachment":[{"href":"http:\/\/ssp.amu.edu.pl\/ru\/wp-json\/wp\/v2\/media?parent=80"}],"curies":[{"name":"wp","href":"https:\/\/api.w.org\/{rel}","templated":true}]}}