{"id":34,"date":"2013-06-16T23:36:55","date_gmt":"2013-06-16T21:36:55","guid":{"rendered":"http:\/\/wnpid.amu.edu.pl\/~ssp\/?page_id=34"},"modified":"2026-01-27T12:01:58","modified_gmt":"2026-01-27T11:01:58","slug":"aktualny-numer","status":"publish","type":"page","link":"http:\/\/ssp.amu.edu.pl\/ru\/archive\/aktualny-numer\/","title":{"rendered":"(Polski) Aktualny numer"},"content":{"rendered":"<p class=\"qtranxs-available-languages-message qtranxs-available-languages-message-ru\">Przyk\u0142ad: Przepraszamy, ten wpis dost\u0119pny jest wy\u0142\u0105cznie w j\u0119zykach: <a href=\"http:\/\/ssp.amu.edu.pl\/pl\/wp-json\/wp\/v2\/pages\/34\" class=\"qtranxs-available-language-link qtranxs-available-language-link-pl\" title=\"Polski\">Polski<\/a>.<\/p>","protected":false},"excerpt":{"rendered":"<p>Przyk\u0142ad: Przepraszamy, ten wpis dost\u0119pny jest wy\u0142\u0105cznie w j\u0119zykach: Polski.<\/p>\n","protected":false},"author":1,"featured_media":0,"parent":32,"menu_order":0,"comment_status":"closed","ping_status":"open","template":"","meta":{"footnotes":""},"class_list":["post-34","page","type-page","status-publish","hentry"],"_links":{"self":[{"href":"http:\/\/ssp.amu.edu.pl\/ru\/wp-json\/wp\/v2\/pages\/34","targetHints":{"allow":["GET"]}}],"collection":[{"href":"http:\/\/ssp.amu.edu.pl\/ru\/wp-json\/wp\/v2\/pages"}],"about":[{"href":"http:\/\/ssp.amu.edu.pl\/ru\/wp-json\/wp\/v2\/types\/page"}],"author":[{"embeddable":true,"href":"http:\/\/ssp.amu.edu.pl\/ru\/wp-json\/wp\/v2\/users\/1"}],"replies":[{"embeddable":true,"href":"http:\/\/ssp.amu.edu.pl\/ru\/wp-json\/wp\/v2\/comments?post=34"}],"version-history":[{"count":185,"href":"http:\/\/ssp.amu.edu.pl\/ru\/wp-json\/wp\/v2\/pages\/34\/revisions"}],"predecessor-version":[{"id":1657,"href":"http:\/\/ssp.amu.edu.pl\/ru\/wp-json\/wp\/v2\/pages\/34\/revisions\/1657"}],"up":[{"embeddable":true,"href":"http:\/\/ssp.amu.edu.pl\/ru\/wp-json\/wp\/v2\/pages\/32"}],"wp:attachment":[{"href":"http:\/\/ssp.amu.edu.pl\/ru\/wp-json\/wp\/v2\/media?parent=34"}],"curies":[{"name":"wp","href":"https:\/\/api.w.org\/{rel}","templated":true}]}}