{"id":1552,"date":"2025-03-24T09:40:47","date_gmt":"2025-03-24T08:40:47","guid":{"rendered":"http:\/\/ssp.amu.edu.pl\/?page_id=1552"},"modified":"2025-04-01T14:41:34","modified_gmt":"2025-04-01T12:41:34","slug":"deklaracja-dostepnosci","status":"publish","type":"page","link":"http:\/\/ssp.amu.edu.pl\/ru\/deklaracja-dostepnosci\/","title":{"rendered":"(Polski) Deklaracja dost\u0119pno\u015bci"},"content":{"rendered":"<section id=\"a11y-wstep\"><span id=\"a11y-podmiot\">Wydzia\u0142 Nauk Politycznych i Dziennikarstwa UAM<\/span> zobowi\u0105zuje si\u0119 zapewni\u0107 dost\u0119pno\u015b\u0107 swojej <span id=\"a11y-zakres\">strony internetowej<\/span> zgodnie z ustaw\u0105 z dnia 4 kwietnia 2019 r. o dost\u0119pno\u015bci cyfrowej stron internetowych i aplikacji mobilnych podmiot\u00f3w publicznych.<\/p>\n<h3>Deklaracja dost\u0119pno\u015bci dotyczy strony\u00a0\u00a0<a id=\"a11y-url\" href=\"https:\/\/ssp.amu.edu.pl\" target=\"_blank\" rel=\"noopener\">https:\/\/ssp.amu.edu.pl<\/a>.<\/h3>\n<\/section>\n<section>\n<ul>\n<li>Data publikacji strony internetowej: 1 <time id=\"a11y-data-publikacja\" datetime=\"2025-03-05\"> pa\u017adziernika 2018 r. <\/time><\/li>\n<li>Data ostatniej istotnej aktualizacji: <time id=\"a11y-data-aktualizacja\" datetime=\"2024-11-25\"> 25 listopada 2024 r. <\/time><\/li>\n<\/ul>\n<\/section>\n<section>\n<h3>Stan dost\u0119pno\u015bci cyfrowej<\/h3>\n<p id=\"a11y-status\">Ta strona internetowa jest cz\u0119\u015bciowo zgodna z za\u0142\u0105cznikiem do ustawy o dost\u0119pno\u015bci cyfrowej z dnia 4 kwietnia 2019 r. o dost\u0119pno\u015bci cyfrowej stron internetowych i aplikacji mobilnych podmiot\u00f3w publicznych z powodu [niezgodno\u015bci i wy\u0142\u0105cze\u0144] wymienionych poni\u017cej.<\/p>\n<\/section>\n<section>\n<h1>Niedost\u0119pne tre\u015bci<\/h1>\n<section>\n<h3>Niezgodno\u015b\u0107 z za\u0142\u0105cznikiem<\/h3>\n<ul>\n<li>cz\u0119\u015b\u0107 obraz\u00f3w nie posiada tekstu alternatywnego &#8212; wszystkie nowe obrazy dodawane na naszej stronie maj\u0105 ju\u017c takie opisy,<\/li>\n<li>linki do dokument\u00f3w do pobrania nie zawieraj\u0105 informacji o parametrach dokumentu,<\/li>\n<li>strona mo\u017ce posiada\u0107 linki nie zawieraj\u0105ce informacji o ich celu w nazwie.<\/li>\n<\/ul>\n<\/section>\n<\/section>\n<section>\n<h3>Przygotowanie deklaracji dost\u0119pno\u015bci<\/h3>\n<ul>\n<li>Data sporz\u0105dzenia deklaracji: <time id=\"a11y-data-sporzadzenie\" datetime=\"2020-03-13\"> 13 marca 2020 r. <\/time><\/li>\n<li>Data ostatniego przegl\u0105du deklaracji: <time id=\"a11y-data-przeglad\" datetime=\"2025-03-18\"> 18 marca 2025 r. <\/time><\/li>\n<\/ul>\n<p>&nbsp;<\/p>\n<p>Deklaracj\u0119 sporz\u0105dzili\u015bmy na podstawie samooceny w oparciu o <a href=\"https:\/\/www.gov.pl\/attachment\/1a3e2bb5-6d60-4897-ac2f-07a8e91e70ed\">list\u0119 kontroln\u0105 do badania dost\u0119pno\u015bci cyfrowej strony internetowej v. 2.2 (docx, 0,12MB)<\/a>. Pobierz raport z informacjami o samoocenie dost\u0119pno\u015bci.<\/p>\n<h3>Skr\u00f3ty klawiszowe<\/h3>\n<div id=\"a11y-skroty-klawiaturowe\">Na stronie internetowej mo\u017cna u\u017cywa\u0107 standardowych skr\u00f3t\u00f3w klawiaturowych przegl\u0105darki.<\/div>\n<section id=\"a11y-komunikacja\"><\/section>\n<section id=\"content_container_163356\" class=\"container clearfix\"><\/section>\n<section>\n<h3>Informacje zwrotne i dane kontaktowe<\/h3>\n<p>Wszystkie problemy z dost\u0119pno\u015bci\u0105 cyfrow\u0105 tej strony internetowej mo\u017cesz zg\u0142osi\u0107 do <span id=\"a11y-kontakt\"> mgr Natalia Pastucha-Kalla &#8212; e-mail: <a href=\"mailto:natalia.pastucha@amu.edu.pl\">natalia.pastucha@amu.edu.pl<\/a> lub telefonicznie: <a href=\"61%20829%2065%2010\">61 829 6510<\/a>. <\/span><\/p>\n<p>Ka\u017cdy ma prawo wyst\u0105pi\u0107 z \u017c\u0105daniem zapewnienia dost\u0119pno\u015bci cyfrowej tej strony internetowej lub jej element\u00f3w.<\/p>\n<p>Zg\u0142aszaj\u0105c takie \u017c\u0105danie podaj:<\/p>\n<ul>\n<li>swoje imi\u0119 i nazwisko,<\/li>\n<li>swoje dane kontaktowe (np. numer telefonu, e-mail),<\/li>\n<li>dok\u0142adny adres strony internetowej, na kt\u00f3rej jest niedost\u0119pny cyfrowo element lub tre\u015b\u0107,<\/li>\n<li>opis na czym polega problem i jaki spos\u00f3b jego rozwi\u0105zania by\u0142by dla Ciebie najwygodniejszy.<\/li>\n<\/ul>\n<p>Na Twoje zg\u0142oszenie odpowiemy najszybciej jak to mo\u017cliwe, nie p\u00f3\u017aniej ni\u017c w ci\u0105gu 7 dni od jego otrzymania.<\/p>\n<p>Je\u017celi ten termin b\u0119dzie dla nas zbyt kr\u00f3tki poinformujemy Ci\u0119 o tym. W tej informacji podamy nowy termin, do kt\u00f3rego poprawimy zg\u0142oszone przez Ciebie b\u0142\u0119dy lub przygotujemy informacje w alternatywny spos\u00f3b. Ten nowy termin nie b\u0119dzie d\u0142u\u017cszy ni\u017c 2 miesi\u0105ce.<\/p>\n<p>Je\u017celi nie b\u0119dziemy w stanie zapewni\u0107 dost\u0119pno\u015bci cyfrowej strony internetowej lub tre\u015bci, wskazanej w Twoim \u017c\u0105daniu, zaproponujemy Ci dost\u0119p do nich w alternatywny spos\u00f3b.<\/p>\n<\/section>\n<section id=\"a11y-procedura\">\n<h3>Obs\u0142uga wniosk\u00f3w i skarg zwi\u0105zanych z dost\u0119pno\u015bci\u0105<\/h3>\n<p>Je\u017celi w odpowiedzi na Tw\u00f3j wniosek o zapewnienie dost\u0119pno\u015bci cyfrowej, odm\u00f3wimy zapewnienia \u017c\u0105danej przez Ciebie dost\u0119pno\u015bci cyfrowej, a Ty nie zgadzasz si\u0119 z t\u0105 odmow\u0105, masz prawo z\u0142o\u017cy\u0107 skarg\u0119.<\/p>\n<p>Skarg\u0119 masz prawo z\u0142o\u017cy\u0107 tak\u017ce, je\u015bli nie zgadzasz si\u0119 na skorzystanie z alternatywnego sposobu dost\u0119pu, kt\u00f3ry zaproponowali\u015bmy Ci w odpowiedzi na Tw\u00f3j wniosek o zapewnienie dost\u0119pno\u015bci cyfrowej.<\/p>\n<p>Ewentualn\u0105 skarg\u0119 z\u0142\u00f3\u017c listownie lub mailem do kierownictwa naszego urz\u0119du:<\/p>\n<ul>\n<li><span id=\"a11y-procedura-kierownik\">Prorektora w\u0142a\u015bciwego ds. cyfryzacji prof. dr hab. Micha\u0142a Banaszaka<\/span>,<\/li>\n<li>Adres: <span id=\"a11y-procedura-adres\">Collegium Minus, ul. Wieniawskiego 1, 61-712 Pozna\u0144<\/span>,<\/li>\n<li>e-mail: <a id=\"a11y-procedura-email\" href=\"mailto:mbanasz@amu.edu.pl\">mbanasz@amu.edu.pl<\/a>.<\/li>\n<\/ul>\n<p><a href=\"https:\/\/www.gov.pl\/web\/gov\/zloz-wniosek-o-zapewnienie-dostepnosci-cyfrowej-strony-internetowej-lub-aplikacji-mobilnej\">Pomocne mog\u0105 by\u0107 informacje, kt\u00f3re mo\u017cna znale\u017a\u0107 na rz\u0105dowym portalu gov.pl<\/a>.<\/p>\n<p>Mo\u017cesz tak\u017ce poinformowa\u0107 o tej sytuacji <a href=\"https:\/\/bip.brpo.gov.pl\/\">Rzecznika Praw Obywatelskich<\/a> i poprosi\u0107 o interwencj\u0119 w Twojej sprawie.<\/p>\n<\/section>\n<h2>Pozosta\u0142e informacje<\/h2>\n<section id=\"a11y-architektura\">\n<h3>Dost\u0119pno\u015b\u0107 architektoniczna<\/h3>\n<\/section>\n<p>Adres: ul. Uniwersytetu Pozna\u0144skiego 5, 61-614 Pozna\u0144<\/p>\n<p>Kierowniczka obiektu \u2013 mgr Katarzyna Dylewska, tel. 61\u00a0829 5321, 511\u00a0921\u00a0610, e-mail: <a href=\"mailto:%20katarzyna.dylewska@amu.edu.pl\">katarzyna.dylewska@amu.edu.pl<\/a><\/p>\n<p>Opis: W pobli\u017cu wej\u015bcia do obiektu znajduj\u0105 si\u0119 2 miejsca parkingowe dla os\u00f3b z\u00a0niepe\u0142nosprawno\u015bciami.<\/p>\n<p>Wej\u015bcie g\u0142\u00f3wne do budynku<\/p>\n<ul>\n<li>Ze wzgl\u0119du na ukszta\u0142towanie terenu posiada zar\u00f3wno schody wyposa\u017cone w por\u0119cze jak i\u00a0\u00a0wej\u015bcie z tzw. poziomu zerowego,<\/li>\n<li>posiada drzwi automatycznie otwierane.<\/li>\n<\/ul>\n<p>&nbsp;<\/p>\n<p>Wewn\u0105trz budynku<\/p>\n<ul>\n<li>znajduj\u0105 si\u0119 schody wyposa\u017cone w por\u0119cze po obu stronach,<\/li>\n<li>znajduj\u0105 si\u0119 windy, wyposa\u017cone w komunikaty g\u0142osowe i przyciski z alfabetem Braille&#8217;a (1 winda bez alfabetu Braille\u2019a), jedna z wind nie obs\u0142uguje poziomu -1, druga winda obs\u0142uguje wszystkie poziomy<\/li>\n<li>na ka\u017cdym pi\u0119trze znajduje si\u0119 jedna toaleta przystosowana dla os\u00f3b z niepe\u0142nosprawno\u015bciami.<\/li>\n<\/ul>\n<p>&nbsp;<\/p>\n<p style=\"text-align: left;\">System informacji dla os\u00f3b z niepe\u0142nosprawno\u015bciami sensorycznymi obejmuje tabliczki z numerem sali zapisanym w alfabecie Braille&#8217;a i z informacjami w kodzie QR, zainstalowane na drzwiach do sal oraz na holach znajduj\u0105 si\u0119 ekrany wy\u015bwietlaj\u0105ce informacje istotne z punktu widzenia student\u00f3w i pracownik\u00f3w UAM na holach wydzia\u0142u.<\/p>\n<p style=\"text-align: left;\">Do obiektu mo\u017cna wej\u015b\u0107 z psem asystuj\u0105cym bez \u017cadnych ogranicze\u0144 (na podstawie ustawy o rehabilitacji zawodowej i spo\u0142ecznej oraz zatrudnianiu os\u00f3b niepe\u0142nosprawnych).<\/p>\n<p style=\"text-align: left;\">Dane kontaktowe portierni lub innych os\u00f3b udzielaj\u0105cych informacji \/ pomocy:<\/p>\n<p style=\"text-align: left;\">Portiernia \u2013 61\u00a0829 6500<\/p>\n<h3>Dost\u0119pno\u015b\u0107 komunikacyjno-informacyjna<\/h3>\n<p id=\"a11y-tresc-informacji-o-komunikacji\">System informacji dla os\u00f3b z niepe\u0142nosprawno\u015bciami sensorycznymi obejmuje:<\/p>\n<ul>\n<li>tabliczki z numerem\/opisem zapisanym w alfabecie Braille\u2019a oraz informacjami w kodach QR zainstalowane na drzwiach do sal, pokoi oraz \u0142azienek,<\/li>\n<li>zainstalowana w Auli p\u0119tla induktofoniczna dla os\u00f3b z niepe\u0142nosprawno\u015bci\u0105 s\u0142uchu,<\/li>\n<li>plan poziomu budynku umieszczony na ka\u017cdym pi\u0119trze (0,1,2),<\/li>\n<li>ekrany wy\u015bwietlaj\u0105ce informacje istotne z punktu widzenia student\u00f3w i pracownik\u00f3w UAM na holu wydzia\u0142u.<\/li>\n<\/ul>\n<p>&nbsp;<\/p>\n<p id=\"a11y-komunikacja\">Do obiektu mo\u017cna wej\u015b\u0107 z psem asystuj\u0105cym bez \u017cadnych ogranicze\u0144 (na podstawie ustawy o rehabilitacji zawodowej i spo\u0142ecznej oraz zatrudnianiu os\u00f3b niepe\u0142nosprawnych).<\/p>\n<\/section>\n","protected":false},"excerpt":{"rendered":"<p>Wydzia\u0142 Nauk Politycznych i Dziennikarstwa UAM zobowi\u0105zuje si\u0119 zapewni\u0107 dost\u0119pno\u015b\u0107 swojej strony internetowej zgodnie z ustaw\u0105 z dnia 4 kwietnia 2019 r. o dost\u0119pno\u015bci cyfrowej stron internetowych i aplikacji mobilnych podmiot\u00f3w publicznych. Deklaracja dost\u0119pno\u015bci dotyczy strony\u00a0\u00a0https:\/\/ssp.amu.edu.pl. Data publikacji strony internetowej: 1 pa\u017adziernika 2018 r. Data ostatniej istotnej aktualizacji: 25 listopada 2024 r. Stan dost\u0119pno\u015bci cyfrowej [&hellip;]<\/p>\n","protected":false},"author":3,"featured_media":0,"parent":0,"menu_order":0,"comment_status":"closed","ping_status":"closed","template":"","meta":{"footnotes":""},"class_list":["post-1552","page","type-page","status-publish","hentry"],"_links":{"self":[{"href":"http:\/\/ssp.amu.edu.pl\/ru\/wp-json\/wp\/v2\/pages\/1552","targetHints":{"allow":["GET"]}}],"collection":[{"href":"http:\/\/ssp.amu.edu.pl\/ru\/wp-json\/wp\/v2\/pages"}],"about":[{"href":"http:\/\/ssp.amu.edu.pl\/ru\/wp-json\/wp\/v2\/types\/page"}],"author":[{"embeddable":true,"href":"http:\/\/ssp.amu.edu.pl\/ru\/wp-json\/wp\/v2\/users\/3"}],"replies":[{"embeddable":true,"href":"http:\/\/ssp.amu.edu.pl\/ru\/wp-json\/wp\/v2\/comments?post=1552"}],"version-history":[{"count":3,"href":"http:\/\/ssp.amu.edu.pl\/ru\/wp-json\/wp\/v2\/pages\/1552\/revisions"}],"predecessor-version":[{"id":1559,"href":"http:\/\/ssp.amu.edu.pl\/ru\/wp-json\/wp\/v2\/pages\/1552\/revisions\/1559"}],"wp:attachment":[{"href":"http:\/\/ssp.amu.edu.pl\/ru\/wp-json\/wp\/v2\/media?parent=1552"}],"curies":[{"name":"wp","href":"https:\/\/api.w.org\/{rel}","templated":true}]}}