{"id":995,"date":"2020-04-01T00:31:56","date_gmt":"2020-03-31T22:31:56","guid":{"rendered":"http:\/\/ssp.amu.edu.pl\/?page_id=995"},"modified":"2020-04-01T00:31:56","modified_gmt":"2020-03-31T22:31:56","slug":"nr-4-2019","status":"publish","type":"page","link":"http:\/\/ssp.amu.edu.pl\/en\/archive\/nr-4-2019\/","title":{"rendered":"Vol. 4\/2019"},"content":{"rendered":"<p><strong>Vol. 4\/2019<\/strong><\/p>\n<p><a href=\"http:\/\/ssp.amu.edu.pl\/wp-content\/uploads\/2019\/12\/SSP-2019-4-okl.jpg\"><img loading=\"lazy\" decoding=\"async\" class=\"alignright  wp-image-248\" src=\"http:\/\/ssp.amu.edu.pl\/wp-content\/uploads\/2019\/12\/SSP-2019-4-okl.jpg\" alt=\"Ok\u0142adka SSP\" width=\"150\" height=\"213\" \/><\/a><\/strong><\/p>\n<p><a href=\"http:\/\/ssp.amu.edu.pl\/wp-content\/uploads\/2019\/12\/SSP-2019-4-00.pdf\">Contents<\/a><\/p>\n<p><strong>Andrej \u0160kolkay, Viera \u017d\u00faborov\u00e1<\/strong><br \/>\n<a href=\"http:\/\/ssp.amu.edu.pl\/wp-content\/uploads\/2019\/12\/SSP-2019-4-01.pdf\">Populist Political Movement Sme rodina \u2013 Boris Koll\u00e1r<br \/>\n(We Are a Family \u2013 Boris Koll\u00e1r)<\/a><\/p>\n<p><strong>Aleksandra Galus, Yuliia Nesteriak<\/strong><br \/>\n<a href=\"http:\/\/ssp.amu.edu.pl\/wp-content\/uploads\/2019\/12\/SSP-2019-4-02.pdf\">Digital media in a contemporary conflict \u2013 example of Ukraine<\/a><\/p>\n<p><strong>\u041d\u0430\u0434\u0435\u0436\u0434\u0430 \u0422\u043e\u0440\u0445\u043e\u0432\u0430<\/strong><br \/>\n<a href=\"http:\/\/ssp.amu.edu.pl\/wp-content\/uploads\/2019\/12\/SSP-2019-4-03.pdf\">\u0423\u043f\u0440\u0430\u0432\u043b\u0435\u043d\u0438\u0435 \u0441\u0432\u044f\u0437\u044f\u043c\u0438 \u0441 \u043e\u0431\u0449\u0435\u0441\u0442\u0432\u0435\u043d\u043d\u043e\u0441\u0442\u044c\u044e \u0432 \u0441\u0443\u0434\u0430\u0445 \u0423\u043a\u0440\u0430\u0438\u043d\u044b \u043a\u0430\u043a \u043c\u043d\u043e\u0433\u043e\u0430\u0441\u043f\u0435\u043a\u0442\u043d\u044b\u0439 \u043a\u043e\u043c\u043f\u043b\u0435\u043a\u0441\u043d\u044b\u0439 \u043f\u0440\u043e\u0446\u0435\u0441\u0441 .<\/a><\/p>\n<p><strong>Emilia Smolak-Lozano<\/strong><br \/>\n<a href=\"http:\/\/ssp.amu.edu.pl\/wp-content\/uploads\/2019\/12\/SSP-2019-4-04.pdf\">Challenges and opportunities for digital convergence of TV: audience<br \/>\nmeasurement in the digital era<\/a><\/p>\n<p><strong>\u0412\u043b\u0430\u0434\u0438\u043c\u0438\u0440 \u0413\u0443\u0442\u043e\u0440\u043e\u0432<\/strong><br \/>\n<a href=\"http:\/\/ssp.amu.edu.pl\/wp-content\/uploads\/2019\/12\/SSP-2019-4-05.pdf\">\u041e \u043d\u0435\u043a\u043e\u0442\u043e\u0440\u044b\u0445 \u0430\u043a\u0442\u0443\u0430\u043b\u044c\u043d\u044b\u0445 \u0430\u0441\u043f\u0435\u043a\u0442\u0430\u0445 \u0438\u043d\u0442\u0435\u0440\u043f\u0440\u0435\u0442\u0430\u0446\u0438\u0438 \u043b\u0438\u0431\u0435\u0440\u0430\u043b\u044c\u043d\u043e\u0439<br \/>\n\u0442\u0440\u0430\u0434\u0438\u0446\u0438\u0438 \u0432 \u0420\u043e\u0441\u0441\u0438\u0438<\/a><\/p>\n<p><strong>\u0410\u043b\u0435\u043a\u0441\u0430\u043d\u0434\u0440 \u0410. \u0428\u0438\u0440\u0438\u043d\u044f\u043d\u0446 (Aleksandr Shirinyants)<\/strong><br \/>\n<a href=\"http:\/\/ssp.amu.edu.pl\/wp-content\/uploads\/2019\/12\/SSP-2019-4-06.pdf\">\u00ab\u041e \u0420\u0443\u0441\u044c, \u043a\u0443\u0434\u0430 \u0436 \u043d\u0435\u0441\u0435\u0448\u044c\u0441\u044f \u0442\u044b?\u00bb: \u041c\u0438\u0444\u044b \u0432 \u043a\u0443\u043b\u044c\u0442\u0443\u0440\u0435 \u0438 \u043f\u043e\u043b\u0438\u0442\u0438\u043a\u0435<\/a><\/p>\n<p><strong>Peter \u010cajka<\/strong><br \/>\n<a href=\"http:\/\/ssp.amu.edu.pl\/wp-content\/uploads\/2019\/12\/SSP-2019-4-07.pdf\">Education and science as a soft power tool in Slovakia and V4<br \/>\ncountries<\/a><\/p>\n<p><a href=\"http:\/\/ssp.amu.edu.pl\/wp-content\/uploads\/2019\/12\/SSP-2019-4-12.pdf\"><strong>Contributors<\/strong><\/a><br \/>\n<\/p>","protected":false},"excerpt":{"rendered":"<p>Vol. 4\/2019 Contents Andrej \u0160kolkay, Viera \u017d\u00faborov\u00e1 Populist Political Movement Sme rodina \u2013 Boris Koll\u00e1r (We Are a Family \u2013 Boris Koll\u00e1r) Aleksandra Galus, Yuliia Nesteriak Digital media in a contemporary conflict \u2013 example of Ukraine \u041d\u0430\u0434\u0435\u0436\u0434\u0430 \u0422\u043e\u0440\u0445\u043e\u0432\u0430 \u0423\u043f\u0440\u0430\u0432\u043b\u0435\u043d\u0438\u0435 \u0441\u0432\u044f\u0437\u044f\u043c\u0438 \u0441 \u043e\u0431\u0449\u0435\u0441\u0442\u0432\u0435\u043d\u043d\u043e\u0441\u0442\u044c\u044e \u0432 \u0441\u0443\u0434\u0430\u0445 \u0423\u043a\u0440\u0430\u0438\u043d\u044b \u043a\u0430\u043a \u043c\u043d\u043e\u0433\u043e\u0430\u0441\u043f\u0435\u043a\u0442\u043d\u044b\u0439 \u043a\u043e\u043c\u043f\u043b\u0435\u043a\u0441\u043d\u044b\u0439 \u043f\u0440\u043e\u0446\u0435\u0441\u0441 . Emilia Smolak-Lozano Challenges and opportunities [&hellip;]<\/p>\n","protected":false},"author":2,"featured_media":0,"parent":32,"menu_order":0,"comment_status":"closed","ping_status":"closed","template":"","meta":{"footnotes":""},"class_list":["post-995","page","type-page","status-publish","hentry"],"_links":{"self":[{"href":"http:\/\/ssp.amu.edu.pl\/en\/wp-json\/wp\/v2\/pages\/995","targetHints":{"allow":["GET"]}}],"collection":[{"href":"http:\/\/ssp.amu.edu.pl\/en\/wp-json\/wp\/v2\/pages"}],"about":[{"href":"http:\/\/ssp.amu.edu.pl\/en\/wp-json\/wp\/v2\/types\/page"}],"author":[{"embeddable":true,"href":"http:\/\/ssp.amu.edu.pl\/en\/wp-json\/wp\/v2\/users\/2"}],"replies":[{"embeddable":true,"href":"http:\/\/ssp.amu.edu.pl\/en\/wp-json\/wp\/v2\/comments?post=995"}],"version-history":[{"count":1,"href":"http:\/\/ssp.amu.edu.pl\/en\/wp-json\/wp\/v2\/pages\/995\/revisions"}],"predecessor-version":[{"id":996,"href":"http:\/\/ssp.amu.edu.pl\/en\/wp-json\/wp\/v2\/pages\/995\/revisions\/996"}],"up":[{"embeddable":true,"href":"http:\/\/ssp.amu.edu.pl\/en\/wp-json\/wp\/v2\/pages\/32"}],"wp:attachment":[{"href":"http:\/\/ssp.amu.edu.pl\/en\/wp-json\/wp\/v2\/media?parent=995"}],"curies":[{"name":"wp","href":"https:\/\/api.w.org\/{rel}","templated":true}]}}