{"id":99,"date":"2013-07-08T10:18:16","date_gmt":"2013-07-08T08:18:16","guid":{"rendered":"http:\/\/ssp.amu.edu.pl\/?page_id=99"},"modified":"2013-07-08T10:18:16","modified_gmt":"2013-07-08T08:18:16","slug":"nr-12011","status":"publish","type":"page","link":"http:\/\/ssp.amu.edu.pl\/en\/archive\/nr-12011\/","title":{"rendered":"Vol. 1\/2011"},"content":{"rendered":"<p><a href=\"http:\/\/ssp.amu.edu.pl\/wp-content\/uploads\/2013\/07\/ssp-1-2011-title.pdf\">Title page<\/a><\/p>\n<p><a href=\"http:\/\/ssp.amu.edu.pl\/wp-content\/uploads\/2013\/07\/ssp-1-2011-editorial.pdf\">Editorial page<\/a><\/p>\n<p><a href=\"http:\/\/ssp.amu.edu.pl\/wp-content\/uploads\/2013\/07\/ssp-1-2011-contents.pdf\">Contents<\/a><\/p>\n<h3>Articles<\/h3>\n<p><strong>Agnieszka ST\u0118PI\u0143SKA, Marta WRZE\u015aNIEWSKA-PIETRZAK <\/strong><br \/>\n<a href=\"http:\/\/wnpid.amu.edu.pl\/images\/stories\/ssp\/ssp_2011_1\/005-032.pdf\">Debaty prezydenckie 2010: komunikacja przez pryzmat warto\u015bci<\/a><\/p>\n<p><strong>Cezary J\u00f3zef OLBROMSKI <\/strong><br \/>\n<a href=\"http:\/\/wnpid.amu.edu.pl\/images\/stories\/ssp\/ssp_2011_1\/033-044.pdf\">Kilka uwag na temat normatywno\u015bci w teorii polityki:perspektywa utopii politycznej<\/a><\/p>\n<p><strong>Marek REWIZORSKI <\/strong><br \/>\n<a href=\"http:\/\/wnpid.amu.edu.pl\/images\/stories\/ssp\/ssp_2011_1\/045-064.pdf\">Podmiotowo\u015b\u0107 prawnomi\u0119dzynarodowa Wsp\u00f3lnot Europejskich oraz Unii Europejskiej<\/a><\/p>\n<p><strong>Ryszard KOWALCZYK <\/strong><br \/>\n<a href=\"http:\/\/wnpid.amu.edu.pl\/images\/stories\/ssp\/ssp_2011_1\/065-080.pdf\">Miejsce i rola medi\u00f3w lokalnych we wsp\u00f3\u0142czesnym spo\u0142ecze\u0144stwie informacyjnym <\/a><\/p>\n<p><strong>Robert GROCHOWSKI <\/strong><br \/>\n<a href=\"http:\/\/wnpid.amu.edu.pl\/images\/stories\/ssp\/ssp_2011_1\/081-092.pdf\">Ewolucja greckich \u015brodk\u00f3w spo\u0142ecznego przekazu, z uwzgl\u0119dnieniem komunikatu reklamowego. <\/a><\/p>\n<p><strong>\u0141ukasz DONAJ, Saken \u017bUMANOWICZ NURBEKOV<\/strong><br \/>\n<a href=\"http:\/\/wnpid.amu.edu.pl\/images\/stories\/ssp\/ssp_2011_1\/093-102.pdf\">\u0421\u041c\u0418 \u041a\u0430\u0437\u0430\u0445\u0441\u0442\u0430\u043d\u0430 \u0432 \u0443\u0441\u043b\u043e\u0432\u0438\u044f\u0445 \u0433\u043b\u043e\u0431\u0430\u043b\u0438\u0437\u0430\u0446\u0438\u0438<\/a><\/p>\n<p><strong>Bartosz HORDECKI <\/strong><br \/>\n<a href=\"http:\/\/wnpid.amu.edu.pl\/images\/stories\/ssp\/ssp_2011_1\/103-112.pdf\">The Escape from Everyday Life? Accounts of Holidays and Anniversaries in TV news<\/a><\/p>\n<p><strong>Krzysztof PATKOWSKI <\/strong><br \/>\n<a href=\"http:\/\/wnpid.amu.edu.pl\/images\/stories\/ssp\/ssp_2011_1\/113-132.pdf\">Pozycja i znaczenie partii wywodz\u0105cych si\u0119 z systemu niedemokratycznwego na scenie partyjnej w Polsce, Czechach, s\u0142owacji na W\u0119grzech po 1989 roku <\/a><\/p>\n<p><strong>Marcin \u0141UKASZEWSKI <\/strong><br \/>\n<a href=\"http:\/\/wnpid.amu.edu.pl\/images\/stories\/ssp\/ssp_2011_1\/133-156.pdf\">Kolegialna g\u0142owa pa\u0144stwa we wsp\u00f3\u0142czesnych systemach politycznych <\/a><\/p>\n<p><strong>Piotr MA\u0141YSZKO <\/strong><a href=\"http:\/\/wnpid.amu.edu.pl\/images\/stories\/ssp\/ssp_2011_1\/157-168.pdf\"><br \/>\nKontynuacja czy prze\u0142om? Obraz PRL i geneza transformacji systemowej w prasie bia\u0142ostockiej lat 1989-1991<\/a><\/p>\n<h3><a href=\"http:\/\/wnpid.amu.edu.pl\/images\/stories\/ssp\/ssp_2011_1\/169-175.pdf\">Book reviews<\/a><\/h3>\n<ul>\n<li>Marcin Kr\u00f3l, <em>Czego nas uczy Leszek Ko\u0142akowski<\/em>, Czerwone i Czarne, Warszawa 2010, ss. 271. (Filip Bia\u0142y)<\/li>\n<li><em>The Rise of 24-hour News Television. Global Perspective<\/em>, pod red. Stephena Cushiona i Justina Lewisa, Nowy Jork, Wydawnictwo Peter Lang, 2010, ss. 350. (Agnieszka St\u0119pi\u0144ska)<\/li>\n<\/ul>\n<p><\/p>","protected":false},"excerpt":{"rendered":"<p>Title page Editorial page Contents Articles Agnieszka ST\u0118PI\u0143SKA, Marta WRZE\u015aNIEWSKA-PIETRZAK Debaty prezydenckie 2010: komunikacja przez pryzmat warto\u015bci Cezary J\u00f3zef OLBROMSKI Kilka uwag na temat normatywno\u015bci w teorii polityki:perspektywa utopii politycznej Marek REWIZORSKI Podmiotowo\u015b\u0107 prawnomi\u0119dzynarodowa Wsp\u00f3lnot Europejskich oraz Unii Europejskiej Ryszard KOWALCZYK Miejsce i rola medi\u00f3w lokalnych we wsp\u00f3\u0142czesnym spo\u0142ecze\u0144stwie informacyjnym Robert GROCHOWSKI Ewolucja greckich \u015brodk\u00f3w [&hellip;]<\/p>\n","protected":false},"author":1,"featured_media":0,"parent":32,"menu_order":0,"comment_status":"closed","ping_status":"open","template":"","meta":{"footnotes":""},"class_list":["post-99","page","type-page","status-publish","hentry"],"_links":{"self":[{"href":"http:\/\/ssp.amu.edu.pl\/en\/wp-json\/wp\/v2\/pages\/99","targetHints":{"allow":["GET"]}}],"collection":[{"href":"http:\/\/ssp.amu.edu.pl\/en\/wp-json\/wp\/v2\/pages"}],"about":[{"href":"http:\/\/ssp.amu.edu.pl\/en\/wp-json\/wp\/v2\/types\/page"}],"author":[{"embeddable":true,"href":"http:\/\/ssp.amu.edu.pl\/en\/wp-json\/wp\/v2\/users\/1"}],"replies":[{"embeddable":true,"href":"http:\/\/ssp.amu.edu.pl\/en\/wp-json\/wp\/v2\/comments?post=99"}],"version-history":[{"count":1,"href":"http:\/\/ssp.amu.edu.pl\/en\/wp-json\/wp\/v2\/pages\/99\/revisions"}],"predecessor-version":[{"id":105,"href":"http:\/\/ssp.amu.edu.pl\/en\/wp-json\/wp\/v2\/pages\/99\/revisions\/105"}],"up":[{"embeddable":true,"href":"http:\/\/ssp.amu.edu.pl\/en\/wp-json\/wp\/v2\/pages\/32"}],"wp:attachment":[{"href":"http:\/\/ssp.amu.edu.pl\/en\/wp-json\/wp\/v2\/media?parent=99"}],"curies":[{"name":"wp","href":"https:\/\/api.w.org\/{rel}","templated":true}]}}