{"id":976,"date":"2019-12-31T15:25:29","date_gmt":"2019-12-31T14:25:29","guid":{"rendered":"http:\/\/ssp.amu.edu.pl\/?page_id=976"},"modified":"2019-12-31T15:25:29","modified_gmt":"2019-12-31T14:25:29","slug":"nr-3-2019","status":"publish","type":"page","link":"http:\/\/ssp.amu.edu.pl\/en\/archive\/nr-3-2019\/","title":{"rendered":"Vol. 3\/2019"},"content":{"rendered":"<p><strong>Vol. 3\/2019<\/strong><\/p>\n<p><a href=\"http:\/\/ssp.amu.edu.pl\/wp-content\/uploads\/2019\/09\/ssp-2019-3-okl.jpg\"><img loading=\"lazy\" decoding=\"async\" class=\"alignright  wp-image-248\" src=\"http:\/\/ssp.amu.edu.pl\/wp-content\/uploads\/2019\/09\/ssp-2019-3-okl.jpg\" alt=\"Ok\u0142adka SSP\" width=\"150\" height=\"213\" \/><\/a><\/strong><\/p>\n<p><a href=\"http:\/\/ssp.amu.edu.pl\/wp-content\/uploads\/2019\/09\/ssp-2019-3-00.pdf\">Contents<\/a><\/p>\n<p><strong>Janusz T. Hryniewicz   <\/strong><br \/>\n<a href=\"http:\/\/ssp.amu.edu.pl\/wp-content\/uploads\/2019\/09\/ssp-2019-3-01.pdf\">Jako\u015b\u0107 rz\u0105dzenia i sprawno\u015b\u0107 biurokratyczna a polityka sp\u00f3jno\u015bci na tle tradycji kulturowej Europy \u015arodkowo-Wschodniej<\/a><\/p>\n<p><strong>Marta Balcerek-Kosiarz   <\/strong><br \/>\n<a href=\"http:\/\/ssp.amu.edu.pl\/wp-content\/uploads\/2019\/09\/ssp-2019-3-02.pdf\">Multi-level governance in local governments in the Federal Republic of Germany<\/a><\/p>\n<p><strong>Krystian Nowak, Andrzej Pog\u0142\u00f3dek   <\/strong><br \/>\n<a href=\"http:\/\/ssp.amu.edu.pl\/wp-content\/uploads\/2019\/09\/ssp-2019-3-03.pdf\">Pe\u0142nomocnik Praw Ma\u0142ych Rdzennych Lud\u00f3w P\u00f3\u0142nocy w Republice Sacha (Jakucja)   <\/a><\/p>\n<p><strong>J\u0119drzej Skrzypczak   <\/strong><br \/>\n<a href=\"http:\/\/ssp.amu.edu.pl\/wp-content\/uploads\/2019\/09\/ssp-2019-3-04.pdf\"> Protection of the reputation of the Polish Nation and the Republic of Poland  <\/a><\/p>\n<p><strong>Marzena Bara\u0144ska   <\/strong><br \/>\n<a href=\"http:\/\/ssp.amu.edu.pl\/wp-content\/uploads\/2019\/09\/ssp-2019-3-05.pdf\">Management of Television Advertising Content Based on the Value of Health   <\/a><\/p>\n<p><strong>Piotr Pawe\u0142czyk, Jakub Jakubowski   <\/strong><br \/>\n<a href=\"http:\/\/ssp.amu.edu.pl\/wp-content\/uploads\/2019\/09\/ssp-2019-3-06.pdf\">New Determinants of Political Socialization in the Internet Age   <\/a><\/p>\n<p><strong>Ryszard Kowalczyk   <\/strong><br \/>\n<a href=\"http:\/\/ssp.amu.edu.pl\/wp-content\/uploads\/2019\/09\/ssp-2019-3-07.pdf\">O patriotyzmie Wielkopolskim \u2013 ze spu\u015bcizny regionalizmu wielkopolskiego XIX\/XX wieku   <\/a><\/p>\n<p><strong>Agnieszka Bielawska   <\/strong><br \/>\n<a href=\"http:\/\/ssp.amu.edu.pl\/wp-content\/uploads\/2019\/09\/ssp-2019-3-08.pdf\">Christian Democrat policy in the face of the influx of Syrian immigrants to the Federal Republic of Germany (2015\u20132017)   <\/a><\/p>\n<p><strong>Mirza Sabawoon   <\/strong><br \/>\n<a href=\"http:\/\/ssp.amu.edu.pl\/wp-content\/uploads\/2019\/09\/ssp-2019-3-09.pdf\">The European Union\u2019s strategy on Afghanistan. Selected Issues   <\/a><\/p>\n<p><strong>Ryszard \u0106wirlej   <\/strong><br \/>\n<a href=\"http:\/\/ssp.amu.edu.pl\/wp-content\/uploads\/2019\/09\/ssp-2019-3-10.pdf\">Pozna\u0144ski Czerwiec 1956 r. \u2013 Radio Pozna\u0144skie i Rozg\u0142o\u015bnia Polska Radia Wolna Europa \u2013 ich role w przekazywaniu informacji o wydarzeniach pozna\u0144skich   <\/a><\/p>\n<p><a href=\"http:\/\/ssp.amu.edu.pl\/wp-content\/uploads\/2019\/09\/ssp-2019-3-11.pdf\"><strong>Recenzje<\/strong><\/a><br \/>\nWybrane wsp\u00f3\u0142czesne nurty polskiej my\u015bli politycznej, red. J. Korna\u015b, R. Lisiakiewicz (T. Bojarowicz)<br \/>\nJ\u00f3zef Tymanowski, Rola i znaczenie Republiki Bia\u0142oru\u015b we wsp\u00f3\u0142czesnej Europie (R. Czachor)<\/p>\n<p><a href=\"http:\/\/ssp.amu.edu.pl\/wp-content\/uploads\/2019\/09\/ssp-2019-3-12.pdf\"><strong>Contributors<\/strong><\/a><br \/>\n<\/p>","protected":false},"excerpt":{"rendered":"<p>Vol. 3\/2019 Contents Janusz T. Hryniewicz Jako\u015b\u0107 rz\u0105dzenia i sprawno\u015b\u0107 biurokratyczna a polityka sp\u00f3jno\u015bci na tle tradycji kulturowej Europy \u015arodkowo-Wschodniej Marta Balcerek-Kosiarz Multi-level governance in local governments in the Federal Republic of Germany Krystian Nowak, Andrzej Pog\u0142\u00f3dek Pe\u0142nomocnik Praw Ma\u0142ych Rdzennych Lud\u00f3w P\u00f3\u0142nocy w Republice Sacha (Jakucja) J\u0119drzej Skrzypczak Protection of the reputation of the [&hellip;]<\/p>\n","protected":false},"author":2,"featured_media":0,"parent":32,"menu_order":0,"comment_status":"closed","ping_status":"closed","template":"","meta":{"footnotes":""},"class_list":["post-976","page","type-page","status-publish","hentry"],"_links":{"self":[{"href":"http:\/\/ssp.amu.edu.pl\/en\/wp-json\/wp\/v2\/pages\/976","targetHints":{"allow":["GET"]}}],"collection":[{"href":"http:\/\/ssp.amu.edu.pl\/en\/wp-json\/wp\/v2\/pages"}],"about":[{"href":"http:\/\/ssp.amu.edu.pl\/en\/wp-json\/wp\/v2\/types\/page"}],"author":[{"embeddable":true,"href":"http:\/\/ssp.amu.edu.pl\/en\/wp-json\/wp\/v2\/users\/2"}],"replies":[{"embeddable":true,"href":"http:\/\/ssp.amu.edu.pl\/en\/wp-json\/wp\/v2\/comments?post=976"}],"version-history":[{"count":1,"href":"http:\/\/ssp.amu.edu.pl\/en\/wp-json\/wp\/v2\/pages\/976\/revisions"}],"predecessor-version":[{"id":977,"href":"http:\/\/ssp.amu.edu.pl\/en\/wp-json\/wp\/v2\/pages\/976\/revisions\/977"}],"up":[{"embeddable":true,"href":"http:\/\/ssp.amu.edu.pl\/en\/wp-json\/wp\/v2\/pages\/32"}],"wp:attachment":[{"href":"http:\/\/ssp.amu.edu.pl\/en\/wp-json\/wp\/v2\/media?parent=976"}],"curies":[{"name":"wp","href":"https:\/\/api.w.org\/{rel}","templated":true}]}}