{"id":942,"date":"2019-06-28T22:48:00","date_gmt":"2019-06-28T20:48:00","guid":{"rendered":"http:\/\/ssp.amu.edu.pl\/?page_id=942"},"modified":"2019-09-30T20:19:51","modified_gmt":"2019-09-30T18:19:51","slug":"nr-1-2019","status":"publish","type":"page","link":"http:\/\/ssp.amu.edu.pl\/en\/archive\/nr-1-2019\/","title":{"rendered":"Vol. 1\/2019"},"content":{"rendered":"<p><strong>Vol. 1\/2019<br \/>\n<a href=\"http:\/\/ssp.amu.edu.pl\/wp-content\/uploads\/2019\/03\/SSP-1-2019-okl.jpg\"><img loading=\"lazy\" decoding=\"async\" class=\"alignright  wp-image-248\" src=\"http:\/\/ssp.amu.edu.pl\/wp-content\/uploads\/2019\/03\/SSP-1-2019-okl.jpg\" alt=\"Ok\u0142adka SSP\" width=\"150\" height=\"213\" \/><\/a><\/strong><\/p>\n<p><a href=\"http:\/\/ssp.amu.edu.pl\/wp-content\/uploads\/2019\/03\/ssp-2019-1-00.pdf\">Contents<\/a><\/p>\n<p><strong>Kinga Wojtas<\/strong><br \/>\n<a href=\"http:\/\/ssp.amu.edu.pl\/wp-content\/uploads\/2019\/03\/ssp-2019-1-01.pdf\">Partie mniejszo\u015bci w\u0119gierskiej na S\u0142owacji w latach 1989\u20131998.<br \/>\nAktorzy, elity, wyborcy<\/a><\/p>\n<p><strong>Krzysztof Hajder, Maciej G\u00f3rny<\/strong><br \/>\n<a href=\"http:\/\/ssp.amu.edu.pl\/wp-content\/uploads\/2019\/03\/ssp-2019-1-02.pdf\">Wysoko\u015b\u0107 wska\u017anika PKB a poziom szcz\u0119\u015bliwo\u015bci obywateli<\/a><\/p>\n<p><strong>Agata Domachowska<\/strong><br \/>\n<a href=\"http:\/\/ssp.amu.edu.pl\/wp-content\/uploads\/2019\/03\/ssp-2019-1-05.pdf\">Kszta\u0142towanie relacji pa\u0144stwo\u2013diaspora: przyk\u0142ad czarnog\u00f3rski<\/a><\/p>\n<p><strong>Rafa\u0142 Czachor<\/strong><br \/>\n<a href=\"http:\/\/ssp.amu.edu.pl\/wp-content\/uploads\/2019\/03\/ssp-2019-1-06.pdf\">Ustr\u00f3j samorz\u0105du lokalnego w Republice Mo\u0142dawii. Ewolucja i stan<br \/>\nobecny<\/a><\/p>\n<p><strong>Pawe\u0142 Pietnoczka<\/strong><br \/>\n<a href=\"http:\/\/ssp.amu.edu.pl\/wp-content\/uploads\/2019\/03\/ssp-2019-1-08.pdf\">Pr\u00f3by reformy systemu wyborczego do Rady Najwy\u017cszej Ukrainy<br \/>\nw okresie przypadaj\u0105cym po Euromajdanie<\/a><\/p>\n<p><strong>Piotr D\u0142ugosz<\/strong><br \/>\n<a href=\"http:\/\/ssp.amu.edu.pl\/wp-content\/uploads\/2019\/03\/ssp-2019-1-09.pdf\">Trauma transformacji w Europie \u015arodkowo-Wschodniej<\/a><\/p>\n<p><strong>Marta G\u00f6tz, Bart\u0142omiej E. Nowak, Witold M. Or\u0142owski<\/strong><br \/>\n<a href=\"http:\/\/ssp.amu.edu.pl\/wp-content\/uploads\/2019\/03\/ssp-2019-1-10.pdf\">Polska w strefie euro? Trzy scenariusze i ich prawdopodobne<br \/>\nkonsekwencje og\u00f3lnoekonomiczne<\/a><\/p>\n<p><strong>Jan Rymarczyk<\/strong><br \/>\n<a href=\"http:\/\/ssp.amu.edu.pl\/wp-content\/uploads\/2019\/03\/ssp-2019-1-11.pdf\">Publiczne notowanie akcji jako \u017ar\u00f3d\u0142o finansowania ma\u0142ych i \u015brednich przedsi\u0119biorstw<\/a><\/p>\n<p><strong>Agnieszka Szpak<\/strong><br \/>\n<a href=\"http:\/\/ssp.amu.edu.pl\/wp-content\/uploads\/2019\/03\/ssp-2019-1-12.pdf\">Human security, human rights and international law, and interactions between them<\/a><\/p>\n<p><strong>Maciej Bachryj-Krzywa\u017ania<\/strong><br \/>\n<a href=\"http:\/\/ssp.amu.edu.pl\/wp-content\/uploads\/2019\/03\/ssp-2019-1-13.pdf\">Dedykowany storytelling \u2013 psychologiczne przes\u0142anki perswazyjnej<br \/>\nefektywno\u015bci narracyjnego marketingu politycznego<\/a><\/p>\n<p><strong><a href=\"http:\/\/ssp.amu.edu.pl\/wp-content\/uploads\/2019\/03\/ssp-2019-1-14.pdf\">Contributors<\/a><\/strong><\/p>","protected":false},"excerpt":{"rendered":"<p>Vol. 1\/2019 Contents Kinga Wojtas Partie mniejszo\u015bci w\u0119gierskiej na S\u0142owacji w latach 1989\u20131998. Aktorzy, elity, wyborcy Krzysztof Hajder, Maciej G\u00f3rny Wysoko\u015b\u0107 wska\u017anika PKB a poziom szcz\u0119\u015bliwo\u015bci obywateli Agata Domachowska Kszta\u0142towanie relacji pa\u0144stwo\u2013diaspora: przyk\u0142ad czarnog\u00f3rski Rafa\u0142 Czachor Ustr\u00f3j samorz\u0105du lokalnego w Republice Mo\u0142dawii. Ewolucja i stan obecny Pawe\u0142 Pietnoczka Pr\u00f3by reformy systemu wyborczego do Rady Najwy\u017cszej [&hellip;]<\/p>\n","protected":false},"author":2,"featured_media":0,"parent":32,"menu_order":0,"comment_status":"closed","ping_status":"closed","template":"","meta":{"footnotes":""},"class_list":["post-942","page","type-page","status-publish","hentry"],"_links":{"self":[{"href":"http:\/\/ssp.amu.edu.pl\/en\/wp-json\/wp\/v2\/pages\/942","targetHints":{"allow":["GET"]}}],"collection":[{"href":"http:\/\/ssp.amu.edu.pl\/en\/wp-json\/wp\/v2\/pages"}],"about":[{"href":"http:\/\/ssp.amu.edu.pl\/en\/wp-json\/wp\/v2\/types\/page"}],"author":[{"embeddable":true,"href":"http:\/\/ssp.amu.edu.pl\/en\/wp-json\/wp\/v2\/users\/2"}],"replies":[{"embeddable":true,"href":"http:\/\/ssp.amu.edu.pl\/en\/wp-json\/wp\/v2\/comments?post=942"}],"version-history":[{"count":2,"href":"http:\/\/ssp.amu.edu.pl\/en\/wp-json\/wp\/v2\/pages\/942\/revisions"}],"predecessor-version":[{"id":973,"href":"http:\/\/ssp.amu.edu.pl\/en\/wp-json\/wp\/v2\/pages\/942\/revisions\/973"}],"up":[{"embeddable":true,"href":"http:\/\/ssp.amu.edu.pl\/en\/wp-json\/wp\/v2\/pages\/32"}],"wp:attachment":[{"href":"http:\/\/ssp.amu.edu.pl\/en\/wp-json\/wp\/v2\/media?parent=942"}],"curies":[{"name":"wp","href":"https:\/\/api.w.org\/{rel}","templated":true}]}}