{"id":93,"date":"2013-07-08T09:59:56","date_gmt":"2013-07-08T07:59:56","guid":{"rendered":"http:\/\/ssp.amu.edu.pl\/?page_id=93"},"modified":"2013-07-08T10:23:18","modified_gmt":"2013-07-08T08:23:18","slug":"nr-32011","status":"publish","type":"page","link":"http:\/\/ssp.amu.edu.pl\/en\/archive\/nr-32011\/","title":{"rendered":"Vol. 3\/2011"},"content":{"rendered":"<p><a href=\"http:\/\/ssp.amu.edu.pl\/wp-content\/uploads\/2013\/07\/ssp-3-2011-title.pdf\">Title page<\/a><\/p>\n<p><a href=\"http:\/\/ssp.amu.edu.pl\/wp-content\/uploads\/2013\/07\/ssp-3-2011-editorial.pdf\">Editorial page<\/a><\/p>\n<p><a href=\"http:\/\/ssp.amu.edu.pl\/wp-content\/uploads\/2013\/07\/ssp-3-2011-contents.pdf\">Contents<\/a><\/p>\n<h3>Articles<\/h3>\n<p><strong>Yuliana PALAGNYUK<\/strong><br \/>\n<a href=\"http:\/\/wnpid.amu.edu.pl\/images\/stories\/ssp\/ssp_2011_3\/005-016.pdf\">Creation of a Free Trade Area between the EU and Ukraine: Challenges and Perspectives\u00a0\u00a0\u00a0 <\/a><\/p>\n<p><strong>Tatiana SRIBNA<\/strong><br \/>\n<a href=\"http:\/\/wnpid.amu.edu.pl\/images\/stories\/ssp\/ssp_2011_3\/017-026.pdf\">Transformacja system\u00f3w politycznych Polski i Ukrainy: charakterystyka por\u00f3wnawcza g\u0142\u00f3wnych tendencji<\/a><\/p>\n<p><strong>Svitlana SOROKA<\/strong><br \/>\n<a href=\"http:\/\/wnpid.amu.edu.pl\/images\/stories\/ssp\/ssp_2011_3\/027-046.pdf\">\u0412\u0437\u0430\u0438\u043c\u043e\u0434\u0435\u0439\u0441\u0442\u0432\u0438\u0435 \u0437\u0430\u043a\u043e\u043d\u043e\u0434\u0430\u0442\u0435\u043b\u044c\u043d\u043e\u0439 \u0438 \u0438\u0441\u043f\u043e\u043b\u043d\u0438\u0442\u0435\u043b\u044c\u043d\u043e\u0439 \u0432\u043b\u0430\u0441\u0442\u0438 \u0432 \u0423\u043a\u0440\u0430\u0438\u043d\u0435 \u043f\u043e\u0441\u043b\u0435 \u043f\u0440\u0435\u0437\u0438\u0434\u0435\u043d\u0442\u0441\u043a\u0438\u0445 \u0432\u044b\u0431\u043e\u0440\u043e\u0432 2010 \u0433\u043e\u0434\u0430<\/a><\/p>\n<p><strong>Bartosz HORDECKI, Dorota PIONTEK<\/strong><br \/>\n<a href=\"http:\/\/wnpid.amu.edu.pl\/images\/stories\/ssp\/ssp_2011_3\/047-060.pdf\">An ideal of a politician in Polish tabloids &#8220;Super Express&#8221; and &#8220;Fakt. Daily&#8221; <\/a><\/p>\n<p><strong>Saken \u017bUMANOWICZ NURBEKOW<\/strong><br \/>\n<a href=\"http:\/\/wnpid.amu.edu.pl\/images\/stories\/ssp\/ssp_2011_3\/061-070.pdf\">Prawne aspekty dzia\u0142alno\u015bci \u015arodk\u00f3w Masowej Informacji w Europie i Kazachstanie: problemy implementacji i realizacji<\/a><\/p>\n<p><strong>Amankos MEKTEP-TEGI, Taj\u017can DOSANOW<\/strong><br \/>\n<a href=\"http:\/\/wnpid.amu.edu.pl\/images\/stories\/ssp\/ssp_2011_3\/071-086.pdf\">Staro\u017cytna integracja narod\u00f3w Europy i Azji albo polska legenda o pochodzeniu Kazach\u00f3w <\/a><\/p>\n<p><strong>Alieksiej POLTORAKOV<\/strong><br \/>\n<a href=\"http:\/\/wnpid.amu.edu.pl\/images\/stories\/ssp\/ssp_2011_3\/087-096.pdf\">\u0414\u043e\u0433\u043e\u0432\u043e\u0440 \u043e \u0435\u0432\u0440\u043e\u043f\u0435\u0439\u0441\u043a\u043e\u0439 \u0431\u0435\u0437\u043e\u043f\u0430\u0441\u043d\u043e\u0441\u0442\u0438: \u0432\u044b\u0437\u043e\u0432\u044b \u0426\u0435\u043d\u0442\u0440\u0430\u043b\u044c\u043d\u043e\u0439 \u0438 \u0412\u043e\u0441\u0442\u043e\u0447\u043d\u043e\u0439 \u0415\u0432\u0440\u043e\u043f\u0435<\/a><\/p>\n<h3><a href=\"http:\/\/wnpid.amu.edu.pl\/images\/stories\/ssp\/ssp_2011_3\/097-104.pdf\">Book reviews<\/a><\/h3>\n<ul>\n<li><em>Psychologia polityczna<\/em>, red. D. O. Sears, L. Huddy, R. Jervis (Beata Paj\u0105k-Patkowska)<\/li>\n<li>Vit Hlousek, Lubomir Kope\u0107ek, <em>Origin, ideology and transformation of political parties: East-Central and Western Europe compared <\/em>(Jaros\u0142aw Heydrych)<\/li>\n<\/ul>\n<h3><a href=\"http:\/\/wnpid.amu.edu.pl\/images\/stories\/ssp\/ssp_2011_3\/105-107.pdf\">Reports<\/a><\/h3>\n<ul>\n<li>Sprawozdanie z Mi\u0119dzynarodowej Konferencji Naukowej: \u201eUnia Europejska-Polska-Ukraina. Spo\u0142eczno-kulturalny, polityczny i gospodarczy wymiar wsp\u00f3\u0142pracy&#8221; (Witold Sobczak)<\/li>\n<\/ul>\n<p><\/p>","protected":false},"excerpt":{"rendered":"<p>Title page Editorial page Contents Articles Yuliana PALAGNYUK Creation of a Free Trade Area between the EU and Ukraine: Challenges and Perspectives\u00a0\u00a0\u00a0 Tatiana SRIBNA Transformacja system\u00f3w politycznych Polski i Ukrainy: charakterystyka por\u00f3wnawcza g\u0142\u00f3wnych tendencji Svitlana SOROKA \u0412\u0437\u0430\u0438\u043c\u043e\u0434\u0435\u0439\u0441\u0442\u0432\u0438\u0435 \u0437\u0430\u043a\u043e\u043d\u043e\u0434\u0430\u0442\u0435\u043b\u044c\u043d\u043e\u0439 \u0438 \u0438\u0441\u043f\u043e\u043b\u043d\u0438\u0442\u0435\u043b\u044c\u043d\u043e\u0439 \u0432\u043b\u0430\u0441\u0442\u0438 \u0432 \u0423\u043a\u0440\u0430\u0438\u043d\u0435 \u043f\u043e\u0441\u043b\u0435 \u043f\u0440\u0435\u0437\u0438\u0434\u0435\u043d\u0442\u0441\u043a\u0438\u0445 \u0432\u044b\u0431\u043e\u0440\u043e\u0432 2010 \u0433\u043e\u0434\u0430 Bartosz HORDECKI, Dorota PIONTEK An ideal of [&hellip;]<\/p>\n","protected":false},"author":1,"featured_media":0,"parent":32,"menu_order":0,"comment_status":"closed","ping_status":"open","template":"","meta":{"footnotes":""},"class_list":["post-93","page","type-page","status-publish","hentry"],"_links":{"self":[{"href":"http:\/\/ssp.amu.edu.pl\/en\/wp-json\/wp\/v2\/pages\/93","targetHints":{"allow":["GET"]}}],"collection":[{"href":"http:\/\/ssp.amu.edu.pl\/en\/wp-json\/wp\/v2\/pages"}],"about":[{"href":"http:\/\/ssp.amu.edu.pl\/en\/wp-json\/wp\/v2\/types\/page"}],"author":[{"embeddable":true,"href":"http:\/\/ssp.amu.edu.pl\/en\/wp-json\/wp\/v2\/users\/1"}],"replies":[{"embeddable":true,"href":"http:\/\/ssp.amu.edu.pl\/en\/wp-json\/wp\/v2\/comments?post=93"}],"version-history":[{"count":2,"href":"http:\/\/ssp.amu.edu.pl\/en\/wp-json\/wp\/v2\/pages\/93\/revisions"}],"predecessor-version":[{"id":106,"href":"http:\/\/ssp.amu.edu.pl\/en\/wp-json\/wp\/v2\/pages\/93\/revisions\/106"}],"up":[{"embeddable":true,"href":"http:\/\/ssp.amu.edu.pl\/en\/wp-json\/wp\/v2\/pages\/32"}],"wp:attachment":[{"href":"http:\/\/ssp.amu.edu.pl\/en\/wp-json\/wp\/v2\/media?parent=93"}],"curies":[{"name":"wp","href":"https:\/\/api.w.org\/{rel}","templated":true}]}}