{"id":904,"date":"2019-03-14T14:46:10","date_gmt":"2019-03-14T13:46:10","guid":{"rendered":"http:\/\/ssp.amu.edu.pl\/?page_id=904"},"modified":"2019-03-14T14:46:37","modified_gmt":"2019-03-14T13:46:37","slug":"nr-4-2018","status":"publish","type":"page","link":"http:\/\/ssp.amu.edu.pl\/en\/archive\/nr-4-2018\/","title":{"rendered":"Vol. 4\/2018"},"content":{"rendered":"<p><strong>Vol. 4\/2018<br \/>\n<a href=\"http:\/\/ssp.amu.edu.pl\/wp-content\/uploads\/2018\/12\/ssp-2018-4-okl.jpg\"><img loading=\"lazy\" decoding=\"async\" class=\"alignright  wp-image-248\" src=\"http:\/\/ssp.amu.edu.pl\/wp-content\/uploads\/2018\/12\/ssp-2018-4-okl.jpg\" alt=\"Ok\u0142adka SSP\" width=\"150\" height=\"213\" \/><\/a><\/strong><\/p>\n<p><a href=\"http:\/\/ssp.amu.edu.pl\/wp-content\/uploads\/2018\/12\/ssp-2018-4-00.pdf\">Contents<\/a><\/p>\n<p><strong>\u0412\u043b\u0430\u0434\u0438\u043c\u0438\u0440 \u0415\u043c\u0435\u043b\u044c\u044f\u043d\u043e\u0432, \u0410\u043d\u0430\u0441\u0442\u0430\u0441\u0438\u044f \u0428\u0443\u043b\u044c\u0433\u0430<\/strong><br \/>\n<a href=\"http:\/\/ssp.amu.edu.pl\/wp-content\/uploads\/2018\/12\/ssp-2018-4-09.pdf\">\u041f\u0440\u043e\u0431\u043b\u0435\u043c\u044b \u0440\u0435\u0444\u043e\u0440\u043c\u0438\u0440\u043e\u0432\u0430\u043d\u0438\u044f \u043c\u0435\u0441\u0442\u043d\u043e\u0433\u043e \u0441\u0430\u043c\u043e\u0443\u043f\u0440\u0430\u0432\u043b\u0435\u043d\u0438\u044f \u0438 \u0442\u0435\u0440\u0440\u0438\u0442\u043e\u0440\u0438\u0430\u043b\u044c\u043d\u043e\u0439 \u043e\u0440\u0433\u0430\u043d\u0438\u0437\u0430\u0446\u0438\u0438 \u0432\u043b\u0430\u0441\u0442\u0438 \u0432 \u0423\u043a\u0440\u0430\u0438\u043d\u0435: \u043f\u0440\u0430\u0432\u043e\u0432\u043e\u0439 \u0438 \u0441\u043e\u0446\u0438\u0430\u043b\u044c\u043d\u043e-\u0442\u0435\u0440\u0440\u0438\u0442\u043e\u0440\u0438\u0430\u043b\u044c\u043d\u044b\u0439 \u0430\u0441\u043f\u0435\u043a\u0442\u044b<\/a><\/p>\n<p><strong>Tinatini Dvalishvili<\/strong><br \/>\n<a href=\"http:\/\/ssp.amu.edu.pl\/wp-content\/uploads\/2018\/12\/ssp-2018-4-01.pdf\">Interrelation between Cross-Border Cooperation (CBC) and Social Capital: Conceptual Framework<\/a><\/p>\n<p><strong>Asad Taffal<\/strong><br \/>\n<a href=\"http:\/\/ssp.amu.edu.pl\/wp-content\/uploads\/2018\/12\/ssp-2018-4-02.pdf\">Europe and the Syrian Refugees: Challenges and Opportunities of a Dilemma<\/a><\/p>\n<p><strong>Andrej \u0160kolkay<\/strong><br \/>\n<a href=\"http:\/\/ssp.amu.edu.pl\/wp-content\/uploads\/2018\/12\/ssp-2018-4-03.pdf\">A Case-Specific Instance of Media Capture: the Gorilla Case of Slovakia<\/a><\/p>\n<p><strong>Beata Paj\u0105k-Patkowska, Jaroslava Posp\u00ed\u0161ilov\u00e1<\/strong><br \/>\n<a href=\"http:\/\/ssp.amu.edu.pl\/wp-content\/uploads\/2018\/12\/ssp-2018-4-04.pdf\">Czech and Polish understanding of democracy<\/a><\/p>\n<p><strong>\u041e\u043b\u044c\u0433\u0430 \u0411\u0440\u0443\u0441\u0438\u043b\u043e\u0432\u0441\u043a\u0430\u044f<\/strong><br \/>\n<a href=\"http:\/\/ssp.amu.edu.pl\/wp-content\/uploads\/2018\/12\/ssp-2018-4-05.pdf\">\u0421\u0438\u0441\u0442\u0435\u043c\u043d\u0430\u044f \u0442\u0440\u0430\u043d\u0441\u0444\u043e\u0440\u043c\u0430\u0446\u0438\u044f \u043f\u043e\u0441\u0442\u043a\u043e\u043c\u043c\u0443\u043d\u0438\u0441\u0442\u0438\u0447\u0435\u0441\u043a\u0438\u0445 \u0441\u0442\u0440\u0430\u043d \u0426\u0435\u043d\u0442\u0440\u0430\u043b\u044c\u043d\u043e\u0439 \u0438 \u0412\u043e\u0441\u0442\u043e\u0447\u043d\u043e\u0439 \u0415\u0432\u0440\u043e\u043f\u044b: \u0440\u043e\u0441\u0441\u0438\u0439\u0441\u043a\u0438\u0435 \u0438 \u0443\u043a\u0440\u0430\u0438\u043d\u0441\u043a\u0438\u0435 \u0438\u0441\u0441\u043b\u0435\u0434\u043e\u0432\u0430\u043d\u0438\u044f \u0432 \u0425\u0425I \u0441\u0442.<\/a><\/p>\n<p><strong>\u0410\u043b\u0435\u043a\u0441\u0430\u043d\u0434\u0440 \u0412\u043b\u0430\u0434\u0438\u043c\u0438\u0440\u043e\u0432\u0438\u0447 \u0421\u043a\u0438\u043f\u0435\u0440\u0441\u043a\u0438\u0445<\/strong><br \/>\n<a href=\"http:\/\/ssp.amu.edu.pl\/wp-content\/uploads\/2018\/12\/ssp-2018-4-06.pdf\">\u0420\u043e\u0441\u0441\u0438\u0439\u0441\u043a\u0430\u044f \u043f\u0440\u043e\u0432\u0438\u043d\u0446\u0438\u044f: \u043f\u0440\u0430\u043a\u0442\u0438\u043a\u0438 \u043f\u0440\u0435\u043e\u0434\u043e\u043b\u0435\u043d\u0438\u044f \u0434\u0435\u0444\u0438\u0446\u0438\u0442\u0430 \u0432\u043b\u0430\u0441\u0442\u0438<\/a><\/p>\n<p><strong>\u042e\u043b\u0438\u044f \u041d\u0435\u0441\u0442\u0435\u0440\u044f\u043a<\/strong><br \/>\n<a href=\"http:\/\/ssp.amu.edu.pl\/wp-content\/uploads\/2018\/12\/ssp-2018-4-07.pdf\">\u0424\u043e\u0440\u043c\u0438\u0440\u043e\u0432\u0430\u043d\u0438\u0435 \u043c\u0435\u0434\u0438\u0430 \u0441\u0438\u0441\u0442\u0435\u043c\u044b \u0423\u043a\u0440\u0430\u0438\u043d\u044b \u043f\u043e\u0441\u043b\u0435 \u0440\u0430\u0441\u043f\u0430\u0434\u0430 \u0421\u0421\u0421\u0420<\/a><\/p>\n<p><strong>\u0421\u0432\u0435\u0442\u043b\u0430\u043d\u0430 \u0421\u043e\u0440\u043e\u043a\u0430<\/strong><br \/>\n<a href=\"http:\/\/ssp.amu.edu.pl\/wp-content\/uploads\/2018\/12\/ssp-2018-4-08.pdf\">\u041f\u043e\u0437\u0438\u0446\u0438\u044f \u0415\u0421 \u043e\u0442\u043d\u043e\u0441\u0438\u0442\u0435\u043b\u044c\u043d\u043e \u043d\u0435\u043f\u043e\u0434\u043f\u0438\u0441\u0430\u043d\u0438\u044f \u0423\u043a\u0440\u0430\u0438\u043d\u043e\u0439 \u0421\u043e\u0433\u043b\u0430\u0448\u0435\u043d\u0438\u044f \u043e\u0431 \u0410\u0441\u0441\u043e\u0446\u0438\u0430\u0446\u0438\u0438 \u0432 2013 \u0433\u043e\u0434\u0443 \u043a\u0430\u043a \u043f\u0440\u0435\u0434\u043f\u043e\u0441\u044b\u043b\u043a\u0430 \u0443\u043a\u0440\u0430\u0438\u043d\u0441\u043a\u043e\u0433\u043e \u043a\u0440\u0438\u0437\u0438\u0441\u0430<\/a><\/p>\n<p><strong><a href=\"http:\/\/ssp.amu.edu.pl\/wp-content\/uploads\/2018\/09\/ssp-2018-3-13.pdf\">Contributors<\/a><\/strong><\/p>","protected":false},"excerpt":{"rendered":"<p>Vol. 4\/2018 Contents \u0412\u043b\u0430\u0434\u0438\u043c\u0438\u0440 \u0415\u043c\u0435\u043b\u044c\u044f\u043d\u043e\u0432, \u0410\u043d\u0430\u0441\u0442\u0430\u0441\u0438\u044f \u0428\u0443\u043b\u044c\u0433\u0430 \u041f\u0440\u043e\u0431\u043b\u0435\u043c\u044b \u0440\u0435\u0444\u043e\u0440\u043c\u0438\u0440\u043e\u0432\u0430\u043d\u0438\u044f \u043c\u0435\u0441\u0442\u043d\u043e\u0433\u043e \u0441\u0430\u043c\u043e\u0443\u043f\u0440\u0430\u0432\u043b\u0435\u043d\u0438\u044f \u0438 \u0442\u0435\u0440\u0440\u0438\u0442\u043e\u0440\u0438\u0430\u043b\u044c\u043d\u043e\u0439 \u043e\u0440\u0433\u0430\u043d\u0438\u0437\u0430\u0446\u0438\u0438 \u0432\u043b\u0430\u0441\u0442\u0438 \u0432 \u0423\u043a\u0440\u0430\u0438\u043d\u0435: \u043f\u0440\u0430\u0432\u043e\u0432\u043e\u0439 \u0438 \u0441\u043e\u0446\u0438\u0430\u043b\u044c\u043d\u043e-\u0442\u0435\u0440\u0440\u0438\u0442\u043e\u0440\u0438\u0430\u043b\u044c\u043d\u044b\u0439 \u0430\u0441\u043f\u0435\u043a\u0442\u044b Tinatini Dvalishvili Interrelation between Cross-Border Cooperation (CBC) and Social Capital: Conceptual Framework Asad Taffal Europe and the Syrian Refugees: Challenges and Opportunities of a Dilemma Andrej \u0160kolkay A Case-Specific Instance of Media Capture: the [&hellip;]<\/p>\n","protected":false},"author":2,"featured_media":0,"parent":32,"menu_order":0,"comment_status":"closed","ping_status":"closed","template":"","meta":{"footnotes":""},"class_list":["post-904","page","type-page","status-publish","hentry"],"_links":{"self":[{"href":"http:\/\/ssp.amu.edu.pl\/en\/wp-json\/wp\/v2\/pages\/904","targetHints":{"allow":["GET"]}}],"collection":[{"href":"http:\/\/ssp.amu.edu.pl\/en\/wp-json\/wp\/v2\/pages"}],"about":[{"href":"http:\/\/ssp.amu.edu.pl\/en\/wp-json\/wp\/v2\/types\/page"}],"author":[{"embeddable":true,"href":"http:\/\/ssp.amu.edu.pl\/en\/wp-json\/wp\/v2\/users\/2"}],"replies":[{"embeddable":true,"href":"http:\/\/ssp.amu.edu.pl\/en\/wp-json\/wp\/v2\/comments?post=904"}],"version-history":[{"count":1,"href":"http:\/\/ssp.amu.edu.pl\/en\/wp-json\/wp\/v2\/pages\/904\/revisions"}],"predecessor-version":[{"id":905,"href":"http:\/\/ssp.amu.edu.pl\/en\/wp-json\/wp\/v2\/pages\/904\/revisions\/905"}],"up":[{"embeddable":true,"href":"http:\/\/ssp.amu.edu.pl\/en\/wp-json\/wp\/v2\/pages\/32"}],"wp:attachment":[{"href":"http:\/\/ssp.amu.edu.pl\/en\/wp-json\/wp\/v2\/media?parent=904"}],"curies":[{"name":"wp","href":"https:\/\/api.w.org\/{rel}","templated":true}]}}