{"id":888,"date":"2018-12-30T23:41:12","date_gmt":"2018-12-30T22:41:12","guid":{"rendered":"http:\/\/ssp.amu.edu.pl\/?page_id=888"},"modified":"2018-12-30T23:41:12","modified_gmt":"2018-12-30T22:41:12","slug":"nr-3-2018","status":"publish","type":"page","link":"http:\/\/ssp.amu.edu.pl\/en\/archive\/nr-3-2018\/","title":{"rendered":"Vol. 3\/2018"},"content":{"rendered":"<p><strong>Vol. 3\/2018<br \/>\n<a href=\"http:\/\/ssp.amu.edu.pl\/wp-content\/uploads\/2018\/09\/ssp-2018-3-okl.jpg\"><img loading=\"lazy\" decoding=\"async\" class=\"alignright  wp-image-248\" src=\"http:\/\/ssp.amu.edu.pl\/wp-content\/uploads\/2018\/09\/ssp-2018-3-okl.jpg\" alt=\"Ok\u0142adka SSP\" width=\"150\" height=\"213\" \/><\/a><\/strong><\/p>\n<p><a href=\"http:\/\/ssp.amu.edu.pl\/wp-content\/uploads\/2018\/09\/ssp-2018-3-00.pdf\">Contents<\/a><\/p>\n<p><strong>\u042e\u043b\u0438\u044f \u041d\u0435\u0441\u0442\u0435\u0440\u044f\u043a, \u0412\u043e\u0439\u0446\u0435\u0445 \u0426\u0438\u0441\u0430\u043a<\/strong><br \/>\n<a href=\"http:\/\/ssp.amu.edu.pl\/wp-content\/uploads\/2018\/09\/ssp-2018-3-01.pdf\">\u0423\u043a\u0440\u0430\u0438\u043d\u0441\u043a\u043e\u0435 \u0438\u0437\u043c\u0435\u0440\u0435\u043d\u0438\u0435 \u0438\u043d\u0444\u043e\u0440\u043c\u0430\u0446\u0438\u043e\u043d\u043d\u043e\u0439 \u0431\u0435\u0437\u043e\u043f\u0430\u0441\u043d\u043e\u0441\u0442\u0438 \u0415\u0432\u0440\u043e\u043f\u044b<\/a><\/p>\n<p><strong>\u0141ukasz Donaj, Natalia Kusa<\/strong><br \/>\n<a href=\"http:\/\/ssp.amu.edu.pl\/wp-content\/uploads\/2018\/09\/ssp-2018-3-02.pdf\">\u201cNon-campaign of a non-candidate\u201d \u2013 Alexei Navalny in the 2018 presidential election in Russia<\/a><\/p>\n<p><strong>Jakub Jakubowski<\/strong><br \/>\n<a href=\"http:\/\/ssp.amu.edu.pl\/wp-content\/uploads\/2018\/09\/ssp-2018-3-03.pdf\">Intercultural competences and social media: contribution through research <\/a><\/p>\n<p><strong> Joanna Rak<\/strong><br \/>\n<a href=\"http:\/\/ssp.amu.edu.pl\/wp-content\/uploads\/2018\/09\/ssp-2018-3-04.pdf\"> From Mobilization to Demobilization: Dynamics of Contention in the Austerity-driven Slovenia<\/a><\/p>\n<p><strong>Gra\u017cyna Piechota, Robert Rajczyk<\/strong><br \/>\n<a href=\"http:\/\/ssp.amu.edu.pl\/wp-content\/uploads\/2018\/09\/ssp-2018-3-05.pdf\">Institutionalization of Ukraine\u2019s information policy as a function of strategic communication<\/a><\/p>\n<p><strong>Ma\u0142gorzata Sikora-Gaca <\/strong><br \/>\n<a href=\"http:\/\/ssp.amu.edu.pl\/wp-content\/uploads\/2018\/09\/ssp-2018-3-07.pdf\"> The ruling coalitions in the Republic of Moldova after the \u201cTwitter Revolution\u201d \u2013 the policy of integration or desintegration?<\/a><\/p>\n<p><strong>Pawe\u0142 B\u0142aszczyk, \u0141ukasz Fojutowski <\/strong><br \/>\n<a href=\"http:\/\/ssp.amu.edu.pl\/wp-content\/uploads\/2018\/09\/ssp-2018-3-09.pdf\">Convergence of price dynamics assessed in view of Poland\u2019s accession to the euro area focusing on deflation <\/a><\/p>\n<p><strong>Anna Antczak, Zdzis\u0142aw \u015ali wa <\/strong><br \/>\n<a href=\"http:\/\/ssp.amu.edu.pl\/wp-content\/uploads\/2018\/09\/ssp-2018-3-10.pdf\">Security dilemmas of the Baltic region <\/a><\/p>\n<p><strong>Magdalena Lorenc, Micha\u0142 Miko\u0142ajczak <\/strong><br \/>\n<a href=\"http:\/\/ssp.amu.edu.pl\/wp-content\/uploads\/2018\/09\/ssp-2018-3-11.pdf\">Liturgical references in the swearing-in ceremonies of the President of the Republic of Poland after 1989 <\/a><\/p>\n<p><strong>Paulina Olechowska <\/strong><br \/>\n<a href=\"http:\/\/ssp.amu.edu.pl\/wp-content\/uploads\/2018\/09\/ssp-2018-3-12.pdf\">\u201eOn the other side of the border\u201d. The media in strengthening an international dialogue (the Czech-German Journalism Award) <\/a><\/p>\n<p><strong><a href=\"http:\/\/ssp.amu.edu.pl\/wp-content\/uploads\/2018\/09\/ssp-2018-3-13.pdf\">Contributors<\/a><\/strong><\/p>","protected":false},"excerpt":{"rendered":"<p>Vol. 3\/2018 Contents \u042e\u043b\u0438\u044f \u041d\u0435\u0441\u0442\u0435\u0440\u044f\u043a, \u0412\u043e\u0439\u0446\u0435\u0445 \u0426\u0438\u0441\u0430\u043a \u0423\u043a\u0440\u0430\u0438\u043d\u0441\u043a\u043e\u0435 \u0438\u0437\u043c\u0435\u0440\u0435\u043d\u0438\u0435 \u0438\u043d\u0444\u043e\u0440\u043c\u0430\u0446\u0438\u043e\u043d\u043d\u043e\u0439 \u0431\u0435\u0437\u043e\u043f\u0430\u0441\u043d\u043e\u0441\u0442\u0438 \u0415\u0432\u0440\u043e\u043f\u044b \u0141ukasz Donaj, Natalia Kusa \u201cNon-campaign of a non-candidate\u201d \u2013 Alexei Navalny in the 2018 presidential election in Russia Jakub Jakubowski Intercultural competences and social media: contribution through research Joanna Rak From Mobilization to Demobilization: Dynamics of Contention in the Austerity-driven Slovenia Gra\u017cyna Piechota, [&hellip;]<\/p>\n","protected":false},"author":2,"featured_media":0,"parent":32,"menu_order":0,"comment_status":"closed","ping_status":"closed","template":"","meta":{"footnotes":""},"class_list":["post-888","page","type-page","status-publish","hentry"],"_links":{"self":[{"href":"http:\/\/ssp.amu.edu.pl\/en\/wp-json\/wp\/v2\/pages\/888","targetHints":{"allow":["GET"]}}],"collection":[{"href":"http:\/\/ssp.amu.edu.pl\/en\/wp-json\/wp\/v2\/pages"}],"about":[{"href":"http:\/\/ssp.amu.edu.pl\/en\/wp-json\/wp\/v2\/types\/page"}],"author":[{"embeddable":true,"href":"http:\/\/ssp.amu.edu.pl\/en\/wp-json\/wp\/v2\/users\/2"}],"replies":[{"embeddable":true,"href":"http:\/\/ssp.amu.edu.pl\/en\/wp-json\/wp\/v2\/comments?post=888"}],"version-history":[{"count":1,"href":"http:\/\/ssp.amu.edu.pl\/en\/wp-json\/wp\/v2\/pages\/888\/revisions"}],"predecessor-version":[{"id":889,"href":"http:\/\/ssp.amu.edu.pl\/en\/wp-json\/wp\/v2\/pages\/888\/revisions\/889"}],"up":[{"embeddable":true,"href":"http:\/\/ssp.amu.edu.pl\/en\/wp-json\/wp\/v2\/pages\/32"}],"wp:attachment":[{"href":"http:\/\/ssp.amu.edu.pl\/en\/wp-json\/wp\/v2\/media?parent=888"}],"curies":[{"name":"wp","href":"https:\/\/api.w.org\/{rel}","templated":true}]}}