{"id":85,"date":"2013-07-08T09:53:42","date_gmt":"2013-07-08T07:53:42","guid":{"rendered":"http:\/\/ssp.amu.edu.pl\/?page_id=85"},"modified":"2013-07-08T09:55:17","modified_gmt":"2013-07-08T07:55:17","slug":"nr-22011","status":"publish","type":"page","link":"http:\/\/ssp.amu.edu.pl\/en\/archive\/nr-22011\/","title":{"rendered":"Vol. 2\/2011"},"content":{"rendered":"<p><a href=\"http:\/\/ssp.amu.edu.pl\/wp-content\/uploads\/2013\/07\/ssp-2-2011-title.pdf\">Title page<\/a><\/p>\n<p><a href=\"http:\/\/ssp.amu.edu.pl\/wp-content\/uploads\/2013\/07\/ssp-2-2011-editorial.pdf\">Editorial page<\/a><\/p>\n<p><a href=\"http:\/\/ssp.amu.edu.pl\/wp-content\/uploads\/2013\/07\/ssp-2-2011-contents.pdf\">Contents<\/a><\/p>\n<h3>Articles<\/h3>\n<p><strong>Andrzej STELMACH<br \/>\n<\/strong><a href=\"http:\/\/wnpid.amu.edu.pl\/images\/stories\/ssp\/ssp_2011_2\/005-020.pdf\">Wybory jako forma legitymizacji w\u0142adzy w Polsce w dwudziestoleciu przemian ustrojowych<\/a><strong><\/strong><\/p>\n<p><strong>Marcin RACHWA\u0141<\/strong><br \/>\n<a href=\"http:\/\/wnpid.amu.edu.pl\/images\/stories\/ssp\/ssp_2011_2\/021-040.pdf\">Wsp\u00f3\u0142czesna demokracja a spo\u0142ecze\u0144stwo obywatelskie na przyk\u0142adzie Polski<\/a><strong><\/strong><\/p>\n<p><strong>Waldemar WOJTASIK<\/strong><br \/>\n<a href=\"http:\/\/wnpid.amu.edu.pl\/images\/stories\/ssp\/ssp_2011_2\/041-056.pdf\">Preferencje ustrojowe jako czynnik dyskrepancyjny identyfikacji ideologicznych i partyjnych<\/a><strong><\/strong><\/p>\n<p><strong>Agnieszka TURSKA-KAWA<\/strong><br \/>\n<a href=\"http:\/\/wnpid.amu.edu.pl\/images\/stories\/ssp\/ssp_2011_2\/057-076.pdf\">Psychologiczne uwarunkowania preferencji w zakresie kszta\u0142tu systemu politycznego w Polsce na podstawie bada\u0144 empirycznych<\/a><strong><\/strong><\/p>\n<p><strong>Magdalena MUSIA\u0141-KARG<\/strong><br \/>\n<a href=\"http:\/\/wnpid.amu.edu.pl\/images\/stories\/ssp\/ssp_2011_2\/077-100.pdf\">Metody zwi\u0119kszania frekwencji wyborczej. Polska a do\u015bwiadczenia innych pa\u0144stw<\/a><strong><\/strong><\/p>\n<p><strong>Bo\u017cena DZIEMIDOK-OLSZEWSKA<\/strong><br \/>\n<a href=\"http:\/\/wnpid.amu.edu.pl\/images\/stories\/ssp\/ssp_2011_2\/101-120.pdf\">Konstruktywne wotum nieufno\u015bci w Republice Federalnej Niemiec i III Rzeczypospolitej Polskiej<\/a><strong><\/strong><\/p>\n<p><strong>Wojciech \u015aLESZY\u0143SKI<\/strong><br \/>\n<a href=\"http:\/\/wnpid.amu.edu.pl\/images\/stories\/ssp\/ssp_2011_2\/121-128.pdf\">Bia\u0142oru\u015b \u0141ukaszenki &#8211; od demokracji do rz\u0105d\u00f3w autorytarnych<\/a><strong><\/strong><\/p>\n<p><strong>Adam Robert BARTNICKI<\/strong><br \/>\n<a href=\"http:\/\/wnpid.amu.edu.pl\/images\/stories\/ssp\/ssp_2011_2\/129-142.pdf\">Specyfika rosyjskiego autorytaryzmu<\/a><strong><\/strong><\/p>\n<p><strong>\u015awietlana SYDUN<\/strong><br \/>\n<a href=\"http:\/\/wnpid.amu.edu.pl\/images\/stories\/ssp\/ssp_2011_2\/143-154.pdf\">Efektywno\u015b\u0107 zmian w ukrai\u0144skim systemie wyborczym w procesie transformacji<\/a><strong><\/strong><\/p>\n<p><strong>Pawe\u0142 ANTKOWIAK<\/strong><br \/>\n<a href=\"http:\/\/wnpid.amu.edu.pl\/images\/stories\/ssp\/ssp_2011_2\/155-174.pdf\">Decentralizacja w\u0142adzy publicznej w Polsce na przyk\u0142adzie samorz\u0105du terytorialnego<\/a><strong><\/strong><\/p>\n<p><strong>Alina KASZKUR<\/strong><br \/>\n<a href=\"http:\/\/wnpid.amu.edu.pl\/images\/stories\/ssp\/ssp_2011_2\/175-188.pdf\">Rola Jacka Kuronia w procesie odradzania si\u0119 idei spo\u0142ecze\u0144stwa obywatelskiego w Polsce<\/a><\/p>\n<h3><a href=\"http:\/\/wnpid.amu.edu.pl\/images\/stories\/ssp\/ssp_2011_2\/189-196.pdf\">Book review<\/a><\/h3>\n<ul>\n<li>Thomas Lemke, <em>Biopolityka <\/em>(Filip Bia\u0142y)<\/li>\n<li><em>Studia empiryczne nad komunikowaniem politycznym w Polsce<\/em>, red. B. Dobek-Ostrowska (\u0141ukasz Scheffs)<em><br \/>\n<\/em><\/li>\n<\/ul>\n<p><\/p>","protected":false},"excerpt":{"rendered":"<p>Title page Editorial page Contents Articles Andrzej STELMACH Wybory jako forma legitymizacji w\u0142adzy w Polsce w dwudziestoleciu przemian ustrojowych Marcin RACHWA\u0141 Wsp\u00f3\u0142czesna demokracja a spo\u0142ecze\u0144stwo obywatelskie na przyk\u0142adzie Polski Waldemar WOJTASIK Preferencje ustrojowe jako czynnik dyskrepancyjny identyfikacji ideologicznych i partyjnych Agnieszka TURSKA-KAWA Psychologiczne uwarunkowania preferencji w zakresie kszta\u0142tu systemu politycznego w Polsce na podstawie bada\u0144 [&hellip;]<\/p>\n","protected":false},"author":1,"featured_media":0,"parent":32,"menu_order":0,"comment_status":"closed","ping_status":"open","template":"","meta":{"footnotes":""},"class_list":["post-85","page","type-page","status-publish","hentry"],"_links":{"self":[{"href":"http:\/\/ssp.amu.edu.pl\/en\/wp-json\/wp\/v2\/pages\/85","targetHints":{"allow":["GET"]}}],"collection":[{"href":"http:\/\/ssp.amu.edu.pl\/en\/wp-json\/wp\/v2\/pages"}],"about":[{"href":"http:\/\/ssp.amu.edu.pl\/en\/wp-json\/wp\/v2\/types\/page"}],"author":[{"embeddable":true,"href":"http:\/\/ssp.amu.edu.pl\/en\/wp-json\/wp\/v2\/users\/1"}],"replies":[{"embeddable":true,"href":"http:\/\/ssp.amu.edu.pl\/en\/wp-json\/wp\/v2\/comments?post=85"}],"version-history":[{"count":3,"href":"http:\/\/ssp.amu.edu.pl\/en\/wp-json\/wp\/v2\/pages\/85\/revisions"}],"predecessor-version":[{"id":92,"href":"http:\/\/ssp.amu.edu.pl\/en\/wp-json\/wp\/v2\/pages\/85\/revisions\/92"}],"up":[{"embeddable":true,"href":"http:\/\/ssp.amu.edu.pl\/en\/wp-json\/wp\/v2\/pages\/32"}],"wp:attachment":[{"href":"http:\/\/ssp.amu.edu.pl\/en\/wp-json\/wp\/v2\/media?parent=85"}],"curies":[{"name":"wp","href":"https:\/\/api.w.org\/{rel}","templated":true}]}}