{"id":838,"date":"2018-09-30T23:27:24","date_gmt":"2018-09-30T21:27:24","guid":{"rendered":"http:\/\/ssp.amu.edu.pl\/?page_id=838"},"modified":"2018-09-30T23:27:24","modified_gmt":"2018-09-30T21:27:24","slug":"nr-2-2018","status":"publish","type":"page","link":"http:\/\/ssp.amu.edu.pl\/en\/archive\/nr-2-2018\/","title":{"rendered":"Vol. 2\/2018"},"content":{"rendered":"<p><strong>Vol. 2\/2018<br \/>\n<a href=\"http:\/\/ssp.amu.edu.pl\/wp-content\/uploads\/2018\/07\/ssp-2018-2-okl.jpg\"><img loading=\"lazy\" decoding=\"async\" class=\"alignright  wp-image-248\" src=\"http:\/\/ssp.amu.edu.pl\/wp-content\/uploads\/2018\/07\/ssp-2018-2-okl.jpg\" alt=\"Ok\u0142adka SSP\" width=\"150\" height=\"213\" \/><\/a><\/strong><\/p>\n<p><a href=\"http:\/\/ssp.amu.edu.pl\/wp-content\/uploads\/2018\/07\/ssp-2018-2-00.pdf\">Contents<\/a><\/p>\n<p><strong>J\u0119drzej Skrzypczak, Tadeusz Wallas<\/strong><br \/>\n<a href=\"http:\/\/ssp.amu.edu.pl\/wp-content\/uploads\/2018\/07\/ssp-2018-2-01.pdf\">Rola i wp\u0142yw medi\u00f3w na postawy prosportowe m\u0142odzie\u017cy akademickiej<\/a><\/p>\n<p><strong>Marta Balcerek-Kosiarz<\/strong><br \/>\n<a href=\"http:\/\/ssp.amu.edu.pl\/wp-content\/uploads\/2018\/07\/ssp-2018-2-02.pdf\">Dzia\u0142alno\u015b\u0107 gospodarcza samorz\u0105du gminnego w RFN<\/a><\/p>\n<p><strong>Krzysztof \u017barna<\/strong><br \/>\n<a href=\"http:\/\/ssp.amu.edu.pl\/wp-content\/uploads\/2018\/07\/ssp-2018-2-03.pdf\">Przed rozwodem. Sytuacja polityczna na S\u0142owacji w ramach Czeskiej<br \/>\ni S\u0142owackiej Republiki Federacyjnej (1990\u20131992)<\/a><\/p>\n<p><strong>Agnieszka Szpak<\/strong><br \/>\n<a href=\"http:\/\/ssp.amu.edu.pl\/wp-content\/uploads\/2018\/07\/ssp-2018-2-04.pdf\">Udzia\u0142 i rola kobiet w negocjacjach pokojowych<\/a><\/p>\n<p><strong>Zdzis\u0142aw W. Pu\u015blecki<\/strong><br \/>\n<a href=\"http:\/\/ssp.amu.edu.pl\/wp-content\/uploads\/2018\/07\/ssp-2018-2-05.pdf\">Protekcjonizm regulacyjny we wsp\u00f3\u0142czesnym handlu<br \/>\nmi\u0119dzynarodowym<\/a><\/p>\n<p><strong>Miros\u0142aw Skar\u017cy\u0144ski<\/strong><br \/>\n<a href=\"http:\/\/ssp.amu.edu.pl\/wp-content\/uploads\/2018\/07\/ssp-2018-2-06.pdf\">Greckie terminale LNG w polityce energetycznej pa\u0144stw<br \/>\npo\u0142udniowo-wschodniej Europy<\/a><\/p>\n<p><strong>Nartsiss Shukuralieva<\/strong><br \/>\n<a href=\"http:\/\/ssp.amu.edu.pl\/wp-content\/uploads\/2018\/07\/ssp-2018-2-07.pdf\">Azja Centralna: uwarunkowania bezpiecze\u0144stwa regionalnego<\/a><\/p>\n<p><strong>Anita Adamczyk<\/strong><br \/>\n<a href=\"http:\/\/ssp.amu.edu.pl\/wp-content\/uploads\/2018\/07\/ssp-2018-2-08.pdf\">Imigracja zarobkowa do Polski. Casus Ukrai\u0144c\u00f3w (2014\u20132017)<\/a><\/p>\n<p><strong>Magdalena Kacperska<\/strong><br \/>\n<a href=\"http:\/\/ssp.amu.edu.pl\/wp-content\/uploads\/2018\/07\/ssp-2018-2-09.pdf\">Imigranci zarobkowi na polskim rynku pracy<\/a><\/p>\n<p><strong>Joanna Ka\u0142u\u017cna<\/strong><br \/>\n<a href=\"http:\/\/ssp.amu.edu.pl\/wp-content\/uploads\/2018\/07\/ssp-2018-2-10.pdf\">Dekomunizacja przestrzeni publicznej w Polsce \u2013 zarys problematyki<\/a><\/p>\n<p><strong>Natalia Klejdysz<\/strong><br \/>\n<a href=\"http:\/\/ssp.amu.edu.pl\/wp-content\/uploads\/2018\/07\/ssp-2018-2-11.pdf\">Bunt kobiet: w poszukiwaniu \u017ar\u00f3de\u0142 \u015bwiadomo\u015bci r\u00f3wno\u015bciowej<br \/>\n(od XVII do lat 60. XX wieku)<\/a><\/p>\n<p><a href=\"http:\/\/ssp.amu.edu.pl\/wp-content\/uploads\/2018\/07\/ssp-2018-2-12.pdf\"><strong>Book Reviews<\/strong><\/a><br \/>\n\u0413\u0440\u0430\u043d\u0442 \u041c\u0438\u043a\u0430\u0435\u043b\u044f\u043d, \u0422\u0435\u043d\u0435\u0432\u0430\u044f \u044d\u043a\u043e\u043d\u043e\u043c\u0438\u043a\u0430 \u0432 \u0410\u0440\u043c\u0435\u043d\u0438\u0438 (R. Czachor)<\/p>\n<p><strong><a href=\"http:\/\/ssp.amu.edu.pl\/wp-content\/uploads\/2018\/07\/ssp-2018-2-13.pdf\">Contributors<\/a><\/strong><\/p>","protected":false},"excerpt":{"rendered":"<p>Vol. 2\/2018 Contents J\u0119drzej Skrzypczak, Tadeusz Wallas Rola i wp\u0142yw medi\u00f3w na postawy prosportowe m\u0142odzie\u017cy akademickiej Marta Balcerek-Kosiarz Dzia\u0142alno\u015b\u0107 gospodarcza samorz\u0105du gminnego w RFN Krzysztof \u017barna Przed rozwodem. Sytuacja polityczna na S\u0142owacji w ramach Czeskiej i S\u0142owackiej Republiki Federacyjnej (1990\u20131992) Agnieszka Szpak Udzia\u0142 i rola kobiet w negocjacjach pokojowych Zdzis\u0142aw W. Pu\u015blecki Protekcjonizm regulacyjny we [&hellip;]<\/p>\n","protected":false},"author":2,"featured_media":0,"parent":32,"menu_order":0,"comment_status":"closed","ping_status":"closed","template":"","meta":{"footnotes":""},"class_list":["post-838","page","type-page","status-publish","hentry"],"_links":{"self":[{"href":"http:\/\/ssp.amu.edu.pl\/en\/wp-json\/wp\/v2\/pages\/838","targetHints":{"allow":["GET"]}}],"collection":[{"href":"http:\/\/ssp.amu.edu.pl\/en\/wp-json\/wp\/v2\/pages"}],"about":[{"href":"http:\/\/ssp.amu.edu.pl\/en\/wp-json\/wp\/v2\/types\/page"}],"author":[{"embeddable":true,"href":"http:\/\/ssp.amu.edu.pl\/en\/wp-json\/wp\/v2\/users\/2"}],"replies":[{"embeddable":true,"href":"http:\/\/ssp.amu.edu.pl\/en\/wp-json\/wp\/v2\/comments?post=838"}],"version-history":[{"count":1,"href":"http:\/\/ssp.amu.edu.pl\/en\/wp-json\/wp\/v2\/pages\/838\/revisions"}],"predecessor-version":[{"id":839,"href":"http:\/\/ssp.amu.edu.pl\/en\/wp-json\/wp\/v2\/pages\/838\/revisions\/839"}],"up":[{"embeddable":true,"href":"http:\/\/ssp.amu.edu.pl\/en\/wp-json\/wp\/v2\/pages\/32"}],"wp:attachment":[{"href":"http:\/\/ssp.amu.edu.pl\/en\/wp-json\/wp\/v2\/media?parent=838"}],"curies":[{"name":"wp","href":"https:\/\/api.w.org\/{rel}","templated":true}]}}