{"id":816,"date":"2018-07-15T17:56:56","date_gmt":"2018-07-15T15:56:56","guid":{"rendered":"http:\/\/ssp.amu.edu.pl\/?page_id=816"},"modified":"2018-07-15T17:56:56","modified_gmt":"2018-07-15T15:56:56","slug":"nr-1-2018","status":"publish","type":"page","link":"http:\/\/ssp.amu.edu.pl\/en\/archive\/nr-1-2018\/","title":{"rendered":"Vol. 1\/2018"},"content":{"rendered":"<p><a href=\"http:\/\/ssp.amu.edu.pl\/wp-content\/uploads\/2018\/03\/ssp-2017-4-okl.jpg\"><img loading=\"lazy\" decoding=\"async\" class=\"alignright  wp-image-248\" src=\"http:\/\/ssp.amu.edu.pl\/wp-content\/uploads\/2018\/03\/ssp-2017-4-okl.jpg\" alt=\"Ok\u0142adka SSP\" width=\"150\" height=\"213\" \/><\/a><\/p>\n<p><a href=\"http:\/\/ssp.amu.edu.pl\/wp-content\/uploads\/2018\/04\/ssp-2018-1-00.pdf\">Contents<\/a><\/p>\n<p><strong>Andrzej Jakubowski<\/strong><br \/>\n<a href=\"http:\/\/ssp.amu.edu.pl\/wp-content\/uploads\/2018\/04\/ssp-2018-1-01.pdf\">Uwarunkowania konflikt\u00f3w etnopolitycznych w pa\u0144stwach wielonarodowo\u015bciowych<\/a><\/p>\n<p><strong>Jolanta Eliza \u017b\u00f3\u0142towska<\/strong><br \/>\n<a href=\"http:\/\/ssp.amu.edu.pl\/wp-content\/uploads\/2018\/04\/ssp-2018-1-02.pdf\">Uk\u0142ady wielko\u015bciowe najwi\u0119kszych o\u015brodk\u00f3w miejskich w pa\u0144stwach po\u0142o\u017conych na pomo\u015bcie ba\u0142tycko-czarnomorskim<\/a><\/p>\n<p><strong>Adam R. Bartnicki<\/strong><br \/>\n<a href=\"http:\/\/ssp.amu.edu.pl\/wp-content\/uploads\/2018\/04\/ssp-2018-1-03.pdf\">Borys Jelcyn jako przyw\u00f3dca polityczny<\/a><\/p>\n<p><strong>Marek Tyra\u0142a<\/strong><br \/>\n<a href=\"http:\/\/ssp.amu.edu.pl\/wp-content\/uploads\/2018\/04\/ssp-2018-1-04.pdf\">Wp\u0142yw postulat\u00f3w programowych na sukces wyborczy \u2013 na przyk\u0142adzie partii: PiS, PO, ZL w wyborach parlamentarnych w Polsce w 2015 roku<\/a><\/p>\n<p><strong>Ma\u0142gorzata Adamik-Szysiak<\/strong><br \/>\n<a href=\"http:\/\/ssp.amu.edu.pl\/wp-content\/uploads\/2018\/04\/ssp-2018-1-05.pdf\">Kampania wyborcza do Parlamentu Europejskiego w 2014 roku na \u0142amach prasy og\u00f3lnopolskiej \u2013 studium przypadku \u201eGazety Wyborczej\u201d<br \/>\ni \u201eRzeczpospolitej\u201d<\/a><\/p>\n<p><strong>Ewa Radomska<\/strong><br \/>\n<a href=\"http:\/\/ssp.amu.edu.pl\/wp-content\/uploads\/2018\/04\/ssp-2018-1-06.pdf\">Rozw\u00f3j Dalekiego Wschodu w polityce Federacji Rosyjskiej<\/a><\/p>\n<p><strong>Micha\u0142 Pierzgalski<\/strong><br \/>\n<a href=\"http:\/\/ssp.amu.edu.pl\/wp-content\/uploads\/2018\/04\/ssp-2018-1-07.pdf\">Odkrywanie fa\u0142szerstw wyborczych a \u201eprawo\u201d Benforda<\/a><\/p>\n<p><strong>Remigiusz Rosicki<\/strong><br \/>\n<a href=\"http:\/\/ssp.amu.edu.pl\/wp-content\/uploads\/2018\/04\/ssp-2018-1-08.pdf\">Poland\u2019s electricity market. Forecasts of demand for electricity and of electricity prices<\/a><\/p>\n<p><strong>Przemys\u0142aw Pluci\u0144ski<\/strong><br \/>\n<a href=\"http:\/\/ssp.amu.edu.pl\/wp-content\/uploads\/2018\/04\/ssp-2018-1-09.pdf\">Pogl\u0105dy gospodarcze Ruchu Spo\u0142ecze\u0144stwa Alternatywnego<\/a><\/p>\n<p><strong>Krzysztof Kasianiuk<\/strong><br \/>\n<a href=\"http:\/\/ssp.amu.edu.pl\/wp-content\/uploads\/2018\/04\/ssp-2018-1-10-1.pdf\">Czas w demokratycznym systemie parlamentarnym. Przypadek Sejmu RP w latach 1989\u20132015<\/a><\/p>\n<p><strong><a href=\"http:\/\/ssp.amu.edu.pl\/wp-content\/uploads\/2018\/04\/ssp-2018-1-14.pdf\">Contributors<\/a><\/strong><\/p>","protected":false},"excerpt":{"rendered":"<p>Contents Andrzej Jakubowski Uwarunkowania konflikt\u00f3w etnopolitycznych w pa\u0144stwach wielonarodowo\u015bciowych Jolanta Eliza \u017b\u00f3\u0142towska Uk\u0142ady wielko\u015bciowe najwi\u0119kszych o\u015brodk\u00f3w miejskich w pa\u0144stwach po\u0142o\u017conych na pomo\u015bcie ba\u0142tycko-czarnomorskim Adam R. Bartnicki Borys Jelcyn jako przyw\u00f3dca polityczny Marek Tyra\u0142a Wp\u0142yw postulat\u00f3w programowych na sukces wyborczy \u2013 na przyk\u0142adzie partii: PiS, PO, ZL w wyborach parlamentarnych w Polsce w 2015 roku Ma\u0142gorzata [&hellip;]<\/p>\n","protected":false},"author":2,"featured_media":0,"parent":32,"menu_order":0,"comment_status":"closed","ping_status":"closed","template":"","meta":{"footnotes":""},"class_list":["post-816","page","type-page","status-publish","hentry"],"_links":{"self":[{"href":"http:\/\/ssp.amu.edu.pl\/en\/wp-json\/wp\/v2\/pages\/816","targetHints":{"allow":["GET"]}}],"collection":[{"href":"http:\/\/ssp.amu.edu.pl\/en\/wp-json\/wp\/v2\/pages"}],"about":[{"href":"http:\/\/ssp.amu.edu.pl\/en\/wp-json\/wp\/v2\/types\/page"}],"author":[{"embeddable":true,"href":"http:\/\/ssp.amu.edu.pl\/en\/wp-json\/wp\/v2\/users\/2"}],"replies":[{"embeddable":true,"href":"http:\/\/ssp.amu.edu.pl\/en\/wp-json\/wp\/v2\/comments?post=816"}],"version-history":[{"count":1,"href":"http:\/\/ssp.amu.edu.pl\/en\/wp-json\/wp\/v2\/pages\/816\/revisions"}],"predecessor-version":[{"id":817,"href":"http:\/\/ssp.amu.edu.pl\/en\/wp-json\/wp\/v2\/pages\/816\/revisions\/817"}],"up":[{"embeddable":true,"href":"http:\/\/ssp.amu.edu.pl\/en\/wp-json\/wp\/v2\/pages\/32"}],"wp:attachment":[{"href":"http:\/\/ssp.amu.edu.pl\/en\/wp-json\/wp\/v2\/media?parent=816"}],"curies":[{"name":"wp","href":"https:\/\/api.w.org\/{rel}","templated":true}]}}