{"id":80,"date":"2013-07-08T09:44:00","date_gmt":"2013-07-08T07:44:00","guid":{"rendered":"http:\/\/ssp.amu.edu.pl\/?page_id=80"},"modified":"2013-07-15T14:18:35","modified_gmt":"2013-07-15T12:18:35","slug":"nr-42012","status":"publish","type":"page","link":"http:\/\/ssp.amu.edu.pl\/en\/archive\/nr-42012\/","title":{"rendered":"Vol. 4\/2012"},"content":{"rendered":"<p><a href=\"http:\/\/ssp.amu.edu.pl\/wp-content\/uploads\/2013\/07\/ssp-4-2012-title.pdf\">Title page<\/a><\/p>\n<p><a href=\"http:\/\/ssp.amu.edu.pl\/wp-content\/uploads\/2013\/07\/ssp-4-2012-editorial.pdf\">Editorial page<\/a><\/p>\n<p><a href=\"http:\/\/ssp.amu.edu.pl\/wp-content\/uploads\/2013\/07\/ssp-4-2012-contents.pdf\">Contents<\/a><\/p>\n<h3>Articles<\/h3>\n<p><strong>Ma\u0142gorzata Podolak<br \/>\n<\/strong><a href=\"http:\/\/wnpid.amu.edu.pl\/images\/stories\/ssp\/ssp_2012_4\/007-026.pdf\">Rola referendum w powstawaniu pa\u0144stw po 1989 r. w Europie<\/a><strong><br \/>\n<\/strong><br \/>\n<strong>Jaros\u0142aw Ja\u0144czak<\/strong><br \/>\n<a href=\"http:\/\/wnpid.amu.edu.pl\/images\/stories\/ssp\/ssp_2012_4\/027-046.pdf\">Integracja europejska w mikroperspektywie. Graniczne miasta bli\u017aniacze w Europie Zachodniej i \u015arodkowo-Wschodniej<\/a><\/p>\n<p><strong>Tadeusz Bodio, Przemys\u0142aw J. Sieradzan<\/strong><br \/>\n<a href=\"http:\/\/wnpid.amu.edu.pl\/images\/stories\/ssp\/ssp_2012_4\/047-074.pdf\">\u0179r\u00f3d\u0142a nacjonalizmu czerkieskiego i jego konsekwencje polityczne <\/a><\/p>\n<p><strong>Artur Lipi\u0144ski<\/strong><br \/>\n<a href=\"http:\/\/wnpid.amu.edu.pl\/images\/stories\/ssp\/ssp_2012_4\/075-092.pdf\">Delegitymizacja III Rzeczypospolitej, budowanie partyjnej to\u017csamo\u015bci i dyskursywne struktury mo\u017cliwo\u015bci<\/a><\/p>\n<p><strong>Krzysztof Hajder<\/strong><br \/>\n<a href=\"http:\/\/wnpid.amu.edu.pl\/images\/stories\/ssp\/ssp_2012_4\/093-112.pdf\">Korelacje poziomu bezrobocia i wynik\u00f3w wybor\u00f3w do Sejmu Rzeczypospolitej Polskiej <\/a><\/p>\n<p><strong>Magdalena Musia\u0142-Karg<\/strong><br \/>\n<a href=\"http:\/\/wnpid.amu.edu.pl\/images\/stories\/ssp\/ssp_2012_4\/113-132.pdf\">Demokracja bezpo\u015brednia a wprowadzenie praw wyborczych dla kobiet &#8211; przyk\u0142ad Szwajcarii<\/a><\/p>\n<p><strong>Rados\u0142aw Fiedler, Mirlan Subanov<\/strong><br \/>\n<a href=\"http:\/\/wnpid.amu.edu.pl\/images\/stories\/ssp\/ssp_2012_4\/133-150.pdf\">Zasoby wodne w Republice Kirgiskiej i pa\u0144stwach regionu Azji Centralnej jako jeden z aspekt\u00f3w geopolityki<\/a><\/p>\n<p><strong>Ryszard Kowalczyk<\/strong><br \/>\n<a href=\"http:\/\/wnpid.amu.edu.pl\/images\/stories\/ssp\/ssp_2012_4\/151-178.pdf\">Strukturyzacja wojew\u00f3dztwa wielkopolskiego jako obszaru bada\u0144 prasy lokalnej <\/a><\/p>\n<p><strong>Wojciech Cisak, Volodymyr Shklyar<\/strong><br \/>\n<a href=\"http:\/\/wnpid.amu.edu.pl\/images\/stories\/ssp\/ssp_2012_4\/179-192.pdf\">\u0421\u0440\u0435\u0434\u0441\u0442\u0432\u0430 \u043c\u0430\u0441\u0441\u043e\u0432\u043e\u0439 \u0438\u043d\u0444\u043e\u0440\u043c\u0430\u0446\u0438\u0438 \u0438 \u0444\u043e\u0440\u043c\u0438\u0440\u043e\u0432\u0430\u043d\u0438\u0435 \u0435\u0432\u0440\u043e\u043f\u0435\u0439\u0441\u043a\u043e\u0433\u043e \u043c\u044b\u0448\u043b\u0435\u043d\u0438\u044f<\/a><\/p>\n<p><strong>Magdalena Lorenc<\/strong><br \/>\n<a href=\"http:\/\/wnpid.amu.edu.pl\/images\/stories\/ssp\/ssp_2012_4\/193-206.pdf\">Temat polityczny w sztuce krytycznej na przyk\u0142adzie Fear and Trembling Grzegorza Klamana<\/a><\/p>\n<p><strong>Julita Runc<\/strong><br \/>\n<a href=\"http:\/\/wnpid.amu.edu.pl\/images\/stories\/ssp\/ssp_2012_4\/207-226.pdf\">The Articulation and Implementation of Ecological Interests in the Authoritarian Model<\/a><\/p>\n<p><strong>Marcin Rachwa\u0142<\/strong><br \/>\n<a href=\"http:\/\/wnpid.amu.edu.pl\/images\/stories\/ssp\/ssp_2012_4\/227-244.pdf\">Przymus wyborczy a legitymizacja w\u0142adzy politycznej<\/a><\/p>\n<p><strong>Bart\u0142omiej Secler<\/strong><br \/>\n<a href=\"http:\/\/wnpid.amu.edu.pl\/images\/stories\/ssp\/ssp_2012_4\/245-260.pdf\">Medialny wymiar legitymizacji w\u0142adzy<\/a><\/p>\n<p><strong>\u0410\u043b\u0435\u043a\u0441\u0430\u043d\u0434\u0440 \u0412. \u0428\u0435\u0432\u0447\u0443\u043a<\/strong><br \/>\n<a href=\"http:\/\/wnpid.amu.edu.pl\/images\/stories\/ssp\/ssp_2012_4\/261-272.pdf\">\u041c\u0438\u0440\u043e\u0432\u043e\u0439 \u0444\u0438\u043d\u0430\u043d\u0441\u043e\u0432\u043e-\u044d\u043a\u043e\u043d\u043e\u043c\u0438\u0447\u0435\u0441\u043a\u0438\u0439 \u043a\u0440\u0438\u0437\u0438\u0441 \u043a\u0430\u043a \u0434\u0435\u0442\u0435\u0440\u043c\u0438\u043d\u0430\u043d\u0442\u0430 \u0432\u043d\u0435\u0448\u043d\u0435\u043f\u043e\u043b\u0438\u0442\u0438\u0447\u0435\u0441\u043a\u043e\u0439 \u0441\u0442\u0440\u0430\u0442\u0435\u0433\u0438\u0438 \u041a\u041d\u0420.<\/a><\/p>\n<p><strong>Dominika Naro\u017cna<\/strong><br \/>\n<a href=\"http:\/\/wnpid.amu.edu.pl\/images\/stories\/ssp\/ssp_2012_4\/273-286.pdf\">W\u0142asno\u015b\u0107 intelektualna w kontek\u015bcie funkcjonowania uczelni wy\u017cszej w Polsce (cz\u0119\u015b\u0107 1)<\/a><\/p>\n<p><strong>J\u0119drzej Skrzypczak<\/strong><br \/>\n<a href=\"http:\/\/wnpid.amu.edu.pl\/images\/stories\/ssp\/ssp_2012_4\/287-302.pdf\">Biopolityka wobec wyzwa\u0144 post\u0119pu technologicznego w medycynie<\/a><\/p>\n<p><strong>Inez Bili\u0144ska, Szymon Ossowski<\/strong><br \/>\n<a href=\"http:\/\/wnpid.amu.edu.pl\/images\/stories\/ssp\/ssp_2012_4\/303-320.pdf\">Sytuacja spo\u0142eczno-polityczna os\u00f3b niepe\u0142nosprawnych w III RP<\/a><\/p>\n<p><strong>Oleg Mikhalev<\/strong><br \/>\n<a href=\"http:\/\/wnpid.amu.edu.pl\/images\/stories\/ssp\/ssp_2012_4\/321-330.pdf\">Misje wojskowe Unii Europejskiej w Afryce<\/a><\/p>\n<p><a href=\"http:\/\/wnpid.amu.edu.pl\/images\/stories\/ssp\/ssp_2012_4\/331-348.pdf\"><strong>Book reviews<\/strong><\/a><\/p>\n<ul>\n<li>Ryszard Skarzy\u0144ski, <em>Podstawowy dylemat politologii: Dyscyplina nauki czy potoczna wiedza o spo\u0142ecze\u0144stwie? O tradycji uniwersytetu i demarkacji wiedzy<\/em> (Karol B. Janowski)<\/li>\n<li>\u0141ukasz Tomczak, Lewicowe partie polityczne w Polsce -programy, organizacja strategie (Joanna Ka\u0142u\u017cna) .<\/li>\n<li>Dorota Malczewska-Pawelec, Tomasz Pawelec, Rewolucja w pami\u0119ci historycznej. Por\u00f3wnawcze studia nad praktykami manipulacji zbiorow\u0105 pami\u0119ci\u0105 Polak\u00f3w w czasach stalinowskich (Dagmara Moskwa).<\/li>\n<\/ul>\n<p><a href=\"http:\/\/wnpid.amu.edu.pl\/images\/stories\/ssp\/ssp_2012_4\/349-352.pdf\"><strong>Reports<\/strong><\/a><\/p>\n<ul>\n<li>Sprawozdanie z mi\u0119dzynarodowej konferencji naukowej \u201eFormy i sposoby legitymizacji w\u0142adzy w Europie \u015arodkowej i Wschodniej&#8221; (Collegium Polonicum, 10-11 maja 2012 r.) (Magdalena Musia\u0142-Karg).<\/li>\n<\/ul>\n<p><\/p>","protected":false},"excerpt":{"rendered":"<p>Title page Editorial page Contents Articles Ma\u0142gorzata Podolak Rola referendum w powstawaniu pa\u0144stw po 1989 r. w Europie Jaros\u0142aw Ja\u0144czak Integracja europejska w mikroperspektywie. Graniczne miasta bli\u017aniacze w Europie Zachodniej i \u015arodkowo-Wschodniej Tadeusz Bodio, Przemys\u0142aw J. Sieradzan \u0179r\u00f3d\u0142a nacjonalizmu czerkieskiego i jego konsekwencje polityczne Artur Lipi\u0144ski Delegitymizacja III Rzeczypospolitej, budowanie partyjnej to\u017csamo\u015bci i dyskursywne struktury [&hellip;]<\/p>\n","protected":false},"author":1,"featured_media":0,"parent":32,"menu_order":0,"comment_status":"closed","ping_status":"open","template":"","meta":{"footnotes":""},"class_list":["post-80","page","type-page","status-publish","hentry"],"_links":{"self":[{"href":"http:\/\/ssp.amu.edu.pl\/en\/wp-json\/wp\/v2\/pages\/80","targetHints":{"allow":["GET"]}}],"collection":[{"href":"http:\/\/ssp.amu.edu.pl\/en\/wp-json\/wp\/v2\/pages"}],"about":[{"href":"http:\/\/ssp.amu.edu.pl\/en\/wp-json\/wp\/v2\/types\/page"}],"author":[{"embeddable":true,"href":"http:\/\/ssp.amu.edu.pl\/en\/wp-json\/wp\/v2\/users\/1"}],"replies":[{"embeddable":true,"href":"http:\/\/ssp.amu.edu.pl\/en\/wp-json\/wp\/v2\/comments?post=80"}],"version-history":[{"count":4,"href":"http:\/\/ssp.amu.edu.pl\/en\/wp-json\/wp\/v2\/pages\/80\/revisions"}],"predecessor-version":[{"id":117,"href":"http:\/\/ssp.amu.edu.pl\/en\/wp-json\/wp\/v2\/pages\/80\/revisions\/117"}],"up":[{"embeddable":true,"href":"http:\/\/ssp.amu.edu.pl\/en\/wp-json\/wp\/v2\/pages\/32"}],"wp:attachment":[{"href":"http:\/\/ssp.amu.edu.pl\/en\/wp-json\/wp\/v2\/media?parent=80"}],"curies":[{"name":"wp","href":"https:\/\/api.w.org\/{rel}","templated":true}]}}