{"id":773,"date":"2018-03-26T08:18:55","date_gmt":"2018-03-26T06:18:55","guid":{"rendered":"http:\/\/ssp.amu.edu.pl\/?page_id=773"},"modified":"2018-03-26T08:18:55","modified_gmt":"2018-03-26T06:18:55","slug":"nr-32017","status":"publish","type":"page","link":"http:\/\/ssp.amu.edu.pl\/en\/archive\/nr-32017\/","title":{"rendered":"Vol. 3\/2017"},"content":{"rendered":"<p><strong>Vol. 3\/2017<br \/>\n<a href=\"http:\/\/ssp.amu.edu.pl\/wp-content\/uploads\/2018\/01\/ssp-2017-3-00-okl.jpg\"><img loading=\"lazy\" decoding=\"async\" class=\"alignright  wp-image-248\" src=\"http:\/\/ssp.amu.edu.pl\/wp-content\/uploads\/2018\/01\/ssp-2017-3-00-okl.jpg\" alt=\"Ok\u0142adka SSP\" width=\"150\" height=\"213\" \/><\/a><\/strong><\/p>\n<p><a href=\"http:\/\/ssp.amu.edu.pl\/wp-content\/uploads\/2018\/01\/ssp-2017-3-00.pdf\">Contents<\/a><\/p>\n<p><strong>Tomasz Bra\u0144ka<\/strong><br \/>\n<a href=\"http:\/\/ssp.amu.edu.pl\/wp-content\/uploads\/2018\/01\/ssp-2017-3-01.pdf\">Sytuacja prawnomi\u0119dzynarodowa Wysp Alandzkich<br \/>\nw Unii Europejskiej<\/a><\/p>\n<p><strong>Grzegorz Piwnicki<\/strong><br \/>\n<a href=\"http:\/\/ssp.amu.edu.pl\/wp-content\/uploads\/2018\/01\/ssp-2017-3-02.pdf\">Syndrom reintegracji w stosunkach Polski z Uni\u0105 Europejsk\u0105<br \/>\npo roku 2015<\/a><\/p>\n<p><strong>Arkadiusz Ptak<\/strong><br \/>\n<a href=\"http:\/\/ssp.amu.edu.pl\/wp-content\/uploads\/2018\/01\/ssp-2017-3-03.pdf\">Determinanty rywalizacji wyborczej w lokalnych elekcjach<br \/>\nsamorz\u0105dowych<\/a><\/p>\n<p><strong>Krzysztof Tomaszewski<\/strong><br \/>\n<a href=\"http:\/\/ssp.amu.edu.pl\/wp-content\/uploads\/2018\/01\/ssp-2017-3-04.pdf\">Wp\u0142yw inwestycji infrastrukturalnych w sektorze gazowym na<br \/>\nbezpiecze\u0144stwo energetyczne Europy \u015arodkowo-Wschodniej<\/a><\/p>\n<p><strong>Magdalena El Ghamari<\/strong><br \/>\n<a href=\"http:\/\/ssp.amu.edu.pl\/wp-content\/uploads\/2018\/01\/ssp-2017-3-05.pdf\">Polityka informacyjna organizacji terrorystycznych \u2013 na przyk\u0142adzie Daesh<\/a><\/p>\n<p><strong>Waldemar Bulira<\/strong><br \/>\n<a href=\"http:\/\/ssp.amu.edu.pl\/wp-content\/uploads\/2018\/01\/ssp-2017-3-06.pdf\">Mih\u00e1ly Vajdy teoria krytyczna faszyzmu. Przyczynek do historii<br \/>\nw\u0119gierskiego rewizjonizmu marksistowskiego <\/a><\/p>\n<p><strong>Anna Antczak<\/strong><br \/>\n<a href=\"http:\/\/ssp.amu.edu.pl\/wp-content\/uploads\/2018\/01\/ssp-2017-3-07.pdf\">Rola aktor\u00f3w niepa\u0144stwowych w kszta\u0142towaniu bezpiecze\u0144stwa<\/a><\/p>\n<p><strong>Andrzej Pog\u0142\u00f3dek<\/strong><br \/>\n<a href=\"http:\/\/ssp.amu.edu.pl\/wp-content\/uploads\/2018\/01\/ssp-2017-3-08.pdf\">Referendum og\u00f3lnokrajowe w Republice Kazachstanu<\/a><\/p>\n<p><strong>Marcin Kobierecki<\/strong><br \/>\n<a href=\"http:\/\/ssp.amu.edu.pl\/wp-content\/uploads\/2018\/01\/ssp-2017-3-09.pdf\">Dyplomacja futbolowa jako pr\u00f3ba normalizacji stosunk\u00f3w dwustronnych<br \/>\nArmenia\u2013Turcja w XXI wieku<\/a><\/p>\n<p><strong>Anna Ko\u0142omycew<\/strong><br \/>\n<a href=\"http:\/\/ssp.amu.edu.pl\/wp-content\/uploads\/2018\/01\/ssp-2017-3-10.pdf\">Uspo\u0142ecznienie procesu realizacji zada\u0144 o\u015bwiatowych jako forma<br \/>\nracjonalizacji polityki publicznej gmin<\/a><\/p>\n<p><strong>Jaros\u0142aw Ja\u0144czak<\/strong><br \/>\n<a href=\"http:\/\/ssp.amu.edu.pl\/wp-content\/uploads\/2018\/01\/ssp-2017-3-11.pdf\">Rada Europejska i granice projektu integracyjnego. Kreowanie dzia\u0142a\u0144<br \/>\nzewn\u0119trznych Unii Europejskiej w kontek\u015bcie wyzwa\u0144 politycznych<\/a><\/p>\n<p><strong>Informacje<\/strong><br \/>\n<a href=\"http:\/\/ssp.amu.edu.pl\/wp-content\/uploads\/2018\/01\/ssp-2017-3-12.pdf\">Komunikat z posiedzenia Kapitu\u0142y Og\u00f3lnopolskiego Konkursu<br \/>\nim. Czes\u0142awa Mojsiewicza<\/a><\/p>\n<p><strong>Jacek Knopek<\/strong><br \/>\n<a href=\"http:\/\/ssp.amu.edu.pl\/wp-content\/uploads\/2018\/01\/ssp-2017-3-13.pdf\">Profesor Andrzej Jan Chodubski (1 I 1952\u20136 VII 2017) i jego metodologia<br \/>\nbada\u0144 politologicznych<\/a><\/p>\n<p><strong><a href=\"http:\/\/ssp.amu.edu.pl\/wp-content\/uploads\/2018\/01\/ssp-2017-3-14.pdf\">Contributors<\/a><\/strong><\/p>","protected":false},"excerpt":{"rendered":"<p>Vol. 3\/2017 Contents Tomasz Bra\u0144ka Sytuacja prawnomi\u0119dzynarodowa Wysp Alandzkich w Unii Europejskiej Grzegorz Piwnicki Syndrom reintegracji w stosunkach Polski z Uni\u0105 Europejsk\u0105 po roku 2015 Arkadiusz Ptak Determinanty rywalizacji wyborczej w lokalnych elekcjach samorz\u0105dowych Krzysztof Tomaszewski Wp\u0142yw inwestycji infrastrukturalnych w sektorze gazowym na bezpiecze\u0144stwo energetyczne Europy \u015arodkowo-Wschodniej Magdalena El Ghamari Polityka informacyjna organizacji terrorystycznych \u2013 [&hellip;]<\/p>\n","protected":false},"author":2,"featured_media":0,"parent":32,"menu_order":0,"comment_status":"closed","ping_status":"closed","template":"","meta":{"footnotes":""},"class_list":["post-773","page","type-page","status-publish","hentry"],"_links":{"self":[{"href":"http:\/\/ssp.amu.edu.pl\/en\/wp-json\/wp\/v2\/pages\/773","targetHints":{"allow":["GET"]}}],"collection":[{"href":"http:\/\/ssp.amu.edu.pl\/en\/wp-json\/wp\/v2\/pages"}],"about":[{"href":"http:\/\/ssp.amu.edu.pl\/en\/wp-json\/wp\/v2\/types\/page"}],"author":[{"embeddable":true,"href":"http:\/\/ssp.amu.edu.pl\/en\/wp-json\/wp\/v2\/users\/2"}],"replies":[{"embeddable":true,"href":"http:\/\/ssp.amu.edu.pl\/en\/wp-json\/wp\/v2\/comments?post=773"}],"version-history":[{"count":1,"href":"http:\/\/ssp.amu.edu.pl\/en\/wp-json\/wp\/v2\/pages\/773\/revisions"}],"predecessor-version":[{"id":774,"href":"http:\/\/ssp.amu.edu.pl\/en\/wp-json\/wp\/v2\/pages\/773\/revisions\/774"}],"up":[{"embeddable":true,"href":"http:\/\/ssp.amu.edu.pl\/en\/wp-json\/wp\/v2\/pages\/32"}],"wp:attachment":[{"href":"http:\/\/ssp.amu.edu.pl\/en\/wp-json\/wp\/v2\/media?parent=773"}],"curies":[{"name":"wp","href":"https:\/\/api.w.org\/{rel}","templated":true}]}}