{"id":762,"date":"2018-01-16T07:52:33","date_gmt":"2018-01-16T06:52:33","guid":{"rendered":"http:\/\/ssp.amu.edu.pl\/?page_id=762"},"modified":"2018-01-16T07:52:33","modified_gmt":"2018-01-16T06:52:33","slug":"nr-22017","status":"publish","type":"page","link":"http:\/\/ssp.amu.edu.pl\/en\/archive\/nr-22017\/","title":{"rendered":"Vol. 2\/2017"},"content":{"rendered":"<p><strong>Vol. 2\/2017<br \/>\n<a href=\"http:\/\/ssp.amu.edu.pl\/wp-content\/uploads\/2017\/10\/ssp-2017-1-okl.jpg\"><img loading=\"lazy\" decoding=\"async\" class=\"alignright  wp-image-248\" src=\"http:\/\/ssp.amu.edu.pl\/wp-content\/uploads\/2017\/10\/ssp-2017-1-okl.jpg\" alt=\"Ok\u0142adka SSP\" width=\"150\" height=\"213\" \/><\/a><\/strong><\/p>\n<p><a href=\"http:\/\/ssp.amu.edu.pl\/wp-content\/uploads\/2017\/10\/ssp-2017-1-00.pdf\">Contents<\/a><\/p>\n<p><strong>\u0421\u0432\u0435\u0442\u043b\u0430\u043d\u0430 \u0421\u043e\u0440\u043e\u043a\u0430<\/strong><br \/>\n<a href=\"http:\/\/ssp.amu.edu.pl\/wp-content\/uploads\/2017\/10\/ssp-2017-1-01.pdf\">\u041d\u043e\u0432\u044b\u0439 \u0417\u0430\u043a\u043e\u043d \u043e \u0431\u0435\u0434\u043d\u044b\u0445 1834 \u0433\u043e\u0434\u0430 \u043a\u0430\u043a \u043e\u0441\u043d\u043e\u0432\u0430 \u0441\u043e\u0432\u0440\u0435\u043c\u0435\u043d\u043d\u043e\u0439 \u0441\u0438\u0441\u0442\u0435\u043c\u044b<br \/>\n\u043c\u0435\u0441\u0442\u043d\u043e\u0433\u043e \u0443\u043f\u0440\u0430\u0432\u043b\u0435\u043d\u0438\u044f \u0412\u0435\u043b\u0438\u043a\u043e\u0431\u0440\u0438\u0442\u0430\u043d\u0438\u0438<\/a><\/p>\n<p><strong>Ryszard Skarzy\u0144ski, El\u017cbieta Ku\u017celewska<\/strong><br \/>\n<a href=\"http:\/\/ssp.amu.edu.pl\/wp-content\/uploads\/2017\/10\/ssp-2017-1-02.pdf\">Bezpiecze\u0144stwo jako zjawisko spo\u0142eczne<\/a><\/p>\n<p><strong>Wojciech Wo\u017aniak<\/strong><br \/>\n<a href=\"http:\/\/ssp.amu.edu.pl\/wp-content\/uploads\/2017\/10\/ssp-2017-1-03.pdf\">Programy polskich partii politycznych jako materia\u0142 empiryczny<br \/>\nw badaniach dyskursu politycznego<\/a><\/p>\n<p><strong>Remigiusz Rosicki<\/strong><br \/>\n<a href=\"http:\/\/ssp.amu.edu.pl\/wp-content\/uploads\/2017\/10\/ssp-2017-1-04.pdf\">Poland\u2019s energy policy: main problems and forecasts<\/a><\/p>\n<p><strong>\u0421\u0435\u0440\u0433\u0435\u0439 \u0424\u0435\u0434\u043e\u0440\u0447\u0435\u043d\u043a\u043e<\/strong><br \/>\n<a href=\"http:\/\/ssp.amu.edu.pl\/wp-content\/uploads\/2017\/10\/ssp-2017-1-05.pdf\">\u041f\u043e\u043b\u0438\u0442\u0438\u0437\u0430\u0446\u0438\u044f \u0441\u043e\u0446\u0438\u0430\u043b\u044c\u043d\u044b\u0445 \u0441\u0435\u0442\u0435\u0439 \u0418\u043d\u0442\u0435\u0440\u043d\u0435\u0442\u0430 \u0438 \u043b\u0435\u0433\u0438\u0442\u0438\u043c\u043d\u043e\u0441\u0442\u044c<br \/>\n\u0432\u043b\u0430\u0441\u0442\u0438<\/a><\/p>\n<p><strong>Marek G\u00f3rka<\/strong><br \/>\n<a href=\"http:\/\/ssp.amu.edu.pl\/wp-content\/uploads\/2017\/10\/ssp-2017-1-06.pdf\">Rola i zadania kontrwywiadu w obszarze funkcjonowania pa\u0144stwa<br \/>\nz uwzgl\u0119dnieniem wybranych aspekt\u00f3w polityki bezpiecze\u0144stwa III RP<\/a><\/p>\n<p><strong>Aleksandra Kuczy\u0144ska-Zonik<\/strong><br \/>\n<a href=\"http:\/\/ssp.amu.edu.pl\/wp-content\/uploads\/2017\/10\/ssp-2017-1-07.pdf\">Dylematy bezpiecze\u0144stwa pa\u0144stw ba\u0142tyckich po aneksji Krymu<\/a><\/p>\n<p><strong>Artur Lipi\u0144ski<\/strong><br \/>\n<a href=\"http:\/\/ssp.amu.edu.pl\/wp-content\/uploads\/2017\/10\/ssp-2017-1-08.pdf\">Podzia\u0142 lewica\u2013prawica w perspektywie konstruktywistycznej<\/a><\/p>\n<p><strong>Aleksandra Galus, Paulina Pospieszna<\/strong><br \/>\n<a href=\"http:\/\/ssp.amu.edu.pl\/wp-content\/uploads\/2017\/10\/ssp-2017-1-09.pdf\">Supporting new media in Ukraine through Polish Development Cooperation<br \/>\nProgram<\/a><\/p>\n<p><strong>Dominika Kasprowicz, Agnieszka Hess<\/strong><br \/>\n<a href=\"http:\/\/ssp.amu.edu.pl\/wp-content\/uploads\/2017\/10\/ssp-2017-1-10.pdf\">Populism in Poland \u2013 between demagoguery and demophilia<\/a><\/p>\n<p><strong><a href=\"http:\/\/ssp.amu.edu.pl\/wp-content\/uploads\/2017\/10\/ssp-2017-1-11.pdf\">Contributors<\/a><\/strong><\/p>","protected":false},"excerpt":{"rendered":"<p>Vol. 2\/2017 Contents \u0421\u0432\u0435\u0442\u043b\u0430\u043d\u0430 \u0421\u043e\u0440\u043e\u043a\u0430 \u041d\u043e\u0432\u044b\u0439 \u0417\u0430\u043a\u043e\u043d \u043e \u0431\u0435\u0434\u043d\u044b\u0445 1834 \u0433\u043e\u0434\u0430 \u043a\u0430\u043a \u043e\u0441\u043d\u043e\u0432\u0430 \u0441\u043e\u0432\u0440\u0435\u043c\u0435\u043d\u043d\u043e\u0439 \u0441\u0438\u0441\u0442\u0435\u043c\u044b \u043c\u0435\u0441\u0442\u043d\u043e\u0433\u043e \u0443\u043f\u0440\u0430\u0432\u043b\u0435\u043d\u0438\u044f \u0412\u0435\u043b\u0438\u043a\u043e\u0431\u0440\u0438\u0442\u0430\u043d\u0438\u0438 Ryszard Skarzy\u0144ski, El\u017cbieta Ku\u017celewska Bezpiecze\u0144stwo jako zjawisko spo\u0142eczne Wojciech Wo\u017aniak Programy polskich partii politycznych jako materia\u0142 empiryczny w badaniach dyskursu politycznego Remigiusz Rosicki Poland\u2019s energy policy: main problems and forecasts \u0421\u0435\u0440\u0433\u0435\u0439 \u0424\u0435\u0434\u043e\u0440\u0447\u0435\u043d\u043a\u043e \u041f\u043e\u043b\u0438\u0442\u0438\u0437\u0430\u0446\u0438\u044f \u0441\u043e\u0446\u0438\u0430\u043b\u044c\u043d\u044b\u0445 \u0441\u0435\u0442\u0435\u0439 \u0418\u043d\u0442\u0435\u0440\u043d\u0435\u0442\u0430 \u0438 [&hellip;]<\/p>\n","protected":false},"author":2,"featured_media":0,"parent":32,"menu_order":0,"comment_status":"closed","ping_status":"closed","template":"","meta":{"footnotes":""},"class_list":["post-762","page","type-page","status-publish","hentry"],"_links":{"self":[{"href":"http:\/\/ssp.amu.edu.pl\/en\/wp-json\/wp\/v2\/pages\/762","targetHints":{"allow":["GET"]}}],"collection":[{"href":"http:\/\/ssp.amu.edu.pl\/en\/wp-json\/wp\/v2\/pages"}],"about":[{"href":"http:\/\/ssp.amu.edu.pl\/en\/wp-json\/wp\/v2\/types\/page"}],"author":[{"embeddable":true,"href":"http:\/\/ssp.amu.edu.pl\/en\/wp-json\/wp\/v2\/users\/2"}],"replies":[{"embeddable":true,"href":"http:\/\/ssp.amu.edu.pl\/en\/wp-json\/wp\/v2\/comments?post=762"}],"version-history":[{"count":1,"href":"http:\/\/ssp.amu.edu.pl\/en\/wp-json\/wp\/v2\/pages\/762\/revisions"}],"predecessor-version":[{"id":767,"href":"http:\/\/ssp.amu.edu.pl\/en\/wp-json\/wp\/v2\/pages\/762\/revisions\/767"}],"up":[{"embeddable":true,"href":"http:\/\/ssp.amu.edu.pl\/en\/wp-json\/wp\/v2\/pages\/32"}],"wp:attachment":[{"href":"http:\/\/ssp.amu.edu.pl\/en\/wp-json\/wp\/v2\/media?parent=762"}],"curies":[{"name":"wp","href":"https:\/\/api.w.org\/{rel}","templated":true}]}}