{"id":73,"date":"2013-07-08T09:12:26","date_gmt":"2013-07-08T07:12:26","guid":{"rendered":"http:\/\/ssp.amu.edu.pl\/?page_id=73"},"modified":"2013-07-08T09:45:26","modified_gmt":"2013-07-08T07:45:26","slug":"nr-42011","status":"publish","type":"page","link":"http:\/\/ssp.amu.edu.pl\/en\/archive\/nr-42011\/","title":{"rendered":"Vol. 4\/2011"},"content":{"rendered":"<p><a href=\"http:\/\/ssp.amu.edu.pl\/wp-content\/uploads\/2013\/07\/ssp-4-2011-title.pdf\">Title page<\/a><\/p>\n<p><a href=\"http:\/\/ssp.amu.edu.pl\/wp-content\/uploads\/2013\/07\/ssp-4-2011-editorial.pdf\">Editorial page<\/a><\/p>\n<p><a href=\"http:\/\/ssp.amu.edu.pl\/wp-content\/uploads\/2013\/07\/ssp-4-2011-contents.pdf\">Contents<\/a><\/p>\n<h3>Articles<\/h3>\n<p><strong>Christiane BARNICKEL, Timm BEICHELT<br \/>\n<\/strong><a href=\"http:\/\/wnpid.amu.edu.pl\/images\/stories\/ssp\/ssp_2011_4\/005-042.pdf\">Shifting borders in East Central Europe? Migration patterns and policy reactions<\/a><strong><\/p>\n<p>Ahmet SOZEN<br \/>\n<\/strong><a href=\"http:\/\/wnpid.amu.edu.pl\/images\/stories\/ssp\/ssp_2011_4\/043-068.pdf\">The Fifth Wave: Turkish Cypriots and Emergence of New &#8216;Nation-States&#8217; in the Post-9\/11 Era<\/a><strong><\/p>\n<p>Yuliya NESTERIAK<br \/>\n<\/strong><a href=\"http:\/\/wnpid.amu.edu.pl\/images\/stories\/ssp\/ssp_2011_4\/069-076.pdf\">European integration of Ukraine. What news agencies say?<\/a><strong><\/p>\n<p>Przemys\u0142aw OSIEWICZ<br \/>\n<\/strong><a href=\"http:\/\/wnpid.amu.edu.pl\/images\/stories\/ssp\/ssp_2011_4\/077-088.pdf\">Clean Energy Sources and Multilateral Cooperation in the European Union: A Model for the Persian Gulf?<\/a><strong><\/p>\n<p>Anatoliy A. LYUTYKH<br \/>\n<\/strong><a href=\"http:\/\/wnpid.amu.edu.pl\/images\/stories\/ssp\/ssp_2011_4\/089-098.pdf\">\u0412\u043d\u0443\u0442\u0440\u0435\u043d\u043d\u044f\u044f \u0438 \u0432\u043d\u0435\u0448\u043d\u044f\u044f \u043f\u043e\u043b\u0438\u0442\u0438\u043a\u0430 \u0441\u043e\u0432\u0440\u0435\u043c\u0435\u043d\u043d\u043e\u0439 \u0420\u043e\u0441\u0441\u0438\u0438: \u043f\u0440\u043e\u0431\u043b\u0435\u043c\u044b \u0432\u0437\u0430\u0438\u043c\u043e\u0437\u0430\u0432\u0438\u0441\u0438\u043c\u043e\u0441\u0442\u0438<\/a><strong><\/p>\n<p>Gra\u017cyna PIECHOTA<br \/>\n<\/strong><a href=\"http:\/\/wnpid.amu.edu.pl\/images\/stories\/ssp\/ssp_2011_4\/099-118.pdf\">Application of social media in political communication of local leaders in election processes (on the example of Facebook&#8217;s use by mayors of voivodship cities in Poland in the 2010 election campaign)<\/a><strong><\/p>\n<p>Robert KMIECIAK<br \/>\n<\/strong><a href=\"http:\/\/wnpid.amu.edu.pl\/images\/stories\/ssp\/ssp_2011_4\/119-128.pdf\">Local Government in the Process of Implementation of the European Union&#8217;s Regional Policy in Poland <\/a><\/p>\n<h3><a href=\"http:\/\/wnpid.amu.edu.pl\/images\/stories\/ssp\/ssp_2011_4\/129-134.pdf\">Book reviews<\/a><\/h3>\n<ul>\n<li>Danuta Waniek, <em>Kobiety lewicy w polskim do\u015bwiadczeniu politycznym. Tradycje, warto\u015bci i to\u017csamo\u015b\u0107<\/em> (Iwetta Andruszkiewicz)<\/li>\n<li>Arkadiusz Ptak, <em>Rywalizacja polityczna w samorz\u0105dach lokalnych. Studium wybranych gmin<\/em> (Iwetta Andruszkiewicz)<\/li>\n<\/ul>\n<p><\/p>","protected":false},"excerpt":{"rendered":"<p>Title page Editorial page Contents Articles Christiane BARNICKEL, Timm BEICHELT Shifting borders in East Central Europe? Migration patterns and policy reactions Ahmet SOZEN The Fifth Wave: Turkish Cypriots and Emergence of New &#8216;Nation-States&#8217; in the Post-9\/11 Era Yuliya NESTERIAK European integration of Ukraine. What news agencies say? Przemys\u0142aw OSIEWICZ Clean Energy Sources and Multilateral Cooperation [&hellip;]<\/p>\n","protected":false},"author":1,"featured_media":0,"parent":32,"menu_order":0,"comment_status":"closed","ping_status":"closed","template":"","meta":{"footnotes":""},"class_list":["post-73","page","type-page","status-publish","hentry"],"_links":{"self":[{"href":"http:\/\/ssp.amu.edu.pl\/en\/wp-json\/wp\/v2\/pages\/73","targetHints":{"allow":["GET"]}}],"collection":[{"href":"http:\/\/ssp.amu.edu.pl\/en\/wp-json\/wp\/v2\/pages"}],"about":[{"href":"http:\/\/ssp.amu.edu.pl\/en\/wp-json\/wp\/v2\/types\/page"}],"author":[{"embeddable":true,"href":"http:\/\/ssp.amu.edu.pl\/en\/wp-json\/wp\/v2\/users\/1"}],"replies":[{"embeddable":true,"href":"http:\/\/ssp.amu.edu.pl\/en\/wp-json\/wp\/v2\/comments?post=73"}],"version-history":[{"count":2,"href":"http:\/\/ssp.amu.edu.pl\/en\/wp-json\/wp\/v2\/pages\/73\/revisions"}],"predecessor-version":[{"id":84,"href":"http:\/\/ssp.amu.edu.pl\/en\/wp-json\/wp\/v2\/pages\/73\/revisions\/84"}],"up":[{"embeddable":true,"href":"http:\/\/ssp.amu.edu.pl\/en\/wp-json\/wp\/v2\/pages\/32"}],"wp:attachment":[{"href":"http:\/\/ssp.amu.edu.pl\/en\/wp-json\/wp\/v2\/media?parent=73"}],"curies":[{"name":"wp","href":"https:\/\/api.w.org\/{rel}","templated":true}]}}