{"id":7,"date":"2013-06-11T09:19:01","date_gmt":"2013-06-11T07:19:01","guid":{"rendered":"http:\/\/wnpid.amu.edu.pl\/~ssp\/?page_id=7"},"modified":"2022-09-25T20:51:12","modified_gmt":"2022-09-25T18:51:12","slug":"contact","status":"publish","type":"page","link":"http:\/\/ssp.amu.edu.pl\/en\/contact\/","title":{"rendered":"Contact"},"content":{"rendered":"<p>Editorial Board of\u00a0 \u015arodkowoeuropejskie Studia Polityczne<br \/>\nWydzia\u0142 Nauk Politycznych i Dziennikarstwa UAM<br \/>\nul. Uniwersytetu Pozna\u0144skiego 5<br \/>\n61-614 Pozna\u0144<br \/>\ne-mail: <a href=\"mailto:ssp@amu.edu.pl \">ssp@amu.edu.pl <\/a><br \/>\nwww: <a href=\"http:\/\/www.ssp.amu.edu.pl\">www.ssp.amu.edu.pl<\/a><\/p>\n<p><strong>Subscription<br \/>\n<\/strong><\/p>\n<p>In order to subscribe to the periodical please contact: E-mail: <a href=\"mailto:krystyna.tyczewska@amu.edu.pl\">krystyna.tyczewska@amu.edu.pl<\/a><br \/>\nTel. +48 61 829 6517<br \/>\nPublishing House &#8220;Wydawnictwo Naukowe Wydzia\u0142u Nauk Politycznych i Dziennikarstwa UAM&#8221;<\/p>","protected":false},"excerpt":{"rendered":"<p>Editorial Board of\u00a0 \u015arodkowoeuropejskie Studia Polityczne Wydzia\u0142 Nauk Politycznych i Dziennikarstwa UAM ul. Uniwersytetu Pozna\u0144skiego 5 61-614 Pozna\u0144 e-mail: ssp@amu.edu.pl www: www.ssp.amu.edu.pl Subscription In order to subscribe to the periodical please contact: E-mail: krystyna.tyczewska@amu.edu.pl Tel. +48 61 829 6517 Publishing House &#8220;Wydawnictwo Naukowe Wydzia\u0142u Nauk Politycznych i Dziennikarstwa UAM&#8221;<\/p>\n","protected":false},"author":1,"featured_media":0,"parent":0,"menu_order":0,"comment_status":"closed","ping_status":"open","template":"","meta":{"footnotes":""},"class_list":["post-7","page","type-page","status-publish","hentry"],"_links":{"self":[{"href":"http:\/\/ssp.amu.edu.pl\/en\/wp-json\/wp\/v2\/pages\/7","targetHints":{"allow":["GET"]}}],"collection":[{"href":"http:\/\/ssp.amu.edu.pl\/en\/wp-json\/wp\/v2\/pages"}],"about":[{"href":"http:\/\/ssp.amu.edu.pl\/en\/wp-json\/wp\/v2\/types\/page"}],"author":[{"embeddable":true,"href":"http:\/\/ssp.amu.edu.pl\/en\/wp-json\/wp\/v2\/users\/1"}],"replies":[{"embeddable":true,"href":"http:\/\/ssp.amu.edu.pl\/en\/wp-json\/wp\/v2\/comments?post=7"}],"version-history":[{"count":12,"href":"http:\/\/ssp.amu.edu.pl\/en\/wp-json\/wp\/v2\/pages\/7\/revisions"}],"predecessor-version":[{"id":1304,"href":"http:\/\/ssp.amu.edu.pl\/en\/wp-json\/wp\/v2\/pages\/7\/revisions\/1304"}],"wp:attachment":[{"href":"http:\/\/ssp.amu.edu.pl\/en\/wp-json\/wp\/v2\/media?parent=7"}],"curies":[{"name":"wp","href":"https:\/\/api.w.org\/{rel}","templated":true}]}}