{"id":694,"date":"2017-10-05T18:23:00","date_gmt":"2017-10-05T16:23:00","guid":{"rendered":"http:\/\/ssp.amu.edu.pl\/?page_id=694"},"modified":"2017-10-05T18:23:00","modified_gmt":"2017-10-05T16:23:00","slug":"nr-42016","status":"publish","type":"page","link":"http:\/\/ssp.amu.edu.pl\/en\/archive\/nr-42016\/","title":{"rendered":"Vol. 4\/2016"},"content":{"rendered":"<p><strong>Vol 4\/2016<br \/>\n<a href=\"http:\/\/ssp.amu.edu.pl\/wp-content\/uploads\/2017\/05\/ssp-2016-4-okl.jpg\"><img loading=\"lazy\" decoding=\"async\" class=\"alignright  wp-image-248\" src=\"http:\/\/ssp.amu.edu.pl\/wp-content\/uploads\/2017\/05\/ssp-2016-4-okl.jpg\" alt=\"Ok\u0142adka SSP\" width=\"150\" height=\"213\" \/><\/a><\/strong><\/p>\n<p><a href=\"http:\/\/ssp.amu.edu.pl\/wp-content\/uploads\/2017\/05\/ssp-2016-4-00.pdf\">Contents<\/a><\/p>\n<p><strong>Adam Ilci\u00f3w<\/strong><br \/>\n<a href=\"http:\/\/ssp.amu.edu.pl\/wp-content\/uploads\/2017\/05\/ssp-2016-4-01.pdf\">Prezydent Legnicy. Kampania wyborcza w roku 2014<\/a><\/p>\n<p><strong>Natalia Klejdysz<\/strong><br \/>\n<a href=\"http:\/\/ssp.amu.edu.pl\/wp-content\/uploads\/2017\/05\/ssp-2016-4-02.pdf\">Urz\u0105d pe\u0142nomocnika ds. r\u00f3wnego traktowania jako element walki politycznej w Polsce<\/a><\/p>\n<p><strong>Krzysztof Sidorkiewicz<\/strong><br \/>\n<a href=\"http:\/\/ssp.amu.edu.pl\/wp-content\/uploads\/2017\/05\/ssp-2016-4-03.pdf\">Partycypacja mieszka\u0144c\u00f3w na poziomie lokalnym \u2013 przyk\u0142ad Elbl\u0105ga<\/a><\/p>\n<p><strong>Tomasz Gajowniczek<\/strong><br \/>\n<a href=\"http:\/\/ssp.amu.edu.pl\/wp-content\/uploads\/2017\/05\/ssp-2016-4-04.pdf\">Internet w s\u0142u\u017cbie samorz\u0105du czy samorz\u0105dowc\u00f3w? Na podstawie zawarto\u015bci stron internetowych ma\u0142ych gmin w samorz\u0105dowej kampanii wyborczej 2014 roku<\/a><\/p>\n<p><strong>Dariusz Leszczy\u0144ski<\/strong><br \/>\n<a href=\"http:\/\/ssp.amu.edu.pl\/wp-content\/uploads\/2017\/05\/ssp-2016-4-05.pdf\">Wyzwania dla zwi\u0105zk\u00f3w zawodowych w dobie bie\u017c\u0105cego kryzysu ekonomicznego w Unii Europejskiej<\/a><\/p>\n<p><strong>Pawe\u0142 Antkowiak<\/strong><br \/>\n<a href=\"http:\/\/ssp.amu.edu.pl\/wp-content\/uploads\/2017\/05\/ssp-2016-4-06.pdf\">Poselski projekt ustawy o powiecie metropolitalnym \u2013 progres czy regres w reformowaniu samorz\u0105du terytorialnego w Polsce?<\/a><\/p>\n<p><strong>Stanis\u0142aw Zyborowicz<\/strong><br \/>\n<a href=\"http:\/\/ssp.amu.edu.pl\/wp-content\/uploads\/2017\/05\/ssp-2016-4-07.pdf\">O polityczno\u015bci Trybuna\u0142u Konstytucyjnego w kontek\u015bcie pr\u00f3by jego neutralizowania po wyborach 2015 roku<\/a><\/p>\n<p><strong>Ewa Jurga-Wosik<\/strong><br \/>\n<a href=\"http:\/\/ssp.amu.edu.pl\/wp-content\/uploads\/2017\/05\/ssp-2016-4-08.pdf\">Strukturalne i jako\u015bciowe przemiany w mediach lokalnych<\/a><\/p>\n<p><strong>Aleksandra Kaniewska-S\u0119ba<\/strong><br \/>\n<a href=\"http:\/\/ssp.amu.edu.pl\/wp-content\/uploads\/2017\/05\/ssp-2016-4-09.pdf\">Polscy seniorzy \u2013 wyzwanie dla marketingu w XXI wieku<\/a><\/p>\n<p><strong>Pawe\u0142 Stachowiak<\/strong><br \/>\n<a href=\"http:\/\/ssp.amu.edu.pl\/wp-content\/uploads\/2017\/05\/ssp-2016-4-10.pdf\">Nacjonalizm polski w optyce niemieckiej lat trzydziestych XX w.<\/a><\/p>\n<p><strong>Jacek Pok\u0142adecki<\/strong><br \/>\n<a href=\"http:\/\/ssp.amu.edu.pl\/wp-content\/uploads\/2017\/05\/ssp-2016-4-11.pdf\">Globalizacja a europejski samorz\u0105d terytorialny<\/p>\n<p><strong>\u0141ukasz Scheffs<\/strong><br \/>\n<a href=\"http:\/\/ssp.amu.edu.pl\/wp-content\/uploads\/2017\/05\/ssp-2016-4-12.pdf\">O socjotechnicznych, a tak\u017ce prakseologicznych korzeniach doradztwa politycznego<\/a><\/p>\n<p><strong>Beata Paj\u0105k-Patkowska<\/strong><br \/>\n<a href=\"http:\/\/ssp.amu.edu.pl\/wp-content\/uploads\/2017\/05\/ssp-2016-4-13.pdf\">Kobiety jako uczestniczki sprawowania w\u0142adzy w Polsce po 1989 r.<\/a><\/p>\n<p><strong>Ryszard Kowalczyk<\/strong><br \/>\n<a href=\"http:\/\/ssp.amu.edu.pl\/wp-content\/uploads\/2017\/05\/ssp-2016-4-14.pdf\">Lokalne czasopisma Patriotycznego Ruchu Odrodzenia Narodowego w pozna\u0144skiem w latach 1983\u20131989<\/a><\/p>\n<p><strong>Magdalena Kacperska<\/strong><br \/>\n<a href=\"http:\/\/ssp.amu.edu.pl\/wp-content\/uploads\/2017\/05\/ssp-2016-4-15.pdf\">Wybory prezydenckie 2015 \u2013 kandydaci i ich programy gospodarcze<\/a><\/p>\n<p><strong>Information:<\/strong><br \/>\n<a href=\"http:\/\/ssp.amu.edu.pl\/wp-content\/uploads\/2017\/05\/ssp-2016-4-16.pdf\">Komunikat z posiedzenia Kapitu\u0142y Og\u00f3lnopolskiego Konkursu im. Czes\u0142awa Mojsiewicza<\/a><\/p>\n<p><strong><a href=\"http:\/\/ssp.amu.edu.pl\/wp-content\/uploads\/2017\/05\/ssp-2016-4-00.pdf\">Contributors<\/a><\/strong><\/p>","protected":false},"excerpt":{"rendered":"<p>Vol 4\/2016 Contents Adam Ilci\u00f3w Prezydent Legnicy. Kampania wyborcza w roku 2014 Natalia Klejdysz Urz\u0105d pe\u0142nomocnika ds. r\u00f3wnego traktowania jako element walki politycznej w Polsce Krzysztof Sidorkiewicz Partycypacja mieszka\u0144c\u00f3w na poziomie lokalnym \u2013 przyk\u0142ad Elbl\u0105ga Tomasz Gajowniczek Internet w s\u0142u\u017cbie samorz\u0105du czy samorz\u0105dowc\u00f3w? Na podstawie zawarto\u015bci stron internetowych ma\u0142ych gmin w samorz\u0105dowej kampanii wyborczej 2014 [&hellip;]<\/p>\n","protected":false},"author":2,"featured_media":0,"parent":32,"menu_order":0,"comment_status":"closed","ping_status":"closed","template":"","meta":{"footnotes":""},"class_list":["post-694","page","type-page","status-publish","hentry"],"_links":{"self":[{"href":"http:\/\/ssp.amu.edu.pl\/en\/wp-json\/wp\/v2\/pages\/694","targetHints":{"allow":["GET"]}}],"collection":[{"href":"http:\/\/ssp.amu.edu.pl\/en\/wp-json\/wp\/v2\/pages"}],"about":[{"href":"http:\/\/ssp.amu.edu.pl\/en\/wp-json\/wp\/v2\/types\/page"}],"author":[{"embeddable":true,"href":"http:\/\/ssp.amu.edu.pl\/en\/wp-json\/wp\/v2\/users\/2"}],"replies":[{"embeddable":true,"href":"http:\/\/ssp.amu.edu.pl\/en\/wp-json\/wp\/v2\/comments?post=694"}],"version-history":[{"count":1,"href":"http:\/\/ssp.amu.edu.pl\/en\/wp-json\/wp\/v2\/pages\/694\/revisions"}],"predecessor-version":[{"id":695,"href":"http:\/\/ssp.amu.edu.pl\/en\/wp-json\/wp\/v2\/pages\/694\/revisions\/695"}],"up":[{"embeddable":true,"href":"http:\/\/ssp.amu.edu.pl\/en\/wp-json\/wp\/v2\/pages\/32"}],"wp:attachment":[{"href":"http:\/\/ssp.amu.edu.pl\/en\/wp-json\/wp\/v2\/media?parent=694"}],"curies":[{"name":"wp","href":"https:\/\/api.w.org\/{rel}","templated":true}]}}