{"id":67,"date":"2013-07-08T09:09:05","date_gmt":"2013-07-08T07:09:05","guid":{"rendered":"http:\/\/ssp.amu.edu.pl\/?page_id=67"},"modified":"2013-07-08T09:45:17","modified_gmt":"2013-07-08T07:45:17","slug":"nr-12012","status":"publish","type":"page","link":"http:\/\/ssp.amu.edu.pl\/en\/archive\/nr-12012\/","title":{"rendered":"Vol. 1\/2012"},"content":{"rendered":"<p><a href=\"http:\/\/ssp.amu.edu.pl\/wp-content\/uploads\/2013\/07\/ssp-1-2012-title.pdf\">Title page<\/a><\/p>\n<p><a href=\"http:\/\/ssp.amu.edu.pl\/wp-content\/uploads\/2013\/07\/ssp-1-2012-editorial.pdf\">Editorial page<\/a><\/p>\n<p><a href=\"http:\/\/ssp.amu.edu.pl\/wp-content\/uploads\/2013\/07\/ssp-1-2012-contents.pdf\">Contents<\/a><\/p>\n<h3>Articles<\/h3>\n<p><strong>Ryszard Paradowski<br \/>\n<\/strong><a href=\"http:\/\/wnpid.amu.edu.pl\/images\/stories\/ssp\/ssp_2012_1\/005-030.pdf\">Religia jako ideologia. Status religioznawstwa i problem transcendencji. <\/a><br \/>\n<strong><br \/>\nDariusz Dr\u0105\u017cek<br \/>\n<\/strong><a href=\"http:\/\/wnpid.amu.edu.pl\/images\/stories\/ssp\/ssp_2012_1\/031-054.pdf\">Globalna wioska Jana Paw\u0142a II<\/a><br \/>\n<strong><br \/>\nWitold Sobczak<br \/>\n<\/strong><a href=\"http:\/\/wnpid.amu.edu.pl\/images\/stories\/ssp\/ssp_2012_1\/055-110.pdf\">Wolno\u015b\u0107 my\u015bli, sumienia i wyznania w prawie polskim. Pr\u00f3ba analizy poj\u0119\u0107 &#8211; okre\u015blenia zakresu\u00a0\u00a0 <\/a><br \/>\n<strong><br \/>\nArtur Lipi\u0144ski<br \/>\n<\/strong><a href=\"http:\/\/wnpid.amu.edu.pl\/images\/stories\/ssp\/ssp_2012_1\/111-142.pdf\">U \u017ar\u00f3de\u0142 antypolitycznej polityki w Polsce. Ramy zbiorowego dzia\u0142ania, definicja sytuacji i praktyki kontestacji<\/a><br \/>\n<strong><br \/>\nJacek Sobczak<br \/>\n<\/strong><a href=\"http:\/\/wnpid.amu.edu.pl\/images\/stories\/ssp\/ssp_2012_1\/143-174.pdf\">Wolno\u015b\u0107 wypowiedzi prasowej a zniewaga <\/a><br \/>\n<strong><br \/>\nTadeusz Kopys<br \/>\n<\/strong><a href=\"http:\/\/wnpid.amu.edu.pl\/images\/stories\/ssp\/ssp_2012_1\/175-192.pdf\">Polityka obrony mniejszo\u015bci narodowych i polityka zagraniczna W\u0119gier. Casus Karty W\u0119gra w stosunkach w\u0119giersko-s\u0142owackich i w\u0119giersko-rumu\u0144skich<\/a><br \/>\n<strong><br \/>\nKrzysztof Ko\u017abia\u0142<br \/>\n<\/strong><a href=\"http:\/\/wnpid.amu.edu.pl\/images\/stories\/ssp\/ssp_2012_1\/193-210.pdf\">Inicjatywa naddunajska Unii Europejskiej. Nowy plan Tardieu?<\/a><br \/>\n<strong><br \/>\nAnna Potyra\u0142a<br \/>\n<\/strong><a href=\"http:\/\/wnpid.amu.edu.pl\/images\/stories\/ssp\/ssp_2012_1\/211-244.pdf\">Ochrona uchod\u017ac\u00f3w w ustawodawstwie pa\u0144stw cz\u0142onkowskich Unii Europejskiej z Europy \u015brodkowej i wschodniej<\/a><br \/>\n<strong><br \/>\nLiana Hurska-Kowalczyk<br \/>\n<\/strong><a href=\"http:\/\/wnpid.amu.edu.pl\/images\/stories\/ssp\/ssp_2012_1\/245-264.pdf\">Aspiracje Ukrainy wobec Unii Europejskiej<\/a><br \/>\n<strong><br \/>\nKrzysztof \u017b\u0119gota<br \/>\n<\/strong><a href=\"http:\/\/wnpid.amu.edu.pl\/images\/stories\/ssp\/ssp_2012_1\/265-280.pdf\">Liczebno\u015b\u0107 diaspory polskiej w Obwodzie Kaliningradzkim Federacji Rosyjskiej. Zarys problematyki <\/a><br \/>\n<strong><br \/>\nJ\u0119drzej Skrzypczak<br \/>\n<\/strong><a href=\"http:\/\/wnpid.amu.edu.pl\/images\/stories\/ssp\/ssp_2012_1\/281-294.pdf\">Dost\u0119p do informacji publicznej a ochrona prywatno\u015bci os\u00f3b, kt\u00f3re przesta\u0142y pe\u0142ni\u0107 funkcj\u0119 publiczn\u0105<\/a><br \/>\n<strong><br \/>\nEwa Jurga-Wosik<br \/>\n<\/strong><a href=\"http:\/\/wnpid.amu.edu.pl\/images\/stories\/ssp\/ssp_2012_1\/295-320.pdf\">Dwie dekady przeobra\u017ce\u0144 medi\u00f3w lokalnych po\u0142udniowo-zachodniej Wielkopolski<\/a><strong><\/p>\n<p>Marcin Brylczak<br \/>\n<\/strong><a href=\"http:\/\/wnpid.amu.edu.pl\/images\/stories\/ssp\/ssp_2012_1\/321-344.pdf\">Szko\u0142a demokracji &#8211; m\u0142odzie\u017c w \u015bwiecie spo\u0142eczno-politycznym. Wykluczenie, czy zaniedbanie? <\/a><\/p>\n<h3><a href=\"http:\/\/wnpid.amu.edu.pl\/images\/stories\/ssp\/ssp_2012_1\/345-352.pdf\">Book reviews<\/a><\/h3>\n<ul>\n<li>Rados\u0142aw Zenderowski, <em>Religia a to\u017csamo\u015b\u0107 narodowa i nacjonalizm w Europie \u015arodkowo-Wschodniej. Mi\u0119dzy etnicyzacj\u0105 religii a sakralizacj\u0105 etnosu (narodu)<\/em> (Wojciech Gizicki)<\/li>\n<\/ul>\n<p><\/p>","protected":false},"excerpt":{"rendered":"<p>Title page Editorial page Contents Articles Ryszard Paradowski Religia jako ideologia. Status religioznawstwa i problem transcendencji. Dariusz Dr\u0105\u017cek Globalna wioska Jana Paw\u0142a II Witold Sobczak Wolno\u015b\u0107 my\u015bli, sumienia i wyznania w prawie polskim. Pr\u00f3ba analizy poj\u0119\u0107 &#8211; okre\u015blenia zakresu\u00a0\u00a0 Artur Lipi\u0144ski U \u017ar\u00f3de\u0142 antypolitycznej polityki w Polsce. Ramy zbiorowego dzia\u0142ania, definicja sytuacji i praktyki kontestacji [&hellip;]<\/p>\n","protected":false},"author":1,"featured_media":0,"parent":32,"menu_order":0,"comment_status":"closed","ping_status":"closed","template":"","meta":{"footnotes":""},"class_list":["post-67","page","type-page","status-publish","hentry"],"_links":{"self":[{"href":"http:\/\/ssp.amu.edu.pl\/en\/wp-json\/wp\/v2\/pages\/67","targetHints":{"allow":["GET"]}}],"collection":[{"href":"http:\/\/ssp.amu.edu.pl\/en\/wp-json\/wp\/v2\/pages"}],"about":[{"href":"http:\/\/ssp.amu.edu.pl\/en\/wp-json\/wp\/v2\/types\/page"}],"author":[{"embeddable":true,"href":"http:\/\/ssp.amu.edu.pl\/en\/wp-json\/wp\/v2\/users\/1"}],"replies":[{"embeddable":true,"href":"http:\/\/ssp.amu.edu.pl\/en\/wp-json\/wp\/v2\/comments?post=67"}],"version-history":[{"count":2,"href":"http:\/\/ssp.amu.edu.pl\/en\/wp-json\/wp\/v2\/pages\/67\/revisions"}],"predecessor-version":[{"id":83,"href":"http:\/\/ssp.amu.edu.pl\/en\/wp-json\/wp\/v2\/pages\/67\/revisions\/83"}],"up":[{"embeddable":true,"href":"http:\/\/ssp.amu.edu.pl\/en\/wp-json\/wp\/v2\/pages\/32"}],"wp:attachment":[{"href":"http:\/\/ssp.amu.edu.pl\/en\/wp-json\/wp\/v2\/media?parent=67"}],"curies":[{"name":"wp","href":"https:\/\/api.w.org\/{rel}","templated":true}]}}