{"id":627,"date":"2017-03-23T19:48:41","date_gmt":"2017-03-23T18:48:41","guid":{"rendered":"http:\/\/ssp.amu.edu.pl\/?page_id=627"},"modified":"2017-03-23T19:54:05","modified_gmt":"2017-03-23T18:54:05","slug":"nr-22016","status":"publish","type":"page","link":"http:\/\/ssp.amu.edu.pl\/en\/archive\/nr-22016\/","title":{"rendered":"Vol. 2\/2016"},"content":{"rendered":"<p><strong>Nr 2\/2016<a href=\"http:\/\/ssp.amu.edu.pl\/wp-content\/uploads\/2016\/06\/2016-02-okl-1str.jpg\"><img loading=\"lazy\" decoding=\"async\" class=\"alignright  wp-image-248\" src=\"http:\/\/ssp.amu.edu.pl\/wp-content\/uploads\/2016\/06\/2016-02-okl-1str.jpg\" alt=\"Ok\u0142adka SSP\" width=\"150\" height=\"213\" \/><\/a><\/strong><\/p>\n<p><a href=\"http:\/\/ssp.amu.edu.pl\/wp-content\/uploads\/2016\/07\/2016-02-002.pdf\">Contents<\/a><\/p>\n<p><strong>Agnieszka ST\u0118PI\u0143SKA, Gabriella SZAB\u00d3<\/strong><br \/>\n<a href=\"http:\/\/ssp.amu.edu.pl\/wp-content\/uploads\/2016\/07\/2016-02-005.pdf\">Continuities and discontinuities: changing patterns in journalism and media in Central and Eastern Europe<\/a><\/p>\n<p><strong>Alice NEMCOVA TEJKALOVA, Filip LAB<\/strong><br \/>\n<a href=\"http:\/\/ssp.amu.edu.pl\/wp-content\/uploads\/2016\/07\/2016-02-015.pdf\">Czech Journalists in the 21 century: who are they?<\/a><\/p>\n<p><strong>Agnieszka ST\u0118PI\u0143SKA, Ewa JURGA-WOSIK, Kinga ADAMCZEWSKA, Bart\u0142omiej SECLER, Dominika NARO\u017bNA <\/strong><br \/>\n<a href=\"http:\/\/ssp.amu.edu.pl\/wp-content\/uploads\/2016\/07\/2016-02-037.pdf\">Journalistic role performance in Poland<\/a><\/p>\n<p><strong>Gabriella SZAB\u00d3, Nikolett KORMOS Veronika ZAGYI<\/strong><br \/>\n<a href=\"http:\/\/ssp.amu.edu.pl\/wp-content\/uploads\/2016\/07\/2016-02-053.pdf\">Journalistic role performance &#8211; the Hungarian case<\/a><\/p>\n<p><strong>Filip LAB, Sandra STEFANIKOVA, Martina TOPINKOVA\/strong><br \/>\n<a href=\"http:\/\/ssp.amu.edu.pl\/wp-content\/uploads\/2016\/07\/2016-02-073.pdf\">Photojournalism in Central Europe: on authenticity and ethics<\/a><\/p>\n<p><strong>Micha\u0142 G\u0141OWACKI<\/strong><br \/>\n<a href=\"http:\/\/ssp.amu.edu.pl\/wp-content\/uploads\/2016\/07\/2016-02-091.pdf\">Inside the Polish media firms: Accountability and transparency in Hie newsrooms<\/a><\/p>\n<p><strong>Andrej \u015aKOLKAY<\/strong><br \/>\n<a href=\"http:\/\/ssp.amu.edu.pl\/wp-content\/uploads\/2016\/07\/2016-02-107.pdf\">Collusion between politicians and journalists in the context of wiretapping of journalists<\/a><\/p>\n<p><strong>Andrej \u015aKOLKAY, Alena ISTOKOVA<\/strong><br \/>\n<a href=\"http:\/\/ssp.amu.edu.pl\/wp-content\/uploads\/2016\/07\/2016-02-125.pdf\">Media coverage of corruption: the role of inter-media agenda setting in the context of media reporting on scandals<\/a><\/p>\n<p><strong>Zuzana Veselkova<\/strong><br \/>\n<a href=\"http:\/\/ssp.amu.edu.pl\/wp-content\/uploads\/2016\/07\/2016-02-141.pdf\">Where others fear to tread: the role of journalists in the creation and spreading of negative stereotypes about Roma people<\/a><\/p>\n<p><strong>Ainars Dimants<\/strong><br \/>\n<a href=\"http:\/\/ssp.amu.edu.pl\/wp-content\/uploads\/2016\/07\/2016-02-155.pdf\">Latvian public service broadcasting (PSB) at a media policy crossroads on the path to public service media (PSM)<\/a><\/p>\n<p><a href=\"http:\/\/ssp.amu.edu.pl\/wp-content\/uploads\/2016\/07\/2016-02-167.pdf\"><strong>Contributors<\/strong><\/a><\/p>","protected":false},"excerpt":{"rendered":"<p>Nr 2\/2016 Contents Agnieszka ST\u0118PI\u0143SKA, Gabriella SZAB\u00d3 Continuities and discontinuities: changing patterns in journalism and media in Central and Eastern Europe Alice NEMCOVA TEJKALOVA, Filip LAB Czech Journalists in the 21 century: who are they? Agnieszka ST\u0118PI\u0143SKA, Ewa JURGA-WOSIK, Kinga ADAMCZEWSKA, Bart\u0142omiej SECLER, Dominika NARO\u017bNA Journalistic role performance in Poland Gabriella SZAB\u00d3, Nikolett KORMOS Veronika [&hellip;]<\/p>\n","protected":false},"author":2,"featured_media":0,"parent":32,"menu_order":0,"comment_status":"closed","ping_status":"open","template":"","meta":{"footnotes":""},"class_list":["post-627","page","type-page","status-publish","hentry"],"_links":{"self":[{"href":"http:\/\/ssp.amu.edu.pl\/en\/wp-json\/wp\/v2\/pages\/627","targetHints":{"allow":["GET"]}}],"collection":[{"href":"http:\/\/ssp.amu.edu.pl\/en\/wp-json\/wp\/v2\/pages"}],"about":[{"href":"http:\/\/ssp.amu.edu.pl\/en\/wp-json\/wp\/v2\/types\/page"}],"author":[{"embeddable":true,"href":"http:\/\/ssp.amu.edu.pl\/en\/wp-json\/wp\/v2\/users\/2"}],"replies":[{"embeddable":true,"href":"http:\/\/ssp.amu.edu.pl\/en\/wp-json\/wp\/v2\/comments?post=627"}],"version-history":[{"count":2,"href":"http:\/\/ssp.amu.edu.pl\/en\/wp-json\/wp\/v2\/pages\/627\/revisions"}],"predecessor-version":[{"id":629,"href":"http:\/\/ssp.amu.edu.pl\/en\/wp-json\/wp\/v2\/pages\/627\/revisions\/629"}],"up":[{"embeddable":true,"href":"http:\/\/ssp.amu.edu.pl\/en\/wp-json\/wp\/v2\/pages\/32"}],"wp:attachment":[{"href":"http:\/\/ssp.amu.edu.pl\/en\/wp-json\/wp\/v2\/media?parent=627"}],"curies":[{"name":"wp","href":"https:\/\/api.w.org\/{rel}","templated":true}]}}