{"id":58,"date":"2013-07-08T09:02:54","date_gmt":"2013-07-08T07:02:54","guid":{"rendered":"http:\/\/ssp.amu.edu.pl\/?page_id=58"},"modified":"2013-07-08T09:02:54","modified_gmt":"2013-07-08T07:02:54","slug":"nr-22012","status":"publish","type":"page","link":"http:\/\/ssp.amu.edu.pl\/en\/archive\/nr-22012\/","title":{"rendered":"Vol. 2\/2012"},"content":{"rendered":"<p><a href=\"http:\/\/ssp.amu.edu.pl\/wp-content\/uploads\/2013\/07\/ssp-2-2012-title.pdf\">Title page<\/a><\/p>\n<p><a href=\"http:\/\/ssp.amu.edu.pl\/wp-content\/uploads\/2013\/07\/ssp-2-2012-editorial.pdf\">Editorial page<\/a><\/p>\n<p><a href=\"http:\/\/ssp.amu.edu.pl\/wp-content\/uploads\/2013\/07\/ssp-2-2012-contents.pdf\">Contents<\/a><\/p>\n<h3>Artyku\u0142y<\/h3>\n<p><strong><strong>Piotr PAWELCZYK<br \/>\n<\/strong><\/strong><a href=\"http:\/\/wnpid.amu.edu.pl\/images\/stories\/ssp\/ssp_2012_2\/007-014.pdf\">Harcownik &#8211; nowy typ wizerunku politycznego<\/a><strong><strong><\/strong><\/strong><\/p>\n<p><strong>Marek SEMPACH<\/strong><br \/>\n<a href=\"http:\/\/wnpid.amu.edu.pl\/images\/stories\/ssp\/ssp_2012_2\/015-030.pdf\">Wyspecjalizowane agencje marketingowe w dzia\u0142alno\u015bci rynkowej krajowych organizacji politycznych<\/a><br \/>\n<strong><strong><br \/>\nKarolina CHURSKA-NOWAK, \u0141ukasz FOJUTOWSKI<br \/>\n<\/strong><\/strong><a href=\"http:\/\/wnpid.amu.edu.pl\/images\/stories\/ssp\/ssp_2012_2\/031-044.pdf\">Ewolucja marketingu politycznego w percepcji wyborc\u00f3w <\/a><strong><strong><\/strong><\/strong><\/p>\n<p><strong>J\u0119drzej SKRZYPCZAK<\/strong><br \/>\n<a href=\"http:\/\/wnpid.amu.edu.pl\/images\/stories\/ssp\/ssp_2012_2\/045-068.pdf\">Kampania wyborcza w nowych mediach &#8211; aspekty prawne<\/a><strong><strong><\/strong><\/strong><\/p>\n<p><strong>Jakub JAKUBOWSKI<\/strong><br \/>\n<a href=\"http:\/\/wnpid.amu.edu.pl\/images\/stories\/ssp\/ssp_2012_2\/069-086.pdf\">Rekwizyt jako narz\u0119dzie komunikowania politycznego<\/a>\u00a0\u00a0\u00a0<strong><strong><\/strong><\/strong><\/p>\n<p><strong>Agnieszka KASI\u0143SKA-METRYKA, Piotr OLSZEWSKI<\/strong><br \/>\n<a href=\"http:\/\/wnpid.amu.edu.pl\/images\/stories\/ssp\/ssp_2012_2\/087-098.pdf\">Kampania permanentna versus kampania, kt\u00f3rej nie by\u0142o. Rzecz o wyborze prezydenta miasta Kielce<\/a><strong><strong><\/strong><\/strong><\/p>\n<p><strong>Rados\u0142aw MARZ\u0118CKI<\/strong><br \/>\n<a href=\"http:\/\/wnpid.amu.edu.pl\/images\/stories\/ssp\/ssp_2012_2\/099-116.pdf\">Konstruowanie wzajemnych relacji jako element stylu uprawiania polityki PO i PiS<\/a><strong><strong><\/strong><\/strong><\/p>\n<p><strong>Janusz GOLINOWSKI<\/strong><br \/>\n<a href=\"http:\/\/wnpid.amu.edu.pl\/images\/stories\/ssp\/ssp_2012_2\/117-136.pdf\">Infotainment jako narz\u0119dzie formatowania spo\u0142ecze\u0144stwa w warunkach medialnej demokracji<\/a><strong><strong><\/strong><\/strong><\/p>\n<p><strong>El\u017cbieta LASKOWSKA<\/strong><br \/>\n<a href=\"http:\/\/wnpid.amu.edu.pl\/images\/stories\/ssp\/ssp_2012_2\/137-146.pdf\">J\u0119zyk ideologii a j\u0119zyk agresji w wypowiedziach politycznych<\/a><strong><strong><\/strong><\/strong><\/p>\n<p><strong>Marcin PIECHOCKI<\/strong><br \/>\n<a href=\"http:\/\/wnpid.amu.edu.pl\/images\/stories\/ssp\/ssp_2012_2\/147-164.pdf\">Dziennikarze i politycy. Blisko, coraz bli\u017cej<\/a><strong><strong><\/strong><\/strong><\/p>\n<p><strong>Damian NOREMBERG<\/strong><br \/>\n<a href=\"http:\/\/wnpid.amu.edu.pl\/images\/stories\/ssp\/ssp_2012_2\/165-180.pdf\">Kampania negatywna, czy nieistniej\u0105cy \u201eczarny&#8221; PR, jako metody dyskredytowania przeciwnika politycznego <\/a><strong><strong><\/strong><\/strong><\/p>\n<p><strong>Aleksandra BAGIE\u0143SKA-MASIOTA<\/strong><br \/>\n<a href=\"http:\/\/wnpid.amu.edu.pl\/images\/stories\/ssp\/ssp_2012_2\/181-196.pdf\">Blogi polityk\u00f3w. Kto, dlaczego i o czym pisze? <\/a><strong><strong><\/strong><\/strong><\/p>\n<p><strong>Agnieszka RO\u017bEWSKA<\/strong><br \/>\n<a href=\"http:\/\/wnpid.amu.edu.pl\/images\/stories\/ssp\/ssp_2012_2\/197-208.pdf\">Polityczne show jako nowoczesny przyk\u0142ad komunikowania politycznego. Narodziny telewizyjnych debat wyborczych w Wielkiej Brytanii<\/a><strong><strong><\/strong><\/strong><\/p>\n<p><strong>\u0141ukasz SCHEFFS<\/strong><br \/>\n<a href=\"http:\/\/wnpid.amu.edu.pl\/images\/stories\/ssp\/ssp_2012_2\/209-222.pdf\">Zachowania polityczne a zachowania wyborcze w dobie kampanii permanentnej <\/a><strong><strong><\/strong><\/strong><\/p>\n<p><strong>Wojciech MAGU\u015a<\/strong><br \/>\n<a href=\"http:\/\/wnpid.amu.edu.pl\/images\/stories\/ssp\/ssp_2012_2\/223-236.pdf\">Prezydenckie prawybory w Platformie Obywatelskiej jako przyk\u0142ad politycznego show<\/a><strong><strong><\/strong><\/strong><\/p>\n<p><strong>Agnieszka BIELAWSKA<\/strong><br \/>\n<a href=\"http:\/\/wnpid.amu.edu.pl\/images\/stories\/ssp\/ssp_2012_2\/237-258.pdf\">\u201eNicea albo \u015bmier\u0107&#8221;, czyli polski dyskurs polityczny na temat Traktatu ustanawiaj\u0105cego Konstytucj\u0119 dla Europy i jego wp\u0142yw na stosunki polsko-niemieckie<\/a><strong><strong><\/strong><\/strong><\/p>\n<p><strong>Mirela KACZMAREK<\/strong><br \/>\n<a href=\"http:\/\/wnpid.amu.edu.pl\/images\/stories\/ssp\/ssp_2012_2\/259-278.pdf\">Cel u\u015bwi\u0119ca \u015brodki? O wsp\u00f3\u0142czesnym wymiarze politycznego makiawelizmu na przyk\u0142adzie wybor\u00f3w samorz\u0105dowych w 2010 roku w wojew\u00f3dztwie opolskim <\/a><strong><strong><\/strong><\/strong><\/p>\n<p><strong>Magdalena MATEJA<\/strong><br \/>\n<a href=\"http:\/\/wnpid.amu.edu.pl\/images\/stories\/ssp\/ssp_2012_2\/279-292.pdf\">Rola fotografii w komunikowaniu politycznym na przyk\u0142adzie \u201eportretu podw\u00f3jnego&#8221; Lecha i Marii Kaczy\u0144skich<\/a><strong><strong><\/strong><\/strong><\/p>\n<p><strong>Anna JADACHOWSKA<\/strong><br \/>\n<a href=\"http:\/\/wnpid.amu.edu.pl\/images\/stories\/ssp\/ssp_2012_2\/293-308.pdf\">Kampania wyborcza na fotelu prezydenckim &#8211; skuteczne metody zarz\u0105dzania informacj\u0105 w mie\u015bcie<\/a><strong><strong><\/strong><\/strong><\/p>\n<p><strong>Kamil GLINKA<\/strong><br \/>\n<a href=\"http:\/\/wnpid.amu.edu.pl\/images\/stories\/ssp\/ssp_2012_2\/309-326.pdf\">J\u0119zyk polityki w warunkach kampanii permanentnej na przyk\u0142adzie miasta Wa\u0142brzycha<\/a><\/p>","protected":false},"excerpt":{"rendered":"<p>Title page Editorial page Contents Artyku\u0142y Piotr PAWELCZYK Harcownik &#8211; nowy typ wizerunku politycznego Marek SEMPACH Wyspecjalizowane agencje marketingowe w dzia\u0142alno\u015bci rynkowej krajowych organizacji politycznych Karolina CHURSKA-NOWAK, \u0141ukasz FOJUTOWSKI Ewolucja marketingu politycznego w percepcji wyborc\u00f3w J\u0119drzej SKRZYPCZAK Kampania wyborcza w nowych mediach &#8211; aspekty prawne Jakub JAKUBOWSKI Rekwizyt jako narz\u0119dzie komunikowania politycznego\u00a0\u00a0\u00a0 Agnieszka KASI\u0143SKA-METRYKA, Piotr [&hellip;]<\/p>\n","protected":false},"author":1,"featured_media":0,"parent":32,"menu_order":0,"comment_status":"closed","ping_status":"open","template":"","meta":{"footnotes":""},"class_list":["post-58","page","type-page","status-publish","hentry"],"_links":{"self":[{"href":"http:\/\/ssp.amu.edu.pl\/en\/wp-json\/wp\/v2\/pages\/58","targetHints":{"allow":["GET"]}}],"collection":[{"href":"http:\/\/ssp.amu.edu.pl\/en\/wp-json\/wp\/v2\/pages"}],"about":[{"href":"http:\/\/ssp.amu.edu.pl\/en\/wp-json\/wp\/v2\/types\/page"}],"author":[{"embeddable":true,"href":"http:\/\/ssp.amu.edu.pl\/en\/wp-json\/wp\/v2\/users\/1"}],"replies":[{"embeddable":true,"href":"http:\/\/ssp.amu.edu.pl\/en\/wp-json\/wp\/v2\/comments?post=58"}],"version-history":[{"count":1,"href":"http:\/\/ssp.amu.edu.pl\/en\/wp-json\/wp\/v2\/pages\/58\/revisions"}],"predecessor-version":[{"id":63,"href":"http:\/\/ssp.amu.edu.pl\/en\/wp-json\/wp\/v2\/pages\/58\/revisions\/63"}],"up":[{"embeddable":true,"href":"http:\/\/ssp.amu.edu.pl\/en\/wp-json\/wp\/v2\/pages\/32"}],"wp:attachment":[{"href":"http:\/\/ssp.amu.edu.pl\/en\/wp-json\/wp\/v2\/media?parent=58"}],"curies":[{"name":"wp","href":"https:\/\/api.w.org\/{rel}","templated":true}]}}