{"id":571,"date":"2016-06-16T08:27:34","date_gmt":"2016-06-16T06:27:34","guid":{"rendered":"http:\/\/ssp.amu.edu.pl\/?page_id=571"},"modified":"2016-11-07T07:33:57","modified_gmt":"2016-11-07T06:33:57","slug":"nr-42015","status":"publish","type":"page","link":"http:\/\/ssp.amu.edu.pl\/en\/archive\/nr-42015\/","title":{"rendered":"Vol. 4\/2015"},"content":{"rendered":"<p><strong>Vol. 4\/2015<a href=\"http:\/\/ssp.amu.edu.pl\/wp-content\/uploads\/2016\/04\/ssp-2015-04-1str.jpg\"><img loading=\"lazy\" decoding=\"async\" class=\"alignright  wp-image-248\" src=\"http:\/\/ssp.amu.edu.pl\/wp-content\/uploads\/2016\/04\/ssp-2015-04-1str.jpg\" alt=\"Ok\u0142adka SSP\" width=\"150\" height=\"213\" \/><\/a><\/strong><\/p>\n<p><a href=\"http:\/\/ssp.amu.edu.pl\/wp-content\/uploads\/2016\/04\/ssp-2015-04-002.pdf\">Editorial page and Contents<\/a><\/p>\n<p><strong>Andrzej STELMACH<\/strong><br \/>\n<a href=\"http:\/\/ssp.amu.edu.pl\/wp-content\/uploads\/2016\/04\/ssp-2015-04-007.pdf\">Legalno\u015b\u0107 zmiany w\u0142adzy na Ukrainie<\/a><br \/>\n<strong>Anita ADAMCZYK<\/strong><br \/>\n<a href=\"http:\/\/ssp.amu.edu.pl\/wp-content\/uploads\/2016\/04\/ssp-2015-04-027.pdf\">Uchod\u017astwo w dobie kryzysu na Ukrainie<\/a><br \/>\n<strong>Robert KMIECIAK<\/strong><br \/>\n<a href=\"http:\/\/ssp.amu.edu.pl\/wp-content\/uploads\/2016\/04\/ssp-2015-04-049.pdf\">Wielowymiarowo\u015b\u0107 poj\u0119cia samorz\u0105du &#8211; od zwi\u0105zk\u00f3w terytorialnych do specjalnych<\/a><br \/>\n<strong>Artem KARATEEV<\/strong><br \/>\n<a href=\"http:\/\/ssp.amu.edu.pl\/wp-content\/uploads\/2016\/04\/ssp-2015-04-069.pdf\">Social history methodology and contemporary Russian political science<\/a><br \/>\n<strong>Piotr FORECKI<\/strong><br \/>\n<a href=\"http:\/\/ssp.amu.edu.pl\/wp-content\/uploads\/2016\/04\/ssp-2015-04-075.pdf\">\u201eMienie po\u017cydowskie\u201d jako figura polskiego dyskursu publicznego<\/a><br \/>\n<strong>J\u0119drzej SKRZYPCZAK<\/strong><br \/>\n<a href=\"http:\/\/ssp.amu.edu.pl\/wp-content\/uploads\/2016\/04\/ssp-2015-04-091.pdf\">Sp\u00f3r o media publiczne w Polsce w \u015bwietle standard\u00f3w europejskich<\/a><br \/>\n<strong>Pawe\u0142 STACHOWIAK<\/strong><br \/>\n<a href=\"http:\/\/ssp.amu.edu.pl\/wp-content\/uploads\/2016\/04\/ssp-2015-04-113.pdf\">Narracja historyczna Ko\u015bcio\u0142a rzymskokatolickiego w Polsce o II wojnie \u015bwiatowej. Przed i po roku 1989<\/a><br \/>\n<strong>Artur LIPI\u0143SKI<\/strong><br \/>\n<a href=\"http:\/\/ssp.amu.edu.pl\/wp-content\/uploads\/2016\/04\/ssp-2015-04-133.pdf\">Warto\u015b\u0107 pami\u0119ci i mnemoniczne struktury mo\u017chwo\u015bci. Uwarunkowania pami\u0119ci zbiorowej w badaniach polityki kontestacji<\/a><br \/>\n<strong>Tomasz MAS\u0141YK<\/strong><br \/>\n<a href=\"http:\/\/ssp.amu.edu.pl\/wp-content\/uploads\/2016\/04\/ssp-2015-04-153.pdf\">Virtuous circle &#8211; demokracja i kapita\u0142 spo\u0142eczny w Europie. Analiza empiryczna<\/a><br \/>\n<strong>Ewa JURGA-WOSIK<\/strong><br \/>\n<a href=\"http:\/\/ssp.amu.edu.pl\/wp-content\/uploads\/2016\/04\/ssp-2015-04-173.pdf\">Popularyzacja wiedzy w mediach lokalnych leszczy\u0144skiego regionu wydawniczego<\/a><br \/>\n<strong>Asad TAFFAL<\/strong><br \/>\n<a href=\"http:\/\/ssp.amu.edu.pl\/wp-content\/uploads\/2016\/04\/ssp-2015-04-185.pdf\">Poland and Palestine &#8211; contemporary relations<\/a><br \/>\n<strong>Aleksandra GALUS<\/strong><br \/>\n<a href=\"http:\/\/ssp.amu.edu.pl\/wp-content\/uploads\/2016\/04\/ssp-2015-04-197.pdf\">Bia\u0142oru\u015b, czyli teatr jednego aktora? Zjawisko ramowania na przyk\u0142adzie wizerunku Bia\u0142orusi w wybranych tytu\u0142ach prasowych<\/a><br \/>\n<strong>Violetta JULKOWSKA<\/strong><br \/>\n<a href=\"http:\/\/ssp.amu.edu.pl\/wp-content\/uploads\/2016\/04\/ssp-2015-04-221.pdf\">Wsp\u00f3lny polsko-niemiecki podr\u0119cznik do historii &#8211; odmienne kultury dydaktyczne<\/a><br \/>\n<strong>Beata KOSIBA<\/strong><br \/>\n<a href=\"http:\/\/ssp.amu.edu.pl\/wp-content\/uploads\/2016\/04\/ssp-2015-04-235.pdf\">Czy cel u\u015bwi\u0119ca \u015brodki? Moralny wymiar polityki w koncepcji tomistycznej<\/a><br \/>\n<strong>\u0141ukasz Skoczylas<\/strong><br \/>\n<a href=\"http:\/\/ssp.amu.edu.pl\/wp-content\/uploads\/2016\/04\/ssp-2015-04-247.pdf\">Lokalne polityki pami\u0119ci\u2003<\/a><br \/>\n<strong>Joanna KA\u0141U\u017bNA<\/strong><br \/>\n<a href=\"http:\/\/ssp.amu.edu.pl\/wp-content\/uploads\/2016\/04\/ssp-2015-04-263.pdf\">Czerwony, bolszewik, &#8230; cz\u0142owiek? &#8211; upami\u0119tnienia symboliczne a miejsca spoczynku i pami\u0119ci \u017co\u0142nierzy Armii Czerwonej na terenie Rzeczypospolitej Polskiej. Naruszenia Umowy mi\u0119dzy Rz\u0105dem Rzeczypospolitej Polskiej a Rz\u0105dem Federacji Rosyjskiej o grobach i miejscach pami\u0119ci ofiar wojen i represji<\/a><br \/>\n<strong>Mariusz MENZ<\/strong><br \/>\n<a href=\"http:\/\/ssp.amu.edu.pl\/wp-content\/uploads\/2016\/04\/ssp-2015-04-281.pdf\">Historia szkolna jako dyskurs w\u0142adzy<\/a><br \/>\n<strong>Anna KURKIEWICZ<\/strong><br \/>\n<a href=\"http:\/\/ssp.amu.edu.pl\/wp-content\/uploads\/2016\/04\/ssp-2015-04-293.pdf\">Pami\u0119\u0107 o przesz\u0142o\u015bci a konstruowanie bezpiecze\u0144stwa w planie tera\u017aniejszym i przysz\u0142ym<\/a><\/p>\n<p><strong><a href=\"http:\/\/ssp.amu.edu.pl\/wp-content\/uploads\/2016\/04\/ssp-2015-04-305.pdf\">Book Reviews<\/a><\/strong><br \/>\nIzabela Tomala-Ka\u017amierczak, Radiomaryjny wzorzec demokracji. Analiza tre\u015bci \u201eRozm\u00f3w Niedoko\u0144czonych \u201d (K. Przybysz)<br \/>\nPiotr Piotrowicz, Papierowa szlachta (L. Przybylska)<\/p>\n<p><a href=\"http:\/\/ssp.amu.edu.pl\/wp-content\/uploads\/2016\/04\/ssp-2015-04-311.pdf\"><strong>Contributors<\/strong><\/a><\/p>","protected":false},"excerpt":{"rendered":"<p>Vol. 4\/2015 Editorial page and Contents Andrzej STELMACH Legalno\u015b\u0107 zmiany w\u0142adzy na Ukrainie Anita ADAMCZYK Uchod\u017astwo w dobie kryzysu na Ukrainie Robert KMIECIAK Wielowymiarowo\u015b\u0107 poj\u0119cia samorz\u0105du &#8211; od zwi\u0105zk\u00f3w terytorialnych do specjalnych Artem KARATEEV Social history methodology and contemporary Russian political science Piotr FORECKI \u201eMienie po\u017cydowskie\u201d jako figura polskiego dyskursu publicznego J\u0119drzej SKRZYPCZAK Sp\u00f3r o [&hellip;]<\/p>\n","protected":false},"author":2,"featured_media":0,"parent":32,"menu_order":0,"comment_status":"closed","ping_status":"open","template":"","meta":{"footnotes":""},"class_list":["post-571","page","type-page","status-publish","hentry"],"_links":{"self":[{"href":"http:\/\/ssp.amu.edu.pl\/en\/wp-json\/wp\/v2\/pages\/571","targetHints":{"allow":["GET"]}}],"collection":[{"href":"http:\/\/ssp.amu.edu.pl\/en\/wp-json\/wp\/v2\/pages"}],"about":[{"href":"http:\/\/ssp.amu.edu.pl\/en\/wp-json\/wp\/v2\/types\/page"}],"author":[{"embeddable":true,"href":"http:\/\/ssp.amu.edu.pl\/en\/wp-json\/wp\/v2\/users\/2"}],"replies":[{"embeddable":true,"href":"http:\/\/ssp.amu.edu.pl\/en\/wp-json\/wp\/v2\/comments?post=571"}],"version-history":[{"count":2,"href":"http:\/\/ssp.amu.edu.pl\/en\/wp-json\/wp\/v2\/pages\/571\/revisions"}],"predecessor-version":[{"id":615,"href":"http:\/\/ssp.amu.edu.pl\/en\/wp-json\/wp\/v2\/pages\/571\/revisions\/615"}],"up":[{"embeddable":true,"href":"http:\/\/ssp.amu.edu.pl\/en\/wp-json\/wp\/v2\/pages\/32"}],"wp:attachment":[{"href":"http:\/\/ssp.amu.edu.pl\/en\/wp-json\/wp\/v2\/media?parent=571"}],"curies":[{"name":"wp","href":"https:\/\/api.w.org\/{rel}","templated":true}]}}