{"id":523,"date":"2016-04-28T07:36:48","date_gmt":"2016-04-28T05:36:48","guid":{"rendered":"http:\/\/ssp.amu.edu.pl\/?page_id=523"},"modified":"2016-04-28T07:36:48","modified_gmt":"2016-04-28T05:36:48","slug":"nr-32015","status":"publish","type":"page","link":"http:\/\/ssp.amu.edu.pl\/en\/archive\/nr-32015\/","title":{"rendered":"Vol. 3\/2015"},"content":{"rendered":"<p><strong>Vol. 3\/2015<a href=\"http:\/\/ssp.amu.edu.pl\/wp-content\/uploads\/2016\/02\/ssp-2015-3-okl.jpg\"><img loading=\"lazy\" decoding=\"async\" class=\"alignright  wp-image-248\" src=\"http:\/\/ssp.amu.edu.pl\/wp-content\/uploads\/2016\/02\/ssp-2015-3-okl.jpg\" alt=\"Ok\u0142adka SSP\" width=\"150\" height=\"213\" \/><\/a><\/strong><\/p>\n<p><a href=\"http:\/\/ssp.amu.edu.pl\/wp-content\/uploads\/2016\/02\/ssp-2015-3-001.pdf\">Editorial page and Contents<\/a><\/p>\n<p><strong>Ryszard ZI\u0118BA<\/strong><br \/>\n<a href=\"http:\/\/ssp.amu.edu.pl\/wp-content\/uploads\/2016\/02\/ssp-2015-3-005.pdf\">Ukraina jako przedmiot rywalizacji mi\u0119dzy Zachodem a Rosj\u0105<\/a><\/p>\n<p><strong>Rafa\u0142 RIEDEL<\/strong><br \/>\n<a href=\"http:\/\/ssp.amu.edu.pl\/wp-content\/uploads\/2016\/03\/ssp-2015-3-027.pdf\">Political Economy of the Emission Reduction Measures<\/a><\/p>\n<p><strong>\u0421\u0432\u0435\u0442\u043b\u0430\u043d\u0430 \u0421\u041e\u0420\u041e\u041a\u0410<\/strong><br \/>\n<a href=\"http:\/\/ssp.amu.edu.pl\/wp-content\/uploads\/2016\/02\/ssp-2015-3-045.pdf\">\u0412\u0437\u0430\u0438\u043c\u043e\u0434\u0435\u0439\u0441\u0442\u0432\u0438\u0435 \u0432\u044b\u0441\u0448\u0438\u0445 \u043e\u0440\u0433\u0430\u043d\u043e\u0432 \u0433\u043e\u0441\u0443\u0434\u0430\u0440\u0441\u0442\u0432\u0435\u043d\u043d\u043e\u0439 \u0432\u043b\u0430\u0441\u0442\u0438 \u0432 \u043f\u0440\u043e\u0446\u0435\u0441\u0441\u0435 \u043f\u0430\u0440\u043b\u0430\u043c\u0435\u043d\u0442\u0441\u043a\u043e\u0439 \u043e\u0442\u0432\u0435\u0442\u0441\u0442\u0432\u0435\u043d\u043d\u043e\u0441\u0442\u0438 \u043f\u0440\u0430\u0432\u0438\u0442\u0435\u043b\u044c\u0441\u0442\u0432\u0430 \u0432 \u0441\u0442\u0440\u0430\u043d\u0430\u0445 \u0415\u0421<\/a><\/p>\n<p><strong>\u041b\u0443\u043a\u0430\u0448 \u0414\u041e\u041d\u0410\u0419<\/strong><br \/>\n<a href=\"http:\/\/ssp.amu.edu.pl\/wp-content\/uploads\/2016\/02\/ssp-2015-3-065.pdf\">\u0421\u043e\u0432\u0440\u0435\u043c\u0435\u043d\u043d\u0430\u044f \u043f\u043e\u043b\u0438\u0442\u0438\u0447\u0435\u0441\u043a\u0430\u044f \u0441\u0430\u0442\u0438\u0440\u0430 \u0438 \u043f\u043e\u043b\u0438\u0442\u0438\u0447\u0435\u0441\u043a\u0430\u044f \u043a\u0443\u043b\u044c\u0442\u0443\u0440\u0430. \u0420\u0430\u0441\u0441\u0443\u0436\u0434\u0435\u043d\u0438\u044f \u043d\u0430 \u043e\u0442\u0434\u0435\u043b\u044c\u043d\u044b\u0445 \u043f\u0440\u0438\u043c\u0435\u0440\u0430\u0445 \u044e\u043c\u043e\u0440\u0430 \u0432 \u043f\u043e\u0441\u0442\u0441\u043e\u0432\u0435\u0442\u0441\u043a\u0438\u0445 \u0441\u0442\u0440\u0430\u043d\u0430\u0445<\/a><\/p>\n<p><strong>Dorota PIONTEK<\/strong><br \/>\n<a href=\"http:\/\/ssp.amu.edu.pl\/wp-content\/uploads\/2016\/02\/ssp-2015-3-091.pdf\">Personalizacja jako efekt mediatyzacj i polityki<\/a><\/p>\n<p><strong>Micha\u0142 PIECHOWICZ<\/strong><br \/>\n<a href=\"http:\/\/ssp.amu.edu.pl\/wp-content\/uploads\/2016\/02\/ssp-2015-3-105.pdf\">Equality in the European Union<br \/>\n<\/a><\/p>\n<p><strong>Maria GO\u0141DA-SOBCZAK<\/strong><br \/>\n<a href=\"http:\/\/ssp.amu.edu.pl\/wp-content\/uploads\/2016\/02\/ssp-2015-3-125.pdf\">Perspectives of Regionalisation in Europe<\/a><\/p>\n<p><strong>El\u017cbieta KU\u017bELEWSKA<\/strong><br \/>\n<a href=\"http:\/\/ssp.amu.edu.pl\/wp-content\/uploads\/2016\/02\/ssp-2015-3-143.pdf\">Mandatory voting as a remedy to increase electoral tumout: an appropriate solution to be applied in the European Parliament elections?<\/a><\/p>\n<p><strong>Krzysztof HAJDER, Jakub BELOW<\/strong><br \/>\n<a href=\"http:\/\/ssp.amu.edu.pl\/wp-content\/uploads\/2016\/02\/ssp-2015-3-157.pdf\">Polityka zwalczania Wsp\u00f3\u0142czesnego kryzysu gospodarczego. Mi\u0119dzy Hayekiem a Keynesem<\/a><\/p>\n<p><strong>Jakub JAKUBOWSKI, Iwona OLEJNIK<\/strong><br \/>\n<a href=\"http:\/\/ssp.amu.edu.pl\/wp-content\/uploads\/2016\/03\/ssp-2015-3-183.pdf\">Online Communities and Online Activities of Politicians &#8211; Opinions of Internet Users<\/a><\/p>\n<p><strong>Asad TAFFAL<\/strong><br \/>\n<a href=\"http:\/\/ssp.amu.edu.pl\/wp-content\/uploads\/2016\/02\/ssp-2015-3-203.pdf\">Collective Memory: A Universal Phenomenon the Palestinian Collective Memory as a Case Study<\/a><\/p>\n<p><strong>Rafa\u0142 RECZEK<\/strong><br \/>\n<a href=\"http:\/\/ssp.amu.edu.pl\/wp-content\/uploads\/2016\/02\/ssp-2015-3-221.pdf\">Rola Instytutu Pami\u0119ci Narodowej W procesie przywracania pami\u0119ci<\/a><\/p>\n<p><strong>Robert GROCHOWSKI<\/strong><br \/>\n<a href=\"http:\/\/ssp.amu.edu.pl\/wp-content\/uploads\/2016\/02\/ssp-2015-3-239.pdf\">Demagogia w medialnych obrazach rzeczywisto\u015bci i jej wp\u0142yw na spo\u0142ecze\u0144stwo<\/a><\/p>\n<p><strong>Magdalena LORENC<\/strong><br \/>\n<a href=\"http:\/\/ssp.amu.edu.pl\/wp-content\/uploads\/2016\/02\/ssp-2015-3-253.pdf\">\u201ePomnik nied\u017awiedzia Wojtka\u201d, czyli o polskich projektach upami\u0119tnienia udzia\u0142u zwierz\u0105t W II Wojnie \u015bwiatowej<\/a><\/p>\n<p><a href=\"http:\/\/ssp.amu.edu.pl\/wp-content\/uploads\/2016\/03\/ssp-2015-3-271.pdf\"><strong>Contributors<\/strong><\/a><\/p>","protected":false},"excerpt":{"rendered":"<p>Vol. 3\/2015 Editorial page and Contents Ryszard ZI\u0118BA Ukraina jako przedmiot rywalizacji mi\u0119dzy Zachodem a Rosj\u0105 Rafa\u0142 RIEDEL Political Economy of the Emission Reduction Measures \u0421\u0432\u0435\u0442\u043b\u0430\u043d\u0430 \u0421\u041e\u0420\u041e\u041a\u0410 \u0412\u0437\u0430\u0438\u043c\u043e\u0434\u0435\u0439\u0441\u0442\u0432\u0438\u0435 \u0432\u044b\u0441\u0448\u0438\u0445 \u043e\u0440\u0433\u0430\u043d\u043e\u0432 \u0433\u043e\u0441\u0443\u0434\u0430\u0440\u0441\u0442\u0432\u0435\u043d\u043d\u043e\u0439 \u0432\u043b\u0430\u0441\u0442\u0438 \u0432 \u043f\u0440\u043e\u0446\u0435\u0441\u0441\u0435 \u043f\u0430\u0440\u043b\u0430\u043c\u0435\u043d\u0442\u0441\u043a\u043e\u0439 \u043e\u0442\u0432\u0435\u0442\u0441\u0442\u0432\u0435\u043d\u043d\u043e\u0441\u0442\u0438 \u043f\u0440\u0430\u0432\u0438\u0442\u0435\u043b\u044c\u0441\u0442\u0432\u0430 \u0432 \u0441\u0442\u0440\u0430\u043d\u0430\u0445 \u0415\u0421 \u041b\u0443\u043a\u0430\u0448 \u0414\u041e\u041d\u0410\u0419 \u0421\u043e\u0432\u0440\u0435\u043c\u0435\u043d\u043d\u0430\u044f \u043f\u043e\u043b\u0438\u0442\u0438\u0447\u0435\u0441\u043a\u0430\u044f \u0441\u0430\u0442\u0438\u0440\u0430 \u0438 \u043f\u043e\u043b\u0438\u0442\u0438\u0447\u0435\u0441\u043a\u0430\u044f \u043a\u0443\u043b\u044c\u0442\u0443\u0440\u0430. \u0420\u0430\u0441\u0441\u0443\u0436\u0434\u0435\u043d\u0438\u044f \u043d\u0430 \u043e\u0442\u0434\u0435\u043b\u044c\u043d\u044b\u0445 \u043f\u0440\u0438\u043c\u0435\u0440\u0430\u0445 \u044e\u043c\u043e\u0440\u0430 \u0432 \u043f\u043e\u0441\u0442\u0441\u043e\u0432\u0435\u0442\u0441\u043a\u0438\u0445 [&hellip;]<\/p>\n","protected":false},"author":2,"featured_media":0,"parent":32,"menu_order":0,"comment_status":"closed","ping_status":"open","template":"","meta":{"footnotes":""},"class_list":["post-523","page","type-page","status-publish","hentry"],"_links":{"self":[{"href":"http:\/\/ssp.amu.edu.pl\/en\/wp-json\/wp\/v2\/pages\/523","targetHints":{"allow":["GET"]}}],"collection":[{"href":"http:\/\/ssp.amu.edu.pl\/en\/wp-json\/wp\/v2\/pages"}],"about":[{"href":"http:\/\/ssp.amu.edu.pl\/en\/wp-json\/wp\/v2\/types\/page"}],"author":[{"embeddable":true,"href":"http:\/\/ssp.amu.edu.pl\/en\/wp-json\/wp\/v2\/users\/2"}],"replies":[{"embeddable":true,"href":"http:\/\/ssp.amu.edu.pl\/en\/wp-json\/wp\/v2\/comments?post=523"}],"version-history":[{"count":1,"href":"http:\/\/ssp.amu.edu.pl\/en\/wp-json\/wp\/v2\/pages\/523\/revisions"}],"predecessor-version":[{"id":524,"href":"http:\/\/ssp.amu.edu.pl\/en\/wp-json\/wp\/v2\/pages\/523\/revisions\/524"}],"up":[{"embeddable":true,"href":"http:\/\/ssp.amu.edu.pl\/en\/wp-json\/wp\/v2\/pages\/32"}],"wp:attachment":[{"href":"http:\/\/ssp.amu.edu.pl\/en\/wp-json\/wp\/v2\/media?parent=523"}],"curies":[{"name":"wp","href":"https:\/\/api.w.org\/{rel}","templated":true}]}}