{"id":50,"date":"2013-07-08T08:41:56","date_gmt":"2013-07-08T06:41:56","guid":{"rendered":"http:\/\/ssp.amu.edu.pl\/?page_id=50"},"modified":"2013-07-08T08:53:53","modified_gmt":"2013-07-08T06:53:53","slug":"nr-32012","status":"publish","type":"page","link":"http:\/\/ssp.amu.edu.pl\/en\/archive\/nr-32012\/","title":{"rendered":"Vol. 3\/2012"},"content":{"rendered":"<p><a href=\"http:\/\/ssp.amu.edu.pl\/wp-content\/uploads\/2013\/07\/ssp-3-2012-title.pdf\">Title page<\/a><\/p>\n<p><a href=\"http:\/\/ssp.amu.edu.pl\/wp-content\/uploads\/2013\/07\/ssp-3-2012-editorial.pdf\">Editorial page<\/a><\/p>\n<p><a href=\"http:\/\/ssp.amu.edu.pl\/wp-content\/uploads\/2013\/07\/ssp-3-2012-spis-tresci.pdf\">Contents<\/a><\/p>\n<h3>Artyku\u0142y<\/h3>\n<p><strong>Marek \u017bYROMSKI<br \/>\n<\/strong><a href=\"http:\/\/wnpid.amu.edu.pl\/images\/stories\/ssp\/ssp_2012_3\/007-026.pdf\">Legitymacja czy legitymizacja w\u0142adzy. Do\u015bwiadczenia pa\u0144stw Europy \u015arodkowej<\/a><strong><\/strong><\/p>\n<p>Tadeusz BODIO<br \/>\n<a href=\"http:\/\/wnpid.amu.edu.pl\/images\/stories\/ssp\/ssp_2012_3\/027-053.pdf\">Porz\u0105dek konstytucyjny a etnokratyzm elit politycznych w Karaczajo-Czerkiesji\u00a0\u00a0 \u00a0<\/a><strong><\/strong><\/p>\n<p>Jacek SOBCZAK, Maria GO\u0141DA-SOBCZAK<br \/>\n<a href=\"http:\/\/wnpid.amu.edu.pl\/images\/stories\/ssp\/ssp_2012_3\/055-086.pdf\">Problem rejestracji ko\u015bcio\u0142\u00f3w i zwi\u0105zk\u00f3w wyznaniowych w polskim systemie prawnym\u00a0<\/a><strong><\/strong><\/p>\n<p>Maciej WALKOWSKI<br \/>\n<a href=\"http:\/\/wnpid.amu.edu.pl\/images\/stories\/ssp\/ssp_2012_3\/087-116.pdf\">Unia Europejska &#8211; rozpad czy powr\u00f3t do r\u00f3wnowagi makroekonomicznej i finansowej? Rozwa\u017cania na temat kryzysu w strefie euro z perspektywy europejskiej i \u015bwiatowej<\/a><strong><\/strong><\/p>\n<p>Nizam \u00d3NEN, Atilla GUNEY<br \/>\n<a href=\"http:\/\/wnpid.amu.edu.pl\/images\/stories\/ssp\/ssp_2012_3\/117-150.pdf\">Cold War and establishment of Turkish democracy\u00a0\u00a0 \u00a0<\/a><strong><\/strong><\/p>\n<p>Jakub POTULSKI<br \/>\n<a href=\"http:\/\/wnpid.amu.edu.pl\/images\/stories\/ssp\/ssp_2012_3\/151-168.pdf\">Rosja w poszukiwaniu modelu re\u017cimu politycznego &#8211; \u201epoliarchia zachodnia&#8221; czy \u201eazjatycka demokracja&#8221;<\/a>\u00a0\u00a0 \u00a0<strong><\/strong><\/p>\n<p>Krzysztof FEDOROWICZ<br \/>\n<a href=\"http:\/\/wnpid.amu.edu.pl\/images\/stories\/ssp\/ssp_2012_3\/169-196.pdf\">Polska i Bia\u0142oru\u015b &#8211; trudne s\u0105siedztwo. Polityka \u201ekrytycznego dialogu&#8221; wobec autorytarnej Bia\u0142orusi <\/a><strong><\/strong><\/p>\n<p>\u0141ukasz DONAJ<br \/>\n<a href=\"http:\/\/wnpid.amu.edu.pl\/images\/stories\/ssp\/ssp_2012_3\/197-214.pdf\">Wsp\u00f3\u0142czesny kryzys spo\u0142eczno-polityczny na Ukrainie jako przyk\u0142ad cykliczno\u015bci (chroniczno\u015bci?) proces\u00f3w politycznych<\/a><strong><\/strong><\/p>\n<p>Ryszard KOWALCZYK<br \/>\n<a href=\"http:\/\/wnpid.amu.edu.pl\/images\/stories\/ssp\/ssp_2012_3\/215-232.pdf\">Media jako forma przedstawie\u0144 zbiorowych polityki i jej teoriopoznawcze uwarunkowania<\/a><strong><\/strong><\/p>\n<p>Bart\u0142omiej BISKUP, Karolina CHURSKA-NOWAK, Sebastian DROBCZY\u0143SKI, Agnieszka HESS, Mariusz KOLCZY\u0143SKI, Marek MAZUR, Dorota PIONTEK, Szymon OSSOWSKI<br \/>\n<a href=\"http:\/\/wnpid.amu.edu.pl\/images\/stories\/ssp\/ssp_2012_3\/233-248.pdf\">Relacjonowanie wybor\u00f3w samorz\u0105dowych w prasie regionalnej w 2010 roku. Komunikat z bada\u0144\u00a0<\/a>\u00a0 \u00a0<strong><\/strong><\/p>\n<p>Yuliana PALAGNYUK<br \/>\n<a href=\"http:\/\/wnpid.amu.edu.pl\/images\/stories\/ssp\/ssp_2012_3\/249-262.pdf\">State Policy towards European Integration: Theoretical Analysis<\/a><strong><\/strong><\/p>\n<p>Beata PAJ\u0104K-PATKOWSKA, Krzysztof PATKOWSKI<br \/>\n<a href=\"http:\/\/wnpid.amu.edu.pl\/images\/stories\/ssp\/ssp_2012_3\/263-286.pdf\">W\u0119gry w latach 1990-2011. Polityczne, ekonomiczne i spo\u0142eczne przyczyny kryzysu\u00a0<\/a><strong><\/strong><\/p>\n<p>Wojciech Tomasz MODZELEWSKI<br \/>\n<a href=\"http:\/\/wnpid.amu.edu.pl\/images\/stories\/ssp\/ssp_2012_3\/287-312.pdf\">Dwie dekady stosunk\u00f3w Polski z Litw\u0105 &#8211; wymiar polityczny\u00a0<\/a><strong><\/strong><\/p>\n<p>\u0412\u0435\u0440\u0430 \u0414\u0415\u0420\u0415\u0413\u0410<br \/>\n<a href=\"http:\/\/wnpid.amu.edu.pl\/images\/stories\/ssp\/ssp_2012_3\/313-324.pdf\">\u041d\u0430\u0443\u0447\u043d\u044b\u0435 \u0438\u0441\u0441\u043b\u0435\u0434\u043e\u0432\u0430\u043d\u0438\u044f \u0442\u0435\u043e\u0440\u0438\u0438 \u0438 \u043f\u0440\u0430\u043a\u0442\u0438\u043a\u0438 \u0433\u043e\u0441\u0443\u0434\u0430\u0440\u0441\u0442\u0432\u0435\u043d\u043d\u043e\u0439 \u0441\u0435\u043c\u0435\u0439\u043d\u043e\u0439 \u043f\u043e\u043b\u0438\u0442\u0438\u043a\u0438 \u0432 \u0423\u043a\u0440\u0430\u0438\u043d\u0435<\/a><strong><\/strong><\/p>\n<p>Yakipbek GENJEMURATOV<br \/>\n<a href=\"http:\/\/wnpid.amu.edu.pl\/images\/stories\/ssp\/ssp_2012_3\/325-338.pdf\">Role mass media in economical crisis. Case of Uzbekistan\u00a0\u00a0<\/a>\u00a0 <strong><br \/>\n<\/strong><\/p>","protected":false},"excerpt":{"rendered":"<p>Title page Editorial page Contents Artyku\u0142y Marek \u017bYROMSKI Legitymacja czy legitymizacja w\u0142adzy. Do\u015bwiadczenia pa\u0144stw Europy \u015arodkowej Tadeusz BODIO Porz\u0105dek konstytucyjny a etnokratyzm elit politycznych w Karaczajo-Czerkiesji\u00a0\u00a0 \u00a0 Jacek SOBCZAK, Maria GO\u0141DA-SOBCZAK Problem rejestracji ko\u015bcio\u0142\u00f3w i zwi\u0105zk\u00f3w wyznaniowych w polskim systemie prawnym\u00a0 Maciej WALKOWSKI Unia Europejska &#8211; rozpad czy powr\u00f3t do r\u00f3wnowagi makroekonomicznej i finansowej? Rozwa\u017cania [&hellip;]<\/p>\n","protected":false},"author":1,"featured_media":0,"parent":32,"menu_order":0,"comment_status":"closed","ping_status":"open","template":"","meta":{"footnotes":""},"class_list":["post-50","page","type-page","status-publish","hentry"],"_links":{"self":[{"href":"http:\/\/ssp.amu.edu.pl\/en\/wp-json\/wp\/v2\/pages\/50","targetHints":{"allow":["GET"]}}],"collection":[{"href":"http:\/\/ssp.amu.edu.pl\/en\/wp-json\/wp\/v2\/pages"}],"about":[{"href":"http:\/\/ssp.amu.edu.pl\/en\/wp-json\/wp\/v2\/types\/page"}],"author":[{"embeddable":true,"href":"http:\/\/ssp.amu.edu.pl\/en\/wp-json\/wp\/v2\/users\/1"}],"replies":[{"embeddable":true,"href":"http:\/\/ssp.amu.edu.pl\/en\/wp-json\/wp\/v2\/comments?post=50"}],"version-history":[{"count":2,"href":"http:\/\/ssp.amu.edu.pl\/en\/wp-json\/wp\/v2\/pages\/50\/revisions"}],"predecessor-version":[{"id":52,"href":"http:\/\/ssp.amu.edu.pl\/en\/wp-json\/wp\/v2\/pages\/50\/revisions\/52"}],"up":[{"embeddable":true,"href":"http:\/\/ssp.amu.edu.pl\/en\/wp-json\/wp\/v2\/pages\/32"}],"wp:attachment":[{"href":"http:\/\/ssp.amu.edu.pl\/en\/wp-json\/wp\/v2\/media?parent=50"}],"curies":[{"name":"wp","href":"https:\/\/api.w.org\/{rel}","templated":true}]}}