{"id":483,"date":"2015-11-10T07:34:49","date_gmt":"2015-11-10T06:34:49","guid":{"rendered":"http:\/\/ssp.amu.edu.pl\/?page_id=483"},"modified":"2015-11-10T08:28:13","modified_gmt":"2015-11-10T07:28:13","slug":"nr-12015","status":"publish","type":"page","link":"http:\/\/ssp.amu.edu.pl\/en\/archive\/nr-12015\/","title":{"rendered":"Vol. 1\/2015"},"content":{"rendered":"<p><strong>Vol. 1\/2015<a href=\"http:\/\/ssp.amu.edu.pl\/wp-content\/uploads\/2015\/07\/sp-1-2015-okl-1str.jpg\"><img loading=\"lazy\" decoding=\"async\" class=\"alignright  wp-image-248\" src=\"http:\/\/ssp.amu.edu.pl\/wp-content\/uploads\/2015\/07\/sp-1-2015-okl-1str.jpg\" alt=\"Ok\u0142adka SSP\" width=\"150\" height=\"213\" \/><\/a><\/strong><\/p>\n<p><a href=\"http:\/\/ssp.amu.edu.pl\/wp-content\/uploads\/2015\/07\/ssp-2015-1-002.pdf\">Editorial page and Contents<\/a><\/p>\n<p><strong>Wojciech Tomasz MODZELEWSKI<\/strong><br \/>\n<a href=\"http:\/\/ssp.amu.edu.pl\/wp-content\/uploads\/2015\/07\/ssp-2015-1-005.pdf\">Polsko-rosyjskie pogranicze &#8211; od regionu izolowanegodo transgranicznego<\/a><\/p>\n<p><strong>Marek \u017bMIGRODZKI, Jerzy SZUKALSKI<\/strong><br \/>\n<a href=\"http:\/\/ssp.amu.edu.pl\/wp-content\/uploads\/2015\/07\/ssp-2015-1-025.pdf\">Pozycja ustrojowa Parlamentu Gruzji w latach 1990-2013<\/a><\/p>\n<p><strong>Remigiusz ROSICKI<\/strong><br \/>\n<a href=\"http:\/\/ssp.amu.edu.pl\/wp-content\/uploads\/2015\/07\/ssp-2015-1-051.pdf\">The Energy Policy of Poland up to 2050 &#8211; a Critical Analysis<\/a><\/p>\n<p><strong>Przemys\u0142aw \u017bUKIEWICZ, Rafa\u0142 ZIMNY<\/strong><br \/>\n<a href=\"http:\/\/ssp.amu.edu.pl\/wp-content\/uploads\/2015\/07\/ssp-2015-1-063.pdf\">The Smolensk Tragedy and Its Importance for Political Communicationin Poland after 10th April, 2010 (Focusing on the Political Incidents in Front of the Presidential Palace)<\/a><\/p>\n<p><strong>Beata PAJ\u0104K-PATKOWSKA<\/strong><br \/>\n<a href=\"http:\/\/ssp.amu.edu.pl\/wp-content\/uploads\/2015\/07\/ssp-2015-1-083.pdf\">Przes\u0142anki stabilno\u015bci demokracji &#8211; legitymizacja systemu na poziomie indywidualnym<\/a><\/p>\n<p><strong>Bartosz HORDECKI<\/strong><br \/>\n<a href=\"http:\/\/ssp.amu.edu.pl\/wp-content\/uploads\/2015\/07\/ssp-2015-1-099.pdf\">Struktura semantyczna poj\u0119\u0107 \u201ewolno\u015b\u0107 sumienia i religii&#8221;, \u201ewolno\u015b\u0107 sumienia i wyznania&#8221; (cz\u0119\u015b\u0107 II)<br \/>\n<\/a><\/p>\n<p><strong>J\u0119drzej SKRZYPCZAK<\/strong><br \/>\n<a href=\"http:\/\/ssp.amu.edu.pl\/wp-content\/uploads\/2015\/07\/ssp-2015-1-125.pdf\">Elektroniczne systemy antyplagiatowe jako narz\u0119dzie wykrywania przypadk\u00f3w plagiatu w pracach student\u00f3w i pracownik\u00f3w naukowych <\/a><\/p>\n<p><strong>Pawe\u0142 ANTKOWIAK, \u0141ukasz SCHEFFS<\/strong><br \/>\n<a href=\"http:\/\/ssp.amu.edu.pl\/wp-content\/uploads\/2015\/07\/ssp-2015-1-143.pdf\">Nowy wymiar przyw\u00f3dztwa politycznego: w poszukiwaniu perspektywy do bada\u0144 personalizacji polityki na poziomie lokalnym<\/a><\/p>\n<p><strong>Klaudia GO\u0141\u0118BIOWSKA<\/strong><br \/>\n<a href=\"http:\/\/ssp.amu.edu.pl\/wp-content\/uploads\/2015\/07\/ssp-2015-1-161.pdf\">The Conditioning of Integrational Policies towards Muslims in Sweden <\/a><\/p>\n<p><strong>Magdalena GREFICZ<\/strong><br \/>\n<a href=\"http:\/\/ssp.amu.edu.pl\/wp-content\/uploads\/2015\/07\/ssp-2015-1-177.pdf\">Outplacement jako narz\u0119dzie polityki spo\u0142ecznej odpowiedzialno\u015bci przedsi\u0119biorstw w Unii Europejskiej<\/a><\/p>\n<p><strong>Sylwia G\u00d3RZNA<\/strong><br \/>\n<a href=\"http:\/\/ssp.amu.edu.pl\/wp-content\/uploads\/2015\/07\/ssp-2015-1-191.pdf\">Polityczny odd\u017awi\u0119k Deklaracji o stosunku Ko\u015bcio\u0142a do religii niechrze\u015bcija\u0144skich Nostra aetate<\/a><\/p>\n<p><a href=\"http:\/\/ssp.amu.edu.pl\/wp-content\/uploads\/2015\/07\/ssp-2015-1-205.pdf\"><strong>Book Reviews<\/strong><\/a><\/p>\n<ul>\n<li>Witold Szab\u0142owski, Zab\u00f3jca z miasta moreli. Reporta\u017ce z Turcji (K. Wojtkowiak)<\/li>\n<li>Simon Flynn, Naukowa lista przeboj\u00f3w. Wyb\u00f3r fascynuj\u0105cych fakt\u00f3w,anegdot i \u017cart\u00f3w ze skarbnicy nauki (P. Lissewski)<\/li>\n<li>Z akademickiego podw\u00f3rka. Wyk\u0142adowcy o studentach, red. Piotr Lissewski, Dominika Naro\u017cna (Z. Grochal)<\/li>\n<\/ul>\n<p><a href=\"http:\/\/ssp.amu.edu.pl\/wp-content\/uploads\/2015\/07\/sso-2015-1-notki.pdf\"><strong>Contributors<\/strong><\/a><\/p>","protected":false},"excerpt":{"rendered":"<p>Vol. 1\/2015 Editorial page and Contents Wojciech Tomasz MODZELEWSKI Polsko-rosyjskie pogranicze &#8211; od regionu izolowanegodo transgranicznego Marek \u017bMIGRODZKI, Jerzy SZUKALSKI Pozycja ustrojowa Parlamentu Gruzji w latach 1990-2013 Remigiusz ROSICKI The Energy Policy of Poland up to 2050 &#8211; a Critical Analysis Przemys\u0142aw \u017bUKIEWICZ, Rafa\u0142 ZIMNY The Smolensk Tragedy and Its Importance for Political Communicationin Poland [&hellip;]<\/p>\n","protected":false},"author":2,"featured_media":0,"parent":32,"menu_order":0,"comment_status":"closed","ping_status":"open","template":"","meta":{"footnotes":""},"class_list":["post-483","page","type-page","status-publish","hentry"],"_links":{"self":[{"href":"http:\/\/ssp.amu.edu.pl\/en\/wp-json\/wp\/v2\/pages\/483","targetHints":{"allow":["GET"]}}],"collection":[{"href":"http:\/\/ssp.amu.edu.pl\/en\/wp-json\/wp\/v2\/pages"}],"about":[{"href":"http:\/\/ssp.amu.edu.pl\/en\/wp-json\/wp\/v2\/types\/page"}],"author":[{"embeddable":true,"href":"http:\/\/ssp.amu.edu.pl\/en\/wp-json\/wp\/v2\/users\/2"}],"replies":[{"embeddable":true,"href":"http:\/\/ssp.amu.edu.pl\/en\/wp-json\/wp\/v2\/comments?post=483"}],"version-history":[{"count":1,"href":"http:\/\/ssp.amu.edu.pl\/en\/wp-json\/wp\/v2\/pages\/483\/revisions"}],"predecessor-version":[{"id":484,"href":"http:\/\/ssp.amu.edu.pl\/en\/wp-json\/wp\/v2\/pages\/483\/revisions\/484"}],"up":[{"embeddable":true,"href":"http:\/\/ssp.amu.edu.pl\/en\/wp-json\/wp\/v2\/pages\/32"}],"wp:attachment":[{"href":"http:\/\/ssp.amu.edu.pl\/en\/wp-json\/wp\/v2\/media?parent=483"}],"curies":[{"name":"wp","href":"https:\/\/api.w.org\/{rel}","templated":true}]}}