{"id":354,"date":"2014-08-25T10:54:12","date_gmt":"2014-08-25T08:54:12","guid":{"rendered":"http:\/\/ssp.amu.edu.pl\/?page_id=354"},"modified":"2014-12-19T07:17:38","modified_gmt":"2014-12-19T06:17:38","slug":"vol-12014","status":"publish","type":"page","link":"http:\/\/ssp.amu.edu.pl\/en\/archive\/vol-12014\/","title":{"rendered":"Vol. 1\/2014"},"content":{"rendered":"<p><\/p>\n<p><strong>Vol. 1\/2014<a href=\"http:\/\/ssp.amu.edu.pl\/wp-content\/uploads\/2014\/05\/ssp2014_1_okl.jpg\"><img loading=\"lazy\" decoding=\"async\" class=\"alignright  wp-image-248\" alt=\"Ok\u0142adka SSP\" src=\"http:\/\/ssp.amu.edu.pl\/wp-content\/uploads\/2014\/05\/ssp2014_1_okl.jpg\" width=\"150\" height=\"213\" \/><\/a><\/strong><\/p>\n<p><a href=\"http:\/\/ssp.amu.edu.pl\/wp-content\/uploads\/2014\/05\/ssp2014_1_001-006.pdf\">Editorial page and Contents<\/a><\/p>\n<p><strong>Tadeusz BODIO<\/strong><br \/>\n<a href=\"http:\/\/ssp.amu.edu.pl\/wp-content\/uploads\/2014\/05\/ssp2014_1_007-028.pdf\">Z historii ka\u0142muckich elit w\u0142adzy<\/a><\/p>\n<p><strong>Stanis\u0142aw W\u00d3JCIK<\/strong><br \/>\n<a href=\"http:\/\/ssp.amu.edu.pl\/wp-content\/uploads\/2014\/05\/ssp2014_1_029-038.pdf\">Poverty and affluence in Poland in the early 21st century. The assessment of neoliberalism from the perspective of Catholic social teaching<\/a><\/p>\n<p><strong>Wojciech CISAK, Maryian ZHYTARYIUK<\/strong><br \/>\n<a href=\"http:\/\/ssp.amu.edu.pl\/wp-content\/uploads\/2014\/05\/ssp2014_1_039-050.pdf\">The features of the media culture in modern Ukraine<\/a><\/p>\n<p><strong>Svitlana PLEVAK<\/strong><br \/>\n<a href=\"http:\/\/ssp.amu.edu.pl\/wp-content\/uploads\/2014\/05\/ssp2014_1_051-064.pdf\">The problems of public administration reform in modern Ukraine<\/a><\/p>\n<p><strong>Olga MIKHAILUTA<\/strong><br \/>\n<a href=\"http:\/\/ssp.amu.edu.pl\/wp-content\/uploads\/2014\/05\/ssp2014_1_065-072.pdf\">Ukrainian caricature as a form of reflecting the international situation of the country<\/a><\/p>\n<p><strong>Krzysztof KOWALCZYK<\/strong><br \/>\n<a href=\"http:\/\/ssp.amu.edu.pl\/wp-content\/uploads\/2014\/05\/ssp2014_1_073-099.pdf\">The typology of political parties in Poland made on the basis of their political platform<\/a><\/p>\n<p><strong>Violetta JULKOWSKA<\/strong><br \/>\n<a href=\"http:\/\/ssp.amu.edu.pl\/wp-content\/uploads\/2014\/05\/ssp2014_1_101-116.pdf\">An academic book on history as a bestseller \u2013 an analysis of selected examples<\/a><\/p>\n<p><strong>Dosan BAYMOLDA<\/strong><br \/>\n<a href=\"http:\/\/ssp.amu.edu.pl\/wp-content\/uploads\/2014\/05\/ssp2014_1_117-128.pdf\">Global modern problems in the Kazakhstan media<\/a><\/p>\n<p><strong>Irina MOSPANENKO<\/strong><br \/>\n<a href=\"http:\/\/ssp.amu.edu.pl\/wp-content\/uploads\/2014\/05\/ssp2014_1_129-140.pdf\">Local government as seen by R. Gneist \u2013 a representative of German thinking from the second half of the 19th and early 20th century<\/a><\/p>\n<p><strong>Maria W\u0104SICKA<\/strong><br \/>\n<a href=\"http:\/\/ssp.amu.edu.pl\/wp-content\/uploads\/2014\/05\/ssp2014_1_141-156.pdf\">Politicisation of the Polish media or mediatisation of Polish politics? Where the worlds of the media and politics permeate<\/a><\/p>\n<p><strong>Ma\u0142gorzata ADAMIK-SZYSIAK<\/strong><br \/>\n<a href=\"http:\/\/ssp.amu.edu.pl\/wp-content\/uploads\/2014\/05\/ssp2014_1_157-178.pdf\">Pro-attendance campaigns and the attitudes of Poles in the context of elections to the European Parliament.<\/a><\/p>\n<p><a href=\"http:\/\/ssp.amu.edu.pl\/wp-content\/uploads\/2014\/05\/ssp2014_1_179-188.pdf\"><strong>Book Reviews<\/strong><\/a><br \/>\n&#8211; Sz. Kadyrov, O. Brusina, L. Perepelkin, A. Kazankov, I. Skarboro, R. Bobochonov, A. Avdeev, Matrica \u00e8tnologii. O\u00e8erki o teorii i metodologii (Magdalena KAROLAK-MICHALSKA)<br \/>\n&#8211; Wojciech Zi\u00eatara, Mi\u00eadzynarod\u00f3wka Socjalistyczna a socjaldemokracja Europy \u015arodkowo-Wschodniej (Beata KOSOWSKA-G\u0104STO\u0141)<\/p>\n<p><\/p>","protected":false},"excerpt":{"rendered":"<p>Vol. 1\/2014 Editorial page and Contents Tadeusz BODIO Z historii ka\u0142muckich elit w\u0142adzy Stanis\u0142aw W\u00d3JCIK Poverty and affluence in Poland in the early 21st century. The assessment of neoliberalism from the perspective of Catholic social teaching Wojciech CISAK, Maryian ZHYTARYIUK The features of the media culture in modern Ukraine Svitlana PLEVAK The problems of public [&hellip;]<\/p>\n","protected":false},"author":2,"featured_media":0,"parent":32,"menu_order":0,"comment_status":"closed","ping_status":"open","template":"","meta":{"footnotes":""},"class_list":["post-354","page","type-page","status-publish","hentry"],"_links":{"self":[{"href":"http:\/\/ssp.amu.edu.pl\/en\/wp-json\/wp\/v2\/pages\/354","targetHints":{"allow":["GET"]}}],"collection":[{"href":"http:\/\/ssp.amu.edu.pl\/en\/wp-json\/wp\/v2\/pages"}],"about":[{"href":"http:\/\/ssp.amu.edu.pl\/en\/wp-json\/wp\/v2\/types\/page"}],"author":[{"embeddable":true,"href":"http:\/\/ssp.amu.edu.pl\/en\/wp-json\/wp\/v2\/users\/2"}],"replies":[{"embeddable":true,"href":"http:\/\/ssp.amu.edu.pl\/en\/wp-json\/wp\/v2\/comments?post=354"}],"version-history":[{"count":2,"href":"http:\/\/ssp.amu.edu.pl\/en\/wp-json\/wp\/v2\/pages\/354\/revisions"}],"predecessor-version":[{"id":380,"href":"http:\/\/ssp.amu.edu.pl\/en\/wp-json\/wp\/v2\/pages\/354\/revisions\/380"}],"up":[{"embeddable":true,"href":"http:\/\/ssp.amu.edu.pl\/en\/wp-json\/wp\/v2\/pages\/32"}],"wp:attachment":[{"href":"http:\/\/ssp.amu.edu.pl\/en\/wp-json\/wp\/v2\/media?parent=354"}],"curies":[{"name":"wp","href":"https:\/\/api.w.org\/{rel}","templated":true}]}}