{"id":276,"date":"2014-03-14T11:23:13","date_gmt":"2014-03-14T10:23:13","guid":{"rendered":"http:\/\/ssp.amu.edu.pl\/?page_id=276"},"modified":"2014-03-14T11:23:13","modified_gmt":"2014-03-14T10:23:13","slug":"nr-32013","status":"publish","type":"page","link":"http:\/\/ssp.amu.edu.pl\/en\/archive\/nr-32013\/","title":{"rendered":"Vol. 3\/2013"},"content":{"rendered":"<p><strong>Vol. 3\/2013<\/strong><\/p>\n<p><a href=\"http:\/\/ssp.amu.edu.pl\/wp-content\/uploads\/2013\/12\/ssp-2013-3-okl-1str.jpg\">Title page<\/a><\/p>\n<p><a href=\"http:\/\/ssp.amu.edu.pl\/wp-content\/uploads\/2013\/12\/ssp-2013-3-002-004.pdf\">Editorial page and Contents<\/a><\/p>\n<p><strong>Zbigniew CZACH\u00d3R<\/strong><br \/>\n<a href=\"http:\/\/ssp.amu.edu.pl\/wp-content\/uploads\/2013\/12\/ssp-2013-3-007-030.pdf\">Parliamentary dimension of the Polish presidency<\/a><\/p>\n<p><strong>Beata PRZYBYLSKA-MASZNER, Jaros\u0142aw JA\u0143CZAK<\/strong><br \/>\n<a href=\"http:\/\/ssp.amu.edu.pl\/wp-content\/uploads\/2013\/12\/ssp-2013-3-031-048.pdf\">The priorities of the Polish presidency of the Council of the European Union \u2013 the circumstances of their selection and implementation<\/a><\/p>\n<p><strong>Miko\u0142aj J. TOMASZYK<\/strong><br \/>\n<a href=\"http:\/\/ssp.amu.edu.pl\/wp-content\/uploads\/2013\/12\/ssp-2013-3-049-068.pdf\">The determinants and coordination of the message conveyed through the media by the Polish presidency of the Council of the EuropeanUnion in 2011 \u2013 a political science approach<\/a><\/p>\n<p><strong>Agnieszka ST\u0118PI\u0143SKA<\/strong><br \/>\n<a href=\"http:\/\/ssp.amu.edu.pl\/wp-content\/uploads\/2013\/12\/ssp-2013-3-071-086.pdf\">International project:Media coverage of the Polish EU presidency<\/a><\/p>\n<p><strong>Romy W\u00d6HLERT<\/strong><br \/>\n<a href=\"http:\/\/ssp.amu.edu.pl\/wp-content\/uploads\/2013\/12\/ssp-2013-3-087-108.pdf\">Austrian news coverage of Poland during the Polish EU presidency in 2011<\/a><\/p>\n<p><strong>Kha\u00ebl VELDERS, Stijn JOYE, Dani\u00ebl BILTEREYST, Thibault BONTE, Eveline DELCART<\/strong><br \/>\n<a href=\"http:\/\/ssp.amu.edu.pl\/wp-content\/uploads\/2013\/12\/ssp-2013-3-109-120.pdf\">(Un)covering Poland between PR and presidency. A quantitative content analysis of print news coverage of the Polish EU presidency in Flanders<\/a><\/p>\n<p><strong>Romy W\u00d6HLERT<\/strong><br \/>\n<a href=\"http:\/\/ssp.amu.edu.pl\/wp-content\/uploads\/2013\/12\/ssp-2013-3-121-144.pdf\">The German News Coverage of Poland during the Polish EU Presidency<br \/>\nTermin2011<\/a><\/p>\n<p><strong>Anastasia DELIGIAOURI, Martha KATSIOLA<\/strong><br \/>\n<a href=\"http:\/\/ssp.amu.edu.pl\/wp-content\/uploads\/2013\/12\/ssp-2013-3-145-158.pdf\">Facets of the Polish EU presidency on Greek news websites<\/a><\/p>\n<p><strong>Katerina SERAFEIM<\/strong><br \/>\n<a href=\"http:\/\/ssp.amu.edu.pl\/wp-content\/uploads\/2013\/12\/ssp-2013-3-159-176.pdf\">\u201cAny news from Poland?\u201d Representations of the Polish EU presidency<br \/>\nin the Greek media <\/a><\/p>\n<p><strong>Dora PAPADOPOULOU<\/strong><br \/>\n<a href=\"http:\/\/ssp.amu.edu.pl\/wp-content\/uploads\/2013\/12\/ssp-2013-3-177-190.pdf\">The Polish EU presidency in selected Greek media <\/a><\/p>\n<p><strong>Agnieszka ST\u0118PI\u0143SKA<\/strong><br \/>\n<a href=\"http:\/\/ssp.amu.edu.pl\/wp-content\/uploads\/2013\/12\/ssp-2013-3-191-206.pdf\">The Polish EU presidency in the Polish press: Did we actually notice it?<\/a><\/p>\n<p><strong>Artur LIPI\u0143SKI<\/strong><br \/>\n<a href=\"http:\/\/ssp.amu.edu.pl\/wp-content\/uploads\/2013\/12\/ssp-2013-3-207-230.pdf\">The presidency as a task. The image of Poland\u2019s presidency of the Council<br \/>\nof the European Union in selected Polish weekly magazines <\/a><\/p>\n<p><strong>Valentina MARINESCU, Madalina BALASESCU<\/strong><br \/>\n<a href=\"http:\/\/ssp.amu.edu.pl\/wp-content\/uploads\/2013\/12\/ssp-2013-3-231-245.pdf\">Coverage of Poland\u2019s EU presidency in Romanianprinted press and online<br \/>\nmedia \u2013 a descriptive analysis<\/a><\/p>","protected":false},"excerpt":{"rendered":"<p>Vol. 3\/2013 Title page Editorial page and Contents Zbigniew CZACH\u00d3R Parliamentary dimension of the Polish presidency Beata PRZYBYLSKA-MASZNER, Jaros\u0142aw JA\u0143CZAK The priorities of the Polish presidency of the Council of the European Union \u2013 the circumstances of their selection and implementation Miko\u0142aj J. TOMASZYK The determinants and coordination of the message conveyed through the media [&hellip;]<\/p>\n","protected":false},"author":2,"featured_media":0,"parent":32,"menu_order":0,"comment_status":"closed","ping_status":"open","template":"","meta":{"footnotes":""},"class_list":["post-276","page","type-page","status-publish","hentry"],"_links":{"self":[{"href":"http:\/\/ssp.amu.edu.pl\/en\/wp-json\/wp\/v2\/pages\/276","targetHints":{"allow":["GET"]}}],"collection":[{"href":"http:\/\/ssp.amu.edu.pl\/en\/wp-json\/wp\/v2\/pages"}],"about":[{"href":"http:\/\/ssp.amu.edu.pl\/en\/wp-json\/wp\/v2\/types\/page"}],"author":[{"embeddable":true,"href":"http:\/\/ssp.amu.edu.pl\/en\/wp-json\/wp\/v2\/users\/2"}],"replies":[{"embeddable":true,"href":"http:\/\/ssp.amu.edu.pl\/en\/wp-json\/wp\/v2\/comments?post=276"}],"version-history":[{"count":0,"href":"http:\/\/ssp.amu.edu.pl\/en\/wp-json\/wp\/v2\/pages\/276\/revisions"}],"up":[{"embeddable":true,"href":"http:\/\/ssp.amu.edu.pl\/en\/wp-json\/wp\/v2\/pages\/32"}],"wp:attachment":[{"href":"http:\/\/ssp.amu.edu.pl\/en\/wp-json\/wp\/v2\/media?parent=276"}],"curies":[{"name":"wp","href":"https:\/\/api.w.org\/{rel}","templated":true}]}}