{"id":230,"date":"2013-12-23T14:23:23","date_gmt":"2013-12-23T13:23:23","guid":{"rendered":"http:\/\/ssp.amu.edu.pl\/?page_id=230"},"modified":"2014-08-20T15:06:22","modified_gmt":"2014-08-20T13:06:22","slug":"nr-22013","status":"publish","type":"page","link":"http:\/\/ssp.amu.edu.pl\/en\/archive\/nr-22013\/","title":{"rendered":"vol 2\/2013"},"content":{"rendered":"<p><strong>Vol. 2\/2013<\/strong><\/p>\n<p><a href=\"http:\/\/ssp.amu.edu.pl\/wp-content\/uploads\/2013\/06\/ssp-2013-2-title.pdf\">Title page<\/a><\/p>\n<p><a href=\"http:\/\/ssp.amu.edu.pl\/wp-content\/uploads\/2013\/06\/ssp-2013-2-editorial.pdf\">Editorial page<\/a><\/p>\n<p><a href=\"http:\/\/ssp.amu.edu.pl\/wp-content\/uploads\/2014\/08\/ssp2013_2_002-006_v2.pdf\">Contents<\/a><\/p>\n<p><strong>Andrzej Sakson<\/strong><br \/>\n<a href=\"http:\/\/ssp.amu.edu.pl\/wp-content\/uploads\/2013\/06\/ssp-2013-2-007-020.pdf\">Przemiany demograficzne i procesy migracyjne w Obwodzie Kaliningradzkim Federacji Rosyjskiej<\/a><\/p>\n<p><strong>\u0141ukasz Donaj<\/strong><br \/>\n<a href=\"http:\/\/ssp.amu.edu.pl\/wp-content\/uploads\/2013\/06\/ssp-2013-2-021-034.pdf\">Ukraine After the Parliamentary Elections of 2012: Selected Scenarios of the Development of the Political Situation<\/a><\/p>\n<p><strong>Oleg E. Grishin<\/strong><br \/>\n<a href=\"http:\/\/ssp.amu.edu.pl\/wp-content\/uploads\/2013\/06\/ssp-2013-2-035-046.pdf\">\u0422\u0435\u0445\u043d\u043e\u043b\u043e\u0433\u0438\u0447\u0435\u0441\u043a\u0438\u0439 \u0432\u0435\u043a\u0442\u043e\u0440 \u043f\u043e\u043b\u0438\u0442\u0438\u0447\u0435\u0441\u043a\u043e\u0439 \u043d\u0430\u0443\u043a\u0438 \u0438 \u043f\u043e\u043b\u0438\u0442\u0438\u043a\u0438: \u0432\u0437\u0433\u043b\u044f\u0434 \u0438\u0437 \u0420\u043e\u0441\u0441\u0438\u0438<\/a><\/p>\n<p><strong>Marek \u017byromski<\/strong><br \/>\n<a href=\"http:\/\/ssp.amu.edu.pl\/wp-content\/uploads\/2013\/06\/ssp-2013-2-047-066.pdf\">Wsp\u00f3\u0142czesne oblicza w\u0142adzy politycznej &#8211; kilka uwag wst\u0119pnych<\/a><\/p>\n<p><strong>Edward Olszewski<\/strong><br \/>\n<a href=\"http:\/\/ssp.amu.edu.pl\/wp-content\/uploads\/2013\/06\/ssp-2013-2-067-098.pdf\">Pami\u0119\u0107 spo\u0142eczna i polityka historyczna w programach polskich partii politycznych<\/a><\/p>\n<p><strong>Ryszard Kowalczyk<\/strong><br \/>\n<a href=\"http:\/\/ssp.amu.edu.pl\/wp-content\/uploads\/2013\/06\/ssp-2013-2-099-124.pdf\">Zarys tradycji i rozwoju czasopi\u015bmiennictwa regionalistycznego w Wielkopolsce w latach powojennych do 1989 roku<\/a><\/p>\n<p><strong>J\u0119drzej Skrzypczak<\/strong><br \/>\n<a href=\"http:\/\/ssp.amu.edu.pl\/wp-content\/uploads\/2013\/06\/ssp-2013-2-125-142.pdf\">Ochrona wizerunku w dobie tabloidyzacji medi\u00f3w<\/a><\/p>\n<p><strong>Alina Balczy\u0144ska-Kosman<\/strong><br \/>\n<a href=\"http:\/\/ssp.amu.edu.pl\/wp-content\/uploads\/2013\/06\/ssp-2013-2-143-154.pdf\">J\u0119zyk dyskursu publicznego w polskim systemie politycznym<\/a><\/p>\n<p><strong>Agnieszka \u0141ukasik-Turecka<\/strong><br \/>\n<a href=\"http:\/\/ssp.amu.edu.pl\/wp-content\/uploads\/2013\/06\/ssp-2013-2-155-168.pdf\">Magdalena G\u0105sior-Marek kontra Joanna Mucha. Lubelskie dzienniki wobec konfliktu kandydatek do Sejmu w 2011 roku<\/a><\/p>\n<p><strong>Marzena Bara\u0144ska<\/strong><br \/>\n<a href=\"http:\/\/ssp.amu.edu.pl\/wp-content\/uploads\/2013\/06\/ssp-2013-2-169-196.pdf\">Ochrona zdrowia jako element polityki publicznej<\/a><\/p>\n<p><strong>Gra\u017cyna Piechota<\/strong><br \/>\n<a href=\"http:\/\/ssp.amu.edu.pl\/wp-content\/uploads\/2013\/06\/ssp-2013-2-197-224.pdf\">\u0179r\u00f3d\u0142a poparcia wyborczego lokalnych lider\u00f3w w samorz\u0105dowych kampaniach wyborczych (na przyk\u0142adzie kampanii wyborczych prezydent\u00f3w miast na prawach powiatu w 2010 roku)<\/a><\/p>\n<p><strong>Marta Bagi\u0144ska<\/strong><br \/>\n<a href=\"http:\/\/ssp.amu.edu.pl\/wp-content\/uploads\/2014\/08\/ssp2013_2_225-236_v2.pdf\">Ideology as a factor influencing the journalistic message. An analysis based on material from The Times, The Sun and Pravda<\/a><\/p>\n<p><strong>Joanna Taczkowska-Olszewska<\/strong><br \/>\n<a href=\"http:\/\/ssp.amu.edu.pl\/wp-content\/uploads\/2013\/06\/ssp-2013-2-237-258.pdf\">Dzia\u0142ania organ\u00f3w bezpiecze\u0144stwa i porz\u0105dku publicznego jako formy prewencyjnego ingerowania w wolno\u015b\u0107 wypowiedzi<\/a><\/p>\n<p><strong>Marcin \u0141ukaszewski<\/strong><br \/>\n<a href=\"http:\/\/ssp.amu.edu.pl\/wp-content\/uploads\/2013\/06\/ssp-2013-2-259-280.pdf\">Marginalizacja ugrupowa\u0144 ekologicznych na scenach politycznych pa\u0144stw Europy \u015arodkowo-Wschodniej w okresie transformacji ustrojowej<\/a><\/p>\n<p><strong>Joanna Pyrgiel<\/strong><br \/>\n<a href=\"http:\/\/ssp.amu.edu.pl\/wp-content\/uploads\/2013\/06\/ssp-2013-2-281-294.pdf\">EUWT nowa mo\u017cliwo\u015b\u0107 dla wsp\u00f3\u0142dzia\u0142ania na pograniczu polsko-niemieckim<\/a><\/p>\n<p><strong>Maria W\u0105sicka<\/strong><br \/>\n<a href=\"http:\/\/ssp.amu.edu.pl\/wp-content\/uploads\/2013\/06\/ssp-2013-2-295-310.pdf\">Idealny model dziennikarstwa w zderzeniu z rzeczywisto\u015bci\u0105<\/a><\/p>\n<p><strong>Agnieszka Ca\u0142ek<\/strong><br \/>\n<a href=\"http:\/\/ssp.amu.edu.pl\/wp-content\/uploads\/2013\/06\/ssp-2013-2-311-328.pdf\">Tabloidyzacja a konwergencja medi\u00f3w &#8211; obraz wzajemnych zale\u017cno\u015bci w polskim dyskursie publicznym. Analiza przypadku Tomasza Lisa<\/a><\/p>\n<p><strong>Justyna Ku\u015bwik<\/strong><br \/>\n<a href=\"http:\/\/ssp.amu.edu.pl\/wp-content\/uploads\/2013\/06\/ssp-2013-2-329-342.pdf\">Konflikt polityczny z perspektywy teorii zachowania zasob\u00f3w<\/a><\/p>\n<p><strong>\u017betpisbaj Bekbo\u0142atu\u0142y<\/strong><br \/>\n<a href=\"http:\/\/ssp.amu.edu.pl\/wp-content\/uploads\/2013\/06\/ssp-2013-2-343-352.pdf\">Rozw\u00f3j public relations w krajach Wsp\u00f3lnoty Niepodleg\u0142ych Pa\u0144stw<\/a><\/p>","protected":false},"excerpt":{"rendered":"<p>Vol. 2\/2013 Title page Editorial page Contents Andrzej Sakson Przemiany demograficzne i procesy migracyjne w Obwodzie Kaliningradzkim Federacji Rosyjskiej \u0141ukasz Donaj Ukraine After the Parliamentary Elections of 2012: Selected Scenarios of the Development of the Political Situation Oleg E. Grishin \u0422\u0435\u0445\u043d\u043e\u043b\u043e\u0433\u0438\u0447\u0435\u0441\u043a\u0438\u0439 \u0432\u0435\u043a\u0442\u043e\u0440 \u043f\u043e\u043b\u0438\u0442\u0438\u0447\u0435\u0441\u043a\u043e\u0439 \u043d\u0430\u0443\u043a\u0438 \u0438 \u043f\u043e\u043b\u0438\u0442\u0438\u043a\u0438: \u0432\u0437\u0433\u043b\u044f\u0434 \u0438\u0437 \u0420\u043e\u0441\u0441\u0438\u0438 Marek \u017byromski Wsp\u00f3\u0142czesne oblicza w\u0142adzy politycznej [&hellip;]<\/p>\n","protected":false},"author":2,"featured_media":0,"parent":32,"menu_order":0,"comment_status":"closed","ping_status":"open","template":"","meta":{"footnotes":""},"class_list":["post-230","page","type-page","status-publish","hentry"],"_links":{"self":[{"href":"http:\/\/ssp.amu.edu.pl\/en\/wp-json\/wp\/v2\/pages\/230","targetHints":{"allow":["GET"]}}],"collection":[{"href":"http:\/\/ssp.amu.edu.pl\/en\/wp-json\/wp\/v2\/pages"}],"about":[{"href":"http:\/\/ssp.amu.edu.pl\/en\/wp-json\/wp\/v2\/types\/page"}],"author":[{"embeddable":true,"href":"http:\/\/ssp.amu.edu.pl\/en\/wp-json\/wp\/v2\/users\/2"}],"replies":[{"embeddable":true,"href":"http:\/\/ssp.amu.edu.pl\/en\/wp-json\/wp\/v2\/comments?post=230"}],"version-history":[{"count":4,"href":"http:\/\/ssp.amu.edu.pl\/en\/wp-json\/wp\/v2\/pages\/230\/revisions"}],"predecessor-version":[{"id":339,"href":"http:\/\/ssp.amu.edu.pl\/en\/wp-json\/wp\/v2\/pages\/230\/revisions\/339"}],"up":[{"embeddable":true,"href":"http:\/\/ssp.amu.edu.pl\/en\/wp-json\/wp\/v2\/pages\/32"}],"wp:attachment":[{"href":"http:\/\/ssp.amu.edu.pl\/en\/wp-json\/wp\/v2\/media?parent=230"}],"curies":[{"name":"wp","href":"https:\/\/api.w.org\/{rel}","templated":true}]}}