{"id":190,"date":"2013-10-09T12:55:40","date_gmt":"2013-10-09T10:55:40","guid":{"rendered":"http:\/\/ssp.amu.edu.pl\/?page_id=190"},"modified":"2013-10-09T13:19:01","modified_gmt":"2013-10-09T11:19:01","slug":"nr-12013","status":"publish","type":"page","link":"http:\/\/ssp.amu.edu.pl\/en\/archive\/nr-12013\/","title":{"rendered":"Vol. 1\/2013"},"content":{"rendered":"<p><a href=\"http:\/\/ssp.amu.edu.pl\/wp-content\/uploads\/2013\/06\/ssp-1-2012-title.pdf\">Title page<\/a><\/p>\n<p><a href=\"http:\/\/ssp.amu.edu.pl\/wp-content\/uploads\/2013\/06\/ssp-1-2013-editorial.pdf\">Editorial page<\/a><\/p>\n<p><a href=\"http:\/\/ssp.amu.edu.pl\/wp-content\/uploads\/2013\/06\/ssp-1-2013-contents.pdf\">Contents<\/a><\/p>\n<p><strong>Janina FRAS<\/strong><br \/>\n<a href=\"http:\/\/ssp.amu.edu.pl\/wp-content\/uploads\/2013\/06\/ssp-1-2013-007-032.pdf\">O pojmowaniu infotainmentu i nadmiernej rozrywkowo\u015bci medi\u00f3w masowych we wsp\u00f3\u0142czesnym medioznawstwie <\/a><\/p>\n<p><strong>Ma\u0142gorzata LISOWSKA-MAGDZIARZ<\/strong><br \/>\n<a href=\"http:\/\/ssp.amu.edu.pl\/wp-content\/uploads\/2013\/06\/ssp-1-2013-033-054.pdf\">Reprezentacje biedy i wykluczenia spo\u0142ecznego w tabloidach i mediach g\u0142\u00f3wnego nurtu<\/a><\/p>\n<p><strong>Dorota PIONTEK<\/strong><br \/>\n<a href=\"http:\/\/ssp.amu.edu.pl\/wp-content\/uploads\/2013\/06\/ssp-1-2013-055-070.pdf\">Obraz polityki i polityk\u00f3w w polskich serialach telewizyjnych. Na przyk\u0142adzie \u201eRancza\u201d i \u201eEkipy\u201d<b><br \/>\n<\/b><\/a><br \/>\n<strong>Tomasz OLCZYK<\/strong><br \/>\n<a href=\"http:\/\/ssp.amu.edu.pl\/wp-content\/uploads\/2013\/06\/ssp-1-2013-071-090.pdf\">Teoria i praktyka celebrytyzacji politycznej. Celebryci polityczni w internetowych serwisach plotkarskich<\/a><\/p>\n<p><strong>Jacek SOBCZAK<\/strong><br \/>\n<a href=\"http:\/\/ssp.amu.edu.pl\/wp-content\/uploads\/2013\/06\/ssp-1-2013-091-120.pdf\">Europejskie standardy swobody wypowiedzi a fenomen tabloid\u00f3w &#8211; mi\u0119dzy obowi\u0105zkami a odpowiedzialno\u015bci\u0105<\/a><\/p>\n<p><strong>Agnieszka WALECKA-RYNDUCH<\/strong><br \/>\n<a href=\"http:\/\/ssp.amu.edu.pl\/wp-content\/uploads\/2013\/06\/ssp-1-2013-121-138.pdf\">Polityczno\u015b\u0107, polityka i Pan Nergal w kontek\u015bcie tabloidyzacji polskiej sceny politycznej<\/a><\/p>\n<p><strong>Agnieszka HESS<\/strong><br \/>\n<a href=\"http:\/\/ssp.amu.edu.pl\/wp-content\/uploads\/2013\/06\/ssp-1-2013-139-156.pdf\">Ma\u0142opolskie dzienniki regionalne w procesie tabloidyzacji przekazu na temat wybor\u00f3w samorz\u0105dowych &#8211; p\u0142aszczyzna formy<\/a><\/p>\n<p><strong>Agnieszka SZYMA\u0143SKA<\/strong><br \/>\n<a href=\"http:\/\/ssp.amu.edu.pl\/wp-content\/uploads\/2013\/06\/ssp-1-2013-157-172.pdf\">Tabloidyzacja przekazu krakowskich medi\u00f3w regionalnych na temat wybor\u00f3w samorz\u0105dowych &#8211; p\u0142aszczyzna tre\u015bci<\/a><\/p>\n<p><strong>Szymon OSSOWSKI<\/strong><br \/>\n<a href=\"http:\/\/ssp.amu.edu.pl\/wp-content\/uploads\/2013\/06\/ssp-1-2013-173-182.pdf\">Tabloidyzacja program\u00f3w informacyjnych &#8211; przyczynek do bada\u0144<\/a><b><br \/>\n<\/b><\/p>\n<p><strong>Zofia ZAWADZKA<\/strong><br \/>\n<a href=\"http:\/\/ssp.amu.edu.pl\/wp-content\/uploads\/2013\/06\/ssp-1-2013-183-197.pdf\">Infotainment a ochrona prywatno\u015bci os\u00f3b powszechnie znanych<\/a><\/p>\n<p><strong>Adam SZYNOL<\/strong><br \/>\n<a href=\"http:\/\/ssp.amu.edu.pl\/wp-content\/uploads\/2013\/06\/ssp-1-2013-199-214.pdf\">Tabloidyzacja program\u00f3w informacyjnych na przyk\u0142adzie wroc\u0142awskich stacji telewizyjnych<\/a><\/p>\n<p><strong>Krzysztof FLASI\u0143SKI<\/strong><br \/>\n<a href=\"http:\/\/ssp.amu.edu.pl\/wp-content\/uploads\/2013\/06\/ssp-1-2013-215-232.pdf\">Stosowanie technik tabloidyzacyjnych jako element strategii wydawniczej w prasie regionalnej &#8211; przypadek Szczecina<\/a><\/p>\n<p><strong>Wojciech ADAMCZYK<\/strong><br \/>\n<a href=\"http:\/\/ssp.amu.edu.pl\/wp-content\/uploads\/2013\/06\/ssp-1-2013-233-262.pdf\">\u201cGatemania\u201d jako przyk\u0142ad tabloidyzacji \u015bledztw dziennikarskich<\/a><\/p>\n<p><strong>Agnieszka \u0141UKASIK-TURECKA<\/strong><br \/>\n<a href=\"http:\/\/ssp.amu.edu.pl\/wp-content\/uploads\/2013\/06\/ssp-1-2013-263-280.pdf\">Metoda door-to-door i jej zastosowanie przez lubelskich radnych w trakcie kampanii wyborczej do Rady Miasta w 2010 r<\/a><\/p>\n<p><strong>Remigiusz ROSICKI<\/strong><br \/>\n<a href=\"http:\/\/ssp.amu.edu.pl\/wp-content\/uploads\/2013\/06\/ssp-1-2013-281-292.pdf\">Instrumentalisation and Objectification of Human Sexuality<\/a><\/p>\n<p><strong>Pawe\u0142 MALENDOWICZ<\/strong><br \/>\n<a href=\"http:\/\/ssp.amu.edu.pl\/wp-content\/uploads\/2013\/06\/ssp-1-2013-293-314.pdf\">Zideologizowanie przekazu prasy radyklanych ruch\u00f3w spo\u0142ecznych w kontek\u015bcie tabloidyzacji medi\u00f3w (przyk\u0142ad prasy ruchu anarchistycznego)<\/a><\/p>\n<p><strong>Ewa JURGA-WOSIK<\/strong><br \/>\n<a href=\"http:\/\/ssp.amu.edu.pl\/wp-content\/uploads\/2013\/06\/ssp-1-2013-315-328.pdf\">Sportowe pasje kobiet. Przyczynek do jako\u015bciowych bada\u0144 nad zawarto\u015bci\u0105 tre\u015bci w prasie regionalnej i lokalnej Wielkopolski oraz jej pogranicza.<\/a><\/p>\n<p><strong>Agnieszka FILIPIAK<\/strong><br \/>\n<a href=\"http:\/\/ssp.amu.edu.pl\/wp-content\/uploads\/2013\/06\/ssp-1-2013-329-356.pdf\">Komunikowanie polityczne w Ameryce \u0141aci\u0144skiej na przyk\u0142adzie aktywno\u015bci prezydenta Wenezueli &#8211; Hugo Chaveza<\/a><\/p>\n<p><strong>Ryszard CZERNIAWSKI<\/strong><br \/>\n<a href=\"http:\/\/ssp.amu.edu.pl\/wp-content\/uploads\/2013\/06\/ssp-1-2013-357-364.pdf\">Krajowy mechanizm prewencji &#8211;\u00a0 funkcje i zadania Rzecznika Praw Obywatelskich<\/a><\/p>","protected":false},"excerpt":{"rendered":"<p>Title page Editorial page Contents Janina FRAS O pojmowaniu infotainmentu i nadmiernej rozrywkowo\u015bci medi\u00f3w masowych we wsp\u00f3\u0142czesnym medioznawstwie Ma\u0142gorzata LISOWSKA-MAGDZIARZ Reprezentacje biedy i wykluczenia spo\u0142ecznego w tabloidach i mediach g\u0142\u00f3wnego nurtu Dorota PIONTEK Obraz polityki i polityk\u00f3w w polskich serialach telewizyjnych. Na przyk\u0142adzie \u201eRancza\u201d i \u201eEkipy\u201d Tomasz OLCZYK Teoria i praktyka celebrytyzacji politycznej. Celebryci polityczni [&hellip;]<\/p>\n","protected":false},"author":1,"featured_media":0,"parent":32,"menu_order":0,"comment_status":"closed","ping_status":"open","template":"","meta":{"footnotes":""},"class_list":["post-190","page","type-page","status-publish","hentry"],"_links":{"self":[{"href":"http:\/\/ssp.amu.edu.pl\/en\/wp-json\/wp\/v2\/pages\/190","targetHints":{"allow":["GET"]}}],"collection":[{"href":"http:\/\/ssp.amu.edu.pl\/en\/wp-json\/wp\/v2\/pages"}],"about":[{"href":"http:\/\/ssp.amu.edu.pl\/en\/wp-json\/wp\/v2\/types\/page"}],"author":[{"embeddable":true,"href":"http:\/\/ssp.amu.edu.pl\/en\/wp-json\/wp\/v2\/users\/1"}],"replies":[{"embeddable":true,"href":"http:\/\/ssp.amu.edu.pl\/en\/wp-json\/wp\/v2\/comments?post=190"}],"version-history":[{"count":5,"href":"http:\/\/ssp.amu.edu.pl\/en\/wp-json\/wp\/v2\/pages\/190\/revisions"}],"predecessor-version":[{"id":219,"href":"http:\/\/ssp.amu.edu.pl\/en\/wp-json\/wp\/v2\/pages\/190\/revisions\/219"}],"up":[{"embeddable":true,"href":"http:\/\/ssp.amu.edu.pl\/en\/wp-json\/wp\/v2\/pages\/32"}],"wp:attachment":[{"href":"http:\/\/ssp.amu.edu.pl\/en\/wp-json\/wp\/v2\/media?parent=190"}],"curies":[{"name":"wp","href":"https:\/\/api.w.org\/{rel}","templated":true}]}}