{"id":168,"date":"2013-07-26T13:25:24","date_gmt":"2013-07-26T11:25:24","guid":{"rendered":"http:\/\/ssp.amu.edu.pl\/?page_id=168"},"modified":"2013-07-26T13:38:13","modified_gmt":"2013-07-26T11:38:13","slug":"nr-12003","status":"publish","type":"page","link":"http:\/\/ssp.amu.edu.pl\/en\/archive\/nr-12003\/","title":{"rendered":"Vol. 1\/2003"},"content":{"rendered":"<p><\/p>\n<h3>Articles<\/h3>\n<p><strong>Anna Z\u0105bkowicz<\/strong><br \/>\n<a href=\"http:\/\/wnpid.amu.edu.pl\/images\/stories\/ssp\/ssp_2003_1\/sp-3-1-01.pdf\">Stosunki mi\u0119dzy pa\u0144stwem i biznesem a wzrost gospodarki<\/a><\/p>\n<p><strong>Jacek Sobczak<\/strong><br \/>\n<a href=\"http:\/\/wnpid.amu.edu.pl\/images\/stories\/ssp\/ssp_2003_1\/sp-3-1-02.pdf\">Wok\u00f3\u0142 problemu definicji mniejszo\u015bci narodowych<\/a><\/p>\n<p><strong>Ella Zadoro\u017cniuk<\/strong><br \/>\n<a href=\"http:\/\/wnpid.amu.edu.pl\/images\/stories\/ssp\/ssp_2003_1\/sp-3-1-03.pdf\">\u0420\u0435\u0433\u0438\u043e\u043d \u043a\u0430\u043a \u0435\u0434\u0438\u043d\u0438\u0446\u0430 \u0441\u0442\u0430\u0431\u0438\u043b\u044c\u043d\u043e\u0441\u0442\u0438 \u0432 (\u0433\u0435\u043e)\u043f\u043e\u043b\u0438\u0442\u0438\u043a\u0435 XXI \u0432\u0435\u043a\u0430 <\/a><\/p>\n<p><strong>Iwona Massaka<\/strong><br \/>\n<a href=\"http:\/\/wnpid.amu.edu.pl\/images\/stories\/ssp\/ssp_2003_1\/sp-3-1-04.pdf\">Polityczna funkcja muzyki. Antyteza estetyki autonomii dzie\u0142a muzycznego<\/a><\/p>\n<p><strong>Witold Sobczak<\/strong><br \/>\n<a href=\"http:\/\/wnpid.amu.edu.pl\/images\/stories\/ssp\/ssp_2003_1\/sp-3-1-05.pdf\">System prasowy Chorwacji<\/a><\/p>\n<p><strong>Andrzej J\u00f3zef Madera<\/strong><br \/>\n<a href=\"http:\/\/wnpid.amu.edu.pl\/images\/stories\/ssp\/ssp_2003_1\/sp-3-1-06.pdf\">Stosunki polityczne mi\u0119dzy USA a Federacj\u0105 Rosyjsk\u0105 w latach 1991-2001<\/a><\/p>\n<p><strong>Robert Maria\u0144ski<\/strong><br \/>\n<a href=\"http:\/\/wnpid.amu.edu.pl\/images\/stories\/ssp\/ssp_2003_1\/sp-3-1-07.pdf\">Prawna ochrona nazw domen internetowyc<\/a>h<\/p>\n<p><strong>Andrzej J\u00f3zef Madera<\/strong><br \/>\n<a href=\"http:\/\/wnpid.amu.edu.pl\/images\/stories\/ssp\/ssp_2003_1\/sp-3-1-08.pdf\">Fenomen \u201eGazety Wyborczej&#8221;<\/a><\/p>\n<h3><a href=\"http:\/\/wnpid.amu.edu.pl\/images\/stories\/ssp\/ssp_2003_1\/sp-3-1-rec.pdf\">Book reviews<\/a><\/h3>\n<ul>\n<li><em>Oblicza demokracji<\/em>, pod red. R. Legutki i J. Kloczkowskiego (Aleksandra Bagie\u0144ska-Masiota)<\/li>\n<li><em>\u0410\u0431\u0435\u0442\u043a\u0430 \u0443\u043a\u0440\u0430\u0433\u043d\u0441\u043a\u043e\u0433 \u043f\u043e\u043b\u0438\u0442\u0438\u043a\u0438. \u0414\u043e\u0432\u0438\u0434\u043d\u0438\u043a,<\/em> pod red. M. \u0422\u043e\u043c\u0435\u043d\u043a\u043e (\u0141ukasz Donaj)<\/li>\n<li>Tomasz Budnikowski, <em>Bezrobocie na \u015bwiecie i w Polsce<\/em> (Adam Barabasz)<\/li>\n<\/ul>\n<p><\/p>","protected":false},"excerpt":{"rendered":"<p>Articles Anna Z\u0105bkowicz Stosunki mi\u0119dzy pa\u0144stwem i biznesem a wzrost gospodarki Jacek Sobczak Wok\u00f3\u0142 problemu definicji mniejszo\u015bci narodowych Ella Zadoro\u017cniuk \u0420\u0435\u0433\u0438\u043e\u043d \u043a\u0430\u043a \u0435\u0434\u0438\u043d\u0438\u0446\u0430 \u0441\u0442\u0430\u0431\u0438\u043b\u044c\u043d\u043e\u0441\u0442\u0438 \u0432 (\u0433\u0435\u043e)\u043f\u043e\u043b\u0438\u0442\u0438\u043a\u0435 XXI \u0432\u0435\u043a\u0430 Iwona Massaka Polityczna funkcja muzyki. Antyteza estetyki autonomii dzie\u0142a muzycznego Witold Sobczak System prasowy Chorwacji Andrzej J\u00f3zef Madera Stosunki polityczne mi\u0119dzy USA a Federacj\u0105 Rosyjsk\u0105 w latach [&hellip;]<\/p>\n","protected":false},"author":1,"featured_media":0,"parent":32,"menu_order":0,"comment_status":"closed","ping_status":"closed","template":"","meta":{"footnotes":""},"class_list":["post-168","page","type-page","status-publish","hentry"],"_links":{"self":[{"href":"http:\/\/ssp.amu.edu.pl\/en\/wp-json\/wp\/v2\/pages\/168","targetHints":{"allow":["GET"]}}],"collection":[{"href":"http:\/\/ssp.amu.edu.pl\/en\/wp-json\/wp\/v2\/pages"}],"about":[{"href":"http:\/\/ssp.amu.edu.pl\/en\/wp-json\/wp\/v2\/types\/page"}],"author":[{"embeddable":true,"href":"http:\/\/ssp.amu.edu.pl\/en\/wp-json\/wp\/v2\/users\/1"}],"replies":[{"embeddable":true,"href":"http:\/\/ssp.amu.edu.pl\/en\/wp-json\/wp\/v2\/comments?post=168"}],"version-history":[{"count":2,"href":"http:\/\/ssp.amu.edu.pl\/en\/wp-json\/wp\/v2\/pages\/168\/revisions"}],"predecessor-version":[{"id":185,"href":"http:\/\/ssp.amu.edu.pl\/en\/wp-json\/wp\/v2\/pages\/168\/revisions\/185"}],"up":[{"embeddable":true,"href":"http:\/\/ssp.amu.edu.pl\/en\/wp-json\/wp\/v2\/pages\/32"}],"wp:attachment":[{"href":"http:\/\/ssp.amu.edu.pl\/en\/wp-json\/wp\/v2\/media?parent=168"}],"curies":[{"name":"wp","href":"https:\/\/api.w.org\/{rel}","templated":true}]}}