{"id":167,"date":"2013-07-26T13:21:41","date_gmt":"2013-07-26T11:21:41","guid":{"rendered":"http:\/\/ssp.amu.edu.pl\/?page_id=167"},"modified":"2013-07-26T13:29:57","modified_gmt":"2013-07-26T11:29:57","slug":"nr-22003","status":"publish","type":"page","link":"http:\/\/ssp.amu.edu.pl\/en\/archive\/nr-22003\/","title":{"rendered":"Vol. 2\/2003"},"content":{"rendered":"<p><\/p>\n<h3>Articles<\/h3>\n<p><strong>Rafa\u0142 Chwedoruk<\/strong><br \/>\n<a href=\"http:\/\/wnpid.amu.edu.pl\/images\/stories\/ssp\/ssp_2003_2\/sp-3-2-01.pdf\">O anachroniczno\u015bci polskiego kapitalizmu &#8211; niekonserwatywne<br \/>\nkrytyki liberalizmu we wsp\u00f3\u0142czesnej Polsce<\/a><\/p>\n<p><strong>Magdalena Lorenc<\/strong><br \/>\n<a href=\"http:\/\/wnpid.amu.edu.pl\/images\/stories\/ssp\/ssp_2003_2\/sp-3-2-02.pdf\">Formy eskalacji sprzeczno\u015bci w stosunkach mi\u0119dzynarodowych<br \/>\n&#8211; analiza poj\u0119ciowa<\/a><\/p>\n<p><strong>Richard Samuelson<\/strong><br \/>\n<a href=\"http:\/\/wnpid.amu.edu.pl\/images\/stories\/ssp\/ssp_2003_2\/sp-3-2-03.pdf\">Evaluating Democratic Support in Poland: A Case Study of University<br \/>\nStudents<\/a><\/p>\n<p><strong>J\u0119drzej Skrzypczak<\/strong><br \/>\n<a href=\"http:\/\/wnpid.amu.edu.pl\/images\/stories\/ssp\/ssp_2003_2\/sp-3-2-04.pdf\">Projekt ustawy o dzia\u0142alno\u015bci lobbyingowej z 11 marca 2003 r.<\/a><\/p>\n<p><strong>Andrzej J. Madera<\/strong><br \/>\n<a href=\"http:\/\/wnpid.amu.edu.pl\/images\/stories\/ssp\/ssp_2003_2\/sp-3-2-05.pdf\">Fenomen spo\u0142eczno-polityczny Radia Maryja<\/a><\/p>\n<p><strong>Andrzej J. Madera<\/strong><br \/>\n<a href=\"http:\/\/wnpid.amu.edu.pl\/images\/stories\/ssp\/ssp_2003_2\/sp-3-2-06.pdf\">My\u015bl polityczna Jacka Kuronia<\/a><\/p>\n<p><strong>Piotr Borowiec<\/strong><br \/>\n<a href=\"http:\/\/wnpid.amu.edu.pl\/images\/stories\/ssp\/ssp_2003_2\/sp-3-2-07.pdf\">Ruch Stu &#8211; alternatywa dla klasy politycznej powsta\u0142ej w 1989 roku<\/a><br \/>\n<strong><br \/>\nRobert Maria\u0144ski<\/strong><br \/>\n<a href=\"http:\/\/wnpid.amu.edu.pl\/images\/stories\/ssp\/ssp_2003_2\/sp-3-2-08.pdf\">Fotografia w polskim systemie prasowym<\/a><\/p>\n<p><strong>Piotr Piesiewicz<\/strong><br \/>\n<a href=\"http:\/\/wnpid.amu.edu.pl\/images\/stories\/ssp\/ssp_2003_2\/sp-3-2-09.pdf\">Disc Jockey jako tw\u00f3rca zale\u017cny &#8211; problem miksowania utwor\u00f3w w \u015bwietle przepis\u00f3w ustawy z dnia 4 lutego 1994 r. o prawie autorskim i prawach pokrewnych<\/a><\/p>\n<p><strong>Stanis\u0142aw W\u00f3jcik<\/strong><br \/>\n<a href=\"http:\/\/wnpid.amu.edu.pl\/images\/stories\/ssp\/ssp_2003_2\/sp-3-2-10.pdf\">Kierunki przekszta\u0142ce\u0144 \u015bwiadomo\u015bci narodowej Polak\u00f3w w przededniu wej\u015bcia do Unii Europejskiej &#8211; pytania badawcze<\/a><\/p>\n<h3><a href=\"http:\/\/wnpid.amu.edu.pl\/images\/stories\/ssp\/ssp_2003_2\/sp-3-2-rec.pdf\">Book reviews<\/a><\/h3>\n<ul>\n<li>Monika Mucha,<em> Obowi\u0105zki administracji publicznej w sferze dost\u0119pu do informacji<\/em> (Joanna Kasprzak)<\/li>\n<li><em>Mniejszo\u015bci narodowe a media elektroniczne. Bia\u0142oru\u015b, Estonia, Litwa, \u0141otwa, Polska, Ukraina<\/em>, pod red. Andrzeja Sadowskiego oraz Tadeusza Skoczka (Miron J. Musia\u0142)<\/li>\n<li><em>Rynek pracy wobec integracji z Uni\u0105 Europejsk\u0105<\/em>, pod red. Stanis\u0142awy Borkowskiej (Magdalena Wr\u00f3blewska)<\/li>\n<li>Tomasz Lis, Krzysztof Skowro\u0144ski, Mariusz Ziomecki, <em>ABC dziennikarstwa <\/em>(Joanna Taczkowska)<\/li>\n<\/ul>\n<p><\/p>","protected":false},"excerpt":{"rendered":"<p>Articles Rafa\u0142 Chwedoruk O anachroniczno\u015bci polskiego kapitalizmu &#8211; niekonserwatywne krytyki liberalizmu we wsp\u00f3\u0142czesnej Polsce Magdalena Lorenc Formy eskalacji sprzeczno\u015bci w stosunkach mi\u0119dzynarodowych &#8211; analiza poj\u0119ciowa Richard Samuelson Evaluating Democratic Support in Poland: A Case Study of University Students J\u0119drzej Skrzypczak Projekt ustawy o dzia\u0142alno\u015bci lobbyingowej z 11 marca 2003 r. Andrzej J. Madera Fenomen spo\u0142eczno-polityczny [&hellip;]<\/p>\n","protected":false},"author":1,"featured_media":0,"parent":32,"menu_order":0,"comment_status":"closed","ping_status":"open","template":"","meta":{"footnotes":""},"class_list":["post-167","page","type-page","status-publish","hentry"],"_links":{"self":[{"href":"http:\/\/ssp.amu.edu.pl\/en\/wp-json\/wp\/v2\/pages\/167","targetHints":{"allow":["GET"]}}],"collection":[{"href":"http:\/\/ssp.amu.edu.pl\/en\/wp-json\/wp\/v2\/pages"}],"about":[{"href":"http:\/\/ssp.amu.edu.pl\/en\/wp-json\/wp\/v2\/types\/page"}],"author":[{"embeddable":true,"href":"http:\/\/ssp.amu.edu.pl\/en\/wp-json\/wp\/v2\/users\/1"}],"replies":[{"embeddable":true,"href":"http:\/\/ssp.amu.edu.pl\/en\/wp-json\/wp\/v2\/comments?post=167"}],"version-history":[{"count":2,"href":"http:\/\/ssp.amu.edu.pl\/en\/wp-json\/wp\/v2\/pages\/167\/revisions"}],"predecessor-version":[{"id":176,"href":"http:\/\/ssp.amu.edu.pl\/en\/wp-json\/wp\/v2\/pages\/167\/revisions\/176"}],"up":[{"embeddable":true,"href":"http:\/\/ssp.amu.edu.pl\/en\/wp-json\/wp\/v2\/pages\/32"}],"wp:attachment":[{"href":"http:\/\/ssp.amu.edu.pl\/en\/wp-json\/wp\/v2\/media?parent=167"}],"curies":[{"name":"wp","href":"https:\/\/api.w.org\/{rel}","templated":true}]}}