{"id":166,"date":"2013-07-26T13:20:57","date_gmt":"2013-07-26T11:20:57","guid":{"rendered":"http:\/\/ssp.amu.edu.pl\/?page_id=166"},"modified":"2013-07-26T13:26:09","modified_gmt":"2013-07-26T11:26:09","slug":"nr-12004","status":"publish","type":"page","link":"http:\/\/ssp.amu.edu.pl\/en\/archive\/nr-12004\/","title":{"rendered":"Vol. 1\/2004"},"content":{"rendered":"<p><\/p>\n<h3>Articles<\/h3>\n<p><strong>Andrzej J. Madera<\/strong><br \/>\n<a href=\"http:\/\/wnpid.amu.edu.pl\/images\/stories\/ssp\/ssp_2004_1\/sp-4-1-01.pdf\">Akcja Wyborcza Solidarno\u015b\u0107 &#8211; brak marketingu politycznego i medialnego jako jedna z przyczyn upadku<\/a><br \/>\n<strong><br \/>\nElla Zadoro\u017cniuk<\/strong><br \/>\n<a href=\"http:\/\/wnpid.amu.edu.pl\/images\/stories\/ssp\/ssp_2004_1\/sp-4-1-02.pdf\">\u041a\u043e\u043d\u0444\u0440\u043e\u043d\u0442\u0430\u0446\u0438\u044f \u201e\u0440\u0435\u0436\u0438\u043c\u0430 \u043d\u043e\u0440\u043c\u0430\u043b\u0438\u0437\u0430\u0446\u0438\u0438&#8221; \u0438 \u043e\u043f\u043f\u043e\u0437\u0438\u0446\u0438\u0438 \u0432 \u0427\u0435\u0445\u043e\u0441\u043b\u043e\u0432\u0430\u043a\u0438\u0438 \u0432 \u043a\u043e\u043d\u0446\u0435 1980-\u0445 \u0433\u043e\u0434\u043e\u0432 XX \u0432\u0435\u043a\u0430<\/a><\/p>\n<p><strong>Anna Z\u0105bkowicz<\/strong><br \/>\n<a href=\"http:\/\/wnpid.amu.edu.pl\/images\/stories\/ssp\/ssp_2004_1\/sp-4-1-03.pdf\">Rynek jako narz\u0119dzie wolno\u015bci i jako pole walki<br \/>\no panowanie<\/a><\/p>\n<p><strong>Jacek Sobczak<\/strong><br \/>\n<a href=\"http:\/\/wnpid.amu.edu.pl\/images\/stories\/ssp\/ssp_2004_1\/sp-4-1-04.pdf\">Problem uchod\u017ac\u00f3w i migracji w optyce Deklaracji Haskiej<br \/>\nz 2002 r.<\/a><br \/>\n<strong><br \/>\nJadwiga Tudek<\/strong><br \/>\n<a href=\"http:\/\/wnpid.amu.edu.pl\/images\/stories\/ssp\/ssp_2004_1\/sp-4-1-05.pdf\">La politique de soutien au cinema en France.<\/a><br \/>\n<strong><br \/>\nJulia Tarnawskaja<\/strong><br \/>\n<a href=\"http:\/\/wnpid.amu.edu.pl\/images\/stories\/ssp\/ssp_2004_1\/sp-4-1-06.pdf\">W co wierz\u0105 m\u0142odzi? Badania socjologiczne nad religijno\u015bci\u0105 m\u0142odzie\u017cy studiuj\u0105cej w Warszawie<\/a><\/p>\n<p><strong>Szymon Ossowski<\/strong><br \/>\n<a href=\"http:\/\/wnpid.amu.edu.pl\/images\/stories\/ssp\/ssp_2004_1\/sp-4-1-07.pdf\">Kodeks honorowy w Wojsku Polskim III RP<\/a><\/p>\n<p><strong>Sergiej Michalczenko<\/strong><br \/>\n<a href=\"http:\/\/wnpid.amu.edu.pl\/images\/stories\/ssp\/ssp_2004_1\/sp-4-1-08.pdf\">\u0418\u0441\u0442\u043e\u0440\u0438\u043a \u043f\u0440\u0430\u0432\u0430 \u0424. \u0412. \u0422\u0430\u0440\u0430\u043d\u043e\u0432\u0441\u043a\u0438\u0439<\/a><\/p>\n<p><strong>Andrzej J. Madera<\/strong><br \/>\n<a href=\"http:\/\/wnpid.amu.edu.pl\/images\/stories\/ssp\/ssp_2004_1\/sp-4-1-09.pdf\">Wizerunek kobiety w reklamie telewizyjnej<\/a><\/p>\n<h3><a href=\"http:\/\/wnpid.amu.edu.pl\/images\/stories\/ssp\/ssp_2004_1\/sp-4-1-rec.pdf\">Book reviews<\/a><\/h3>\n<ul>\n<li>Grzegorz Ignaczewski, <em>Specyfika marketingu politycznego w Polsce<\/em> (Szymon Ossowski)<\/li>\n<li>Micha\u0142 Dobroczy\u0144ski, <em>Mi\u0119dzynarodowe zwi\u0105zki gospodarki z polityk\u0105<\/em> (Alicja Jorasz)<\/li>\n<li>D. Doli\u0144ski, <em>Psychologiczne mechanizmy reklamy<\/em> (Aleksandra Bagie\u0144ska-Masiota)<\/li>\n<\/ul>\n<p><\/p>","protected":false},"excerpt":{"rendered":"<p>Articles Andrzej J. Madera Akcja Wyborcza Solidarno\u015b\u0107 &#8211; brak marketingu politycznego i medialnego jako jedna z przyczyn upadku Ella Zadoro\u017cniuk \u041a\u043e\u043d\u0444\u0440\u043e\u043d\u0442\u0430\u0446\u0438\u044f \u201e\u0440\u0435\u0436\u0438\u043c\u0430 \u043d\u043e\u0440\u043c\u0430\u043b\u0438\u0437\u0430\u0446\u0438\u0438&#8221; \u0438 \u043e\u043f\u043f\u043e\u0437\u0438\u0446\u0438\u0438 \u0432 \u0427\u0435\u0445\u043e\u0441\u043b\u043e\u0432\u0430\u043a\u0438\u0438 \u0432 \u043a\u043e\u043d\u0446\u0435 1980-\u0445 \u0433\u043e\u0434\u043e\u0432 XX \u0432\u0435\u043a\u0430 Anna Z\u0105bkowicz Rynek jako narz\u0119dzie wolno\u015bci i jako pole walki o panowanie Jacek Sobczak Problem uchod\u017ac\u00f3w i migracji w optyce Deklaracji Haskiej [&hellip;]<\/p>\n","protected":false},"author":1,"featured_media":0,"parent":32,"menu_order":0,"comment_status":"closed","ping_status":"open","template":"","meta":{"footnotes":""},"class_list":["post-166","page","type-page","status-publish","hentry"],"_links":{"self":[{"href":"http:\/\/ssp.amu.edu.pl\/en\/wp-json\/wp\/v2\/pages\/166","targetHints":{"allow":["GET"]}}],"collection":[{"href":"http:\/\/ssp.amu.edu.pl\/en\/wp-json\/wp\/v2\/pages"}],"about":[{"href":"http:\/\/ssp.amu.edu.pl\/en\/wp-json\/wp\/v2\/types\/page"}],"author":[{"embeddable":true,"href":"http:\/\/ssp.amu.edu.pl\/en\/wp-json\/wp\/v2\/users\/1"}],"replies":[{"embeddable":true,"href":"http:\/\/ssp.amu.edu.pl\/en\/wp-json\/wp\/v2\/comments?post=166"}],"version-history":[{"count":1,"href":"http:\/\/ssp.amu.edu.pl\/en\/wp-json\/wp\/v2\/pages\/166\/revisions"}],"predecessor-version":[{"id":170,"href":"http:\/\/ssp.amu.edu.pl\/en\/wp-json\/wp\/v2\/pages\/166\/revisions\/170"}],"up":[{"embeddable":true,"href":"http:\/\/ssp.amu.edu.pl\/en\/wp-json\/wp\/v2\/pages\/32"}],"wp:attachment":[{"href":"http:\/\/ssp.amu.edu.pl\/en\/wp-json\/wp\/v2\/media?parent=166"}],"curies":[{"name":"wp","href":"https:\/\/api.w.org\/{rel}","templated":true}]}}