{"id":1640,"date":"2025-12-19T08:58:19","date_gmt":"2025-12-19T07:58:19","guid":{"rendered":"http:\/\/ssp.amu.edu.pl\/?page_id=1640"},"modified":"2025-12-19T09:01:59","modified_gmt":"2025-12-19T08:01:59","slug":"nr-1-2025","status":"publish","type":"page","link":"http:\/\/ssp.amu.edu.pl\/en\/nr-1-2025\/","title":{"rendered":"- Nr 1\/2025"},"content":{"rendered":"<p><strong>Nr 1\/2025<\/strong><\/p>\n\n\n<div class=\"wp-block-image\">\n<figure class=\"alignright\"><a href=\"http:\/\/ssp.amu.edu.pl\/wp-content\/uploads\/2025\/07\/SSP-1-2025-okladka.jpg\"><img loading=\"lazy\" decoding=\"async\" width=\"212\" height=\"300\" src=\"http:\/\/ssp.amu.edu.pl\/wp-content\/uploads\/2025\/07\/SSP-1-2025-okladka-212x300.jpg\" alt=\"\" class=\"wp-image-1575\" srcset=\"http:\/\/ssp.amu.edu.pl\/wp-content\/uploads\/2025\/07\/SSP-1-2025-okladka-212x300.jpg 212w, http:\/\/ssp.amu.edu.pl\/wp-content\/uploads\/2025\/07\/SSP-1-2025-okladka-722x1024.jpg 722w, http:\/\/ssp.amu.edu.pl\/wp-content\/uploads\/2025\/07\/SSP-1-2025-okladka-768x1089.jpg 768w, http:\/\/ssp.amu.edu.pl\/wp-content\/uploads\/2025\/07\/SSP-1-2025-okladka.jpg 839w\" sizes=\"auto, (max-width: 212px) 100vw, 212px\" \/><\/a><\/figure><\/div>\n\n\n<p><a href=\"http:\/\/ssp.amu.edu.pl\/wp-content\/uploads\/2025\/07\/SSP-1-2025-sp-tr-EN.pdf\">Contents<\/a><\/p>\n\n\n\n<p><strong>Grzegorz Piwnicki, Gracjana Dutkiewicz<\/strong><br><a href=\"http:\/\/ssp.amu.edu.pl\/wp-content\/uploads\/2025\/07\/SSP-1-2025-01.pdf\">Political Culture Through the Ages (Selected Issues and Interpretations)<\/a><\/p>\n\n\n\n<p><strong>Marcin Piechocki<\/strong><br><a href=\"http:\/\/ssp.amu.edu.pl\/wp-content\/uploads\/2025\/07\/SSP-1-2025-02.pdf\">Through a Distorted Lens: A Critical Portrayal of Reality in the Weekly &#8220;Kaktus&#8221; during the Pozna\u0144 International Fair 1957-1960<\/a><\/p>\n\n\n\n<p><strong>El\u017cbieta Wa\u017cna<\/strong><br><a href=\"http:\/\/ssp.amu.edu.pl\/wp-content\/uploads\/2025\/07\/SSP-1-2025-03.pdf\">Wp\u0142yw cyfryzacji na rozw\u00f3j samorz\u0105du terytorialnego w Polsce<\/a><\/p>\n\n\n\n<p><strong>Piotr Pawlak<\/strong><br><a href=\"http:\/\/ssp.amu.edu.pl\/wp-content\/uploads\/2025\/07\/SSP-1-2025-04.pdf\">Sense of Agency and Trust in the Political System of Citizens of the Countries of Central and Eastern Europe in the Context of Political Orientation<\/a><\/p>\n\n\n\n<p><strong>Sylwester Wr\u00f3bel, Mateusz Wajzer<\/strong><br><a href=\"http:\/\/ssp.amu.edu.pl\/wp-content\/uploads\/2025\/07\/SSP-1-2025-05.pdf\">The Development of Rational Choice Theories of Voting: Selected Methodological Aspects<\/a><\/p>\n\n\n\n<p><strong>Marcin Zubek<\/strong><br><a href=\"http:\/\/ssp.amu.edu.pl\/wp-content\/uploads\/2025\/07\/SSP-1-2025-06.pdf\">NATO&#8217;s Role in Supporting Democracy in the Eastern Partnership Countries<\/a><\/p>\n\n\n\n<p><strong>Micha\u0142 Nowicki<\/strong><br><a href=\"http:\/\/ssp.amu.edu.pl\/wp-content\/uploads\/2024\/12\/SSP-2-2024-07A.pdf\">Prospects for the Implementation of the Global Governance Concept in the Face of the War in Ukraine<\/a><\/p>\n\n\n\n<p><strong>Kinga Anna Gajda<\/strong><br><a href=\"http:\/\/ssp.amu.edu.pl\/wp-content\/uploads\/2025\/07\/SSP-1-2025-08.pdf\">Central Europe as a Borderland of Experience: The Communist Legacy and Poland&#8217;s Attitude Toward Ukrainian Refugges<\/a><\/p>\n\n\n\n<p><strong>Ma\u0142gorzata \u0141akota-Micker, El\u017cbieta Szyszlak<\/strong><br><a href=\"http:\/\/ssp.amu.edu.pl\/wp-content\/uploads\/2025\/07\/SSP-1-2025-09.pdf\">Montenegro&#8217;s Policy Towards the Roma. Internal and International Dimensions<\/a><\/p>\n\n\n\n<p><strong>Tomasz Kwoka<\/strong><br><a href=\"http:\/\/ssp.amu.edu.pl\/wp-content\/uploads\/2025\/07\/SSP-1-2025-10.pdf\">Vojvodina after Autonomy. Conceptions of the New Status of Vojvodina in Serbia at the Turn of the 2oth and 21 st Centuries<\/a><\/p>\n\n\n\n<p><strong>Tadeusz Kopy\u015b<\/strong><br><a href=\"http:\/\/ssp.amu.edu.pl\/wp-content\/uploads\/2025\/07\/SSP-1-2025-11.pdf\">Evolution of the Concept of Nation in Hungarian Politics after 1989<\/a><\/p>\n\n\n\n<p><a href=\"http:\/\/ssp.amu.edu.pl\/wp-content\/uploads\/2025\/07\/SSP-1-2025-Noty.pdf\"><strong>Contributors<\/strong><\/a><\/p>","protected":false},"excerpt":{"rendered":"<p>Nr 1\/2025 Contents Grzegorz Piwnicki, Gracjana DutkiewiczPolitical Culture Through the Ages (Selected Issues and Interpretations) Marcin PiechockiThrough a Distorted Lens: A Critical Portrayal of Reality in the Weekly &#8220;Kaktus&#8221; during the Pozna\u0144 International Fair 1957-1960 El\u017cbieta Wa\u017cnaWp\u0142yw cyfryzacji na rozw\u00f3j samorz\u0105du terytorialnego w Polsce Piotr PawlakSense of Agency and Trust in the Political System of [&hellip;]<\/p>\n","protected":false},"author":6,"featured_media":0,"parent":0,"menu_order":0,"comment_status":"closed","ping_status":"closed","template":"","meta":{"footnotes":""},"class_list":["post-1640","page","type-page","status-publish","hentry"],"_links":{"self":[{"href":"http:\/\/ssp.amu.edu.pl\/en\/wp-json\/wp\/v2\/pages\/1640","targetHints":{"allow":["GET"]}}],"collection":[{"href":"http:\/\/ssp.amu.edu.pl\/en\/wp-json\/wp\/v2\/pages"}],"about":[{"href":"http:\/\/ssp.amu.edu.pl\/en\/wp-json\/wp\/v2\/types\/page"}],"author":[{"embeddable":true,"href":"http:\/\/ssp.amu.edu.pl\/en\/wp-json\/wp\/v2\/users\/6"}],"replies":[{"embeddable":true,"href":"http:\/\/ssp.amu.edu.pl\/en\/wp-json\/wp\/v2\/comments?post=1640"}],"version-history":[{"count":2,"href":"http:\/\/ssp.amu.edu.pl\/en\/wp-json\/wp\/v2\/pages\/1640\/revisions"}],"predecessor-version":[{"id":1643,"href":"http:\/\/ssp.amu.edu.pl\/en\/wp-json\/wp\/v2\/pages\/1640\/revisions\/1643"}],"wp:attachment":[{"href":"http:\/\/ssp.amu.edu.pl\/en\/wp-json\/wp\/v2\/media?parent=1640"}],"curies":[{"name":"wp","href":"https:\/\/api.w.org\/{rel}","templated":true}]}}