{"id":164,"date":"2013-07-26T13:19:49","date_gmt":"2013-07-26T11:19:49","guid":{"rendered":"http:\/\/ssp.amu.edu.pl\/?page_id=164"},"modified":"2013-07-26T13:30:55","modified_gmt":"2013-07-26T11:30:55","slug":"nr-22004","status":"publish","type":"page","link":"http:\/\/ssp.amu.edu.pl\/en\/archive\/nr-22004\/","title":{"rendered":"Vol. 2\/2004"},"content":{"rendered":"<p><\/p>\n<h3>Articles<\/h3>\n<p><strong>Ryszard Paradowski<\/strong><br \/>\n<a href=\"http:\/\/wnpid.amu.edu.pl\/images\/stories\/ssp\/ssp_2004_2\/sp-4-2-01.pdf\">W\u0142adza i prawo. Studium z hermeneutyki politycznej<\/a><\/p>\n<p><strong>Andrzej Tudek<\/strong><br \/>\n<a href=\"http:\/\/wnpid.amu.edu.pl\/images\/stories\/ssp\/ssp_2004_2\/sp-4-2-02.pdf\">Kulturowa teoria kapitalizmu<\/a><\/p>\n<p><strong>Ryszard Kowalczyk<\/strong><br \/>\n<a href=\"http:\/\/wnpid.amu.edu.pl\/images\/stories\/ssp\/ssp_2004_2\/sp-4-2-03.pdf\">Prasa lokalna &#8211; mi\u0119dzy misj\u0105 a rynkiem<\/a><\/p>\n<p><strong>Andrzej Stelmach<\/strong><br \/>\n<a href=\"http:\/\/wnpid.amu.edu.pl\/images\/stories\/ssp\/ssp_2004_2\/sp-4-2-04.pdf\">Budowa podstaw systemu partyjnego wsp\u00f3\u0142czesnej Rosji<\/a><\/p>\n<p><strong>E. \u0414. \u0424\u0443\u0440\u043c\u0430\u043d<\/strong><br \/>\n<a href=\"http:\/\/wnpid.amu.edu.pl\/images\/stories\/ssp\/ssp_2004_2\/sp-4-2-05.pdf\">\u041b\u0438\u0442\u043e\u0432\u0441\u043a\u0438\u0439 \u043f\u0443\u0442\u044c \u043a \u0434\u0435\u043c\u043e\u043a\u0440\u0430\u0442\u0438\u0438<\/a><\/p>\n<p><strong>Marzena Wr\u00f3bel<\/strong><br \/>\n<a href=\"http:\/\/wnpid.amu.edu.pl\/images\/stories\/ssp\/ssp_2004_2\/sp-4-2-06.pdf\">Proces pokojowy w Irlandii P\u00f3\u0142nocnej w latach 90-tych i perspektywy uregulowania konfliktu<\/a><\/p>\n<p><strong>Jerzy Z\u0105bkowicz<\/strong><br \/>\n<a href=\"http:\/\/wnpid.amu.edu.pl\/images\/stories\/ssp\/ssp_2004_2\/sp-4-2-07.pdf\">Grupa Agora &#8211; poszukiwanie drogi rozwoju<\/a><br \/>\n<strong><br \/>\nAlicja Jorasz<\/strong><br \/>\n<a href=\"http:\/\/wnpid.amu.edu.pl\/images\/stories\/ssp\/ssp_2004_2\/sp-4-2-08.pdf\">Regulacje prawne post\u0119powania antydumpingowego w Polsce w \u015bwietle przyst\u0105pienia do Unii Europejskiej<\/a><\/p>\n<p><strong>Magdalena Waniewska<\/strong><br \/>\n<a href=\"http:\/\/wnpid.amu.edu.pl\/images\/stories\/ssp\/ssp_2004_2\/sp-4-2-09.pdf\">Mienie i nadz\u00f3r samorz\u0105du stanowego wsi piastowskiej<\/a><br \/>\n<strong><br \/>\nKrzysztof Patkowski<\/strong><br \/>\n<a href=\"http:\/\/wnpid.amu.edu.pl\/images\/stories\/ssp\/ssp_2004_2\/sp-4-2-10.pdf\">Realizacja programu reprywatyzacji w Polsce w latach 1989-2001 (aspekt polityczny i ideologiczny)<\/a><\/p>\n<h3><a href=\"http:\/\/wnpid.amu.edu.pl\/images\/stories\/ssp\/ssp_2004_2\/sp-4-2-rec.pdf\">Book reviews<\/a><\/h3>\n<ul>\n<li>Oliver Thomson, <em>Historia propagandy<\/em> (Aleksandra Bagie\u0144ska-Masiota)<\/li>\n<li>Grzegorz Sibiga,<em> Post\u0119powanie w sprawach ochrony danych osobowych<\/em> (Marcin Halkiewicz)<\/li>\n<li>Piotr Legutko, Dobros\u0142aw Rodziewicz, <em>Mity czwartej w\u0142adzy. Dla widz\u00f3w, s\u0142uchaczy i czytaczy<\/em> (Anna Spalony)<strong><br \/>\n<\/strong><\/li>\n<\/ul>\n<p><\/p>","protected":false},"excerpt":{"rendered":"<p>Articles Ryszard Paradowski W\u0142adza i prawo. Studium z hermeneutyki politycznej Andrzej Tudek Kulturowa teoria kapitalizmu Ryszard Kowalczyk Prasa lokalna &#8211; mi\u0119dzy misj\u0105 a rynkiem Andrzej Stelmach Budowa podstaw systemu partyjnego wsp\u00f3\u0142czesnej Rosji E. \u0414. \u0424\u0443\u0440\u043c\u0430\u043d \u041b\u0438\u0442\u043e\u0432\u0441\u043a\u0438\u0439 \u043f\u0443\u0442\u044c \u043a \u0434\u0435\u043c\u043e\u043a\u0440\u0430\u0442\u0438\u0438 Marzena Wr\u00f3bel Proces pokojowy w Irlandii P\u00f3\u0142nocnej w latach 90-tych i perspektywy uregulowania konfliktu Jerzy Z\u0105bkowicz [&hellip;]<\/p>\n","protected":false},"author":1,"featured_media":0,"parent":32,"menu_order":0,"comment_status":"closed","ping_status":"open","template":"","meta":{"footnotes":""},"class_list":["post-164","page","type-page","status-publish","hentry"],"_links":{"self":[{"href":"http:\/\/ssp.amu.edu.pl\/en\/wp-json\/wp\/v2\/pages\/164","targetHints":{"allow":["GET"]}}],"collection":[{"href":"http:\/\/ssp.amu.edu.pl\/en\/wp-json\/wp\/v2\/pages"}],"about":[{"href":"http:\/\/ssp.amu.edu.pl\/en\/wp-json\/wp\/v2\/types\/page"}],"author":[{"embeddable":true,"href":"http:\/\/ssp.amu.edu.pl\/en\/wp-json\/wp\/v2\/users\/1"}],"replies":[{"embeddable":true,"href":"http:\/\/ssp.amu.edu.pl\/en\/wp-json\/wp\/v2\/comments?post=164"}],"version-history":[{"count":3,"href":"http:\/\/ssp.amu.edu.pl\/en\/wp-json\/wp\/v2\/pages\/164\/revisions"}],"predecessor-version":[{"id":178,"href":"http:\/\/ssp.amu.edu.pl\/en\/wp-json\/wp\/v2\/pages\/164\/revisions\/178"}],"up":[{"embeddable":true,"href":"http:\/\/ssp.amu.edu.pl\/en\/wp-json\/wp\/v2\/pages\/32"}],"wp:attachment":[{"href":"http:\/\/ssp.amu.edu.pl\/en\/wp-json\/wp\/v2\/media?parent=164"}],"curies":[{"name":"wp","href":"https:\/\/api.w.org\/{rel}","templated":true}]}}