{"id":163,"date":"2013-07-26T13:19:01","date_gmt":"2013-07-26T11:19:01","guid":{"rendered":"http:\/\/ssp.amu.edu.pl\/?page_id=163"},"modified":"2013-07-26T13:26:43","modified_gmt":"2013-07-26T11:26:43","slug":"nr-12005","status":"publish","type":"page","link":"http:\/\/ssp.amu.edu.pl\/en\/archive\/nr-12005\/","title":{"rendered":"Vol. 1\/2005"},"content":{"rendered":"<p><\/p>\n<h3>Articles<\/h3>\n<p><strong>Wiera PARADOWSKA, Ryszard PARADOWSKI<\/strong><br \/>\n<a href=\"http:\/\/wnpid.amu.edu.pl\/images\/stories\/ssp\/ssp_2005_1\/sp-5-1-01.pdf\">Podmiotowo\u015b\u0107 jako transcendencja. Przyczynek do definicji podmiotowo\u015bci politycznej<\/a><\/p>\n<p><strong>Wojciech ZIELI\u0143SKI<\/strong><br \/>\n<a href=\"http:\/\/wnpid.amu.edu.pl\/images\/stories\/ssp\/ssp_2005_1\/sp-5-1-02.pdf\">Krytyczny pluralizm w mediach, czyli kilka uwag o kapitale idei<\/a><\/p>\n<p><strong>Szymon OSSOWSKI<\/strong><br \/>\n<a href=\"http:\/\/wnpid.amu.edu.pl\/images\/stories\/ssp\/ssp_2005_1\/sp-5-1-03.pdf\">Pluralizm w mediach a wolno\u015b\u0107 wyboru jako fundament liberalnej demokracji<\/a><\/p>\n<p><strong>Agnieszka ST\u0118PI\u0143SKA<\/strong><br \/>\n<a href=\"http:\/\/wnpid.amu.edu.pl\/images\/stories\/ssp\/ssp_2005_1\/sp-5-1-04.pdf\">Telewizyjna kampania referendalna jako arena rywalizacji politycznej. Referendum unijne w Polsce w 2003 r.<\/a><\/p>\n<p><strong>Ewa JURGA<\/strong><br \/>\n<a href=\"http:\/\/wnpid.amu.edu.pl\/images\/stories\/ssp\/ssp_2005_1\/sp-5-1-05.pdf\">Ograniczenia niezale\u017cno\u015bci w uk\u0142adzie dziennikarz &#8211; redaktor naczelny &#8211; wydawca (w\u0142a\u015bciciel) w prasie lokalnej<\/a><br \/>\n<strong><br \/>\nMiron MUSIA\u0141<\/strong><br \/>\n<a href=\"http:\/\/wnpid.amu.edu.pl\/images\/stories\/ssp\/ssp_2005_1\/sp-5-1-06.pdf\">Bia\u0142oruskie \u015brodki masowej informacji &#8211; kryzys permanentny?<\/a><\/p>\n<p><strong>Borys CZYHIN<\/strong><br \/>\n<a href=\"http:\/\/wnpid.amu.edu.pl\/images\/stories\/ssp\/ssp_2005_1\/sp-5-1-07.pdf\">Reklama spo\u0142eczna w Polsce po 1989 roku<\/a><\/p>\n<p><strong>Olga NADSKAKU\u0141A<\/strong><br \/>\n<a href=\"http:\/\/wnpid.amu.edu.pl\/images\/stories\/ssp\/ssp_2005_1\/sp-5-1-08.pdf\">Zach\u00f3d jako punkt odniesienia rosyjskiej polityki zagranicznej<\/a><\/p>\n<p><strong>Marcin CYBULSKI<\/strong><br \/>\n<a href=\"http:\/\/wnpid.amu.edu.pl\/images\/stories\/ssp\/ssp_2005_1\/sp-5-1-09.pdf\">Zmiany w stosunkach Rosja-unia Europejska. Przyczyny i konsekwencje<\/a><\/p>\n<p><strong>Marzena WR\u00d3BEL<\/strong><br \/>\n<a href=\"http:\/\/wnpid.amu.edu.pl\/images\/stories\/ssp\/ssp_2005_1\/sp-5-1-10.pdf\">Czy \u201ePolacy s\u0105 Irlandczykami kontynentu&#8230;&#8221;?<\/a><br \/>\n<strong><br \/>\nPrzemys\u0142aw OSIEWICZ<\/strong><br \/>\n<a href=\"http:\/\/wnpid.amu.edu.pl\/images\/stories\/ssp\/ssp_2005_1\/sp-5-1-11.pdf\">The Comparison of the Finnish Security Policy in 1990 and 2002<\/a><\/p>\n<p><strong>Iwona MASSAKA<\/strong><br \/>\n<a href=\"http:\/\/wnpid.amu.edu.pl\/images\/stories\/ssp\/ssp_2005_1\/sp-5-1-12.pdf\">Epifenomenalny i istotowy wymiar muzyki w polityce<\/a><\/p>\n<h3><a href=\"http:\/\/wnpid.amu.edu.pl\/images\/stories\/ssp\/ssp_2005_1\/sp-5-1-rec.pdf\">Book reviews<\/a><\/h3>\n<ul>\n<li>Ireneusz Topolski, <em>Si\u0142a militarna w polityce zagranicznej Federacji Rosyjskiej<\/em> (Krzysztof Wasilewski)<\/li>\n<li>Jurij Drozdow, Walerij Jegozarjan,<em> \u015awiatowa Terrorystyczna&#8230; <\/em>(\u0141ukasz Donaj)<\/li>\n<li>Al Ries, Laura Ries, <em>Upadek reklamy i wzlot public relations<\/em> (Magdalena Jakimiak)<\/li>\n<li>Kuba Giedroj\u0107, <em>Public Relations w administracji<\/em> (Krzysztof Marcinowski)<\/li>\n<\/ul>\n<p><\/p>","protected":false},"excerpt":{"rendered":"<p>Articles Wiera PARADOWSKA, Ryszard PARADOWSKI Podmiotowo\u015b\u0107 jako transcendencja. Przyczynek do definicji podmiotowo\u015bci politycznej Wojciech ZIELI\u0143SKI Krytyczny pluralizm w mediach, czyli kilka uwag o kapitale idei Szymon OSSOWSKI Pluralizm w mediach a wolno\u015b\u0107 wyboru jako fundament liberalnej demokracji Agnieszka ST\u0118PI\u0143SKA Telewizyjna kampania referendalna jako arena rywalizacji politycznej. Referendum unijne w Polsce w 2003 r. Ewa JURGA [&hellip;]<\/p>\n","protected":false},"author":1,"featured_media":0,"parent":32,"menu_order":0,"comment_status":"closed","ping_status":"open","template":"","meta":{"footnotes":""},"class_list":["post-163","page","type-page","status-publish","hentry"],"_links":{"self":[{"href":"http:\/\/ssp.amu.edu.pl\/en\/wp-json\/wp\/v2\/pages\/163","targetHints":{"allow":["GET"]}}],"collection":[{"href":"http:\/\/ssp.amu.edu.pl\/en\/wp-json\/wp\/v2\/pages"}],"about":[{"href":"http:\/\/ssp.amu.edu.pl\/en\/wp-json\/wp\/v2\/types\/page"}],"author":[{"embeddable":true,"href":"http:\/\/ssp.amu.edu.pl\/en\/wp-json\/wp\/v2\/users\/1"}],"replies":[{"embeddable":true,"href":"http:\/\/ssp.amu.edu.pl\/en\/wp-json\/wp\/v2\/comments?post=163"}],"version-history":[{"count":1,"href":"http:\/\/ssp.amu.edu.pl\/en\/wp-json\/wp\/v2\/pages\/163\/revisions"}],"predecessor-version":[{"id":171,"href":"http:\/\/ssp.amu.edu.pl\/en\/wp-json\/wp\/v2\/pages\/163\/revisions\/171"}],"up":[{"embeddable":true,"href":"http:\/\/ssp.amu.edu.pl\/en\/wp-json\/wp\/v2\/pages\/32"}],"wp:attachment":[{"href":"http:\/\/ssp.amu.edu.pl\/en\/wp-json\/wp\/v2\/media?parent=163"}],"curies":[{"name":"wp","href":"https:\/\/api.w.org\/{rel}","templated":true}]}}