{"id":162,"date":"2013-07-26T13:17:45","date_gmt":"2013-07-26T11:17:45","guid":{"rendered":"http:\/\/ssp.amu.edu.pl\/?page_id=162"},"modified":"2013-07-26T13:31:21","modified_gmt":"2013-07-26T11:31:21","slug":"nr-22005","status":"publish","type":"page","link":"http:\/\/ssp.amu.edu.pl\/en\/archive\/nr-22005\/","title":{"rendered":"Vol. 2\/2005"},"content":{"rendered":"<p><\/p>\n<h3>Articles<\/h3>\n<p><strong>Iwona SOBIERAJ<\/strong><br \/>\n<a href=\"http:\/\/wnpid.amu.edu.pl\/images\/stories\/ssp\/ssp_2005_2\/sp-5-2-01.pdf\">Problemy wielokulturowo\u015bci na Ukrainie<\/a><\/p>\n<p><strong>Arkadiusz MODRZEJEWSKI<\/strong><br \/>\n<a href=\"http:\/\/wnpid.amu.edu.pl\/images\/stories\/ssp\/ssp_2005_2\/sp-5-2-02.pdf\">Cywilizacyjno-kulturowy kontekst \u201epomara\u0144czowej rewolucji&#8221;<br \/>\nna Ukrainie<\/a><\/p>\n<p><strong>\u0141ukasz DONAJ<\/strong><br \/>\n<a href=\"http:\/\/wnpid.amu.edu.pl\/images\/stories\/ssp\/ssp_2005_2\/sp-5-2-03.pdf\">Pomara\u0144czowa Rewolucja na Ukrainie z trockizmem w tle<\/a><\/p>\n<p><strong>Ryszard KOWALCZYK<\/strong><br \/>\n<a href=\"http:\/\/wnpid.amu.edu.pl\/images\/stories\/ssp\/ssp_2005_2\/sp-5-2-04.pdf\">Ilo\u015bciowe i jako\u015bciowe przeobra\u017cenia prasy lokalnej w Polsce<br \/>\nw latach 90. XX wieku<\/a><\/p>\n<p><strong>Norbert GILL<\/strong><br \/>\n<a href=\"http:\/\/wnpid.amu.edu.pl\/images\/stories\/ssp\/ssp_2005_2\/sp-5-2-05.pdf\">Dziennikarskie formy sprawozdawczo\u015bci s\u0105dowej<\/a><\/p>\n<p><strong>Ella ZADORO\u017bNIUK<\/strong><br \/>\n<a href=\"http:\/\/wnpid.amu.edu.pl\/images\/stories\/ssp\/ssp_2005_2\/sp-5-2-06.pdf\">\u041e\u0422 \u043c\u0440\u0430\u043a\u0430 \u00ab\u043d\u043e\u0440\u043c\u0430\u043b\u0438\u0437\u0430\u0446\u0438\u0438\u00bb \u043a \u043c\u0438\u0440\u0430\u0436\u0443 \u0434\u0435\u043c\u043e\u043a\u0440\u0430\u0442\u0438\u0437\u0430\u0446\u0438\u0438: \u043a \u0432\u043e\u043f\u0440\u043e\u0441\u0443<br \/>\n\u043e \u00ab\u0431\u0430\u0440\u0445\u0430\u0442\u043d\u043e\u043c\u00bb \u0440\u0430\u0437\u0432\u043e\u0434\u0435 \u0427\u0435\u0445\u043e\u0432 \u0438 \u0421\u043b\u043e\u0432\u0430\u043a\u043e\u0432<\/a><\/p>\n<p><strong>Adas JAKUBAUSKAS<\/strong><br \/>\n<a href=\"http:\/\/wnpid.amu.edu.pl\/images\/stories\/ssp\/ssp_2005_2\/sp-5-2-07.pdf\">S\u0105judis a Partia Komunistyczna Litwy<\/a><\/p>\n<p><strong>Tomasz RAKOWSKI<\/strong><br \/>\n<a href=\"http:\/\/wnpid.amu.edu.pl\/images\/stories\/ssp\/ssp_2005_2\/sp-5-2-08.pdf\">Ofiara i oczekiwanie. Badania nad pewnym lokalnym do\u015bwiadczeniem industrializacji <\/a><\/p>\n<p><strong>Marcin WIECZOREK<\/strong><br \/>\n<a href=\"http:\/\/wnpid.amu.edu.pl\/images\/stories\/ssp\/ssp_2005_2\/sp-5-2-09.pdf\">Internet a spo\u0142ecze\u0144stwo otwarte<\/a><\/p>\n<p><strong>Marcin RACHWA\u0141<\/strong><br \/>\n<a href=\"http:\/\/wnpid.amu.edu.pl\/images\/stories\/ssp\/ssp_2005_2\/sp-5-2-10.pdf\">Referendum jako forma udzia\u0142u obywateli w kierowaniu sprawami publicznymi<\/a><\/p>\n<p><strong>Bara NDIAYE<\/strong><br \/>\n<a href=\"http:\/\/wnpid.amu.edu.pl\/images\/stories\/ssp\/ssp_2005_2\/sp-5-2-11.pdf\">Ewolucja pejza\u017cu audiowizualnego we Francji<\/a><\/p>\n<p><strong>Jerzy Z\u0104BKOWICZ<\/strong><br \/>\n<a href=\"http:\/\/wnpid.amu.edu.pl\/images\/stories\/ssp\/ssp_2005_2\/sp-5-2-12.pdf\">Inwestycje zagraniczne w Europie \u015arodkowo-Wschodniej. W poszukiwaniu ma\u0142ych barier wej\u015bcia<\/a><\/p>\n<p><strong>Katarzyna CHOLEWA<\/strong><br \/>\n<a href=\"http:\/\/wnpid.amu.edu.pl\/images\/stories\/ssp\/ssp_2005_2\/sp-5-2-13.pdf\">Wybrane zagadnienia prasy rolniczej na terenie Wielkopolski po 1945 roku i wsp\u00f3\u0142cze\u015bnie<\/a><\/p>\n<p><strong>Inga OLEKSIUK<\/strong><br \/>\n<a href=\"http:\/\/wnpid.amu.edu.pl\/images\/stories\/ssp\/ssp_2005_2\/sp-5-2-14.pdf\">Granice spo\u0142ecznej tolerancji<\/a><\/p>\n<p><strong>Monika TORCZY\u0143SKA-JARECKA<\/strong><br \/>\n<a href=\"http:\/\/wnpid.amu.edu.pl\/images\/stories\/ssp\/ssp_2005_2\/sp-5-2-15.pdf\">Anomia czas\u00f3w transformacji &#8211; refleksje w perspektywie deprywacji potrzeby bezpiecze\u0144stwa osobistego i prawnego<\/a><\/p>\n<h3><a href=\"http:\/\/wnpid.amu.edu.pl\/images\/stories\/ssp\/ssp_2005_2\/sp-5-2-rec.pdf\">Book reviews<\/a><\/h3>\n<ul>\n<li>Fedir Zastawnyj, Witold Kusi\u0144ski, <em>Ukraina. Przyroda &#8211; Ludno\u015b\u0107- Gospodarka<\/em> (\u0141ukasz Donaj)<\/li>\n<li>Tadeusz Kie\u0142kowski, <em>Sprawa administracyjna<\/em> (Marcin Halkiewicz)<\/li>\n<li><em>Rolnictwo polskie we Wsp\u00f3lnej Polityce Rolnej Unii Europejskiej<\/em>, red. nauk. Zdzis\u0142aw W. Pu\u015blecki, Maciej Walkowski (Alicja Jorasz)<\/li>\n<li>Bartosz Jankowski,<em> W dziesi\u0119ciolecie Traktatu Polsko-Litewskiego. Relacje mi\u0119dzypa\u0144stwowe w ostatniej dekadzie XX w.<\/em> (Witold Machura)<\/li>\n<li>Kerschaw Ian, tom I,<em> Hitler 1889-1936 Hybris<\/em>; tom II, <em>Hitler 1936-1941 Nemezis<\/em>, cz\u0119\u015b\u0107 I; <em>Hitler 1941-1945 Nemezis<\/em>, cz\u0119\u015b\u0107 II (Jacek Bochi\u0144ski)<\/li>\n<li><em>Cudowny Kinemo. Rosyjska my\u015bl filmowa<\/em>, pod red. Tadeusza Szczepa\u0144skiego i Bogus\u0142awa \u017by\u0142ki (Anna Misiak)<\/li>\n<\/ul>\n<p><\/p>","protected":false},"excerpt":{"rendered":"<p>Articles Iwona SOBIERAJ Problemy wielokulturowo\u015bci na Ukrainie Arkadiusz MODRZEJEWSKI Cywilizacyjno-kulturowy kontekst \u201epomara\u0144czowej rewolucji&#8221; na Ukrainie \u0141ukasz DONAJ Pomara\u0144czowa Rewolucja na Ukrainie z trockizmem w tle Ryszard KOWALCZYK Ilo\u015bciowe i jako\u015bciowe przeobra\u017cenia prasy lokalnej w Polsce w latach 90. XX wieku Norbert GILL Dziennikarskie formy sprawozdawczo\u015bci s\u0105dowej Ella ZADORO\u017bNIUK \u041e\u0422 \u043c\u0440\u0430\u043a\u0430 \u00ab\u043d\u043e\u0440\u043c\u0430\u043b\u0438\u0437\u0430\u0446\u0438\u0438\u00bb \u043a \u043c\u0438\u0440\u0430\u0436\u0443 \u0434\u0435\u043c\u043e\u043a\u0440\u0430\u0442\u0438\u0437\u0430\u0446\u0438\u0438: \u043a [&hellip;]<\/p>\n","protected":false},"author":1,"featured_media":0,"parent":32,"menu_order":0,"comment_status":"closed","ping_status":"open","template":"","meta":{"footnotes":""},"class_list":["post-162","page","type-page","status-publish","hentry"],"_links":{"self":[{"href":"http:\/\/ssp.amu.edu.pl\/en\/wp-json\/wp\/v2\/pages\/162","targetHints":{"allow":["GET"]}}],"collection":[{"href":"http:\/\/ssp.amu.edu.pl\/en\/wp-json\/wp\/v2\/pages"}],"about":[{"href":"http:\/\/ssp.amu.edu.pl\/en\/wp-json\/wp\/v2\/types\/page"}],"author":[{"embeddable":true,"href":"http:\/\/ssp.amu.edu.pl\/en\/wp-json\/wp\/v2\/users\/1"}],"replies":[{"embeddable":true,"href":"http:\/\/ssp.amu.edu.pl\/en\/wp-json\/wp\/v2\/comments?post=162"}],"version-history":[{"count":1,"href":"http:\/\/ssp.amu.edu.pl\/en\/wp-json\/wp\/v2\/pages\/162\/revisions"}],"predecessor-version":[{"id":179,"href":"http:\/\/ssp.amu.edu.pl\/en\/wp-json\/wp\/v2\/pages\/162\/revisions\/179"}],"up":[{"embeddable":true,"href":"http:\/\/ssp.amu.edu.pl\/en\/wp-json\/wp\/v2\/pages\/32"}],"wp:attachment":[{"href":"http:\/\/ssp.amu.edu.pl\/en\/wp-json\/wp\/v2\/media?parent=162"}],"curies":[{"name":"wp","href":"https:\/\/api.w.org\/{rel}","templated":true}]}}