{"id":161,"date":"2013-07-26T13:16:50","date_gmt":"2013-07-26T11:16:50","guid":{"rendered":"http:\/\/ssp.amu.edu.pl\/?page_id=161"},"modified":"2013-07-26T13:27:11","modified_gmt":"2013-07-26T11:27:11","slug":"nr-12006","status":"publish","type":"page","link":"http:\/\/ssp.amu.edu.pl\/en\/archive\/nr-12006\/","title":{"rendered":"Vol. 1\/2006"},"content":{"rendered":"<p><\/p>\n<h3>Articles<\/h3>\n<p><strong>Ryszard PARADOWSKI<\/strong><br \/>\n<a href=\"http:\/\/wnpid.amu.edu.pl\/images\/stories\/ssp\/ssp_2006_1\/sp-6-1-01.pdf\"><em>Pro choice <\/em>i <em>pro life<\/em> &#8211; rozbie\u017cne dyskursy. Przyczynek do problemu debaty i konstruowania obiektywno\u015bci<\/a><\/p>\n<p><strong>Agnieszka MROZIK<\/strong><br \/>\n<a href=\"http:\/\/wnpid.amu.edu.pl\/images\/stories\/ssp\/ssp_2006_1\/sp-6-1-02.pdf\">Fallokracja czy waginocentryzm? G\u0142os feministek we wsp\u00f3\u0142czesnej debacie o p\u0142ci, j\u0119zyku i kulturze<\/a><\/p>\n<p><strong>Dagmara PRYSTACKA<\/strong><br \/>\n<a href=\"http:\/\/wnpid.amu.edu.pl\/images\/stories\/ssp\/ssp_2006_1\/sp-6-1-03.pdf\">Zaw\u00f3d &#8211; \u017cona polityka. Rola kobiet w kreowaniu wizerunku politycznego<\/a><\/p>\n<p><strong>Magdalena \u015aNIADECKA-KOTARSKA<\/strong><br \/>\n<a href=\"http:\/\/wnpid.amu.edu.pl\/images\/stories\/ssp\/ssp_2006_1\/sp-6-1-04.pdf\">Kobiety w migracjach przesiedle\u0144czych w Peru (1980-2000)<\/a><\/p>\n<p><strong>Hanna JAXA-RO\u017bEN<\/strong><br \/>\n<a href=\"http:\/\/wnpid.amu.edu.pl\/images\/stories\/ssp\/ssp_2006_1\/sp-6-1-05.pdf\">Podmiot feministyczny w koncepcjach Luce Irigaray, Julii Kristevy<br \/>\noraz Donny Haraway<\/a><\/p>\n<p><strong>Klaudia KA\u0141\u0104\u017bNA<\/strong><br \/>\n<a href=\"http:\/\/wnpid.amu.edu.pl\/images\/stories\/ssp\/ssp_2006_1\/sp-6-1-06.pdf\">Pozycja kobiet na polskim rynku pracy. Uwarunkowania prawne i rzeczywisto\u015b\u0107<\/a><\/p>\n<p><strong>Wojciech STANKIEWICZ<\/strong><br \/>\n<a href=\"http:\/\/wnpid.amu.edu.pl\/images\/stories\/ssp\/ssp_2006_1\/sp-6-1-07.pdf\">Status prawny kobiet w Polsce w \u015bwietle ustawodawstwa Unii Europejskiej<\/a><\/p>\n<p><strong>Karolina LEWICKA<\/strong><br \/>\n<a href=\"http:\/\/wnpid.amu.edu.pl\/images\/stories\/ssp\/ssp_2006_1\/sp-6-1-08.pdf\">Kobieta trendy &#8211; czyli o maltretowaniu cia\u0142a<\/a><\/p>\n<p><strong>Robert JURSZO<\/strong><br \/>\n<a href=\"http:\/\/wnpid.amu.edu.pl\/images\/stories\/ssp\/ssp_2006_1\/sp-6-1-09.pdf\">Maskulinizm, radykalna polityka i po\u017cytek z wyobra\u017ani: pragmatyzm<br \/>\na feminizm w uj\u0119ciu Richarda Rorty&#8217;ego<\/a><br \/>\n<strong><br \/>\nNatalia KLEJDYSZ<\/strong><br \/>\n<a href=\"http:\/\/wnpid.amu.edu.pl\/images\/stories\/ssp\/ssp_2006_1\/sp-6-1-10.pdf\">Andrea Dworkin &#8211; najbardziej znienawidzona feministka<\/a><\/p>\n<p><strong>Agata ZAWISZEWSKA<\/strong><br \/>\n<a href=\"http:\/\/wnpid.amu.edu.pl\/images\/stories\/ssp\/ssp_2006_1\/sp-6-1-11.pdf\">Literatura kobiet w latach 1918-1939 z perspektywy feministycznej.<br \/>\nRekonesans<\/a><\/p>\n<p><strong>Danuta D\u0104BROWSKA<\/strong><br \/>\n<a href=\"http:\/\/wnpid.amu.edu.pl\/images\/stories\/ssp\/ssp_2006_1\/sp-6-1-12.pdf\">Przestrzenie egzystencji kobiet w poezji stanu wojennego<\/a><\/p>\n<p><strong>Marcin \u017b\u00d3\u0141TKOWSKI<\/strong><br \/>\n<a href=\"http:\/\/wnpid.amu.edu.pl\/images\/stories\/ssp\/ssp_2006_1\/sp-6-1-13.pdf\">Homo-niewiadomo, stereotypy a rzeczywisto\u015b\u0107 <\/a><\/p>\n<h3>\n<a href=\"http:\/\/wnpid.amu.edu.pl\/images\/stories\/ssp\/ssp_2006_1\/sp-6-1-rec.pdf\">Book reviews<\/a><\/h3>\n<ul>\n<li>David Friedman, <em>Pan Niepokorny. Kulturowa historia penisa <\/em>(Natalia Klejdysz)<\/li>\n<li>Maria Bogucka, <em>Gorsza p\u0142e\u0107. Kobieta w dziejach Europy od antyku po wiek XXI<\/em> (Alicja Jorasz)<\/li>\n<li>Anna Maria Sigmund, <em>Kobiety nazist\u00f3w, Brunatna Seria <\/em>(Jacek Bochi\u0144ski)<\/li>\n<li>Rafa\u0142 Paprzycki, <em>Prawnokarna analiza zjawiska satanizmu w Polsce<\/em> (Szymon Schroeder)<\/li>\n<li>Sylviane Agacinski, <em>Polityka p\u0142ci<\/em> (Magdalena Lorenc)<\/li>\n<\/ul>\n<p><\/p>","protected":false},"excerpt":{"rendered":"<p>Articles Ryszard PARADOWSKI Pro choice i pro life &#8211; rozbie\u017cne dyskursy. Przyczynek do problemu debaty i konstruowania obiektywno\u015bci Agnieszka MROZIK Fallokracja czy waginocentryzm? G\u0142os feministek we wsp\u00f3\u0142czesnej debacie o p\u0142ci, j\u0119zyku i kulturze Dagmara PRYSTACKA Zaw\u00f3d &#8211; \u017cona polityka. Rola kobiet w kreowaniu wizerunku politycznego Magdalena \u015aNIADECKA-KOTARSKA Kobiety w migracjach przesiedle\u0144czych w Peru (1980-2000) Hanna [&hellip;]<\/p>\n","protected":false},"author":1,"featured_media":0,"parent":32,"menu_order":0,"comment_status":"closed","ping_status":"open","template":"","meta":{"footnotes":""},"class_list":["post-161","page","type-page","status-publish","hentry"],"_links":{"self":[{"href":"http:\/\/ssp.amu.edu.pl\/en\/wp-json\/wp\/v2\/pages\/161","targetHints":{"allow":["GET"]}}],"collection":[{"href":"http:\/\/ssp.amu.edu.pl\/en\/wp-json\/wp\/v2\/pages"}],"about":[{"href":"http:\/\/ssp.amu.edu.pl\/en\/wp-json\/wp\/v2\/types\/page"}],"author":[{"embeddable":true,"href":"http:\/\/ssp.amu.edu.pl\/en\/wp-json\/wp\/v2\/users\/1"}],"replies":[{"embeddable":true,"href":"http:\/\/ssp.amu.edu.pl\/en\/wp-json\/wp\/v2\/comments?post=161"}],"version-history":[{"count":1,"href":"http:\/\/ssp.amu.edu.pl\/en\/wp-json\/wp\/v2\/pages\/161\/revisions"}],"predecessor-version":[{"id":172,"href":"http:\/\/ssp.amu.edu.pl\/en\/wp-json\/wp\/v2\/pages\/161\/revisions\/172"}],"up":[{"embeddable":true,"href":"http:\/\/ssp.amu.edu.pl\/en\/wp-json\/wp\/v2\/pages\/32"}],"wp:attachment":[{"href":"http:\/\/ssp.amu.edu.pl\/en\/wp-json\/wp\/v2\/media?parent=161"}],"curies":[{"name":"wp","href":"https:\/\/api.w.org\/{rel}","templated":true}]}}