{"id":160,"date":"2013-07-26T13:15:57","date_gmt":"2013-07-26T11:15:57","guid":{"rendered":"http:\/\/ssp.amu.edu.pl\/?page_id=160"},"modified":"2013-07-26T13:32:19","modified_gmt":"2013-07-26T11:32:19","slug":"nr-22006","status":"publish","type":"page","link":"http:\/\/ssp.amu.edu.pl\/en\/archive\/nr-22006\/","title":{"rendered":"Vol. 2\/2006"},"content":{"rendered":"<p><\/p>\n<h3>Articles<\/h3>\n<p><strong>Wiera PARADOWSKA, Ryszard PARADOWSKI<\/strong><br \/>\n<a href=\"http:\/\/wnpid.amu.edu.pl\/images\/stories\/ssp\/ssp_2006_2\/sp-6-2-01.pdf\">W sprawie \u201edekalogu&#8221; etyki politycznej liberalnej demokracji<\/a><\/p>\n<p><strong>Magdalena LORENC<\/strong><br \/>\n<a href=\"http:\/\/wnpid.amu.edu.pl\/images\/stories\/ssp\/ssp_2006_2\/sp-6-2-02.pdf\">Antecedencje konfliktu arabsko-izraelskiego<\/a><\/p>\n<p><strong>Przemys\u0142aw OSIEWICZ<\/strong><br \/>\n<a href=\"http:\/\/wnpid.amu.edu.pl\/images\/stories\/ssp\/ssp_2006_2\/sp-6-2-03.pdf\">Kwestia cypryjska po roku 2004: pojednanie czy podzia\u0142?<\/a><\/p>\n<p><strong>Tomasz R. SZYMCZY\u0143SKI<\/strong><br \/>\n<a href=\"http:\/\/wnpid.amu.edu.pl\/images\/stories\/ssp\/ssp_2006_2\/sp-6-2-04.pdf\">Droga Austrii do cz\u0142onkostwa w Unii Europejskiej<\/a><\/p>\n<p><strong>Wojciech STANKIEWICZ<\/strong><br \/>\n<a href=\"http:\/\/wnpid.amu.edu.pl\/images\/stories\/ssp\/ssp_2006_2\/sp-6-2-05.pdf\">Konsekwencje zmian polityczno-ekonomicznych w Rosji po upadku komunizmu<\/a><\/p>\n<p><strong>Ryszard KOWALCZYK<\/strong><br \/>\n<a href=\"http:\/\/wnpid.amu.edu.pl\/images\/stories\/ssp\/ssp_2006_2\/sp-6-2-06.pdf\">Ewolucja zawarto\u015bci prasy lokalnej w Polsce w latach dziewi\u0119\u0107dziesi\u0105tych XX wieku<\/a><\/p>\n<p><strong>Artur WIERZBICKI<\/strong><br \/>\n<a href=\"http:\/\/wnpid.amu.edu.pl\/images\/stories\/ssp\/ssp_2006_2\/sp-6-2-07.pdf\">Wizerunek samorz\u0105du terytorialnego w prasie lokalnej<\/a><\/p>\n<p><strong>Agnieszka ST\u0118PI\u0143SKA<\/strong><br \/>\n<a href=\"http:\/\/wnpid.amu.edu.pl\/images\/stories\/ssp\/ssp_2006_2\/sp-6-2-08.pdf\">Wizerunek polityka lokalnego i rola \u015brodk\u00f3w masowego przekazu w jego kszta\u0142towaniu<\/a><\/p>\n<p><strong>Iwona MASSAKA<\/strong><br \/>\n<a href=\"http:\/\/wnpid.amu.edu.pl\/images\/stories\/ssp\/ssp_2006_2\/sp-6-2-09.pdf\">Radiowa manipulacja s\u0142uchaczem za pomoc\u0105 materia\u0142u muzycznego<\/a><\/p>\n<p><strong>Krzysztof GO\u0141ATA<\/strong><br \/>\n<a href=\"http:\/\/wnpid.amu.edu.pl\/images\/stories\/ssp\/ssp_2006_2\/sp-6-2-10.pdf\">Rynek jako czynnik ograniczaj\u0105cy wolno\u015b\u0107 s\u0142owa<\/a><\/p>\n<p><strong>Adam BARABASZ<\/strong><br \/>\n<a href=\"http:\/\/wnpid.amu.edu.pl\/images\/stories\/ssp\/ssp_2006_2\/sp-6-2-11.pdf\">Europejski Fundusz Spo\u0142eczny jako instrument aktywizacji zawodowej os\u00f3b niepe\u0142nosprawnych w Polsce w latach 2004-2006<\/a><\/p>\n<p><strong>Milena KRENZ<\/strong><br \/>\n<a href=\"http:\/\/wnpid.amu.edu.pl\/images\/stories\/ssp\/ssp_2006_2\/sp-6-2-12.pdf\">Ukrai\u0144skie spo\u0142ecze\u0144stwo &#8211; spo\u0142ecze\u0144stwem obywatelskim?<\/a><\/p>\n<p><strong>\u0421\u0430\u0438\u043f\u043e\u0432 \u0410\u041b\u0418\u0428\u0415\u0420<\/strong><br \/>\n<a href=\"http:\/\/wnpid.amu.edu.pl\/images\/stories\/ssp\/ssp_2006_2\/sp-6-2-13.pdf\">\u0412\u043b\u0438\u044f\u043d\u0438\u0435 \u0437\u0430\u0440\u0443\u0431\u0435\u0436\u043d\u044b\u0445 \u0421\u041c\u0418 \u043d\u0430 \u0438\u043d\u0444\u043e\u0440\u043c\u0430\u0446\u0438\u043e\u043d\u043d\u043e\u0435 \u043f\u0440\u043e\u0441\u0442\u0440\u0430\u043d\u0441\u0442\u0432\u043e \u041a\u044b\u0440\u0433\u044b\u0437\u0441\u0442\u0430\u043d\u0430<\/a><\/p>\n<h3>\n<a href=\"http:\/\/wnpid.amu.edu.pl\/images\/stories\/ssp\/ssp_2006_2\/sp-6-2-rec.pdf\">Book reviews<\/a><\/h3>\n<ul>\n<li>Leszek Sidorowicz, <em>Ekonomiczne konsekwencje funkcjonowania granic pa\u0144stwowych<\/em> (Alicja Jorasz)<\/li>\n<li>Maria Jarosz, <em>Polska. Ale jaka?<\/em> (Robert Grochowski)<\/li>\n<li><em>\u201eSolidarno\u015b\u0107&#8221; w imieniu narodu i obywateli<\/em>, red. M. Latoszek (Wojciech Zieli\u0144ski)<\/li>\n<\/ul>\n<p><\/p>","protected":false},"excerpt":{"rendered":"<p>Articles Wiera PARADOWSKA, Ryszard PARADOWSKI W sprawie \u201edekalogu&#8221; etyki politycznej liberalnej demokracji Magdalena LORENC Antecedencje konfliktu arabsko-izraelskiego Przemys\u0142aw OSIEWICZ Kwestia cypryjska po roku 2004: pojednanie czy podzia\u0142? Tomasz R. SZYMCZY\u0143SKI Droga Austrii do cz\u0142onkostwa w Unii Europejskiej Wojciech STANKIEWICZ Konsekwencje zmian polityczno-ekonomicznych w Rosji po upadku komunizmu Ryszard KOWALCZYK Ewolucja zawarto\u015bci prasy lokalnej w Polsce [&hellip;]<\/p>\n","protected":false},"author":1,"featured_media":0,"parent":32,"menu_order":0,"comment_status":"closed","ping_status":"open","template":"","meta":{"footnotes":""},"class_list":["post-160","page","type-page","status-publish","hentry"],"_links":{"self":[{"href":"http:\/\/ssp.amu.edu.pl\/en\/wp-json\/wp\/v2\/pages\/160","targetHints":{"allow":["GET"]}}],"collection":[{"href":"http:\/\/ssp.amu.edu.pl\/en\/wp-json\/wp\/v2\/pages"}],"about":[{"href":"http:\/\/ssp.amu.edu.pl\/en\/wp-json\/wp\/v2\/types\/page"}],"author":[{"embeddable":true,"href":"http:\/\/ssp.amu.edu.pl\/en\/wp-json\/wp\/v2\/users\/1"}],"replies":[{"embeddable":true,"href":"http:\/\/ssp.amu.edu.pl\/en\/wp-json\/wp\/v2\/comments?post=160"}],"version-history":[{"count":1,"href":"http:\/\/ssp.amu.edu.pl\/en\/wp-json\/wp\/v2\/pages\/160\/revisions"}],"predecessor-version":[{"id":180,"href":"http:\/\/ssp.amu.edu.pl\/en\/wp-json\/wp\/v2\/pages\/160\/revisions\/180"}],"up":[{"embeddable":true,"href":"http:\/\/ssp.amu.edu.pl\/en\/wp-json\/wp\/v2\/pages\/32"}],"wp:attachment":[{"href":"http:\/\/ssp.amu.edu.pl\/en\/wp-json\/wp\/v2\/media?parent=160"}],"curies":[{"name":"wp","href":"https:\/\/api.w.org\/{rel}","templated":true}]}}