{"id":159,"date":"2013-07-26T13:15:15","date_gmt":"2013-07-26T11:15:15","guid":{"rendered":"http:\/\/ssp.amu.edu.pl\/?page_id=159"},"modified":"2013-07-26T13:28:04","modified_gmt":"2013-07-26T11:28:04","slug":"nr-12007","status":"publish","type":"page","link":"http:\/\/ssp.amu.edu.pl\/en\/archive\/nr-12007\/","title":{"rendered":"Vol. 1\/2007"},"content":{"rendered":"<p><\/p>\n<h3>Articles<\/h3>\n<p><strong>Monika KARBOWSKA<\/strong><br \/>\n<a href=\"http:\/\/wnpid.amu.edu.pl\/images\/stories\/ssp\/ssp_2007_1\/sp-7-1-01.pdf\">Dlaczego Francuzi odrzucili Europejski Traktat Konstytucyjny?<\/a><\/p>\n<p><strong>Teresa JAKUBOWSKA, Jan BARA\u0143SKI<\/strong><br \/>\n<a href=\"http:\/\/wnpid.amu.edu.pl\/images\/stories\/ssp\/ssp_2007_1\/sp-7-1-02.pdf\">G\u0142os kobiet: jaka ma by\u0107 nowa Europa?<\/a><\/p>\n<p><a href=\"http:\/\/wnpid.amu.edu.pl\/images\/stories\/ssp\/ssp_2007_1\/sp-7-1-03.pdf\">Deklaracja Brukselska<\/a><\/p>\n<p><a href=\"http:\/\/wnpid.amu.edu.pl\/images\/stories\/ssp\/ssp_2007_1\/sp-7-1-04.pdf\">Deklaracja przyj\u0119ta z okazji pi\u0119\u0107dziesi\u0105tej rocznicy podpisania traktat\u00f3w rzymskich \u201eDeklaracja Berli\u0144ska&#8221;<\/a><\/p>\n<p><strong>Ryszard PARADOWSKI<\/strong><br \/>\n<a href=\"http:\/\/wnpid.amu.edu.pl\/images\/stories\/ssp\/ssp_2007_1\/sp-7-1-05.pdf\">W sprawie projektu Preambu\u0142y do Konstytucji Unii Europejskiej<\/a><\/p>\n<p><strong>Jacek SOBCZAK<\/strong><br \/>\n<a href=\"http:\/\/wnpid.amu.edu.pl\/images\/stories\/ssp\/ssp_2007_1\/sp-7-1-06.pdf\">Wolno\u015b\u0107 wypowiedzi a ochrona d\u00f3br osobistych os\u00f3b pe\u0142ni\u0105cych funkcje publiczne<\/a><\/p>\n<p><strong>Szymon OSSOWSKI<\/strong><br \/>\n<a href=\"http:\/\/wnpid.amu.edu.pl\/images\/stories\/ssp\/ssp_2007_1\/sp-7-1-07.pdf\">Jan Pawe\u0142 II a demokracja<\/a><\/p>\n<p><strong>Dominika NARO\u017bNA<\/strong><br \/>\n<a href=\"http:\/\/wnpid.amu.edu.pl\/images\/stories\/ssp\/ssp_2007_1\/sp-7-1-08.pdf\">\u015arodki spo\u0142ecznego przekazu w pontyfikacie Jana Paw\u0142a II<\/a><\/p>\n<p><strong>Piotr FORECKI<\/strong><br \/>\n<a href=\"http:\/\/wnpid.amu.edu.pl\/images\/stories\/ssp\/ssp_2007_1\/sp-7-1-09.pdf\">Obraz wroga w antyunijnym dyskursie na \u0142amach czasopisma \u201eSzczerbiec&#8221;<\/a><\/p>\n<p><strong>Piotr BULAK<\/strong><br \/>\n<a href=\"http:\/\/wnpid.amu.edu.pl\/images\/stories\/ssp\/ssp_2007_1\/sp-7-1-10.pdf\">Presja \u015brodowiska jako determinanta konsumpcji medi\u00f3w<\/a><\/p>\n<p><strong>Piotr BOROWIEC<\/strong><br \/>\n<a href=\"http:\/\/wnpid.amu.edu.pl\/images\/stories\/ssp\/ssp_2007_1\/sp-7-1-11.pdf\">Korupcja w III RP &#8211; obszary szczeg\u00f3lnego wyst\u0119powania<\/a><\/p>\n<p><strong>Milena KRENZ<\/strong><br \/>\n<a href=\"http:\/\/wnpid.amu.edu.pl\/images\/stories\/ssp\/ssp_2007_1\/sp-7-1-12.pdf\">Unia Europejska &#8211; Ukraina: Czy wszystko zmiesza\u0142o si\u0119 na zawsze<\/a><\/p>\n<p><strong>Maria MICHUR-ZIEMBA<\/strong><br \/>\n<a href=\"http:\/\/wnpid.amu.edu.pl\/images\/stories\/ssp\/ssp_2007_1\/sp-7-1-13.pdf\">Cele i zasady funkcjonowania Wsp\u00f3lnoty Niepodleg\u0142ych Pa\u0144stw<\/a><\/p>\n<p><strong>Krzysztof PATKOWSKI<\/strong><br \/>\n<a href=\"http:\/\/wnpid.amu.edu.pl\/images\/stories\/ssp\/ssp_2007_1\/sp-7-1-14.pdf\">Odrodzenie obywatela w Polsce i NRD szesna\u015bcie lat po rozpocz\u0119ciu transformacji  systemowej<\/a><\/p>\n<p><strong>Edyta BARA\u0143SKA<\/strong><br \/>\n<a href=\"http:\/\/wnpid.amu.edu.pl\/images\/stories\/ssp\/ssp_2007_1\/sp-7-1-15.pdf\">\u201eOna nie by\u0142a jedn\u0105 z nas&#8221;. Wok\u00f3\u0142 \u201efeminizmu&#8221; Hannah Arendt<\/a><\/p>\n<p><strong>\u0414\u0438\u043c\u0438\u0442\u0440\u0438\u0439 \u0421. \u0411\u0410\u0428\u041c\u0410\u041a\u041e\u0412<\/strong><br \/>\n<a href=\"http:\/\/wnpid.amu.edu.pl\/images\/stories\/ssp\/ssp_2007_1\/sp-7-1-16.pdf\">\u042d\u043b\u0435\u043a\u0442\u043e\u0440\u0430\u043b\u044c\u043d\u044b\u0435 \u0440\u0435\u0432\u043e\u043b\u044e\u0446\u0438\u0438 \u043a\u0430\u043a \u0444\u0430\u043a\u0442\u043e\u0440 \u043f\u043e\u043b\u0438\u0442\u0438\u0447\u0435\u0441\u043a\u043e\u0439 \u043c\u043e\u0434\u0435\u0440\u043d\u0438\u0437\u0430\u0446\u0438\u0438: \u043e\u043f\u044b\u0442 \u0427\u0435\u0445\u0438\u0438 \u0438 \u0421\u043b\u043e\u0432\u0430\u043a\u0438\u0438<\/a><\/p>\n<p><strong>\u0415\u043a\u0430\u0442\u0435\u0440\u0438\u043d\u0430 \u0424\u0423\u0420\u041c\u0410\u041d<\/strong><br \/>\n<a href=\"http:\/\/wnpid.amu.edu.pl\/images\/stories\/ssp\/ssp_2007_1\/sp-7-1-17.pdf\">\u041a\u0442\u043e \u0438 \u0437\u0430 \u043a\u0430\u043a\u0443\u044e \u0438\u043d\u0442\u0435\u0433\u0440\u0430\u0446\u0438\u044e? (\u041e\u0442\u043d\u043e\u0448\u0435\u043d\u0438\u0435 \u043d\u0430\u0441\u0435\u043b\u0435\u043d\u0438\u044f \u0441\u0442\u0440\u0430\u043d \u0415\u0421 \u0438 \u0421\u041d\u0413 \u043a \u0438\u043d\u0442\u0435\u0433\u0440\u0430\u0446\u0438\u0438)<\/a><\/p>\n<p><strong>Kaz DZIAMKA<\/strong><br \/>\n<a href=\"http:\/\/wnpid.amu.edu.pl\/images\/stories\/ssp\/ssp_2007_1\/sp-7-1-18.pdf\">Want to teach secular humanism?: Here&#8217;s a course proposal you could use<\/a><\/p>\n<h3><a href=\"http:\/\/wnpid.amu.edu.pl\/images\/stories\/ssp\/ssp_2007_1\/sp-7-1-recenzje.pdf\">Book reviews<\/a><\/h3>\n<ul>\n<li>Gra\u017cyna Czubek, Piotr Kosiewski (red.), <em>W\u0142asno\u015b\u0107 a dobra kultury <\/em>(Adam Baszkowski)<\/li>\n<li>Ewa Oziewicz (red. nauk.), <em>Przemiany we wsp\u00f3\u0142czesnej gospodarce \u015bwiatowej<\/em> (Alicja Jorasz)<\/li>\n<li>Jerzy Ol\u0119dzki (red.), <em>Media, reklama i public relations w Polsce <\/em>(Ewa Gosiewska)<\/li>\n<li>Ma\u0142gorzata Bogunia-Borowska, <em>Reklama jako tworzenie rzeczywisto\u015bci spo\u0142ecznej <\/em>(Robert Grochowski)<\/li>\n<\/ul>\n<p><\/p>","protected":false},"excerpt":{"rendered":"<p>Articles Monika KARBOWSKA Dlaczego Francuzi odrzucili Europejski Traktat Konstytucyjny? Teresa JAKUBOWSKA, Jan BARA\u0143SKI G\u0142os kobiet: jaka ma by\u0107 nowa Europa? Deklaracja Brukselska Deklaracja przyj\u0119ta z okazji pi\u0119\u0107dziesi\u0105tej rocznicy podpisania traktat\u00f3w rzymskich \u201eDeklaracja Berli\u0144ska&#8221; Ryszard PARADOWSKI W sprawie projektu Preambu\u0142y do Konstytucji Unii Europejskiej Jacek SOBCZAK Wolno\u015b\u0107 wypowiedzi a ochrona d\u00f3br osobistych os\u00f3b pe\u0142ni\u0105cych funkcje publiczne [&hellip;]<\/p>\n","protected":false},"author":1,"featured_media":0,"parent":32,"menu_order":0,"comment_status":"closed","ping_status":"open","template":"","meta":{"footnotes":""},"class_list":["post-159","page","type-page","status-publish","hentry"],"_links":{"self":[{"href":"http:\/\/ssp.amu.edu.pl\/en\/wp-json\/wp\/v2\/pages\/159","targetHints":{"allow":["GET"]}}],"collection":[{"href":"http:\/\/ssp.amu.edu.pl\/en\/wp-json\/wp\/v2\/pages"}],"about":[{"href":"http:\/\/ssp.amu.edu.pl\/en\/wp-json\/wp\/v2\/types\/page"}],"author":[{"embeddable":true,"href":"http:\/\/ssp.amu.edu.pl\/en\/wp-json\/wp\/v2\/users\/1"}],"replies":[{"embeddable":true,"href":"http:\/\/ssp.amu.edu.pl\/en\/wp-json\/wp\/v2\/comments?post=159"}],"version-history":[{"count":1,"href":"http:\/\/ssp.amu.edu.pl\/en\/wp-json\/wp\/v2\/pages\/159\/revisions"}],"predecessor-version":[{"id":173,"href":"http:\/\/ssp.amu.edu.pl\/en\/wp-json\/wp\/v2\/pages\/159\/revisions\/173"}],"up":[{"embeddable":true,"href":"http:\/\/ssp.amu.edu.pl\/en\/wp-json\/wp\/v2\/pages\/32"}],"wp:attachment":[{"href":"http:\/\/ssp.amu.edu.pl\/en\/wp-json\/wp\/v2\/media?parent=159"}],"curies":[{"name":"wp","href":"https:\/\/api.w.org\/{rel}","templated":true}]}}