{"id":158,"date":"2013-07-26T13:14:27","date_gmt":"2013-07-26T11:14:27","guid":{"rendered":"http:\/\/ssp.amu.edu.pl\/?page_id=158"},"modified":"2013-07-26T13:32:51","modified_gmt":"2013-07-26T11:32:51","slug":"nr-22007","status":"publish","type":"page","link":"http:\/\/ssp.amu.edu.pl\/en\/archive\/nr-22007\/","title":{"rendered":"Vol. 2\/2007"},"content":{"rendered":"<p><\/p>\n<h3>Articles<\/h3>\n<p><strong>Ryszard PARADOWSKI<\/strong><br \/>\n<a href=\"http:\/\/wnpid.amu.edu.pl\/images\/stories\/ssp\/ssp_2007_2\/ssp_2_2007_ryszard_paradowski.pdf\">Europa mi\u0119dzy demokracj\u0105 i za\u015bciankiem <\/a><\/p>\n<p><strong>Agnieszka KAMI\u0143SKA<\/strong><br \/>\n<a href=\"http:\/\/wnpid.amu.edu.pl\/images\/stories\/ssp\/ssp_2007_2\/ssp_2_2007_agnieszka_kaminska.pdf\">Definiowanie demokracji w doktrynie Ko\u015bcio\u0142a katolickiego<\/a><\/p>\n<p><strong>Remigiusz ROSICKI<\/strong><br \/>\n<a href=\"http:\/\/wnpid.amu.edu.pl\/images\/stories\/ssp\/ssp_2007_2\/ssp_2_2007_remigiusz_rosicki.pdf\">Bezpiecze\u0144stwo j\u0105drowe &#8211; trendy w polityce energetycznej  <\/a><\/p>\n<p><strong>Magdalena LORENC<\/strong><br \/>\n<a href=\"http:\/\/wnpid.amu.edu.pl\/images\/stories\/ssp\/ssp_2007_2\/ssp_2_2007_magdalena_lorenc.pdf\">Ameryka\u0144ska wizja pokoju na Bliskim Wschodzie. Od \u201ema\u0142ych krok\u00f3w&#8221; Henry&#8217;ego Kissingera do mediacji Jimmy&#8217;ego Cartera<\/a><\/p>\n<p><strong>Jaros\u0142aw JA\u0143CZAK<\/strong><br \/>\n<a href=\"http:\/\/wnpid.amu.edu.pl\/images\/stories\/ssp\/ssp_2007_2\/ssp_2_2007_jaroslaw_janczak.pdf\">Na granicy Unii Europejskiej &#8211; pozycja europejskich terytori\u00f3w autonomicznych w dobie globalizacji i integracji. Przypadek Wysp Alandzkich<\/a><\/p>\n<p><strong>\u0418. E. \u0417\u0410\u0414\u041e\u0420\u041e\u0416\u041d\u042e\u041a, \u042d. \u0413. \u041b\u0410\u0412\u0420\u0418\u041a<br \/>\n<\/strong><a href=\"http:\/\/wnpid.amu.edu.pl\/images\/stories\/ssp\/ssp_2007_2\/ssp_2_2007_zadorozniuk_lawrik.pdf\">\u041d\u0430\u0441\u043b\u0435\u0434\u0438\u0435 M. \u041f. \u0414\u0440\u0430\u0433\u043e\u043c\u0430\u043d\u043e\u0432\u0430: \u0446\u0435\u043d\u0442\u0440\u0430\u043b\u0438\u0437\u043c, \u0441\u0430\u043c\u043e\u0443\u043f\u0440\u0430\u0432\u043b\u0435\u043d\u0438\u0435 \u0438 \u0440\u0435\u0433\u0438\u043e\u043d\u0430\u043b\u044c\u043d\u0430\u044f \u0438\u0434\u0435\u043d\u0442\u0438\u0447\u043d\u043e\u0441\u0442\u044c \u0441\u043b\u0430\u0432\u044f\u043d\u0441\u0442\u0432\u0430 <\/a><strong><br \/>\n<\/strong><br \/>\n<strong>Anna KUCHARSKA<\/strong><br \/>\n<a href=\"http:\/\/wnpid.amu.edu.pl\/images\/stories\/ssp\/ssp_2007_2\/ssp_2_2007_anna_kucharska.pdf\">Ko\u015bci\u00f3\u0142 Jezusa Chrystusa \u015awi\u0119tych w Dniach Ostatnich w Polsce. <\/a><\/p>\n<p><strong>Robert GROCHOWSKI<\/strong><br \/>\n<a href=\"http:\/\/wnpid.amu.edu.pl\/images\/stories\/ssp\/ssp_2007_2\/ssp_2_2007_robert_grochowski.pdf\">Etyczne doktryny Ko\u015bcio\u0142a i ich sprzeniewierzenie w mediach <\/a><\/p>\n<p><strong>Arkadiusz MODRZEJEWSKI<\/strong><br \/>\n<a href=\"http:\/\/wnpid.amu.edu.pl\/images\/stories\/ssp\/ssp_2007_2\/ssp_2_2007_arkadiusz_modrzejewski.pdf\">O europejskiej to\u017csamo\u015bci Ukrainy w doktrynie Jana Paw\u0142a II<\/a><\/p>\n<p><strong>Anna Z\u0104BKOWICZ<\/strong><br \/>\n<a href=\"http:\/\/wnpid.amu.edu.pl\/images\/stories\/ssp\/ssp_2007_2\/ssp_2_2007_anna_zabkowicz.pdf\">Idea uspo\u0142ecznienia rynku w warunkach globalizacji <\/a><\/p>\n<p><strong>Sylwia MROZOWSKA<\/strong><br \/>\n<a href=\"http:\/\/wnpid.amu.edu.pl\/images\/stories\/ssp\/ssp_2007_2\/ssp_2_2007_sylwia_mrozowska.pdf\">Konstytucja europejska wobec deficytu demokratycznego<\/a><\/p>\n<p><strong>Wies\u0142aw WAC\u0141AWCZYK<\/strong><br \/>\n<a href=\"http:\/\/wnpid.amu.edu.pl\/images\/stories\/ssp\/ssp_2007_2\/ssp_2_2007_wieslaw_waclawczyk.pdf\">Koncepcja \u201ewolnego rynku idei&#8221; i perspektywy jej dalszego rozwoju<\/a><\/p>\n<p><strong>Janusz ZAWADZKI<\/strong><br \/>\n<a href=\"http:\/\/wnpid.amu.edu.pl\/images\/stories\/ssp\/ssp_2007_2\/ssp_2_2007_janusz_zawadzki.pdf\">Internet jako narz\u0119dzie komunikacji politycznej w spo\u0142ecze\u0144stwie obywatelskim <\/a><\/p>\n<p><strong>Karolina CHURSKA<\/strong><br \/>\n<a href=\"http:\/\/wnpid.amu.edu.pl\/images\/stories\/ssp\/ssp_2007_2\/ssp_2_2007_karolina_churska.pdf\">Rytualne aspekty kampanii wyborczych<\/a><\/p>\n<p><strong>Krzysztof PATKOWSKI<\/strong><br \/>\n<a href=\"http:\/\/wnpid.amu.edu.pl\/images\/stories\/ssp\/ssp_2007_2\/ssp_2_2007_krzysztof_patkowski.pdf\">Masowa prywatyzacja w Polsce jako jeden z element\u00f3w budowania spo\u0142ecze\u0144stwa obywatelskiego <\/a><\/p>\n<p><strong>Miron J. MUSIA\u0141<\/strong><br \/>\n<a href=\"http:\/\/wnpid.amu.edu.pl\/images\/stories\/ssp\/ssp_2007_2\/ssp_2_2007_miron_j_musial.pdf\">Transformacja, tranzycja, okres przej\u015bcia. Bia\u0142oru\u015b prze\u0142omu wiek\u00f3w<\/a><\/p>\n<p><strong>Monika GA\u0141GANEK-NAPIERA\u0141A<\/strong><br \/>\n<a href=\"http:\/\/wnpid.amu.edu.pl\/images\/stories\/ssp\/ssp_2007_2\/ssp_2_2007_monika_galganek_napierala.pdf\">Dzia\u0142ania wspieraj\u0105ce innowacyjno\u015b\u0107 jako czynnik rozwoju wojew\u00f3dztwa wielkopolskiego  <\/a><\/p>\n<p><strong>Anna CZARNECKA<\/strong><br \/>\n<a href=\"http:\/\/wnpid.amu.edu.pl\/images\/stories\/ssp\/ssp_2007_2\/ssp_2_2007_anna_czarnecka.pdf\">Ingerencje socjotechniczne w mechanizm spo\u0142ecznej aktywno\u015bci<\/a><\/p>\n<h3><a href=\"http:\/\/wnpid.amu.edu.pl\/images\/stories\/ssp\/ssp_2007_2\/ssp_2_2007_recenzje.pdf\">Book reviews<\/a><\/h3>\n<ul>\n<li>Edwin Bendyk, <em>Zatruta studnia rzecz o w\u0142adzy i wolno\u015bci<\/em> (Wojciech Stankiewicz)<\/li>\n<li>Maciej Giertych,<em> Civilisations at war in Europe <\/em>(Marcin Lisek)<\/li>\n<li>Peter Beyer, <em>Religia i globalizacja<\/em> (Filip Borowiak)<\/li>\n<\/ul>\n<p><\/p>","protected":false},"excerpt":{"rendered":"<p>Articles Ryszard PARADOWSKI Europa mi\u0119dzy demokracj\u0105 i za\u015bciankiem Agnieszka KAMI\u0143SKA Definiowanie demokracji w doktrynie Ko\u015bcio\u0142a katolickiego Remigiusz ROSICKI Bezpiecze\u0144stwo j\u0105drowe &#8211; trendy w polityce energetycznej Magdalena LORENC Ameryka\u0144ska wizja pokoju na Bliskim Wschodzie. Od \u201ema\u0142ych krok\u00f3w&#8221; Henry&#8217;ego Kissingera do mediacji Jimmy&#8217;ego Cartera Jaros\u0142aw JA\u0143CZAK Na granicy Unii Europejskiej &#8211; pozycja europejskich terytori\u00f3w autonomicznych w dobie [&hellip;]<\/p>\n","protected":false},"author":1,"featured_media":0,"parent":32,"menu_order":0,"comment_status":"closed","ping_status":"open","template":"","meta":{"footnotes":""},"class_list":["post-158","page","type-page","status-publish","hentry"],"_links":{"self":[{"href":"http:\/\/ssp.amu.edu.pl\/en\/wp-json\/wp\/v2\/pages\/158","targetHints":{"allow":["GET"]}}],"collection":[{"href":"http:\/\/ssp.amu.edu.pl\/en\/wp-json\/wp\/v2\/pages"}],"about":[{"href":"http:\/\/ssp.amu.edu.pl\/en\/wp-json\/wp\/v2\/types\/page"}],"author":[{"embeddable":true,"href":"http:\/\/ssp.amu.edu.pl\/en\/wp-json\/wp\/v2\/users\/1"}],"replies":[{"embeddable":true,"href":"http:\/\/ssp.amu.edu.pl\/en\/wp-json\/wp\/v2\/comments?post=158"}],"version-history":[{"count":1,"href":"http:\/\/ssp.amu.edu.pl\/en\/wp-json\/wp\/v2\/pages\/158\/revisions"}],"predecessor-version":[{"id":181,"href":"http:\/\/ssp.amu.edu.pl\/en\/wp-json\/wp\/v2\/pages\/158\/revisions\/181"}],"up":[{"embeddable":true,"href":"http:\/\/ssp.amu.edu.pl\/en\/wp-json\/wp\/v2\/pages\/32"}],"wp:attachment":[{"href":"http:\/\/ssp.amu.edu.pl\/en\/wp-json\/wp\/v2\/media?parent=158"}],"curies":[{"name":"wp","href":"https:\/\/api.w.org\/{rel}","templated":true}]}}