{"id":157,"date":"2013-07-26T13:13:24","date_gmt":"2013-07-26T11:13:24","guid":{"rendered":"http:\/\/ssp.amu.edu.pl\/?page_id=157"},"modified":"2013-07-26T13:28:32","modified_gmt":"2013-07-26T11:28:32","slug":"nr-12008","status":"publish","type":"page","link":"http:\/\/ssp.amu.edu.pl\/en\/archive\/nr-12008\/","title":{"rendered":"Vol. 1\/2008"},"content":{"rendered":"<p><\/p>\n<h3>Articles<\/h3>\n<p><strong>Jacek Sobczak<\/strong><br \/>\n<a href=\"http:\/\/wnpid.amu.edu.pl\/images\/stories\/ssp\/ssp_2008_1\/ssp_1_2008_jacek_sobczak.pdf\">Dost\u0119p do informacji publicznej &#8211; zagadka i parawan<\/a><\/p>\n<p><strong>Bartosz Hordecki<\/strong><br \/>\n<a href=\"http:\/\/wnpid.amu.edu.pl\/images\/stories\/ssp\/ssp_2008_1\/ssp_1_2008_bartosz_hordecki.pdf\">Augustianizm Benedykta XVI a oddolna nauka spo\u0142eczna Ko\u015bcio\u0142a<\/a><\/p>\n<p><strong>Maria Go\u0142da-Sobczak<\/strong><br \/>\n<a href=\"http:\/\/wnpid.amu.edu.pl\/images\/stories\/ssp\/ssp_2008_1\/ssp_1_2008_maria_golda_sobczak.pdf\">Systemy relacji mi\u0119dzy pa\u0144stwem a ko\u015bcio\u0142ami i zwi\u0105zkami wyznaniowymi<\/a><\/p>\n<p><strong>J\u0119drzej Skrzypczak<\/strong><br \/>\n<a href=\"http:\/\/wnpid.amu.edu.pl\/images\/stories\/ssp\/ssp_2008_1\/ssp_1_2008_jedrzej_skrzypczak.pdf\">Wolno\u015b\u0107 wypowiedzi i prawo do krytyki a lojalno\u015b\u0107 wobec cz\u0142onk\u00f3w samorz\u0105du zawodowego &#8211; rozwa\u017cania na tle orzeczenia TK w sprawie art. 53 Kodeksu Etyki Lekarskiej<\/a><\/p>\n<p><strong>Monika Torczy\u0144ska<\/strong><br \/>\n<a href=\"http:\/\/wnpid.amu.edu.pl\/images\/stories\/ssp\/ssp_2008_1\/ssp_1_2008_monika_torczynska.pdf\">Czwarta w\u0142adza &#8211; media a \u0142ad prawny demokratycznego spo\u0142ecze\u0144stwa<\/a><\/p>\n<p><strong>Robert Grochowski<\/strong><br \/>\n<a href=\"http:\/\/wnpid.amu.edu.pl\/images\/stories\/ssp\/ssp_2008_1\/ssp_1_2008_robert_grochowski.pdf\">Demokracja a pa\u0144stwo prawa<\/a><\/p>\n<p><strong>Ewa Jurga-Wosik<\/strong><br \/>\n<a href=\"http:\/\/wnpid.amu.edu.pl\/images\/stories\/ssp\/ssp_2008_1\/ssp_1_2008_ewa_jurga_wosik.pdf\">Unia Europejska na \u0142amach drukowanej prasy lokalnej<\/a><\/p>\n<p><strong>Klaudia Ka\u0142\u0105\u017cna, Remigiusz Rosicki<\/strong><br \/>\n<a href=\"http:\/\/wnpid.amu.edu.pl\/images\/stories\/ssp\/ssp_2008_1\/ssp_1_2008_klaudia_kalazna_remigiusz_rosicki.pdf\">Czarnog\u00f3ra i Bo\u015bnia-Hercegowina (problemy graniczne i etniczne)<\/a><\/p>\n<p><strong>Anita Adamczyk<\/strong><br \/>\n<a href=\"http:\/\/wnpid.amu.edu.pl\/images\/stories\/ssp\/ssp_2008_1\/ssp_1_2008_anita_adamczyk.pdf\">Dynamika zmian migracyjnych przed wej\u015bciem Polski do Unii Europejskiej<\/a><\/p>\n<p><strong>Szymon Ossowski<\/strong><br \/>\n<a href=\"http:\/\/wnpid.amu.edu.pl\/images\/stories\/ssp\/ssp_2008_1\/ssp_1_2008_szymon_ossowski.pdf\">Problematyka etyki politycznej w badaniach politologicznych<\/a><\/p>\n<p><strong>Marcin Lisek<\/strong><br \/>\n<a href=\"http:\/\/wnpid.amu.edu.pl\/images\/stories\/ssp\/ssp_2008_1\/ssp_1_2008_marcin_lisek.pdf\">Science fiction &#8211; z\u0142udzenie czy proroctwo przysz\u0142o\u015bci?<\/a><\/p>\n<p><strong>Mariusz \u0141ukasik<\/strong><br \/>\n<a href=\"http:\/\/wnpid.amu.edu.pl\/images\/stories\/ssp\/ssp_2008_1\/ssp_1_2008_mariusz_lukasik.pdf\">Socjotechnika antykonsumpcji w warunkach globalizacji<\/a><\/p>\n<p><strong>Andrzej Lebiotkowski<\/strong><br \/>\n<a href=\"http:\/\/wnpid.amu.edu.pl\/images\/stories\/ssp\/ssp_2008_1\/ssp_1_2008_andrzej_lebiotkowski.pdf\">Komunikat z badania postaw m\u0142odzie\u017cy wobec wybor\u00f3w parlamentarnych 2007 roku na przyk\u0142adzie uczni\u00f3w klas trzecich Liceum Og\u00f3lnokszta\u0142c\u0105cego w Opalenicy<\/a><\/p>\n<p><strong>Ksenia Kakareko<\/strong><br \/>\n<a href=\"http:\/\/wnpid.amu.edu.pl\/images\/stories\/ssp\/ssp_2008_1\/ssp_1_2008_ksenia_kakareko.pdf\">Pa\u0144stwo Zwi\u0105zkowe Bia\u0142orusi i Rosji<\/a><\/p>\n<h3><a href=\"http:\/\/wnpid.amu.edu.pl\/images\/stories\/ssp\/ssp_2008_1\/ssp_1_2008_recenzje.pdf\">Book reviews<\/a><\/h3>\n<ul>\n<li>Jennifer Jackson Preece, <em>Prawa mniejszo\u015bci<\/em> (Filip Borowiak)<\/li>\n<li>Krzysztof Mroziewicz, <em>Dziennikarz w globalnej wiosce<\/em> (Ryszard Kowalczyk)<\/li>\n<li>Jerzy Regulski, <em>Samorz\u0105dna Polska<\/em> (Pawe\u0142 Antkowiak)<\/li>\n<\/ul>\n<p><\/p>","protected":false},"excerpt":{"rendered":"<p>Articles Jacek Sobczak Dost\u0119p do informacji publicznej &#8211; zagadka i parawan Bartosz Hordecki Augustianizm Benedykta XVI a oddolna nauka spo\u0142eczna Ko\u015bcio\u0142a Maria Go\u0142da-Sobczak Systemy relacji mi\u0119dzy pa\u0144stwem a ko\u015bcio\u0142ami i zwi\u0105zkami wyznaniowymi J\u0119drzej Skrzypczak Wolno\u015b\u0107 wypowiedzi i prawo do krytyki a lojalno\u015b\u0107 wobec cz\u0142onk\u00f3w samorz\u0105du zawodowego &#8211; rozwa\u017cania na tle orzeczenia TK w sprawie art. [&hellip;]<\/p>\n","protected":false},"author":1,"featured_media":0,"parent":32,"menu_order":0,"comment_status":"closed","ping_status":"open","template":"","meta":{"footnotes":""},"class_list":["post-157","page","type-page","status-publish","hentry"],"_links":{"self":[{"href":"http:\/\/ssp.amu.edu.pl\/en\/wp-json\/wp\/v2\/pages\/157","targetHints":{"allow":["GET"]}}],"collection":[{"href":"http:\/\/ssp.amu.edu.pl\/en\/wp-json\/wp\/v2\/pages"}],"about":[{"href":"http:\/\/ssp.amu.edu.pl\/en\/wp-json\/wp\/v2\/types\/page"}],"author":[{"embeddable":true,"href":"http:\/\/ssp.amu.edu.pl\/en\/wp-json\/wp\/v2\/users\/1"}],"replies":[{"embeddable":true,"href":"http:\/\/ssp.amu.edu.pl\/en\/wp-json\/wp\/v2\/comments?post=157"}],"version-history":[{"count":1,"href":"http:\/\/ssp.amu.edu.pl\/en\/wp-json\/wp\/v2\/pages\/157\/revisions"}],"predecessor-version":[{"id":174,"href":"http:\/\/ssp.amu.edu.pl\/en\/wp-json\/wp\/v2\/pages\/157\/revisions\/174"}],"up":[{"embeddable":true,"href":"http:\/\/ssp.amu.edu.pl\/en\/wp-json\/wp\/v2\/pages\/32"}],"wp:attachment":[{"href":"http:\/\/ssp.amu.edu.pl\/en\/wp-json\/wp\/v2\/media?parent=157"}],"curies":[{"name":"wp","href":"https:\/\/api.w.org\/{rel}","templated":true}]}}