{"id":156,"date":"2013-07-26T13:12:33","date_gmt":"2013-07-26T11:12:33","guid":{"rendered":"http:\/\/ssp.amu.edu.pl\/?page_id=156"},"modified":"2013-07-26T13:33:30","modified_gmt":"2013-07-26T11:33:30","slug":"nr-22008","status":"publish","type":"page","link":"http:\/\/ssp.amu.edu.pl\/en\/archive\/nr-22008\/","title":{"rendered":"Vol. 2\/2008"},"content":{"rendered":"<p><\/p>\n<h3>Articles<\/h3>\n<p><strong>Roman B\u00c4CKER <\/strong><br \/>\n<a href=\"http:\/\/wnpid.amu.edu.pl\/images\/stories\/ssp\/ssp_2008_2\/005-026.pdf\">Rozumienie Rosji jako zadanie dla teorii polityki<\/a><\/p>\n<p><strong>Anna POTYRA\u0141A <\/strong><br \/>\n<a href=\"http:\/\/wnpid.amu.edu.pl\/images\/stories\/ssp\/ssp_2008_2\/027-046.pdf\">Polska polityka azylowa. Uj\u0119cie prawno-instytucjonalne<\/a><\/p>\n<p><strong>Ryszard PARADOWSKI <\/strong><br \/>\n<a href=\"http:\/\/wnpid.amu.edu.pl\/images\/stories\/ssp\/ssp_2008_2\/047-084.pdf\">Prawo i wolno\u015b\u0107. Studium filozofii politycznej Borysa Wyszes\u0142awcewa<\/a><\/p>\n<p><strong>Piotr GROCHMALSKI<\/strong><br \/>\n<a href=\"http:\/\/wnpid.amu.edu.pl\/images\/stories\/ssp\/ssp_2008_2\/085-098.pdf\">Afganistan a radykalizm islamski w Azji Centralnej <\/a><\/p>\n<p><strong>Szymon OSSOWSKI<\/strong><br \/>\n<a href=\"http:\/\/wnpid.amu.edu.pl\/images\/stories\/ssp\/ssp_2008_2\/099-114.pdf\">Kryzys liberalnej demokracji w Polsce na tle innych pa\u0144stw cz\u0142onkowskich UE<\/a><\/p>\n<p><strong>Jacek SOBCZAK<\/strong><br \/>\n<a href=\"http:\/\/wnpid.amu.edu.pl\/images\/stories\/ssp\/ssp_2008_2\/115-150.pdf\">Meandry prawne autoryzacji<\/a><\/p>\n<p><strong>Witold SOBCZAK<\/strong><br \/>\n<a href=\"http:\/\/wnpid.amu.edu.pl\/images\/stories\/ssp\/ssp_2008_2\/151-174.pdf\">Czy godno\u015b\u0107 cz\u0142owieka jest zasad\u0105 prawn\u0105?<\/a><\/p>\n<p><strong> Piotr PIESIEWICZ<\/strong><br \/>\n<a href=\"http:\/\/wnpid.amu.edu.pl\/images\/stories\/ssp\/ssp_2008_2\/175-188.pdf\">\u201eNarrowcasting\u201d w miejscach u\u017cyteczno\u015bci publicznej.<\/a><\/p>\n<p><strong>J\u0119drzej SKRZYPCZAK <\/strong><br \/>\n<a href=\"http:\/\/wnpid.amu.edu.pl\/images\/stories\/ssp\/ssp_2008_2\/189-198.pdf\">Przeszczep m\u00f3zgu  \u2014 dylematy prawne, spo\u0142eczne i deontologiczne <\/a><\/p>\n<p><strong>Ksenia KAKAREKO<\/strong><br \/>\n<a href=\"http:\/\/wnpid.amu.edu.pl\/images\/stories\/ssp\/ssp_2008_2\/199-230.pdf\">Karta Polaka \u2013 narz\u0119dzie politycznego wp\u0142ywu czy tarcza w r\u0119ku Polonii?<\/a><\/p>\n<p><strong>Julita DZIA\u0141AK-JANKOWSKA <\/strong><br \/>\n<a href=\"http:\/\/wnpid.amu.edu.pl\/images\/stories\/ssp\/ssp_2008_2\/231-246.pdf\">Zaw\u00f3d korespondenta \u2013 misja czy powo\u0142anie?<\/a><\/p>\n<p><strong>Agata PE\u0141ESZUK <\/strong><br \/>\n<a href=\"http:\/\/wnpid.amu.edu.pl\/images\/stories\/ssp\/ssp_2008_2\/247-274.pdf\">Cenzura wojskowa w Izraelu <\/a><\/p>\n<p><strong>Magdalena LORENC<\/strong><br \/>\n<a href=\"http:\/\/wnpid.amu.edu.pl\/images\/stories\/ssp\/ssp_2008_2\/275-288.pdf\">Polska opinia publiczna wobec dzia\u0142a\u0144 PKW w Afganistanie i Iraku <\/a><\/p>\n<p><strong>Joanna JAROSZYK<\/strong><br \/>\n<a href=\"http:\/\/wnpid.amu.edu.pl\/images\/stories\/ssp\/ssp_2008_2\/289-302.pdf\">Idea Wsp\u00f3lnego Europejskiego Domu a egoizmy narodowe i regionalne: przyk\u0142ad Hiszpanii<\/a><\/p>\n<p><strong>Magdalena KACPERSKA <\/strong><br \/>\n<a href=\"http:\/\/wnpid.amu.edu.pl\/images\/stories\/ssp\/ssp_2008_2\/303-314.pdf\">Wp\u0142yw rozszerzenia wschodniego na rynek pracy w UE<\/a><\/p>\n<p><strong>Ewa JURGA-WOSIK<\/strong><br \/>\n<a href=\"http:\/\/wnpid.amu.edu.pl\/images\/stories\/ssp\/ssp_2008_2\/315-336.pdf\">Analiza por\u00f3wnawcza s\u0142u\u017cby cywilnej w Polsce i w instytucjach Unii Europejskiej (stan prawny &#8211; grudzie\u0144 2008 rok)<\/a><\/p>\n<p><strong>Adam BARABASZ <\/strong><br \/>\n<a href=\"http:\/\/wnpid.amu.edu.pl\/images\/stories\/ssp\/ssp_2008_2\/337-356.pdf\">J\u00f3zef Retinger \u2013 polski or\u0119downik zjednoczenia Europy <\/a><\/p>\n<p><strong>Marcin MENKES <\/strong><br \/>\n<a href=\"http:\/\/wnpid.amu.edu.pl\/images\/stories\/ssp\/ssp_2008_2\/357-374.pdf\">Chosen Aspects of the Implementation of International Humanitarian Law in Poland<\/a><\/p>\n<h3><a href=\"http:\/\/wnpid.amu.edu.pl\/images\/stories\/ssp\/ssp_2008_2\/375-396.pdf\">Book reviews<\/a><\/h3>\n<ul>\n<li>Hassan Ali Jamsheer, <em>Wsp\u00f3\u0142czesna historia Iraku<\/em>. Warszawa 2007 (Magdalena Lorenc).<\/li>\n<li>Ewa Nowi\u0144ska, <em>Wolno\u015b\u0107 wypowiedzi prasowej<\/em>, Warszawa, 2007 (Ewa Gosiewska).<\/li>\n<li>Miros\u0142aw Karwat,<em> Teoria prowokacji<\/em>, Wydawnictwo Naukowe PWN, Warszawa 2007 (Pawe\u0142 Antkowiak).<\/li>\n<li><em>Konflikty wsp\u00f3\u0142czesnego \u015bwiata<\/em>, red. G. Ciechanowski, J. Sielski, Wydawnictwo Adam Marsza\u0142ek, Toru\u0144 2006 (\u0141ukasz Scheffs).<strong><br \/>\n<\/strong><\/li>\n<\/ul>\n<p><\/p>","protected":false},"excerpt":{"rendered":"<p>Articles Roman B\u00c4CKER Rozumienie Rosji jako zadanie dla teorii polityki Anna POTYRA\u0141A Polska polityka azylowa. Uj\u0119cie prawno-instytucjonalne Ryszard PARADOWSKI Prawo i wolno\u015b\u0107. Studium filozofii politycznej Borysa Wyszes\u0142awcewa Piotr GROCHMALSKI Afganistan a radykalizm islamski w Azji Centralnej Szymon OSSOWSKI Kryzys liberalnej demokracji w Polsce na tle innych pa\u0144stw cz\u0142onkowskich UE Jacek SOBCZAK Meandry prawne autoryzacji Witold [&hellip;]<\/p>\n","protected":false},"author":1,"featured_media":0,"parent":32,"menu_order":0,"comment_status":"closed","ping_status":"open","template":"","meta":{"footnotes":""},"class_list":["post-156","page","type-page","status-publish","hentry"],"_links":{"self":[{"href":"http:\/\/ssp.amu.edu.pl\/en\/wp-json\/wp\/v2\/pages\/156","targetHints":{"allow":["GET"]}}],"collection":[{"href":"http:\/\/ssp.amu.edu.pl\/en\/wp-json\/wp\/v2\/pages"}],"about":[{"href":"http:\/\/ssp.amu.edu.pl\/en\/wp-json\/wp\/v2\/types\/page"}],"author":[{"embeddable":true,"href":"http:\/\/ssp.amu.edu.pl\/en\/wp-json\/wp\/v2\/users\/1"}],"replies":[{"embeddable":true,"href":"http:\/\/ssp.amu.edu.pl\/en\/wp-json\/wp\/v2\/comments?post=156"}],"version-history":[{"count":1,"href":"http:\/\/ssp.amu.edu.pl\/en\/wp-json\/wp\/v2\/pages\/156\/revisions"}],"predecessor-version":[{"id":182,"href":"http:\/\/ssp.amu.edu.pl\/en\/wp-json\/wp\/v2\/pages\/156\/revisions\/182"}],"up":[{"embeddable":true,"href":"http:\/\/ssp.amu.edu.pl\/en\/wp-json\/wp\/v2\/pages\/32"}],"wp:attachment":[{"href":"http:\/\/ssp.amu.edu.pl\/en\/wp-json\/wp\/v2\/media?parent=156"}],"curies":[{"name":"wp","href":"https:\/\/api.w.org\/{rel}","templated":true}]}}