{"id":153,"date":"2013-07-26T13:07:57","date_gmt":"2013-07-26T11:07:57","guid":{"rendered":"http:\/\/ssp.amu.edu.pl\/?page_id=153"},"modified":"2013-07-26T13:07:57","modified_gmt":"2013-07-26T11:07:57","slug":"nr-42009","status":"publish","type":"page","link":"http:\/\/ssp.amu.edu.pl\/en\/archive\/nr-42009\/","title":{"rendered":"Vol. 4\/2009"},"content":{"rendered":"<p><\/p>\n<h3>Articles<\/h3>\n<p><strong>J\u0119drzej Skrzypczak<\/strong><br \/>\n<a href=\"http:\/\/wnpid.amu.edu.pl\/images\/stories\/ssp\/ssp_2009_4\/005-020.pdf\">Przedmiot prawa autorskiego. Przypadki graniczne<\/a><\/p>\n<p><strong>Agnieszka St\u0119pi\u0144ska<\/strong><br \/>\n<a href=\"http:\/\/wnpid.amu.edu.pl\/images\/stories\/ssp\/ssp_2009_4\/021-038.pdf\">Formats of the election campaign messages in Poland<\/a><\/p>\n<p><strong>Bartosz Hordecki<\/strong><br \/>\n<a href=\"http:\/\/wnpid.amu.edu.pl\/images\/stories\/ssp\/ssp_2009_4\/039-052.pdf\">O roli retoryki i erystyki w kszta\u0142ceniu kultury politycznej Polak\u00f3w<\/a><\/p>\n<p><strong>El\u017cbieta Lesiewicz<\/strong><br \/>\n<a href=\"http:\/\/wnpid.amu.edu.pl\/images\/stories\/ssp\/ssp_2009_4\/053-068.pdf\">Polska debata polityczna wobec eurokonstytucji<\/a><\/p>\n<p><strong>Dominik Bralczyk<\/strong><br \/>\n<a href=\"http:\/\/wnpid.amu.edu.pl\/images\/stories\/ssp\/ssp_2009_4\/069-080.pdf\">Posta\u0107 literacka i jej prawa<\/a><\/p>\n<p><strong>Szymon Ossowski<\/strong><br \/>\n<a href=\"http:\/\/wnpid.amu.edu.pl\/images\/stories\/ssp\/ssp_2009_4\/081-096.pdf\">Dziennikarz versus specjalista ds. public relations \u2013 toksyczny zwi\u0105zek czy ma\u0142\u017ce\u0144stwo z rozs\u0105dku?<\/a><\/p>\n<p><strong>Piotr Grabowiec<\/strong><br \/>\n<a href=\"http:\/\/wnpid.amu.edu.pl\/images\/stories\/ssp\/ssp_2009_4\/097-112.pdf\">Znaczenie zasady subsydiarno\u015bci dla rozwoju spo\u0142ecze\u0144stwa obywatelskiego<\/a><\/p>\n<p><strong>Michacl Nitz, Alex George<\/strong><br \/>\n<a href=\"http:\/\/wnpid.amu.edu.pl\/images\/stories\/ssp\/ssp_2009_4\/113-130.pdf\">Stability and Change in the Heart of Europe: German Media Perspectives of the 2008 U.S. Presidential Election. <\/a><\/p>\n<p><strong>Ksenia Kakareko<\/strong><br \/>\n<a href=\"http:\/\/wnpid.amu.edu.pl\/images\/stories\/ssp\/ssp_2009_4\/131-146.pdf\">Dzia\u0142alno\u015b\u0107 mniejszo\u015bci polskiej na Grodzie\u0144szczy\u017cnie<\/a><\/p>\n<p><strong>Marcin Menkes<\/strong><br \/>\n<a href=\"http:\/\/wnpid.amu.edu.pl\/images\/stories\/ssp\/ssp_2009_4\/147-200.pdf\">System medialny Irlandii <\/a><\/p>\n<p><strong>Jaros\u0142aw Urbaniak<\/strong><br \/>\n<a href=\"http:\/\/wnpid.amu.edu.pl\/images\/stories\/ssp\/ssp_2009_4\/201-214.pdf\">Europeizacja nadzoru bankowego w Polsce<\/a><\/p>\n<p><strong>Anna Dolska<\/strong><br \/>\n<a href=\"http:\/\/wnpid.amu.edu.pl\/images\/stories\/ssp\/ssp_2009_4\/215-230.pdf\">Bezp\u0142atna gazeta \u201eEcho Miasta&#8221; w kontek\u015bcie funkcjonowania gazet bezp\u0142atnych na polskim rynku w latach 2003-2009<\/a><\/p>\n<h3><a href=\"http:\/\/wnpid.amu.edu.pl\/images\/stories\/ssp\/ssp_2009_4\/231-243.pdf\">Book reviews<\/a><\/h3>\n<ul>\n<li><em>Filip Bia\u0142y<\/em>, Rafa\u0142 Matyja, &#8220;Pa\u0144stwo czyli k\u0142opot&#8221;, O\u015brodek My\u015bli Politycznej, Krak\u00f3w 2009, ss. 207<\/li>\n<li><em>Ryszard Paradowski<\/em>, Elb G. Zadoro\u017cniuk, &#8220;Ot krushenija Pra\u017cskoj Wiesny k triumfu \u201ebarkhatnoj revolucii&#8221;. Iz istorii oppozicionnogo dvizhenija v Czekhoslovakii (August 1968-nojabr 1989 g)&#8221;, Moskwa 2008, ss. 439<\/li>\n<li><em>Witold Machura<\/em>, &#8220;Leksykon Public Relations&#8221;, red. nauk. J. Ol\u0119dzki, D. Tworzyd\u0142o, Wyd. Newsline sp. z o.o. i Bonus Liber sp. z o.o. Rzesz\u00f3w, Wydanie I, ss. 192<\/li>\n<\/ul>\n<p><\/p>","protected":false},"excerpt":{"rendered":"<p>Articles J\u0119drzej Skrzypczak Przedmiot prawa autorskiego. Przypadki graniczne Agnieszka St\u0119pi\u0144ska Formats of the election campaign messages in Poland Bartosz Hordecki O roli retoryki i erystyki w kszta\u0142ceniu kultury politycznej Polak\u00f3w El\u017cbieta Lesiewicz Polska debata polityczna wobec eurokonstytucji Dominik Bralczyk Posta\u0107 literacka i jej prawa Szymon Ossowski Dziennikarz versus specjalista ds. public relations \u2013 toksyczny zwi\u0105zek [&hellip;]<\/p>\n","protected":false},"author":1,"featured_media":0,"parent":32,"menu_order":0,"comment_status":"closed","ping_status":"open","template":"","meta":{"footnotes":""},"class_list":["post-153","page","type-page","status-publish","hentry"],"_links":{"self":[{"href":"http:\/\/ssp.amu.edu.pl\/en\/wp-json\/wp\/v2\/pages\/153","targetHints":{"allow":["GET"]}}],"collection":[{"href":"http:\/\/ssp.amu.edu.pl\/en\/wp-json\/wp\/v2\/pages"}],"about":[{"href":"http:\/\/ssp.amu.edu.pl\/en\/wp-json\/wp\/v2\/types\/page"}],"author":[{"embeddable":true,"href":"http:\/\/ssp.amu.edu.pl\/en\/wp-json\/wp\/v2\/users\/1"}],"replies":[{"embeddable":true,"href":"http:\/\/ssp.amu.edu.pl\/en\/wp-json\/wp\/v2\/comments?post=153"}],"version-history":[{"count":0,"href":"http:\/\/ssp.amu.edu.pl\/en\/wp-json\/wp\/v2\/pages\/153\/revisions"}],"up":[{"embeddable":true,"href":"http:\/\/ssp.amu.edu.pl\/en\/wp-json\/wp\/v2\/pages\/32"}],"wp:attachment":[{"href":"http:\/\/ssp.amu.edu.pl\/en\/wp-json\/wp\/v2\/media?parent=153"}],"curies":[{"name":"wp","href":"https:\/\/api.w.org\/{rel}","templated":true}]}}