{"id":152,"date":"2013-07-26T13:06:59","date_gmt":"2013-07-26T11:06:59","guid":{"rendered":"http:\/\/ssp.amu.edu.pl\/?page_id=152"},"modified":"2013-07-26T13:38:21","modified_gmt":"2013-07-26T11:38:21","slug":"nr-12010","status":"publish","type":"page","link":"http:\/\/ssp.amu.edu.pl\/en\/archive\/nr-12010\/","title":{"rendered":"Vol. 1\/2010"},"content":{"rendered":"<p><\/p>\n<h3>Articles<\/h3>\n<p><strong>J\u0119drzej Skrzypczak<\/strong><a href=\"http:\/\/wnpid.amu.edu.pl\/images\/stories\/ssp\/ssp_2010_1\/005-014.pdf\"><strong><br \/>\n<\/strong>Pozycja i kompetencje rady programowej w sp\u00f3\u0142ce publicznej radiofonii i telewizji<\/a><strong><\/strong><\/p>\n<p>Anna Potyra\u0142a<br \/>\n<a href=\"http:\/\/wnpid.amu.edu.pl\/images\/stories\/ssp\/ssp_2010_1\/015-036.pdf\"> Unia Europejska wobec nowych twor\u00f3w pa\u0144stwowych (casus Kosowa, Abchazji i Osetii po\u0142udniowej)<\/a><strong><\/strong><\/p>\n<p>Bart\u0142omiej Toszek<br \/>\n<a href=\"http:\/\/wnpid.amu.edu.pl\/images\/stories\/ssp\/ssp_2010_1\/037-056.pdf\">Paradyplomacja regionalna w obszarze po\u0142udniowego Ba\u0142tyku na przyk\u0142adzie stosunk\u00f3w transgranicznych Wojew\u00f3dztwa Zachodniopomorskiego<\/a><strong><\/strong><\/p>\n<p>Svitlana Travinska<br \/>\n<a href=\"http:\/\/wnpid.amu.edu.pl\/images\/stories\/ssp\/ssp_2010_1\/057-078.pdf\"> Prezydent Ukrainy a Krajowa Rada Ukrainy Radiofonii i Telewizji<\/a><strong><\/strong><\/p>\n<p>Beata Patkowska \u2013 Paj\u0105k<br \/>\n<a href=\"http:\/\/wnpid.amu.edu.pl\/images\/stories\/ssp\/ssp_2010_1\/079-096.pdf\">Wymiar lewica-prawica w Polsce &#8211; podzia\u0142y ideologiczne w polskim spo\u0142ecze\u0144stwie<\/a><strong><\/strong><\/p>\n<p>Jakub Potulski<br \/>\n<a href=\"http:\/\/wnpid.amu.edu.pl\/images\/stories\/ssp\/ssp_2010_1\/097-110.pdf\">\u201eRosja wyparta z Europy\u201d \u2013 konsekwencje dla porz\u0105dku mi\u0119dzynarodowego na progu XXI w. <\/a><strong><\/strong><\/p>\n<p>Christopher D. Karadjov<br \/>\n<a href=\"http:\/\/wnpid.amu.edu.pl\/images\/stories\/ssp\/ssp_2010_1\/111-132.pdf\">Whose language? Exploring the attitudes of Bulgaria\u2019s media elite toward Macedonia\u2019s linguistic self-identification<\/a><strong><\/strong><\/p>\n<p>Renata Runiewicz \u2013 Jasi\u0144ska<br \/>\n<a href=\"http:\/\/wnpid.amu.edu.pl\/images\/stories\/ssp\/ssp_2010_1\/133-160.pdf\">Zgromadzenie Ba\u0142tyckie \u2013 instytucja tr\u00f3jstronnej wsp\u00f3\u0142pracy parlamentarnej pa\u0144stw ba\u0142tyckich<\/a><strong><\/strong><\/p>\n<p>Pawe\u0142 Klak<br \/>\n<a href=\"http:\/\/wnpid.amu.edu.pl\/images\/stories\/ssp\/ssp_2010_1\/161-178.pdf\">Kondycja prasy lokalnej 18 lat po powstaniu gazety \u201eABC\u201d w Lesznie<\/a><strong><\/strong><\/p>\n<p>Marcin \u0141ukaszewski<br \/>\n<a href=\"http:\/\/wnpid.amu.edu.pl\/images\/stories\/ssp\/ssp_2010_1\/179-190.pdf\">Obywatelstwo watyka\u0144skie a zasada ius sanguinis i ius soli<\/a><strong><br \/>\n<\/strong><\/p>\n<h3><a href=\"http:\/\/wnpid.amu.edu.pl\/images\/stories\/ssp\/ssp_2010_1\/191-198.pdf\">Book reviews<\/a><\/h3>\n<ul>\n<li><em>Ryszard Paradowski<\/em> Z.Rau, M.Chmieli\u0144ski (red.), <em>Umowa spo\u0142eczna i jej krytycy w my\u015bli politycznej i prawnej<\/em>, Warszawa 2010, ss. 441.<\/li>\n<li><em>Agnieszka Kami\u0144ska<\/em> \u00c9tienne Balibar, <em>Spinoza i polityka<\/em>, przek\u0142. Andrzej Staro\u0144, Wydawnictwo Naukowe PWN, Warszawa\u00a0 2009, ss. 213.<\/li>\n<\/ul>\n<p><\/p>","protected":false},"excerpt":{"rendered":"<p>Articles J\u0119drzej Skrzypczak Pozycja i kompetencje rady programowej w sp\u00f3\u0142ce publicznej radiofonii i telewizji Anna Potyra\u0142a Unia Europejska wobec nowych twor\u00f3w pa\u0144stwowych (casus Kosowa, Abchazji i Osetii po\u0142udniowej) Bart\u0142omiej Toszek Paradyplomacja regionalna w obszarze po\u0142udniowego Ba\u0142tyku na przyk\u0142adzie stosunk\u00f3w transgranicznych Wojew\u00f3dztwa Zachodniopomorskiego Svitlana Travinska Prezydent Ukrainy a Krajowa Rada Ukrainy Radiofonii i Telewizji Beata Patkowska [&hellip;]<\/p>\n","protected":false},"author":1,"featured_media":0,"parent":32,"menu_order":0,"comment_status":"closed","ping_status":"open","template":"","meta":{"footnotes":""},"class_list":["post-152","page","type-page","status-publish","hentry"],"_links":{"self":[{"href":"http:\/\/ssp.amu.edu.pl\/en\/wp-json\/wp\/v2\/pages\/152","targetHints":{"allow":["GET"]}}],"collection":[{"href":"http:\/\/ssp.amu.edu.pl\/en\/wp-json\/wp\/v2\/pages"}],"about":[{"href":"http:\/\/ssp.amu.edu.pl\/en\/wp-json\/wp\/v2\/types\/page"}],"author":[{"embeddable":true,"href":"http:\/\/ssp.amu.edu.pl\/en\/wp-json\/wp\/v2\/users\/1"}],"replies":[{"embeddable":true,"href":"http:\/\/ssp.amu.edu.pl\/en\/wp-json\/wp\/v2\/comments?post=152"}],"version-history":[{"count":1,"href":"http:\/\/ssp.amu.edu.pl\/en\/wp-json\/wp\/v2\/pages\/152\/revisions"}],"predecessor-version":[{"id":186,"href":"http:\/\/ssp.amu.edu.pl\/en\/wp-json\/wp\/v2\/pages\/152\/revisions\/186"}],"up":[{"embeddable":true,"href":"http:\/\/ssp.amu.edu.pl\/en\/wp-json\/wp\/v2\/pages\/32"}],"wp:attachment":[{"href":"http:\/\/ssp.amu.edu.pl\/en\/wp-json\/wp\/v2\/media?parent=152"}],"curies":[{"name":"wp","href":"https:\/\/api.w.org\/{rel}","templated":true}]}}