{"id":151,"date":"2013-07-26T13:05:52","date_gmt":"2013-07-26T11:05:52","guid":{"rendered":"http:\/\/ssp.amu.edu.pl\/?page_id=151"},"modified":"2013-07-26T13:05:52","modified_gmt":"2013-07-26T11:05:52","slug":"nr-22010","status":"publish","type":"page","link":"http:\/\/ssp.amu.edu.pl\/en\/archive\/nr-22010\/","title":{"rendered":"Vol. 2\/2010"},"content":{"rendered":"<p><\/p>\n<h3>Articles<\/h3>\n<p><strong>Monika Izydorczyk, Kornela Obli\u0144ska<br \/>\n<\/strong><a href=\"http:\/\/wnpid.amu.edu.pl\/images\/stories\/ssp\/ssp_2010_2\/005-018.pdf\">Misja EULEX Kosowo <\/a><strong><br \/>\n<\/strong><strong><br \/>\nDorota Piontek, Bartosz Hordecki<br \/>\n<\/strong><a href=\"http:\/\/wnpid.amu.edu.pl\/images\/stories\/ssp\/ssp_2010_2\/019-032.pdf\">Tabloidyzacja czy tabloidyzacje telewizyjnych program\u00f3w informacyjnych? (Fakty TVN i Wiadomo\u015bci TVP)<\/a><strong><\/p>\n<p>Rafa\u0142 Willa<br \/>\n<\/strong><a href=\"http:\/\/wnpid.amu.edu.pl\/images\/stories\/ssp\/ssp_2010_2\/033-050.pdf\">Kszta\u0142t polityki sp\u00f3jno\u015bci Unii Europejskiej w Polsce w latach 2007-2013<\/a><strong><br \/>\n<\/strong><strong><br \/>\n<\/strong><strong>J\u0119drzej Skrzypczak<br \/>\n<\/strong><a href=\"http:\/\/wnpid.amu.edu.pl\/images\/stories\/ssp\/ssp_2010_2\/051-062.pdf\">Wybrane problemy z w\u0142a\u015bciw\u0105 wyk\u0142adni\u0105 um\u00f3w prawa autorskiego<\/a><strong><br \/>\n<\/strong><strong><br \/>\nKarolina Churska\u2013Nowak, \u0141ukasz Orylski<br \/>\n<\/strong><a href=\"http:\/\/wnpid.amu.edu.pl\/images\/stories\/ssp\/ssp_2010_2\/063-080.pdf\">The Boundaries between the Religious and the Secular on the Polish Political Scene<\/a><br \/>\n<strong><br \/>\nBartosz Hordecki<br \/>\n<\/strong><a href=\"http:\/\/wnpid.amu.edu.pl\/images\/stories\/ssp\/ssp_2010_2\/081-092.pdf\">Nauczanie spo\u0142eczne Benedykta XVI wobec wsp\u00f3\u0142czesnych problem\u00f3w globalnych<\/a><strong><\/p>\n<p>Ewa Jurga-Wosik \u00a0<\/strong><br \/>\n<a href=\"http:\/\/wnpid.amu.edu.pl\/images\/stories\/ssp\/ssp_2010_2\/093-108.pdf\">S\u0142u\u017cba cywilna w Polsce. Kierunki zmian <\/a><\/p>\n<p><strong>Robert Grochowski<br \/>\n<\/strong><a href=\"http:\/\/wnpid.amu.edu.pl\/images\/stories\/ssp\/ssp_2010_2\/109-116.pdf\">Europejska reklama i towarzysz\u0105ca jej nienawi\u015b\u0107.<\/a><strong><br \/>\n<\/strong><br \/>\n<strong>Marta Balcerek<br \/>\n<\/strong><a href=\"http:\/\/wnpid.amu.edu.pl\/images\/stories\/ssp\/ssp_2010_2\/117-134.pdf\">Samorz\u0105d gospodarczy w koncepcji spo\u0142ecznej gospodarki rynkowej w RFN w latach 1949-1963<\/a><strong><br \/>\n<\/strong><strong><br \/>\nPiotr Ma\u0142yszko<br \/>\n<\/strong><a href=\"http:\/\/wnpid.amu.edu.pl\/images\/stories\/ssp\/ssp_2010_2\/135-148.pdf\">\u201ePrawda Wile\u0144ska\u201d <\/a><strong><br \/>\n<\/strong><\/p>","protected":false},"excerpt":{"rendered":"<p>Articles Monika Izydorczyk, Kornela Obli\u0144ska Misja EULEX Kosowo Dorota Piontek, Bartosz Hordecki Tabloidyzacja czy tabloidyzacje telewizyjnych program\u00f3w informacyjnych? (Fakty TVN i Wiadomo\u015bci TVP) Rafa\u0142 Willa Kszta\u0142t polityki sp\u00f3jno\u015bci Unii Europejskiej w Polsce w latach 2007-2013 J\u0119drzej Skrzypczak Wybrane problemy z w\u0142a\u015bciw\u0105 wyk\u0142adni\u0105 um\u00f3w prawa autorskiego Karolina Churska\u2013Nowak, \u0141ukasz Orylski The Boundaries between the Religious and [&hellip;]<\/p>\n","protected":false},"author":1,"featured_media":0,"parent":32,"menu_order":0,"comment_status":"closed","ping_status":"open","template":"","meta":{"footnotes":""},"class_list":["post-151","page","type-page","status-publish","hentry"],"_links":{"self":[{"href":"http:\/\/ssp.amu.edu.pl\/en\/wp-json\/wp\/v2\/pages\/151","targetHints":{"allow":["GET"]}}],"collection":[{"href":"http:\/\/ssp.amu.edu.pl\/en\/wp-json\/wp\/v2\/pages"}],"about":[{"href":"http:\/\/ssp.amu.edu.pl\/en\/wp-json\/wp\/v2\/types\/page"}],"author":[{"embeddable":true,"href":"http:\/\/ssp.amu.edu.pl\/en\/wp-json\/wp\/v2\/users\/1"}],"replies":[{"embeddable":true,"href":"http:\/\/ssp.amu.edu.pl\/en\/wp-json\/wp\/v2\/comments?post=151"}],"version-history":[{"count":0,"href":"http:\/\/ssp.amu.edu.pl\/en\/wp-json\/wp\/v2\/pages\/151\/revisions"}],"up":[{"embeddable":true,"href":"http:\/\/ssp.amu.edu.pl\/en\/wp-json\/wp\/v2\/pages\/32"}],"wp:attachment":[{"href":"http:\/\/ssp.amu.edu.pl\/en\/wp-json\/wp\/v2\/media?parent=151"}],"curies":[{"name":"wp","href":"https:\/\/api.w.org\/{rel}","templated":true}]}}